{"id":3364,"date":"2022-02-11T17:09:28","date_gmt":"2022-02-11T10:09:28","guid":{"rendered":"https:\/\/demo8.thuythu.com\/lebaostore\/?post_type=product&#038;p=3364"},"modified":"2022-03-06T15:56:38","modified_gmt":"2022-03-06T08:56:38","slug":"iphone-13-pro-1tb-ll-a","status":"publish","type":"product","link":"https:\/\/demo8.thuythu.com\/lebaostore\/iphone-xach-tay\/iphone-13-pro-1tb-ll-a\/","title":{"rendered":"iPhone 13 Pro 1TB LL\/a"},"content":{"rendered":"<p><img class=\" lazyloaded\" title=\"iPhone 13 Pro T\u00ednh N\u0103ng &amp; Th\u00f4ng S\u1ed1 K\u1ef9 Thu\u1eadt\" src=\"https:\/\/demo8.thuythu.com\/lebaostore\/wp-content\/uploads\/2022\/01\/iphone-13-pro-512gb-071021-072041.jpg\" alt=\"iPhone 13 Pro T\u00ednh N\u0103ng &amp; Th\u00f4ng S\u1ed1 K\u1ef9 Thu\u1eadt\" data-src=\"https:\/\/demo8.thuythu.com\/lebaostore\/wp-content\/uploads\/2022\/01\/iphone-13-pro-512gb-071021-072041.jpg\" \/><img class=\" lazyloaded\" title=\"iPhone 13 Pro Thi\u1ebft k\u1ebf\" src=\"https:\/\/demo8.thuythu.com\/lebaostore\/wp-content\/uploads\/2022\/01\/iphone-13-pro-512gb-071021-072041-1.jpg\" alt=\"iPhone 13 Pro Thi\u1ebft k\u1ebf\" data-src=\"https:\/\/demo8.thuythu.com\/lebaostore\/wp-content\/uploads\/2022\/01\/iphone-13-pro-512gb-071021-072041-1.jpg\" \/><img class=\" lazyloaded\" title=\"iPhone 13 Pro Camera\" src=\"https:\/\/demo8.thuythu.com\/lebaostore\/wp-content\/uploads\/2022\/01\/iphone-13-pro-512gb-071021-072042.jpg\" alt=\"iPhone 13 Pro Camera\" data-src=\"https:\/\/demo8.thuythu.com\/lebaostore\/wp-content\/uploads\/2022\/01\/iphone-13-pro-512gb-071021-072042.jpg\" \/><img class=\" lazyloaded\" title=\"iPhone 13 Pro Ch\u1ebf \u0110\u1ed9 \u0110i\u1ec7n \u1ea2nh\" src=\"https:\/\/demo8.thuythu.com\/lebaostore\/wp-content\/uploads\/2022\/01\/iphone-13-pro-512gb-071021-072042-1.jpg\" alt=\"iPhone 13 Pro Ch\u1ebf \u0110\u1ed9 \u0110i\u1ec7n \u1ea2nh\" data-src=\"https:\/\/demo8.thuythu.com\/lebaostore\/wp-content\/uploads\/2022\/01\/iphone-13-pro-512gb-071021-072042-1.jpg\" \/><img class=\" lazyloaded\" title=\"iPhone 13 Pro M\u00e0n h\u00ecnh\" src=\"https:\/\/demo8.thuythu.com\/lebaostore\/wp-content\/uploads\/2022\/01\/iphone-13-pro-512gb-071021-072043.jpg\" alt=\"iPhone 13 Pro M\u00e0n h\u00ecnh\" data-src=\"https:\/\/demo8.thuythu.com\/lebaostore\/wp-content\/uploads\/2022\/01\/iphone-13-pro-512gb-071021-072043.jpg\" \/><img class=\" lazyloaded\" title=\"iPhone 13 Pro Chip v\u00e0 Pin\" src=\"https:\/\/demo8.thuythu.com\/lebaostore\/wp-content\/uploads\/2022\/01\/iphone-13-pro-512gb-071021-072043-1.jpg\" alt=\"iPhone 13 Pro Chip v\u00e0 Pin\" data-src=\"https:\/\/demo8.thuythu.com\/lebaostore\/wp-content\/uploads\/2022\/01\/iphone-13-pro-512gb-071021-072043-1.jpg\" \/><img class=\"lazyload\" title=\"iPhone 13 Pro K\u1ebft n\u1ed1i 5G\" alt=\"iPhone 13 Pro K\u1ebft n\u1ed1i 5G\" data-src=\"https:\/\/demo8.thuythu.com\/lebaostore\/wp-content\/uploads\/2022\/01\/iphone-13-pro-512gb-071021-072044.jpg\" \/><img class=\"lazyload\" title=\"iPhone 13 Pro T\u1ea1i sao n\u00ean d\u00f9ng iPhone\" alt=\"iPhone 13 Pro T\u1ea1i sao n\u00ean d\u00f9ng iPhone\" data-src=\"https:\/\/demo8.thuythu.com\/lebaostore\/wp-content\/uploads\/2022\/01\/iphone-13-pro-512gb-071021-072045.jpg\" \/><img class=\"lazyload\" title=\"iPhone 13 Pro So s\u00e1nh k\u00edch c\u1ee1\" alt=\"iPhone 13 Pro So s\u00e1nh k\u00edch c\u1ee1\" data-src=\"https:\/\/demo8.thuythu.com\/lebaostore\/wp-content\/uploads\/2022\/01\/iphone-13-pro-512gb-221021-033533-scaled.jpg\" \/><\/p>\n<h3><strong>N\u1ed9i dung t\u00ednh n\u0103ng<\/strong><\/h3>\n<p>iPhone 13 Pro. M\u1ed9t n\u00e2ng c\u1ea5p h\u1ec7 th\u1ed1ng camera chuy\u00ean nghi\u1ec7p ho\u00e0nh tr\u00e1ng ch\u01b0a t\u1eebng c\u00f3 c\u1ee7a Apple. M\u00e0n h\u00ecnh Super Retina XDR v\u1edbi ProMotion cho c\u1ea3m gi\u00e1c nhanh nh\u1ea1y h\u01a1n. Chip A15 Bionic th\u1ea7n t\u1ed1c. M\u1ea1ng 5G si\u00eau nhanh.<sup>1<\/sup> Thi\u1ebft k\u1ebf b\u1ec1n b\u1ec9 v\u00e0 th\u1eddi l\u01b0\u1ee3ng pin t\u0103ng v\u1ecdt.<\/p>\n<h3><strong>Ph\u00e1p l\u00fd<\/strong><\/h3>\n<p><sup>1<\/sup>C\u1ea7n c\u00f3 g\u00f3i c\u01b0\u1edbc d\u1eef li\u1ec7u. M\u1ea1ng 5G ch\u1ec9 kh\u1ea3 d\u1ee5ng \u1edf m\u1ed9t s\u1ed1 th\u1ecb tr\u01b0\u1eddng v\u00e0 \u0111\u01b0\u1ee3c cung c\u1ea5p qua m\u1ed9t s\u1ed1 nh\u00e0 m\u1ea1ng. T\u1ed1c \u0111\u1ed9 c\u00f3 th\u1ec3 thay \u0111\u1ed5i t\u00f9y \u0111\u1ecba \u0111i\u1ec3m v\u00e0 nh\u00e0 m\u1ea1ng. \u0110\u1ec3 bi\u1ebft th\u00f4ng tin v\u1ec1 h\u1ed7 tr\u1ee3 m\u1ea1ng 5G, vui l\u00f2ng li\u00ean h\u1ec7 nh\u00e0 m\u1ea1ng v\u00e0 truy c\u1eadp apple.com\/iphone\/cellular.<\/p>\n<p>Dung L\u01b0\u1ee3ng L\u01b0u Tr\u1eef: Dung l\u01b0\u1ee3ng kh\u1ea3 d\u1ee5ng nh\u1ecf h\u01a1n v\u00e0 c\u00f3 th\u1ec3 thay \u0111\u1ed5i do nhi\u1ec1u y\u1ebfu t\u1ed1. C\u1ea5u h\u00ecnh ti\u00eau chu\u1ea9n s\u1eed d\u1ee5ng kho\u1ea3ng 11GB \u0111\u1ebfn 14GB dung l\u01b0\u1ee3ng (bao g\u1ed3m iOS v\u00e0 c\u00e1c \u1ee9ng d\u1ee5ng c\u00e0i s\u1eb5n) t\u00f9y v\u00e0o d\u00f2ng s\u1ea3n ph\u1ea9m v\u00e0 c\u00e0i \u0111\u1eb7t. C\u00e1c \u1ee9ng d\u1ee5ng c\u00e0i s\u1eb5n chi\u1ebfm kho\u1ea3ng 4GB, v\u00e0 b\u1ea1n c\u00f3 th\u1ec3 x\u00f3a c\u00e1c \u1ee9ng d\u1ee5ng n\u00e0y v\u00e0 ph\u1ee5c h\u1ed3i l\u1ea1i ch\u00fang. Dung l\u01b0\u1ee3ng l\u01b0u tr\u1eef c\u00f3 th\u1ec3 thay \u0111\u1ed5i t\u00f9y phi\u00ean b\u1ea3n ph\u1ea7n m\u1ec1m v\u00e0 c\u00f3 th\u1ec3 kh\u00e1c nhau t\u00f9y theo t\u1eebng thi\u1ebft b\u1ecb.<\/p>\n<div class=\"bg-article\"><\/div>\n<p><a class=\"btn-detail\">Xem th\u00eam<\/a><\/p>\n","protected":false},"excerpt":{"rendered":"<p>N\u1ed9i dung t\u00ednh n\u0103ng iPhone 13 Pro. M\u1ed9t n\u00e2ng c\u1ea5p h\u1ec7 th\u1ed1ng camera chuy\u00ean nghi\u1ec7p ho\u00e0nh tr\u00e1ng ch\u01b0a t\u1eebng c\u00f3 c\u1ee7a Apple. M\u00e0n h\u00ecnh Super Retina XDR v\u1edbi ProMotion cho c\u1ea3m gi\u00e1c nhanh nh\u1ea1y h\u01a1n. Chip A15 Bionic th\u1ea7n t\u1ed1c. M\u1ea1ng 5G si\u00eau nhanh.1 Thi\u1ebft k\u1ebf b\u1ec1n b\u1ec9 v\u00e0 th\u1eddi l\u01b0\u1ee3ng pin t\u0103ng v\u1ecdt. Ph\u00e1p &#8230; <a title=\"iPhone 13 Pro 1TB LL\/a\" class=\"read-more\" href=\"https:\/\/demo8.thuythu.com\/lebaostore\/iphone-xach-tay\/iphone-13-pro-1tb-ll-a\/\" aria-label=\"More on iPhone 13 Pro 1TB LL\/a\">Read more<\/a><\/p>\n","protected":false},"featured_media":825,"template":"","meta":[],"product_cat":[17,136],"product_tag":[],"_links":{"self":[{"href":"https:\/\/demo8.thuythu.com\/lebaostore\/wp-json\/wp\/v2\/product\/3364"}],"collection":[{"href":"https:\/\/demo8.thuythu.com\/lebaostore\/wp-json\/wp\/v2\/product"}],"about":[{"href":"https:\/\/demo8.thuythu.com\/lebaostore\/wp-json\/wp\/v2\/types\/product"}],"wp:featuredmedia":[{"embeddable":true,"href":"https:\/\/demo8.thuythu.com\/lebaostore\/wp-json\/wp\/v2\/media\/825"}],"wp:attachment":[{"href":"https:\/\/demo8.thuythu.com\/lebaostore\/wp-json\/wp\/v2\/media?parent=3364"}],"wp:term":[{"taxonomy":"product_cat","embeddable":true,"href":"https:\/\/demo8.thuythu.com\/lebaostore\/wp-json\/wp\/v2\/product_cat?post=3364"},{"taxonomy":"product_tag","embeddable":true,"href":"https:\/\/demo8.thuythu.com\/lebaostore\/wp-json\/wp\/v2\/product_tag?post=3364"}],"curies":[{"name":"wp","href":"https:\/\/api.w.org\/{rel}","templated":true}]}}