{"id":3883,"date":"2022-02-22T18:07:01","date_gmt":"2022-02-22T11:07:01","guid":{"rendered":"https:\/\/demo8.thuythu.com\/lebaostore\/?post_type=product&#038;p=3883"},"modified":"2022-02-22T18:09:51","modified_gmt":"2022-02-22T11:09:51","slug":"iphone-12-256gb-99-2","status":"publish","type":"product","link":"https:\/\/demo8.thuythu.com\/lebaostore\/iphone-99\/iphone-12-99\/iphone-12-256gb-99-2\/","title":{"rendered":"iPhone 12 256GB 99%"},"content":{"rendered":"<p><img class=\" lazyloaded\" title=\"iPhone 12 T\u00ednh N\u0103ng &amp; Th\u00f4ng S\u1ed1 K\u1ef9 Thu\u1eadt\" src=\"https:\/\/demo8.thuythu.com\/lebaostore\/wp-content\/uploads\/2022\/01\/iphone-12-desktop-1.jpg\" alt=\"iPhone 12 T\u00ednh N\u0103ng &amp; Th\u00f4ng S\u1ed1 K\u1ef9 Thu\u1eadt\" data-src=\"https:\/\/demo8.thuythu.com\/lebaostore\/wp-content\/uploads\/2022\/01\/iphone-12-desktop-1.jpg\" \/><img class=\" lazyloaded\" title=\"iPhone 12 Thi\u1ebft k\u1ebf v\u00e0 M\u00e0n h\u00ecnh\" src=\"https:\/\/demo8.thuythu.com\/lebaostore\/wp-content\/uploads\/2022\/01\/iphone-12-desktop-2.jpg\" alt=\"iPhone 12 Thi\u1ebft k\u1ebf v\u00e0 M\u00e0n h\u00ecnh\" data-src=\"https:\/\/demo8.thuythu.com\/lebaostore\/wp-content\/uploads\/2022\/01\/iphone-12-desktop-2.jpg\" \/><img class=\" lazyloaded\" title=\"iPhone 12 K\u1ebft n\u1ed1i 5G\" src=\"https:\/\/demo8.thuythu.com\/lebaostore\/wp-content\/uploads\/2022\/01\/iphone-12-desktop-3.jpg\" alt=\"iPhone 12 K\u1ebft n\u1ed1i 5G\" data-src=\"https:\/\/demo8.thuythu.com\/lebaostore\/wp-content\/uploads\/2022\/01\/iphone-12-desktop-3.jpg\" \/><img class=\" lazyloaded\" title=\"iPhone 12 Chip A14 Bionic\" src=\"https:\/\/demo8.thuythu.com\/lebaostore\/wp-content\/uploads\/2022\/01\/iphone-12-desktop-5.jpg\" alt=\"iPhone 12 Chip A14 Bionic\" data-src=\"https:\/\/demo8.thuythu.com\/lebaostore\/wp-content\/uploads\/2022\/01\/iphone-12-desktop-5.jpg\" \/><img class=\" lazyloaded\" title=\"iPhone 12 Camera\" src=\"https:\/\/demo8.thuythu.com\/lebaostore\/wp-content\/uploads\/2022\/01\/iphone-12-desktop-6.jpg\" alt=\"iPhone 12 Camera\" data-src=\"https:\/\/demo8.thuythu.com\/lebaostore\/wp-content\/uploads\/2022\/01\/iphone-12-desktop-6.jpg\" \/><img class=\" lazyloaded\" title=\"iPhone 12 Video\" src=\"https:\/\/demo8.thuythu.com\/lebaostore\/wp-content\/uploads\/2022\/01\/iphone-12-desktop-7.jpg\" alt=\"iPhone 12 Video\" data-src=\"https:\/\/demo8.thuythu.com\/lebaostore\/wp-content\/uploads\/2022\/01\/iphone-12-desktop-7.jpg\" \/><img class=\" lazyloaded\" title=\"iPhone 12 - T\u1ea1i sao n\u00ean d\u00f9ng iPhone\" src=\"https:\/\/demo8.thuythu.com\/lebaostore\/wp-content\/uploads\/2022\/01\/iphone-12-1.jpg\" alt=\"iPhone 12 - T\u1ea1i sao n\u00ean d\u00f9ng iPhone\" data-src=\"https:\/\/demo8.thuythu.com\/lebaostore\/wp-content\/uploads\/2022\/01\/iphone-12-1.jpg\" \/><img class=\" lazyloaded\" title=\"iPhone 12 - So s\u00e1nh k\u00edch c\u1ee1\" src=\"https:\/\/demo8.thuythu.com\/lebaostore\/wp-content\/uploads\/2022\/01\/iphone-12-2-scaled.jpg\" alt=\"iPhone 12 - So s\u00e1nh k\u00edch c\u1ee1\" data-src=\"https:\/\/demo8.thuythu.com\/lebaostore\/wp-content\/uploads\/2022\/01\/iphone-12-2-scaled.jpg\" \/><\/p>\n<h3><strong>N\u1ed9i dung v\u1ec1 t\u00ednh n\u0103ng<\/strong><\/h3>\n<p>iPhone 12. M\u1ea1ng 5G gi\u00fap t\u1ea3i xu\u1ed1ng c\u00e1c b\u1ed9 phim m\u1ed9t c\u00e1ch nhanh ch\u00f3ng v\u00e0 xem tr\u1ef1c tuy\u1ebfn video ch\u1ea5t l\u01b0\u1ee3ng cao.1\u00a0M\u00e0n h\u00ecnh Super Retina XDR 6.1\u00a0inch s\u00e1ng \u0111\u1eb9p \u1ea5n t\u01b0\u1ee3ng.2\u00a0Ceramic Shield v\u1edbi kh\u1ea3 n\u0103ng ch\u1ecbu va \u0111\u1eadp khi r\u01a1i t\u1ed1t h\u01a1n g\u1ea5p 4 l\u1ea7n.3\u00a0\u1ea2nh ch\u1ee5p tuy\u1ec7t \u0111\u1eb9p trong \u0111i\u1ec1u ki\u1ec7n \u00e1nh s\u00e1ng y\u1ebfu v\u1edbi ch\u1ebf \u0111\u1ed9 Ban \u0110\u00eam \u1edf t\u1ea5t c\u1ea3 c\u00e1c camera. Quay phim, bi\u00ean t\u1eadp v\u00e0 ph\u00e1t video Dolby Vision \u0111\u1eb3ng c\u1ea5p \u0111i\u1ec7n \u1ea3nh. Chip A14 Bionic m\u1ea1nh m\u1ebd. H\u00e3y \u0111\u1ec3 \u0111i\u1ec1u th\u00fa v\u1ecb b\u1eaft \u0111\u1ea7u.<\/p>\n<h3><strong>Ph\u00e1p l\u00fd<\/strong><\/h3>\n<p>1C\u1ea7n c\u00f3 g\u00f3i c\u01b0\u1edbc d\u1eef li\u1ec7u. M\u1ea1ng 5G ch\u1ec9 kh\u1ea3 d\u1ee5ng \u1edf m\u1ed9t s\u1ed1 th\u1ecb tr\u01b0\u1eddng v\u00e0 \u0111\u01b0\u1ee3c cung c\u1ea5p qua m\u1ed9t s\u1ed1 nh\u00e0 m\u1ea1ng.\u00a0T\u1ed1c \u0111\u1ed9 c\u00f3 th\u1ec3 thay \u0111\u1ed5i t\u00f9y \u0111\u1ecba \u0111i\u1ec3m v\u00e0 nh\u00e0 m\u1ea1ng.\u00a0\u0110\u1ec3 bi\u1ebft th\u00f4ng tin v\u1ec1 h\u1ed7 tr\u1ee3 m\u1ea1ng 5G, vui l\u00f2ng li\u00ean h\u1ec7 nh\u00e0 m\u1ea1ng v\u00e0 truy c\u1eadp\u00a0apple.com\/iphone\/cellular.<\/p>\n<p>2M\u00e0n h\u00ecnh c\u00f3 c\u00e1c g\u00f3c bo tr\u00f2n. Khi t\u00ednh theo h\u00ecnh ch\u1eef nh\u1eadt, k\u00edch th\u01b0\u1edbc m\u00e0n h\u00ecnh l\u00e0 6.06 inch theo \u0111\u01b0\u1eddng ch\u00e9o. Di\u1ec7n t\u00edch hi\u1ec3n th\u1ecb th\u1ef1c t\u1ebf nh\u1ecf h\u01a1n.<\/p>\n<p>3X\u00e1c nh\u1eadn d\u1ef1a v\u00e0o m\u1eb7t tr\u01b0\u1edbc c\u00f3 Ceramic Shield c\u1ee7a iPhone 12 so v\u1edbi iPhone th\u1ebf h\u1ec7 tr\u01b0\u1edbc.<\/p>\n<div id=\"highlighter--hover-tools\" style=\"display: none;\">\n<div id=\"highlighter--hover-tools--container\">\n<div class=\"highlighter--icon highlighter--icon-copy\" title=\"Copy\"><\/div>\n<div class=\"highlighter--separator\"><\/div>\n<div class=\"highlighter--icon highlighter--icon-delete\" title=\"Delete\"><\/div>\n<\/div>\n<\/div>\n<div class=\"bg-article\"><\/div>\n<p><a class=\"btn-detail\">Xem th\u00eam<\/a><\/p>\n","protected":false},"excerpt":{"rendered":"<p>N\u1ed9i dung v\u1ec1 t\u00ednh n\u0103ng iPhone 12. M\u1ea1ng 5G gi\u00fap t\u1ea3i xu\u1ed1ng c\u00e1c b\u1ed9 phim m\u1ed9t c\u00e1ch nhanh ch\u00f3ng v\u00e0 xem tr\u1ef1c tuy\u1ebfn video ch\u1ea5t l\u01b0\u1ee3ng cao.1\u00a0M\u00e0n h\u00ecnh Super Retina XDR 6.1\u00a0inch s\u00e1ng \u0111\u1eb9p \u1ea5n t\u01b0\u1ee3ng.2\u00a0Ceramic Shield v\u1edbi kh\u1ea3 n\u0103ng ch\u1ecbu va \u0111\u1eadp khi r\u01a1i t\u1ed1t h\u01a1n g\u1ea5p 4 l\u1ea7n.3\u00a0\u1ea2nh ch\u1ee5p tuy\u1ec7t \u0111\u1eb9p trong \u0111i\u1ec1u &#8230; <a title=\"iPhone 12 256GB 99%\" class=\"read-more\" href=\"https:\/\/demo8.thuythu.com\/lebaostore\/iphone-99\/iphone-12-99\/iphone-12-256gb-99-2\/\" aria-label=\"More on iPhone 12 256GB 99%\">Read more<\/a><\/p>\n","protected":false},"featured_media":657,"template":"","meta":[],"product_cat":[127,18],"product_tag":[],"_links":{"self":[{"href":"https:\/\/demo8.thuythu.com\/lebaostore\/wp-json\/wp\/v2\/product\/3883"}],"collection":[{"href":"https:\/\/demo8.thuythu.com\/lebaostore\/wp-json\/wp\/v2\/product"}],"about":[{"href":"https:\/\/demo8.thuythu.com\/lebaostore\/wp-json\/wp\/v2\/types\/product"}],"wp:featuredmedia":[{"embeddable":true,"href":"https:\/\/demo8.thuythu.com\/lebaostore\/wp-json\/wp\/v2\/media\/657"}],"wp:attachment":[{"href":"https:\/\/demo8.thuythu.com\/lebaostore\/wp-json\/wp\/v2\/media?parent=3883"}],"wp:term":[{"taxonomy":"product_cat","embeddable":true,"href":"https:\/\/demo8.thuythu.com\/lebaostore\/wp-json\/wp\/v2\/product_cat?post=3883"},{"taxonomy":"product_tag","embeddable":true,"href":"https:\/\/demo8.thuythu.com\/lebaostore\/wp-json\/wp\/v2\/product_tag?post=3883"}],"curies":[{"name":"wp","href":"https:\/\/api.w.org\/{rel}","templated":true}]}}