{"id":3937,"date":"2022-02-22T18:43:14","date_gmt":"2022-02-22T11:43:14","guid":{"rendered":"https:\/\/demo8.thuythu.com\/lebaostore\/?post_type=product&#038;p=3937"},"modified":"2022-02-26T20:34:52","modified_gmt":"2022-02-26T13:34:52","slug":"iphone-11-128gb-99-2","status":"publish","type":"product","link":"https:\/\/demo8.thuythu.com\/lebaostore\/iphone-99\/iphone-11-128gb-99-2\/","title":{"rendered":"iPhone 11 128GB 99%"},"content":{"rendered":"<h3><strong>N\u1ed9i dung v\u1ec1 t\u00ednh n\u0103ng\u00a0<\/strong><\/h3>\n<p>Quay video 4K, ch\u1ee5p \u1ea3nh ch\u00e2n dung tuy\u1ec7t \u0111\u1eb9p v\u00e0 ch\u1ee5p phong c\u1ea3nh r\u1ed9ng v\u1edbi h\u1ec7 th\u1ed1ng camera k\u00e9p ho\u00e0n to\u00e0n m\u1edbi. Ch\u1ee5p \u1ea3nh t\u1ed1i \u01b0u trong \u0111i\u1ec1u ki\u1ec7n \u00e1nh s\u00e1ng y\u1ebfu v\u1edbi ch\u1ebf \u0111\u1ed9 Ban \u0110\u00eam. Xem \u1ea3nh, video v\u00e0 ch\u01a1i game v\u1edbi m\u00e0u s\u1eafc ch\u00e2n th\u1ef1c tr\u00ean m\u00e0n h\u00ecnh Liquid Retina 6.1 inch.<sup>3<\/sup>\u00a0Tr\u1ea3i nghi\u1ec7m hi\u1ec7u n\u0103ng tuy\u1ec7t v\u1eddi v\u1edbi chip A13 Bionic d\u00e0nh cho game, th\u1ef1c t\u1ebf \u1ea3o t\u0103ng c\u01b0\u1eddng (AR) v\u00e0 ch\u1ee5p \u1ea3nh. L\u00e0m \u0111\u01b0\u1ee3c nhi\u1ec1u vi\u1ec7c h\u01a1n v\u00e0 s\u1ea1c \u00edt h\u01a1n v\u1edbi th\u1eddi l\u01b0\u1ee3ng pin b\u1ec1n b\u1ec9 c\u1ea3 ng\u00e0y.<sup>2<\/sup>\u00a0V\u00e0 b\u1edbt ph\u1ea3i lo l\u1eafng nh\u1edd kh\u1ea3 n\u0103ng ch\u1ed1ng n\u01b0\u1edbc \u1edf \u0111\u1ed9 s\u00e2u t\u1ed1i \u0111a 2 m\u00e9t trong v\u00f2ng 30 ph\u00fat.<sup>1\u00a0<\/sup><\/p>\n<div>\n<h3><strong>T\u00ednh n\u0103ng n\u1ed5i b\u1eadt\u00a0<\/strong><\/h3>\n<p>\u2022 M\u00e0n h\u00ecnh Liquid Retina HD LCD 6.1 inch<sup>3\u00a0<\/sup>.<\/p>\n<p>\u2022 Ch\u1ed1ng n\u01b0\u1edbc v\u00e0 ch\u1ed1ng b\u1ee5i (ch\u1ed1ng n\u01b0\u1edbc \u1edf \u0111\u1ed9 s\u00e2u 2 m\u00e9t trong v\u00f2ng t\u1ed1i \u0111a 30 ph\u00fat, \u0111\u1ea1t m\u1ee9c IP68)<sup>1<\/sup><span style=\"font-size: 10.8333px;\">.<\/span><\/p>\n<p>\u2022 H\u1ec7 th\u1ed1ng camera k\u00e9p 12MP v\u1edbi camera Ultra Wide v\u00e0 Wide; ch\u1ebf \u0111\u1ed9 Ban \u0110\u00eam, ch\u1ebf \u0111\u1ed9 Ch\u00e2n Dung, v\u00e0 kh\u1ea3 n\u0103ng quay video 4K t\u1ed1c \u0111\u1ed9 t\u1ed1i \u0111a 60 fps.<\/p>\n<p>\u2022 Camera tr\u01b0\u1edbc TrueDepth 12MP v\u1edbi ch\u1ebf \u0111\u1ed9 Ch\u00e2n Dung, c\u00f3 kh\u1ea3 n\u0103ng quay video 4K, v\u00e0 quay video ch\u1eadm.<\/p>\n<p>\u2022 X\u00e1c th\u1ef1c b\u1ea3o m\u1eadt v\u1edbi Face ID.<\/p>\n<p>\u2022 Chip A13 Bionic v\u1edbi Neural Engine th\u1ebf h\u1ec7 th\u1ee9 ba.<\/p>\n<p>\u2022 Kh\u1ea3 n\u0103ng s\u1ea1c nhanh.<\/p>\n<p>\u2022 S\u1ea1c kh\u00f4ng d\u00e2y<sup>4<\/sup>\u00a0.<\/p>\n<p>\u2022 iOS 14 v\u1edbi c\u00e1c ti\u1ec7n \u00edch \u0111\u01b0\u1ee3c thi\u1ebft k\u1ebf l\u1ea1i tr\u00ean M\u00e0n H\u00ecnh Ch\u00ednh, Th\u01b0 Vi\u1ec7n \u1ee8ng D\u1ee5ng ho\u00e0n to\u00e0n m\u1edbi, App Clips c\u00f9ng nhi\u1ec1u t\u00ednh n\u0103ng kh\u00e1c.<\/p>\n<h3><strong>Ph\u00e1p l\u00fd<\/strong><\/h3>\n<p><sup>1<\/sup>iPhone 11 c\u00f3 kh\u1ea3 n\u0103ng ch\u1ed1ng tia n\u01b0\u1edbc, ch\u1ed1ng n\u01b0\u1edbc v\u00e0 ch\u1ed1ng b\u1ee5i. S\u1ea3n ph\u1ea9m \u0111\u00e3 qua ki\u1ec3m nghi\u1ec7m trong \u0111i\u1ec1u ki\u1ec7n ph\u00f2ng th\u00ed nghi\u1ec7m c\u00f3 ki\u1ec3m so\u00e1t \u0111\u1ea1t m\u1ee9c IP68 theo ti\u00eau chu\u1ea9n IEC 60529 (ch\u1ed1ng n\u01b0\u1edbc \u1edf \u0111\u1ed9 s\u00e2u t\u1ed1i \u0111a 2 m\u00e9t trong v\u00f2ng t\u1ed1i \u0111a 30 ph\u00fat). Kh\u1ea3 n\u0103ng ch\u1ed1ng tia n\u01b0\u1edbc, ch\u1ed1ng n\u01b0\u1edbc v\u00e0 ch\u1ed1ng b\u1ee5i kh\u00f4ng ph\u1ea3i l\u00e0 c\u00e1c \u0111i\u1ec1u ki\u1ec7n v\u0129nh vi\u1ec5n, v\u00e0 kh\u1ea3 n\u0103ng n\u00e0y c\u00f3 th\u1ec3 gi\u1ea3m do hao m\u00f2n th\u00f4ng th\u01b0\u1eddng. Kh\u00f4ng s\u1ea1c pin khi iPhone \u0111ang b\u1ecb \u01b0\u1edbt. Vui l\u00f2ng tham kh\u1ea3o h\u01b0\u1edbng d\u1eabn s\u1eed d\u1ee5ng \u0111\u1ec3 bi\u1ebft c\u00e1ch lau s\u1ea1ch v\u00e0 l\u00e0m kh\u00f4 m\u00e1y. Kh\u00f4ng b\u1ea3o h\u00e0nh s\u1ea3n ph\u1ea9m b\u1ecb h\u1ecfng do th\u1ea5m ch\u1ea5t l\u1ecfng.<\/p>\n<p><sup>2<\/sup>Th\u1eddi l\u01b0\u1ee3ng pin kh\u00e1c nhau t\u00f9y theo c\u00e1ch s\u1eed d\u1ee5ng v\u00e0 c\u1ea5u h\u00ecnh. Truy c\u1eadp\u00a0apple.com\/batteries\u00a0\u0111\u1ec3 bi\u1ebft th\u00eam th\u00f4ng tin.<\/p>\n<p><sup>3<\/sup>M\u00e0n h\u00ecnh c\u00f3 c\u00e1c g\u00f3c bo tr\u00f2n. Khi t\u00ednh theo h\u00ecnh ch\u1eef nh\u1eadt, k\u00edch th\u01b0\u1edbc m\u00e0n h\u00ecnh\u00a0iPhone 11 l\u00e0 6.06 inch theo \u0111\u01b0\u1eddng ch\u00e9o. Di\u1ec7n t\u00edch hi\u1ec3n th\u1ecb th\u1ef1c t\u1ebf nh\u1ecf h\u01a1n.<\/p>\n<p><sup>4<\/sup>Kh\u00f4ng b\u00e1n k\u00e8m b\u1ed9 s\u1ea1c kh\u00f4ng d\u00e2y Qi.<\/p>\n<\/div>\n<div id=\"highlighter--hover-tools\" style=\"display: none;\">\n<div id=\"highlighter--hover-tools--container\">\n<div class=\"highlighter--icon highlighter--icon-copy\" title=\"Copy\"><\/div>\n<div class=\"highlighter--separator\"><\/div>\n<div class=\"highlighter--icon highlighter--icon-delete\" title=\"Delete\"><\/div>\n<\/div>\n<\/div>\n<div class=\"bg-article\"><\/div>\n<p><a class=\"btn-detail\">Xem th\u00eam<\/a><\/p>\n","protected":false},"excerpt":{"rendered":"<p>N\u1ed9i dung v\u1ec1 t\u00ednh n\u0103ng\u00a0 Quay video 4K, ch\u1ee5p \u1ea3nh ch\u00e2n dung tuy\u1ec7t \u0111\u1eb9p v\u00e0 ch\u1ee5p phong c\u1ea3nh r\u1ed9ng v\u1edbi h\u1ec7 th\u1ed1ng camera k\u00e9p ho\u00e0n to\u00e0n m\u1edbi. Ch\u1ee5p \u1ea3nh t\u1ed1i \u01b0u trong \u0111i\u1ec1u ki\u1ec7n \u00e1nh s\u00e1ng y\u1ebfu v\u1edbi ch\u1ebf \u0111\u1ed9 Ban \u0110\u00eam. Xem \u1ea3nh, video v\u00e0 ch\u01a1i game v\u1edbi m\u00e0u s\u1eafc ch\u00e2n th\u1ef1c tr\u00ean m\u00e0n &#8230; <a title=\"iPhone 11 128GB 99%\" class=\"read-more\" href=\"https:\/\/demo8.thuythu.com\/lebaostore\/iphone-99\/iphone-11-128gb-99-2\/\" aria-label=\"More on iPhone 11 128GB 99%\">Read more<\/a><\/p>\n","protected":false},"featured_media":547,"template":"","meta":[],"product_cat":[18,130],"product_tag":[],"_links":{"self":[{"href":"https:\/\/demo8.thuythu.com\/lebaostore\/wp-json\/wp\/v2\/product\/3937"}],"collection":[{"href":"https:\/\/demo8.thuythu.com\/lebaostore\/wp-json\/wp\/v2\/product"}],"about":[{"href":"https:\/\/demo8.thuythu.com\/lebaostore\/wp-json\/wp\/v2\/types\/product"}],"wp:featuredmedia":[{"embeddable":true,"href":"https:\/\/demo8.thuythu.com\/lebaostore\/wp-json\/wp\/v2\/media\/547"}],"wp:attachment":[{"href":"https:\/\/demo8.thuythu.com\/lebaostore\/wp-json\/wp\/v2\/media?parent=3937"}],"wp:term":[{"taxonomy":"product_cat","embeddable":true,"href":"https:\/\/demo8.thuythu.com\/lebaostore\/wp-json\/wp\/v2\/product_cat?post=3937"},{"taxonomy":"product_tag","embeddable":true,"href":"https:\/\/demo8.thuythu.com\/lebaostore\/wp-json\/wp\/v2\/product_tag?post=3937"}],"curies":[{"name":"wp","href":"https:\/\/api.w.org\/{rel}","templated":true}]}}