{"id":3975,"date":"2022-02-22T19:52:00","date_gmt":"2022-02-22T12:52:00","guid":{"rendered":"https:\/\/demo8.thuythu.com\/lebaostore\/?post_type=product&#038;p=3975"},"modified":"2022-02-27T12:32:07","modified_gmt":"2022-02-27T05:32:07","slug":"iphone-13-256gb-vn-a","status":"publish","type":"product","link":"https:\/\/demo8.thuythu.com\/lebaostore\/iphone\/iphone-13\/iphone-13-256gb-vn-a\/","title":{"rendered":"iPhone 13 256GB VN\/a"},"content":{"rendered":"<p><img class=\" lazyloaded\" title=\"iPhone 13 T\u00ednh N\u0103ng &amp; Th\u00f4ng S\u1ed1 K\u1ef9 Thu\u1eadt\" src=\"https:\/\/demo8.thuythu.com\/lebaostore\/wp-content\/uploads\/2022\/01\/iphone-13-desktop-1.jpg\" alt=\"iPhone 13 T\u00ednh N\u0103ng &amp; Th\u00f4ng S\u1ed1 K\u1ef9 Thu\u1eadt\" data-src=\"https:\/\/demo8.thuythu.com\/lebaostore\/wp-content\/uploads\/2022\/01\/iphone-13-desktop-1.jpg\" \/><img class=\" lazyloaded\" title=\"iPhone 13 Thi\u1ebft k\u1ebf\" src=\"https:\/\/demo8.thuythu.com\/lebaostore\/wp-content\/uploads\/2022\/01\/iphone-13-desktop-2.jpg\" alt=\"iPhone 13 Thi\u1ebft k\u1ebf\" data-src=\"https:\/\/demo8.thuythu.com\/lebaostore\/wp-content\/uploads\/2022\/01\/iphone-13-desktop-2.jpg\" \/><img class=\" lazyloaded\" title=\"iPhone 13 Ch\u1ebf \u0110\u1ed9 \u0110i\u1ec7n \u1ea2nh\" src=\"https:\/\/demo8.thuythu.com\/lebaostore\/wp-content\/uploads\/2022\/01\/iphone-13-desktop-3.jpg\" alt=\"iPhone 13 Ch\u1ebf \u0110\u1ed9 \u0110i\u1ec7n \u1ea2nh\" data-src=\"https:\/\/demo8.thuythu.com\/lebaostore\/wp-content\/uploads\/2022\/01\/iphone-13-desktop-3.jpg\" \/><img class=\" lazyloaded\" title=\"iPhone 13 Camera\" src=\"https:\/\/demo8.thuythu.com\/lebaostore\/wp-content\/uploads\/2022\/01\/iphone-13-desktop-4.jpg\" alt=\"iPhone 13 Camera\" data-src=\"https:\/\/demo8.thuythu.com\/lebaostore\/wp-content\/uploads\/2022\/01\/iphone-13-desktop-4.jpg\" \/><img class=\" lazyloaded\" title=\"iPhone 13 Pin\" src=\"https:\/\/demo8.thuythu.com\/lebaostore\/wp-content\/uploads\/2022\/01\/iphone-13-desktop-5.jpg\" alt=\"iPhone 13 Pin\" data-src=\"https:\/\/demo8.thuythu.com\/lebaostore\/wp-content\/uploads\/2022\/01\/iphone-13-desktop-5.jpg\" \/><img class=\" lazyloaded\" title=\"iPhone 13 Chip A15 Bionic\" src=\"https:\/\/demo8.thuythu.com\/lebaostore\/wp-content\/uploads\/2022\/01\/iphone-13-desktop-6.jpg\" alt=\"iPhone 13 Chip A15 Bionic\" data-src=\"https:\/\/demo8.thuythu.com\/lebaostore\/wp-content\/uploads\/2022\/01\/iphone-13-desktop-6.jpg\" \/><img class=\" lazyloaded\" title=\"iPhone 13 K\u1ebft n\u1ed1i 5G\" src=\"https:\/\/demo8.thuythu.com\/lebaostore\/wp-content\/uploads\/2022\/01\/iphone-13-desktop-7.jpg\" alt=\"iPhone 13 K\u1ebft n\u1ed1i 5G\" data-src=\"https:\/\/demo8.thuythu.com\/lebaostore\/wp-content\/uploads\/2022\/01\/iphone-13-desktop-7.jpg\" \/><img class=\" lazyloaded\" title=\"So s\u00e1nh iPhone 13\" src=\"https:\/\/demo8.thuythu.com\/lebaostore\/wp-content\/uploads\/2022\/01\/iphone-13-compare-scaled.jpg\" alt=\"So s\u00e1nh iPhone 13\" data-src=\"https:\/\/demo8.thuythu.com\/lebaostore\/wp-content\/uploads\/2022\/01\/iphone-13-compare-scaled.jpg\" \/><\/p>\n<h3><strong>N\u1ed9i dung t\u00ednh n\u0103ng<\/strong><\/h3>\n<p>iPhone 13. H\u1ec7 th\u1ed1ng camera k\u00e9p ti\u00ean ti\u1ebfn nh\u1ea5t t\u1eebng c\u00f3 tr\u00ean iPhone. Chip A15 Bionic th\u1ea7n t\u1ed1c. B\u01b0\u1edbc nh\u1ea3y v\u1ecdt v\u1ec1 th\u1eddi l\u01b0\u1ee3ng pin. Thi\u1ebft k\u1ebf b\u1ec1n b\u1ec9. M\u1ea1ng 5G si\u00eau nhanh.<sup>1<\/sup> C\u00f9ng v\u1edbi m\u00e0n h\u00ecnh Super Retina XDR s\u00e1ng h\u01a1n.<\/p>\n<h3><strong>Ph\u00e1p l\u00fd<\/strong><\/h3>\n<p><sup>1<\/sup>C\u1ea7n c\u00f3 g\u00f3i c\u01b0\u1edbc d\u1eef li\u1ec7u. M\u1ea1ng 5G ch\u1ec9 kh\u1ea3 d\u1ee5ng \u1edf m\u1ed9t s\u1ed1 th\u1ecb tr\u01b0\u1eddng v\u00e0 \u0111\u01b0\u1ee3c cung c\u1ea5p qua m\u1ed9t s\u1ed1 nh\u00e0 m\u1ea1ng. T\u1ed1c \u0111\u1ed9 c\u00f3 th\u1ec3 thay \u0111\u1ed5i t\u00f9y \u0111\u1ecba \u0111i\u1ec3m v\u00e0 nh\u00e0 m\u1ea1ng. \u0110\u1ec3 bi\u1ebft th\u00f4ng tin v\u1ec1 h\u1ed7 tr\u1ee3 m\u1ea1ng 5G, vui l\u00f2ng li\u00ean h\u1ec7 nh\u00e0 m\u1ea1ng v\u00e0 truy c\u1eadp apple.com\/iphone\/cellular.<\/p>\n<div class=\"bg-article\"><\/div>\n<p><a class=\"btn-detail\">Xem th\u00eam<\/a><\/p>\n","protected":false},"excerpt":{"rendered":"<p>N\u1ed9i dung t\u00ednh n\u0103ng iPhone 13. H\u1ec7 th\u1ed1ng camera k\u00e9p ti\u00ean ti\u1ebfn nh\u1ea5t t\u1eebng c\u00f3 tr\u00ean iPhone. Chip A15 Bionic th\u1ea7n t\u1ed1c. B\u01b0\u1edbc nh\u1ea3y v\u1ecdt v\u1ec1 th\u1eddi l\u01b0\u1ee3ng pin. Thi\u1ebft k\u1ebf b\u1ec1n b\u1ec9. M\u1ea1ng 5G si\u00eau nhanh.1 C\u00f9ng v\u1edbi m\u00e0n h\u00ecnh Super Retina XDR s\u00e1ng h\u01a1n. Ph\u00e1p l\u00fd 1C\u1ea7n c\u00f3 g\u00f3i c\u01b0\u1edbc d\u1eef li\u1ec7u. M\u1ea1ng &#8230; <a title=\"iPhone 13 256GB VN\/a\" class=\"read-more\" href=\"https:\/\/demo8.thuythu.com\/lebaostore\/iphone\/iphone-13\/iphone-13-256gb-vn-a\/\" aria-label=\"More on iPhone 13 256GB VN\/a\">Read more<\/a><\/p>\n","protected":false},"featured_media":800,"template":"","meta":[],"product_cat":[29,16],"product_tag":[],"_links":{"self":[{"href":"https:\/\/demo8.thuythu.com\/lebaostore\/wp-json\/wp\/v2\/product\/3975"}],"collection":[{"href":"https:\/\/demo8.thuythu.com\/lebaostore\/wp-json\/wp\/v2\/product"}],"about":[{"href":"https:\/\/demo8.thuythu.com\/lebaostore\/wp-json\/wp\/v2\/types\/product"}],"wp:featuredmedia":[{"embeddable":true,"href":"https:\/\/demo8.thuythu.com\/lebaostore\/wp-json\/wp\/v2\/media\/800"}],"wp:attachment":[{"href":"https:\/\/demo8.thuythu.com\/lebaostore\/wp-json\/wp\/v2\/media?parent=3975"}],"wp:term":[{"taxonomy":"product_cat","embeddable":true,"href":"https:\/\/demo8.thuythu.com\/lebaostore\/wp-json\/wp\/v2\/product_cat?post=3975"},{"taxonomy":"product_tag","embeddable":true,"href":"https:\/\/demo8.thuythu.com\/lebaostore\/wp-json\/wp\/v2\/product_tag?post=3975"}],"curies":[{"name":"wp","href":"https:\/\/api.w.org\/{rel}","templated":true}]}}