{"id":4364,"date":"2022-03-01T17:34:09","date_gmt":"2022-03-01T10:34:09","guid":{"rendered":"https:\/\/demo8.thuythu.com\/lebaostore\/?post_type=product&#038;p=4364"},"modified":"2022-03-01T17:36:39","modified_gmt":"2022-03-01T10:36:39","slug":"apple-watch-series-7-gps-45mm","status":"publish","type":"product","link":"https:\/\/demo8.thuythu.com\/lebaostore\/watch\/apple-watch-series-7\/apple-watch-series-7-gps-45mm\/","title":{"rendered":"Apple Watch Series 7 GPS 45mm"},"content":{"rendered":"<p><img class=\" ls-is-cached lazyloaded\" title=\"Apple Watch Series 7 LTE 41mm - M\u00e0n h\u00ecnh nay ch\u01a1i l\u1edbn\" src=\"https:\/\/demo8.thuythu.com\/lebaostore\/wp-content\/uploads\/2022\/01\/apple-watch-s7-lte-41mm-day-thep-161021-020506.jpg\" alt=\"Apple Watch Series 7 LTE 41mm - M\u00e0n h\u00ecnh nay ch\u01a1i l\u1edbn\" data-src=\"https:\/\/demo8.thuythu.com\/lebaostore\/wp-content\/uploads\/2022\/01\/apple-watch-s7-lte-41mm-day-thep-161021-020506.jpg\" \/><img class=\" ls-is-cached lazyloaded\" title=\"Apple Watch Series 7 LTE 41mm - M\u00e0n h\u00ecnh l\u1edbn\" src=\"https:\/\/demo8.thuythu.com\/lebaostore\/wp-content\/uploads\/2022\/01\/apple-watch-s7-lte-41mm-day-thep-161021-020506-1.jpg\" alt=\"Apple Watch Series 7 LTE 41mm - M\u00e0n h\u00ecnh l\u1edbn\" data-src=\"https:\/\/demo8.thuythu.com\/lebaostore\/wp-content\/uploads\/2022\/01\/apple-watch-s7-lte-41mm-day-thep-161021-020506-1.jpg\" \/><img class=\" ls-is-cached lazyloaded\" title=\"Apple Watch Series 7 LTE 41mm - \u0110\u1ed9 b\u1ec1n\" src=\"https:\/\/demo8.thuythu.com\/lebaostore\/wp-content\/uploads\/2022\/01\/apple-watch-s7-lte-41mm-day-thep-161021-020507.jpg\" alt=\"Apple Watch Series 7 LTE 41mm - \u0110\u1ed9 b\u1ec1n\" data-src=\"https:\/\/demo8.thuythu.com\/lebaostore\/wp-content\/uploads\/2022\/01\/apple-watch-s7-lte-41mm-day-thep-161021-020507.jpg\" \/><img class=\" ls-is-cached lazyloaded\" title=\"Apple Watch Series 7 LTE 41mm - S\u1ee9c kho\u1ebb\" src=\"https:\/\/demo8.thuythu.com\/lebaostore\/wp-content\/uploads\/2022\/01\/apple-watch-s7-lte-41mm-day-thep-161021-020507-1.jpg\" alt=\"Apple Watch Series 7 LTE 41mm - S\u1ee9c kho\u1ebb\" data-src=\"https:\/\/demo8.thuythu.com\/lebaostore\/wp-content\/uploads\/2022\/01\/apple-watch-s7-lte-41mm-day-thep-161021-020507-1.jpg\" \/><img class=\" ls-is-cached lazyloaded\" title=\"Apple Watch Series 7 LTE 41mm - Th\u1ec3 d\u1ee5c\" src=\"https:\/\/demo8.thuythu.com\/lebaostore\/wp-content\/uploads\/2022\/01\/apple-watch-s7-lte-41mm-day-thep-161021-020508.jpg\" alt=\"Apple Watch Series 7 LTE 41mm - Th\u1ec3 d\u1ee5c\" data-src=\"https:\/\/demo8.thuythu.com\/lebaostore\/wp-content\/uploads\/2022\/01\/apple-watch-s7-lte-41mm-day-thep-161021-020508.jpg\" \/><img class=\" ls-is-cached lazyloaded\" title=\"Apple Watch Series 7 LTE 41mm - Lu\u00f4n k\u1ebft n\u1ed1i\" src=\"https:\/\/demo8.thuythu.com\/lebaostore\/wp-content\/uploads\/2022\/01\/apple-watch-s7-lte-41mm-day-thep-161021-020508-1.jpg\" alt=\"Apple Watch Series 7 LTE 41mm - Lu\u00f4n k\u1ebft n\u1ed1i\" data-src=\"https:\/\/demo8.thuythu.com\/lebaostore\/wp-content\/uploads\/2022\/01\/apple-watch-s7-lte-41mm-day-thep-161021-020508-1.jpg\" \/><img class=\" ls-is-cached lazyloaded\" title=\"Apple Watch Series 7 LTE 41mm - T\u1ea1i sao c\u1ea7n d\u00f9ng Apple Watch\" src=\"https:\/\/demo8.thuythu.com\/lebaostore\/wp-content\/uploads\/2022\/01\/apple-watch-s7-lte-41mm-day-thep-161021-020509.jpg\" alt=\"Apple Watch Series 7 LTE 41mm - T\u1ea1i sao n\u00ean d\u00f9ng Apple Watch\" data-src=\"https:\/\/demo8.thuythu.com\/lebaostore\/wp-content\/uploads\/2022\/01\/apple-watch-s7-lte-41mm-day-thep-161021-020509.jpg\" \/><img class=\" ls-is-cached lazyloaded\" title=\"So s\u00e1nh Apple Watch S7 v\u00e0 SE\" src=\"https:\/\/demo8.thuythu.com\/lebaostore\/wp-content\/uploads\/2022\/01\/apple-watch-s7-lte-41mm-day-thep-161021-020509-1-scaled.jpg\" alt=\"So s\u00e1nh Apple Watch S7 v\u00e0 SE\" data-src=\"https:\/\/demo8.thuythu.com\/lebaostore\/wp-content\/uploads\/2022\/01\/apple-watch-s7-lte-41mm-day-thep-161021-020509-1-scaled.jpg\" \/><\/p>\n<h3><strong>N\u1ed9i dung v\u1ec1 t\u00ednh n\u0103ng<\/strong><\/h3>\n<p>M\u00e0n h\u00ecnh Retina Lu\u00f4n B\u1eadt l\u1edbn nh\u1ea5t, ti\u00ean ti\u1ebfn nh\u1ea5t gi\u00fap m\u1ecdi t\u00e1c v\u1ee5 b\u1ea1n th\u1ef1c hi\u1ec7n v\u1edbi Apple Watch Series 7 tr\u00f4ng l\u1edbn h\u01a1n v\u00e0 \u0111\u1eb9p h\u01a1n. Series 7 l\u00e0 Apple Watch b\u1ec1n b\u1ec9 nh\u1ea5t t\u1eebng \u0111\u01b0\u1ee3c ch\u1ebf t\u1ea1o, v\u1edbi m\u1eb7t tr\u01b0\u1edbc b\u1eb1ng th\u1ee7y tinh ch\u1ed1ng n\u1ee9t t\u1ed1t h\u01a1n. C\u00e1c t\u00ednh n\u0103ng ti\u00ean ti\u1ebfn gi\u00fap b\u1ea1n \u0111o m\u1ee9c \u00f4xi trong m\u00e1u,<sup>1<\/sup>\u00a0\u0111o \u0111i\u1ec7n t\u00e2m \u0111\u1ed3 (ECG) b\u1ea5t k\u1ef3 l\u00fac n\u00e0o,<sup>2<\/sup>\u00a0truy c\u1eadp \u1ee9ng d\u1ee5ng theo d\u00f5i gi\u1ea5c ng\u1ee7 v\u00e0 \u1ee9ng d\u1ee5ng ch\u00fa t\u00e2m. B\u1ea1n c\u0169ng c\u00f3 th\u1ec3 theo d\u00f5i h\u00e0ng ch\u1ee5c b\u00e0i t\u1eadp th\u1ec3 ch\u1ea5t, bao g\u1ed3m Th\u00e1i C\u1ef1c Quy\u1ec1n v\u00e0 pilates m\u1edbi.<\/p>\n<h3><strong>Ph\u00e1p l\u00fd<\/strong><\/h3>\n<p>Apple Watch Series 7 t\u01b0\u01a1ng th\u00edch v\u1edbi iPhone 6s ho\u1eb7c c\u00e1c phi\u00ean b\u1ea3n cao h\u01a1n s\u1eed d\u1ee5ng iOS 15 ho\u1eb7c c\u00e1c b\u1ea3n c\u1eadp nh\u1eadt cao h\u01a1n.<\/p>\n<p><sup>1<\/sup>S\u1ed1 \u0111o t\u1eeb \u1ee9ng d\u1ee5ng \u00d4xi Trong M\u00e1u kh\u00f4ng \u0111\u01b0\u1ee3c d\u00f9ng cho m\u1ee5c \u0111\u00edch y t\u1ebf, k\u1ec3 c\u1ea3 t\u1ef1 ch\u1ea9n \u0111o\u00e1n ho\u1eb7c xin \u00fd ki\u1ebfn b\u00e1c s\u0129 v\u00e0 ch\u1ec9 \u0111\u01b0\u1ee3c thi\u1ebft k\u1ebf cho ho\u1ea1t \u0111\u1ed9ng luy\u1ec7n t\u1eadp th\u00f4ng th\u01b0\u1eddng v\u00e0 m\u1ee5c \u0111\u00edch ch\u0103m s\u00f3c s\u1ee9c kh\u1ecfe.<\/p>\n<p><sup>2<\/sup>\u1ee8ng d\u1ee5ng ECG ch\u1ec9 kh\u1ea3 d\u1ee5ng tr\u00ean Apple Watch Series 4 v\u00e0 c\u00e1c phi\u00ean b\u1ea3n cao h\u01a1n (kh\u00f4ng bao g\u1ed3m Apple Watch SE) s\u1eed d\u1ee5ng iOS v\u00e0 watchOS phi\u00ean b\u1ea3n m\u1edbi nh\u1ea5t. Truy c\u1eadp apple.com\/watch \u0111\u1ec3 bi\u1ebft th\u00f4ng tin v\u1ec1 kh\u1ea3 n\u0103ng t\u01b0\u01a1ng th\u00edch. Kh\u00f4ng \u0111\u01b0\u1ee3c s\u1eed d\u1ee5ng ECG cho ng\u01b0\u1eddi d\u01b0\u1edbi 22 tu\u1ed5i. V\u1edbi \u1ee9ng d\u1ee5ng ECG, Apple Watch c\u00f3 kh\u1ea3 n\u0103ng t\u1ea1o ra k\u1ebft qu\u1ea3 ECG t\u01b0\u01a1ng t\u1ef1 nh\u01b0 \u0111i\u1ec7n t\u00e2m \u0111\u1ed3 m\u1ed9t \u0111\u1ea1o tr\u00ecnh.<\/p>\n<div class=\"bg-article\"><\/div>\n<p><a class=\"btn-detail\">Xem th\u00eam<\/a><\/p>\n","protected":false},"excerpt":{"rendered":"<p>N\u1ed9i dung v\u1ec1 t\u00ednh n\u0103ng M\u00e0n h\u00ecnh Retina Lu\u00f4n B\u1eadt l\u1edbn nh\u1ea5t, ti\u00ean ti\u1ebfn nh\u1ea5t gi\u00fap m\u1ecdi t\u00e1c v\u1ee5 b\u1ea1n th\u1ef1c hi\u1ec7n v\u1edbi Apple Watch Series 7 tr\u00f4ng l\u1edbn h\u01a1n v\u00e0 \u0111\u1eb9p h\u01a1n. Series 7 l\u00e0 Apple Watch b\u1ec1n b\u1ec9 nh\u1ea5t t\u1eebng \u0111\u01b0\u1ee3c ch\u1ebf t\u1ea1o, v\u1edbi m\u1eb7t tr\u01b0\u1edbc b\u1eb1ng th\u1ee7y tinh ch\u1ed1ng n\u1ee9t t\u1ed1t h\u01a1n. &#8230; <a title=\"Apple Watch Series 7 GPS 45mm\" class=\"read-more\" href=\"https:\/\/demo8.thuythu.com\/lebaostore\/watch\/apple-watch-series-7\/apple-watch-series-7-gps-45mm\/\" aria-label=\"More on Apple Watch Series 7 GPS 45mm\">Read more<\/a><\/p>\n","protected":false},"featured_media":1265,"template":"","meta":[],"product_cat":[107,22],"product_tag":[],"_links":{"self":[{"href":"https:\/\/demo8.thuythu.com\/lebaostore\/wp-json\/wp\/v2\/product\/4364"}],"collection":[{"href":"https:\/\/demo8.thuythu.com\/lebaostore\/wp-json\/wp\/v2\/product"}],"about":[{"href":"https:\/\/demo8.thuythu.com\/lebaostore\/wp-json\/wp\/v2\/types\/product"}],"wp:featuredmedia":[{"embeddable":true,"href":"https:\/\/demo8.thuythu.com\/lebaostore\/wp-json\/wp\/v2\/media\/1265"}],"wp:attachment":[{"href":"https:\/\/demo8.thuythu.com\/lebaostore\/wp-json\/wp\/v2\/media?parent=4364"}],"wp:term":[{"taxonomy":"product_cat","embeddable":true,"href":"https:\/\/demo8.thuythu.com\/lebaostore\/wp-json\/wp\/v2\/product_cat?post=4364"},{"taxonomy":"product_tag","embeddable":true,"href":"https:\/\/demo8.thuythu.com\/lebaostore\/wp-json\/wp\/v2\/product_tag?post=4364"}],"curies":[{"name":"wp","href":"https:\/\/api.w.org\/{rel}","templated":true}]}}