{"id":2285,"date":"2021-05-06T06:31:18","date_gmt":"2021-05-06T06:31:18","guid":{"rendered":"https:\/\/demo8.thuythu.com\/lienminhcapital\/lien-he\/"},"modified":"2023-04-25T06:50:39","modified_gmt":"2023-04-25T06:50:39","slug":"lien-he","status":"publish","type":"page","link":"https:\/\/demo8.thuythu.com\/lienminhcapital\/en\/lien-he\/","title":{"rendered":"Li\u00ean h\u1ec7"},"content":{"rendered":"<p>B\u1ea1n c\u00f3 th\u1eafc m\u1eafc hay c\u1ea7n th\u00eam th\u00f4ng tin v\u1ec1 Kh\u00f3a t\u01b0 v\u1ea5n, ch\u01b0\u01a1ng tr\u00ecnh \u0111\u1ea7u t\u01b0? Ch\u00fang t\u00f4i lu\u00f4n s\u1eb5n s\u00e0ng h\u1ed7 tr\u1ee3 b\u1ea1n.<\/p>\n<table class=\" alignleft\" style=\"height: 31px; width: 100%; border-collapse: collapse; border-color: #ffffff;\">\n<tbody>\n<tr style=\"height: 31px;\">\n<td style=\"width: 50%; height: 31px;\"><strong>C\u00f4ng ty C\u1ed5 ph\u1ea7n \u0111\u1ea7u t\u01b0 v\u00e0 t\u01b0 v\u1ea5n C\u00f4ng ty<\/strong><\/p>\n<p>\u0110\u1ecba ch\u1ec9: \u0110\u01b0\u1eddng L\u00ea L\u1ee3i, Ph\u01b0\u1eddng B\u1ebfn Th\u00e0nh, Qu\u1eadn 1, Th\u00e0nh ph\u1ed1 H\u1ed3 Ch\u00ed Minh, Vi\u1ec7t Nam<\/td>\n<td style=\"width: 50%; height: 31px;\"><strong>Th\u00f4ng tin li\u00ean h\u1ec7<\/strong><\/p>\n<p>\u0110i\u1ec7n tho\u1ea1i: 01234 5678<br \/>\nEmail: info@companyname.com<\/td>\n<\/tr>\n<\/tbody>\n<\/table>\n","protected":false},"excerpt":{"rendered":"<p>B\u1ea1n c\u00f3 th\u1eafc m\u1eafc hay c\u1ea7n th\u00eam th\u00f4ng tin v\u1ec1 Kh\u00f3a t\u01b0 v\u1ea5n, ch\u01b0\u01a1ng tr\u00ecnh \u0111\u1ea7u t\u01b0? Ch\u00fang t\u00f4i lu\u00f4n s\u1eb5n s\u00e0ng h\u1ed7 tr\u1ee3 b\u1ea1n. C\u00f4ng ty C\u1ed5 ph\u1ea7n \u0111\u1ea7u t\u01b0 v\u00e0 t\u01b0 v\u1ea5n C\u00f4ng ty \u0110\u1ecba ch\u1ec9: \u0110\u01b0\u1eddng L\u00ea L\u1ee3i, Ph\u01b0\u1eddng B\u1ebfn Th\u00e0nh, Qu\u1eadn 1, Th\u00e0nh ph\u1ed1 H\u1ed3 Ch\u00ed Minh, Vi\u1ec7t Nam Th\u00f4ng tin &#8230; <a title=\"Li\u00ean h\u1ec7\" class=\"read-more\" href=\"https:\/\/demo8.thuythu.com\/lienminhcapital\/en\/lien-he\/\">Read more<span class=\"screen-reader-text\">Li\u00ean h\u1ec7<\/span><\/a><\/p>\n","protected":false},"author":1,"featured_media":0,"parent":0,"menu_order":0,"comment_status":"closed","ping_status":"closed","template":"templates\/contact.php","meta":[],"yoast_head":"<!-- This site is optimized with the Yoast SEO plugin v15.7 - https:\/\/yoast.com\/wordpress\/plugins\/seo\/ -->\n<title>Li\u00ean h\u1ec7 - Company Name<\/title>\n<meta name=\"robots\" content=\"noindex, follow, max-snippet:-1, max-image-preview:large, max-video-preview:-1\" \/>\n<meta property=\"og:locale\" content=\"en_US\" \/>\n<meta property=\"og:type\" content=\"article\" \/>\n<meta property=\"og:title\" content=\"Li\u00ean h\u1ec7 - Company Name\" \/>\n<meta property=\"og:description\" content=\"B\u1ea1n c\u00f3 th\u1eafc m\u1eafc hay c\u1ea7n th\u00eam th\u00f4ng tin v\u1ec1 Kh\u00f3a t\u01b0 v\u1ea5n, ch\u01b0\u01a1ng tr\u00ecnh \u0111\u1ea7u t\u01b0? Ch\u00fang t\u00f4i lu\u00f4n s\u1eb5n s\u00e0ng h\u1ed7 tr\u1ee3 b\u1ea1n. C\u00f4ng ty C\u1ed5 ph\u1ea7n \u0111\u1ea7u t\u01b0 v\u00e0 t\u01b0 v\u1ea5n C\u00f4ng ty \u0110\u1ecba ch\u1ec9: \u0110\u01b0\u1eddng L\u00ea L\u1ee3i, Ph\u01b0\u1eddng B\u1ebfn Th\u00e0nh, Qu\u1eadn 1, Th\u00e0nh ph\u1ed1 H\u1ed3 Ch\u00ed Minh, Vi\u1ec7t Nam Th\u00f4ng tin ... Read moreLi\u00ean h\u1ec7\" \/>\n<meta property=\"og:url\" content=\"https:\/\/demo8.thuythu.com\/lienminhcapital\/en\/lien-he\/\" \/>\n<meta property=\"og:site_name\" content=\"Company Name\" \/>\n<meta property=\"article:modified_time\" content=\"2023-04-25T06:50:39+00:00\" \/>\n<meta name=\"twitter:card\" content=\"summary_large_image\" \/>\n<meta name=\"twitter:label1\" content=\"Est. reading time\">\n\t<meta name=\"twitter:data1\" content=\"1 minute\">\n<script type=\"application\/ld+json\" class=\"yoast-schema-graph\">{\"@context\":\"https:\/\/schema.org\",\"@graph\":[{\"@type\":\"WebSite\",\"@id\":\"https:\/\/demo8.thuythu.com\/lienminhcapital\/#website\",\"url\":\"https:\/\/demo8.thuythu.com\/lienminhcapital\/\",\"name\":\"Company Name\",\"description\":\"\",\"potentialAction\":[{\"@type\":\"SearchAction\",\"target\":\"https:\/\/demo8.thuythu.com\/lienminhcapital\/?s={search_term_string}\",\"query-input\":\"required name=search_term_string\"}],\"inLanguage\":\"en-US\"},{\"@type\":\"WebPage\",\"@id\":\"https:\/\/demo8.thuythu.com\/lienminhcapital\/en\/lien-he\/#webpage\",\"url\":\"https:\/\/demo8.thuythu.com\/lienminhcapital\/en\/lien-he\/\",\"name\":\"Li\\u00ean h\\u1ec7 - Company Name\",\"isPartOf\":{\"@id\":\"https:\/\/demo8.thuythu.com\/lienminhcapital\/#website\"},\"datePublished\":\"2021-05-06T06:31:18+00:00\",\"dateModified\":\"2023-04-25T06:50:39+00:00\",\"inLanguage\":\"en-US\",\"potentialAction\":[{\"@type\":\"ReadAction\",\"target\":[\"https:\/\/demo8.thuythu.com\/lienminhcapital\/en\/lien-he\/\"]}]}]}<\/script>\n<!-- \/ Yoast SEO plugin. -->","_links":{"self":[{"href":"https:\/\/demo8.thuythu.com\/lienminhcapital\/en\/wp-json\/wp\/v2\/pages\/2285"}],"collection":[{"href":"https:\/\/demo8.thuythu.com\/lienminhcapital\/en\/wp-json\/wp\/v2\/pages"}],"about":[{"href":"https:\/\/demo8.thuythu.com\/lienminhcapital\/en\/wp-json\/wp\/v2\/types\/page"}],"author":[{"embeddable":true,"href":"https:\/\/demo8.thuythu.com\/lienminhcapital\/en\/wp-json\/wp\/v2\/users\/1"}],"replies":[{"embeddable":true,"href":"https:\/\/demo8.thuythu.com\/lienminhcapital\/en\/wp-json\/wp\/v2\/comments?post=2285"}],"version-history":[{"count":4,"href":"https:\/\/demo8.thuythu.com\/lienminhcapital\/en\/wp-json\/wp\/v2\/pages\/2285\/revisions"}],"predecessor-version":[{"id":2503,"href":"https:\/\/demo8.thuythu.com\/lienminhcapital\/en\/wp-json\/wp\/v2\/pages\/2285\/revisions\/2503"}],"wp:attachment":[{"href":"https:\/\/demo8.thuythu.com\/lienminhcapital\/en\/wp-json\/wp\/v2\/media?parent=2285"}],"curies":[{"name":"wp","href":"https:\/\/api.w.org\/{rel}","templated":true}]}}