{"id":1367,"date":"2021-11-22T12:50:25","date_gmt":"2021-11-22T12:50:25","guid":{"rendered":"https:\/\/demo8.thuythu.com\/longchennyingthigvn\/?page_id=1367"},"modified":"2022-03-14T07:47:16","modified_gmt":"2022-03-14T07:47:16","slug":"dang-ky","status":"publish","type":"page","link":"https:\/\/demo8.thuythu.com\/longchennyingthigvn\/dang-ky\/","title":{"rendered":"\u0110\u0103ng k\u00fd"},"content":{"rendered":"","protected":false},"excerpt":{"rendered":"","protected":false},"author":1,"featured_media":0,"parent":0,"menu_order":0,"comment_status":"closed","ping_status":"closed","template":"templates\/register.php","meta":[],"acf":[],"_links":{"self":[{"href":"https:\/\/demo8.thuythu.com\/longchennyingthigvn\/wp-json\/wp\/v2\/pages\/1367"}],"collection":[{"href":"https:\/\/demo8.thuythu.com\/longchennyingthigvn\/wp-json\/wp\/v2\/pages"}],"about":[{"href":"https:\/\/demo8.thuythu.com\/longchennyingthigvn\/wp-json\/wp\/v2\/types\/page"}],"author":[{"embeddable":true,"href":"https:\/\/demo8.thuythu.com\/longchennyingthigvn\/wp-json\/wp\/v2\/users\/1"}],"replies":[{"embeddable":true,"href":"https:\/\/demo8.thuythu.com\/longchennyingthigvn\/wp-json\/wp\/v2\/comments?post=1367"}],"version-history":[{"count":3,"href":"https:\/\/demo8.thuythu.com\/longchennyingthigvn\/wp-json\/wp\/v2\/pages\/1367\/revisions"}],"predecessor-version":[{"id":10487,"href":"https:\/\/demo8.thuythu.com\/longchennyingthigvn\/wp-json\/wp\/v2\/pages\/1367\/revisions\/10487"}],"wp:attachment":[{"href":"https:\/\/demo8.thuythu.com\/longchennyingthigvn\/wp-json\/wp\/v2\/media?parent=1367"}],"curies":[{"name":"wp","href":"https:\/\/api.w.org\/{rel}","templated":true}]}}