{"id":3,"date":"2019-10-23T03:01:35","date_gmt":"2019-10-23T03:01:35","guid":{"rendered":"https:\/\/demo8.thuythu.com\/luxuryland\/?page_id=3"},"modified":"2019-11-18T04:20:56","modified_gmt":"2019-11-18T04:20:56","slug":"chinh-sach-ban-hang","status":"publish","type":"page","link":"https:\/\/demo8.thuythu.com\/luxuryland\/chinh-sach-ban-hang\/","title":{"rendered":"Ch\u00ednh s\u00e1ch b\u00e1n h\u00e0ng"},"content":{"rendered":"<!-- AddThis Advanced Settings generic via filter on the_content --><!-- AddThis Share Buttons generic via filter on the_content -->","protected":false},"excerpt":{"rendered":"<p><!-- AddThis Advanced Settings generic via filter on get_the_excerpt --><!-- AddThis Share Buttons generic via filter on get_the_excerpt --><\/p>\n","protected":false},"author":1,"featured_media":0,"parent":0,"menu_order":0,"comment_status":"closed","ping_status":"open","template":"templates\/sale-policy.php","meta":[],"_links":{"self":[{"href":"https:\/\/demo8.thuythu.com\/luxuryland\/wp-json\/wp\/v2\/pages\/3"}],"collection":[{"href":"https:\/\/demo8.thuythu.com\/luxuryland\/wp-json\/wp\/v2\/pages"}],"about":[{"href":"https:\/\/demo8.thuythu.com\/luxuryland\/wp-json\/wp\/v2\/types\/page"}],"author":[{"embeddable":true,"href":"https:\/\/demo8.thuythu.com\/luxuryland\/wp-json\/wp\/v2\/users\/1"}],"replies":[{"embeddable":true,"href":"https:\/\/demo8.thuythu.com\/luxuryland\/wp-json\/wp\/v2\/comments?post=3"}],"version-history":[{"count":8,"href":"https:\/\/demo8.thuythu.com\/luxuryland\/wp-json\/wp\/v2\/pages\/3\/revisions"}],"predecessor-version":[{"id":621,"href":"https:\/\/demo8.thuythu.com\/luxuryland\/wp-json\/wp\/v2\/pages\/3\/revisions\/621"}],"wp:attachment":[{"href":"https:\/\/demo8.thuythu.com\/luxuryland\/wp-json\/wp\/v2\/media?parent=3"}],"curies":[{"name":"wp","href":"https:\/\/api.w.org\/{rel}","templated":true}]}}