{"id":3732,"date":"2017-08-02T04:07:27","date_gmt":"2017-08-02T04:07:27","guid":{"rendered":"https:\/\/demo8.thuythu.com\/maigiafurnitures\/?page_id=3732"},"modified":"2020-02-26T09:07:14","modified_gmt":"2020-02-26T09:07:14","slug":"lien-he","status":"publish","type":"page","link":"https:\/\/demo8.thuythu.com\/maigiafurnitures\/lien-he\/","title":{"rendered":"Li\u00ean h\u1ec7"},"content":{"rendered":"<section class=\"wpb-content-wrapper\"><p>[vc_row][vc_column][vc_column_text]M\u1ecdi th\u1eafc m\u1eafc qu\u00fd kh\u00e1ch vui l\u00f2ng li\u00ean h\u1ec7 qua c\u00e1c th\u00f4ng tin b\u00ean d\u01b0\u1edbi ho\u1eb7c g\u1eedi tin nh\u1eafn. Nh\u00e2n vi\u00ean c\u1ee7a Mai Gia s\u1ebd ph\u1ea3n h\u1ed3i m\u1ed9t c\u00e1ch s\u1edbm nh\u1ea5t![\/vc_column_text][\/vc_column][\/vc_row][vc_row][vc_column css=&#8221;.vc_custom_1501655276139{border-top-width: 1px !important;border-top-color: #e5e6ec !important;}&#8221;][vc_row_inner][vc_column_inner width=&#8221;1\/3&#8243;][vc_column_text]<\/p>\n<h3>\u0110\u1ecba ch\u1ec9<\/h3>\n<p>V\u0103n ph\u00f2ng Tp. H\u1ed3 Ch\u00ed Minh<br \/>\nS\u1ed1 05, \u0110\u01b0\u1eddng s\u1ed1 34A, Ph\u01b0\u1eddng An Ph\u00fa, Qu\u1eadn 2, Tp. H\u1ed3 Ch\u00ed Minh<\/p>\n<p>V\u0103n ph\u00f2ng H\u00e0 N\u1ed9i<br \/>\nR 5B2, T\u00f2a nh\u00e0 CT2A, Khu \u0111\u00f4 th\u1ecb Xu\u00e2n Ph\u01b0\u01a1ng Qu\u1ed1c H\u1ed9i, \u0110\u01b0\u1eddng Tr\u1ea7n H\u1eefu D\u1ef1c, Qu\u1eadn Nam T\u1eeb Li\u00eam, TP. H\u00e0 N\u1ed9i.[\/vc_column_text][\/vc_column_inner][vc_column_inner width=&#8221;1\/3&#8243;][vc_column_text]<\/p>\n<h3>Hotline &amp; Email<\/h3>\n<p><a href=\"tel:0787297297\">0787.297.297<\/a> ho\u1eb7c <a href=\"tel:0797297297\">0797.297.297<\/a><br \/>\n<a href=\"mailto:Info@maigiafurniture.com\">Info@maigiafurniture.com<\/a><br \/>\n<a href=\"mailto:Sales@maigiafurniture.com\">Sales@maigiafurniture.com<\/a>[\/vc_column_text][\/vc_column_inner][vc_column_inner width=&#8221;1\/3&#8243;][vc_column_text css=&#8221;.vc_custom_1581041150222{margin-bottom: 15px !important;}&#8221;]<\/p>\n<h3>Theo d\u00f5i<\/h3>\n<p>Qua m\u1ea1ng x\u00e3 h\u1ed9i[\/vc_column_text][vc_raw_html]JTNDdWwlMjBjbGFzcyUzRCUyMnNvY2lhbC1saW5rcyUyMGNsZWFyZml4JTIyJTNFJTBBJTIwJTIwJTIwJTIwJTIwJTIwJTIwJTIwJTIwJTIwJTIwJTIwJTIwJTIwJTIwJTIwJTIwJTIwJTIwJTIwJTIwJTIwJTIwJTIwJTIwJTIwJTIwJTIwJTNDbGklM0UlM0NhJTIwaHJlZiUzRCUyMmh0dHBzJTNBJTJGJTJGd3d3LmZhY2Vib29rLmNvbSUyRiUyMiUyMGNsYXNzJTNEJTIyZmFjZWJvb2slMjIlM0UlM0NzcGFuJTIwY2xhc3MlM0QlMjJmYSUyMGZhLWZhY2Vib29rLWYlMjIlM0UlM0MlMkZzcGFuJTNFJTNDJTJGYSUzRSUzQyUyRmxpJTNFJTBBJTIwJTIwJTIwJTIwJTIwJTIwJTIwJTIwJTIwJTIwJTIwJTIwJTIwJTIwJTIwJTIwJTIwJTIwJTIwJTIwJTIwJTIwJTIwJTIwJTIwJTIwJTIwJTIwJTNDbGklM0UlM0NhJTIwaHJlZiUzRCUyMiUyMyUyMiUyMGNsYXNzJTNEJTIydHdpdHRlciUyMiUzRSUzQ3NwYW4lMjBjbGFzcyUzRCUyMmZhJTIwZmEtdHdpdHRlciUyMiUzRSUzQyUyRnNwYW4lM0UlM0MlMkZhJTNFJTNDJTJGbGklM0UlMEElMjAlMjAlMjAlMjAlMjAlMjAlMjAlMjAlMjAlMjAlMjAlMjAlMjAlMjAlMjAlMjAlMjAlMjAlMjAlMjAlMjAlMjAlMjAlMjAlMjAlMjAlMjAlMjAlM0NsaSUzRSUzQ2ElMjBocmVmJTNEJTIyJTIzJTIyJTIwY2xhc3MlM0QlMjJ0d2l0dGVyJTIyJTNFJTNDc3BhbiUyMGNsYXNzJTNEJTIyZmElMjBmYS1nb29nbGUtcGx1cyUyMiUzRSUzQyUyRnNwYW4lM0UlM0MlMkZhJTNFJTNDJTJGbGklM0UlMEElMjAlMjAlMjAlMjAlMjAlMjAlMjAlMjAlMjAlMjAlMjAlMjAlMjAlMjAlMjAlMjAlMjAlMjAlMjAlMjAlMjAlMjAlMjAlMjAlMjAlMjAlMjAlMjAlM0NsaSUzRSUzQ2ElMjBocmVmJTNEJTIyJTIzJTIyJTIwY2xhc3MlM0QlMjJ0d2l0dGVyJTIyJTNFJTNDc3BhbiUyMGNsYXNzJTNEJTIyZmElMjBmYS1saW5rZWRpbiUyMiUzRSUzQyUyRnNwYW4lM0UlM0MlMkZhJTNFJTNDJTJGbGklM0UlMEElMjAlMjAlMjAlMjAlMjAlMjAlMjAlMjAlMjAlMjAlMjAlMjAlMjAlMjAlMjAlMjAlMjAlMjAlMjAlMjAlMjAlMjAlMjAlMjAlM0MlMkZ1bCUzRQ==[\/vc_raw_html][\/vc_column_inner][\/vc_row_inner][\/vc_column][\/vc_row][vc_row][vc_column][gsf_heading title_font_size=&#8221;36&#8243; use_theme_fonts=&#8221;&#8221; heading_below=&#8221;none&#8221; title=&#8221;Li\u00ean H\u1ec7 Ch\u00fang T\u00f4i&#8221; typography=&#8221;Muli|800|800|normal&#8221;][gsf_space desktop=&#8221;20&#8243; tablet=&#8221;20&#8243; tablet_portrait=&#8221;20&#8243; mobile_landscape=&#8221;20&#8243; mobile=&#8221;20&#8243;]\n<div class=\"wpcf7 no-js\" id=\"wpcf7-f6365-o1\" lang=\"en-US\" dir=\"ltr\">\n<div class=\"screen-reader-response\"><p role=\"status\" aria-live=\"polite\" aria-atomic=\"true\"><\/p> <ul><\/ul><\/div>\n<form action=\"\/maigiafurnitures\/wp-json\/wp\/v2\/pages\/3732#wpcf7-f6365-o1\" method=\"post\" class=\"wpcf7-form init\" aria-label=\"Contact form\" novalidate=\"novalidate\" data-status=\"init\">\n<div style=\"display: none;\">\n<input type=\"hidden\" name=\"_wpcf7\" value=\"6365\" \/>\n<input type=\"hidden\" name=\"_wpcf7_version\" value=\"5.7.5.1\" \/>\n<input type=\"hidden\" name=\"_wpcf7_locale\" value=\"en_US\" \/>\n<input type=\"hidden\" name=\"_wpcf7_unit_tag\" value=\"wpcf7-f6365-o1\" \/>\n<input type=\"hidden\" name=\"_wpcf7_container_post\" value=\"0\" \/>\n<input type=\"hidden\" name=\"_wpcf7_posted_data_hash\" value=\"\" \/>\n<\/div>\n<div class=\"g5plus-contact-form clearfix\">\n\t<div class=\"ct-field ct-name\">\n\t\t<p><span class=\"wpcf7-form-control-wrap\" data-name=\"your-name\"><input size=\"40\" class=\"wpcf7-form-control wpcf7-text wpcf7-validates-as-required\" aria-required=\"true\" aria-invalid=\"false\" placeholder=\"H\u1ecd t\u00ean\" value=\"\" type=\"text\" name=\"your-name\" \/><\/span>\n\t\t<\/p>\n\t<\/div>\n\t<div class=\"ct-field ct-email\">\n\t\t<p><span class=\"wpcf7-form-control-wrap\" data-name=\"your-email\"><input size=\"40\" class=\"wpcf7-form-control wpcf7-text wpcf7-email wpcf7-validates-as-required wpcf7-validates-as-email\" aria-required=\"true\" aria-invalid=\"false\" placeholder=\"Email\" value=\"\" type=\"email\" name=\"your-email\" \/><\/span>\n\t\t<\/p>\n\t<\/div>\n\t<div class=\"ct-field ct-phone\">\n\t\t<p><span class=\"wpcf7-form-control-wrap\" data-name=\"your-phone\"><input size=\"40\" class=\"wpcf7-form-control wpcf7-text wpcf7-tel wpcf7-validates-as-required wpcf7-validates-as-tel\" aria-required=\"true\" aria-invalid=\"false\" placeholder=\"S\u1ed1 \u0111i\u1ec7n tho\u1ea1i\" value=\"\" type=\"tel\" name=\"your-phone\" \/><\/span>\n\t\t<\/p>\n\t<\/div>\n\t<div class=\"ct-field ct-subject\">\n\t\t<p><span class=\"wpcf7-form-control-wrap\" data-name=\"your-subject\"><input size=\"40\" class=\"wpcf7-form-control wpcf7-text wpcf7-validates-as-required\" aria-required=\"true\" aria-invalid=\"false\" placeholder=\"Ch\u1ee7 \u0111\u1ec1\" value=\"\" type=\"text\" name=\"your-subject\" \/><\/span>\n\t\t<\/p>\n\t<\/div>\n\t<div class=\"ct-field ct-message\">\n\t\t<p><span class=\"wpcf7-form-control-wrap\" data-name=\"your-message\"><textarea cols=\"40\" rows=\"10\" class=\"wpcf7-form-control wpcf7-textarea wpcf7-validates-as-required\" aria-required=\"true\" aria-invalid=\"false\" placeholder=\"N\u1ed9i dung\" name=\"your-message\"><\/textarea><\/span>\n\t\t<\/p>\n\t<\/div>\n\t<div class=\"ct-field ct-submit\">\n\t\t<p><input class=\"wpcf7-form-control has-spinner wpcf7-submit btn btn-primary btn-sm\" type=\"submit\" value=\"G\u1eecI \u0110I\" \/>\n\t\t<\/p>\n\t<\/div>\n<\/div><div class=\"wpcf7-response-output\" aria-hidden=\"true\"><\/div>\n<\/form>\n<\/div>\n[gsf_space desktop=&#8221;40&#8243; tablet=&#8221;20&#8243; tablet_portrait=&#8221;20&#8243; mobile_landscape=&#8221;20&#8243; mobile=&#8221;20&#8243;][\/vc_column][\/vc_row]<\/p>\n<\/section>","protected":false},"excerpt":{"rendered":"<p>[vc_row][vc_column][vc_column_text]M\u1ecdi th\u1eafc m\u1eafc qu\u00fd kh\u00e1ch vui l\u00f2ng li\u00ean h\u1ec7 qua c\u00e1c th\u00f4ng tin b\u00ean d\u01b0\u1edbi ho\u1eb7c g\u1eedi tin nh\u1eafn. Nh\u00e2n vi\u00ean c\u1ee7a Mai Gia s\u1ebd ph\u1ea3n h\u1ed3i m\u1ed9t c\u00e1ch s\u1edbm nh\u1ea5t![\/vc_column_text][\/vc_column][\/vc_row][vc_row][vc_column css=&#8221;.vc_custom_1501655276139{border-top-width: 1px !important;border-top-color: #e5e6ec !important;}&#8221;][vc_row_inner][vc_column_inner width=&#8221;1\/3&#8243;][vc_column_text] \u0110\u1ecba ch\u1ec9 V\u0103n ph\u00f2ng Tp. H\u1ed3 Ch\u00ed Minh S\u1ed1 05, \u0110\u01b0\u1eddng s\u1ed1 34A, Ph\u01b0\u1eddng An Ph\u00fa, Qu\u1eadn 2, [&hellip;]<\/p>\n","protected":false},"author":2,"featured_media":0,"parent":0,"menu_order":0,"comment_status":"closed","ping_status":"closed","template":"","meta":[],"_links":{"self":[{"href":"https:\/\/demo8.thuythu.com\/maigiafurnitures\/wp-json\/wp\/v2\/pages\/3732"}],"collection":[{"href":"https:\/\/demo8.thuythu.com\/maigiafurnitures\/wp-json\/wp\/v2\/pages"}],"about":[{"href":"https:\/\/demo8.thuythu.com\/maigiafurnitures\/wp-json\/wp\/v2\/types\/page"}],"author":[{"embeddable":true,"href":"https:\/\/demo8.thuythu.com\/maigiafurnitures\/wp-json\/wp\/v2\/users\/2"}],"replies":[{"embeddable":true,"href":"https:\/\/demo8.thuythu.com\/maigiafurnitures\/wp-json\/wp\/v2\/comments?post=3732"}],"version-history":[{"count":17,"href":"https:\/\/demo8.thuythu.com\/maigiafurnitures\/wp-json\/wp\/v2\/pages\/3732\/revisions"}],"predecessor-version":[{"id":6854,"href":"https:\/\/demo8.thuythu.com\/maigiafurnitures\/wp-json\/wp\/v2\/pages\/3732\/revisions\/6854"}],"wp:attachment":[{"href":"https:\/\/demo8.thuythu.com\/maigiafurnitures\/wp-json\/wp\/v2\/media?parent=3732"}],"curies":[{"name":"wp","href":"https:\/\/api.w.org\/{rel}","templated":true}]}}