{"id":6027,"date":"2019-12-23T04:33:23","date_gmt":"2019-12-23T04:33:23","guid":{"rendered":"https:\/\/demo8.thuythu.com\/maigiafurnitures\/?page_id=6027"},"modified":"2020-02-21T08:01:18","modified_gmt":"2020-02-21T08:01:18","slug":"gioi-thieu","status":"publish","type":"page","link":"https:\/\/demo8.thuythu.com\/maigiafurnitures\/gioi-thieu\/","title":{"rendered":"Gi\u1edbi thi\u1ec7u"},"content":{"rendered":"<section class=\"wpb-content-wrapper\"><p>[vc_row][vc_column][gsf_space desktop=&#8221;40&#8243; tablet=&#8221;20&#8243; tablet_portrait=&#8221;20&#8243; mobile_landscape=&#8221;20&#8243; mobile=&#8221;20&#8243;][\/vc_column][\/vc_row][vc_row css=&#8221;.vc_custom_1580739733607{margin-bottom: 0px !important;background-color: #ffffff !important;}&#8221;][vc_column width=&#8221;1\/2&#8243;][vc_single_image image=&#8221;6354&#8243; img_size=&#8221;full&#8221;][\/vc_column][vc_column width=&#8221;1\/2&#8243;][gsf_heading title_font_size=&#8221;36&#8243; title=&#8221;\u0110\u1ebfn v\u1edbi Mai Gia l\u00e0 \u0111\u1ebfn v\u1edbi ni\u1ec1m tin v\u00e0 ch\u1ea5t l\u01b0\u1ee3ng&#8221; css=&#8221;.vc_custom_1577716700216{margin-bottom: 30px !important;}&#8221;][vc_column_text]C\u00f4ng ty<strong> TNHH N\u1ed9i Th\u1ea5t Mai Gia<\/strong> \u0111\u01b0\u1ee3c th\u00e0nh l\u1eadp v\u00e0o ng\u00e0y 20 th\u00e1ng 12 n\u0103m 2017. Mai Gia l\u00e0 \u0111\u01a1n v\u1ecb ho\u1ea1t \u0111\u1ed9ng chuy\u00ean v\u1ec1 T\u01b0 V\u1ea5n Thi\u1ebft K\u1ebf &#8211; Cung \u1ee8ng &#8211; Thi C\u00f4ng N\u1ed9i Th\u1ea5t, bao g\u1ed3m S\u00e0n N\u00e2ng NETWORK FLOOR; S\u01a1n GAINA c\u00e1ch nhi\u1ec7t &#8211; c\u00e1ch \u00e2m xu\u1ea5t x\u1ee9 t\u1eeb Nh\u1eadt B\u1ea3n; B\u00e0n gh\u1ebf, T\u1ee7 h\u1ed3 s\u01a1 di \u0111\u1ed9ng ph\u00f9 h\u1ee3p cho khu v\u0103n ph\u00f2ng, tr\u01b0\u1eddng h\u1ecdc, nh\u00e0 h\u00e0ng, kh\u00e1ch s\u1ea1n, s\u00e2n bay,&#8230; v\u00e0 c\u00e1c s\u1ea3n ph\u1ea9m th\u1ec3 thao cho s\u00e2n v\u1eadn \u0111\u1ed9ng, nh\u00e0 thi \u0111\u1ea5u, \u0111\u1ebfn t\u1eeb nh\u1eefng th\u01b0\u01a1ng hi\u1ec7u n\u1ed5i ti\u1ebfng c\u1ee7a Nh\u1eadt B\u1ea3n, \u0110\u1ee9c c\u0169ng nh\u01b0 khu v\u1ef1c \u0110\u00f4ng Nam \u00c1.<\/p>\n<p>Hi\u1ec7n nay, Mai Gia l\u00e0 \u0111\u01a1n v\u1ecb \u0111\u1ea1i di\u1ec7n ph\u00e2n ph\u1ed1i ch\u00ednh th\u1ee9c c\u1ee7a c\u00e1c th\u01b0\u01a1ng hi\u1ec7u n\u01b0\u1edbc ngo\u00e0i t\u1ea1i th\u1ecb tr\u01b0\u1eddng Vi\u1ec7t Nam.<\/p>\n<p>V\u1edbi \u0111\u1ed9i ng\u0169 nh\u00e2n vi\u00ean gi\u00e0u kinh nghi\u1ec7m v\u00e0 t\u00e2m huy\u1ebft, C\u00f4ng ty TNHH N\u1ed9i Th\u1ea5t Mai Gia lu\u00f4n lu\u00f4n l\u1eafng nghe, hi\u1ec3u \u0111i\u1ec1u qu\u00fd kh\u00e1ch h\u00e0ng c\u1ea7n v\u00e0 \u0111\u1ec1 ra nh\u1eefng gi\u1ea3i ph\u00e1p ph\u00f9 h\u1ee3p nh\u1ea5t v\u1edbi nhu c\u1ea7u t\u1eebng d\u1ef1 \u00e1n v\u00e0 mang \u0111\u1ebfn hi\u1ec7u qu\u1ea3 th\u1ef1c t\u1ebf v\u1ec1 l\u00e2u d\u00e0i. Mai Gia \u0111\u00e3 kh\u1eb3ng \u0111\u1ecbnh \u0111\u01b0\u1ee3c n\u0103ng l\u1ef1c, uy t\u00edn tr\u00ean th\u1ecb tr\u01b0\u1eddng n\u1ed9i th\u1ea5t t\u1ea1i Vi\u1ec7t Nam. Mai Gia s\u1ebd kh\u00f4ng ng\u1eebng c\u1ea3i ti\u1ebfn \u0111\u1ec3 ph\u00e1t tri\u1ec3n h\u01a1n n\u1eefa v\u1edbi mong mu\u1ed1n mang nh\u1eefng d\u00f2ng s\u1ea3n ph\u1ea9m t\u1ed1t nh\u1ea5t \u0111\u1ebfn tay ng\u01b0\u1eddi ti\u00eau d\u00f9ng. \u0110\u1ebfn v\u1edbi Mai Gia l\u00e0 \u0111\u1ebfn v\u1edbi ni\u1ec1m tin v\u00e0 ch\u1ea5t l\u01b0\u1ee3ng.[\/vc_column_text][\/vc_column][\/vc_row][vc_row][vc_column width=&#8221;1\/3&#8243;][gsf_icon_box title=&#8221;T\u1ea7m nh\u00ecn&#8221; title_size=&#8221;title-large&#8221; description=&#8221;-Tr\u1edf th\u00e0nh c\u00f4ng ty cung c\u1ea5p n\u1ed9i th\u1ea5t c\u00f3 uy t\u00edn v\u00e0 quy m\u00f4, chi\u1ebfm th\u1ecb ph\u1ea7n l\u1edbn nh\u1ea5t t\u1ea1i Vi\u1ec7t Nam.<br \/>\n-Tr\u1edf th\u00e0nh m\u1ed9t trong nh\u1eefng c\u00f4ng ty c\u00f3 m\u00f4i tr\u01b0\u1eddng l\u00e0m vi\u1ec7c n\u0103ng \u0111\u1ed9ng, chuy\u00ean nghi\u1ec7p v\u00e0 ch\u00ednh s\u00e1ch \u0111\u00e3i ng\u1ed9 nh\u00e2n vi\u00ean t\u1ed1t nh\u1ea5t.&#8221; icon_bg_style=&#8221;icon-bg-square-fill&#8221; icon_type=&#8221;icon&#8221; icon_font=&#8221;fa fa-users&#8221; icon_bg_color=&#8221;#033f88&#8243; css=&#8221;.vc_custom_1582271109060{margin-bottom: 35px !important;}&#8221;][\/vc_column][vc_column width=&#8221;1\/3&#8243;][gsf_icon_box title=&#8221;S\u1ee9 m\u1ec7nh&#8221; title_size=&#8221;title-large&#8221; description=&#8221;Cung c\u1ea5p c\u00e1c s\u1ea3n ph\u1ea9m c\u00f3 th\u01b0\u01a1ng hi\u1ec7u n\u1ed5i ti\u1ebfng trong n\u01b0\u1edbc v\u00e0 th\u1ebf gi\u1edbi \u0111\u1ebfn t\u1eadn tay ng\u01b0\u1eddi ti\u00eau d\u00f9ng, ch\u1ea5t l\u01b0\u1ee3ng s\u1ea3n ph\u1ea9m<br \/>\nt\u1ed1t \u0111i k\u00e8m d\u1ecbch v\u1ee5 t\u1eadn t\u00e2m.&#8221; icon_bg_style=&#8221;icon-bg-square-fill&#8221; icon_type=&#8221;icon&#8221; icon_font=&#8221;fa fa-rocket&#8221; icon_bg_color=&#8221;#033f88&#8243; css=&#8221;.vc_custom_1582271168388{margin-bottom: 35px !important;}&#8221;][\/vc_column][vc_column width=&#8221;1\/3&#8243;][gsf_icon_box title=&#8221;Gi\u00e1 tr\u1ecb c\u1ed1t l\u00f5i&#8221; title_size=&#8221;title-large&#8221; description=&#8221;L\u00e0 m\u1ed9t trong nh\u1eefng c\u00f4ng ty c\u00f3 m\u00f4i tr\u01b0\u1eddng l\u00e0m vi\u1ec7c n\u0103ng \u0111\u1ed9ng, chuy\u00ean nghi\u1ec7p v\u00e0 ch\u00ednh s\u00e1ch \u0111\u00e3i ng\u1ed9 nh\u00e2n vi\u00ean t\u1ed1t nh\u1ea5t.&#8221; icon_bg_style=&#8221;icon-bg-square-fill&#8221; icon_type=&#8221;icon&#8221; icon_font=&#8221;fa fa-star&#8221; icon_bg_color=&#8221;#033f88&#8243; css=&#8221;.vc_custom_1582271175677{margin-bottom: 35px !important;}&#8221;][\/vc_column][vc_column][gsf_space desktop=&#8221;20&#8243; tablet=&#8221;20&#8243; tablet_portrait=&#8221;20&#8243; mobile_landscape=&#8221;20&#8243; mobile=&#8221;20&#8243;][\/vc_column][\/vc_row][vc_row css=&#8221;.vc_custom_1577076056631{background-color: #f5fcf9 !important;}&#8221;][vc_column][gsf_space desktop=&#8221;20&#8243; tablet=&#8221;20&#8243; tablet_portrait=&#8221;20&#8243; mobile_landscape=&#8221;20&#8243; mobile=&#8221;20&#8243;][gsf_heading text_align=&#8221;text-center&#8221; title_font_size=&#8221;44&#8243; use_theme_fonts=&#8221;&#8221; heading_below=&#8221;none&#8221; css_animation=&#8221;left-to-right&#8221; el_class=&#8221;mg-bottom-55,separator&#8221; title=&#8221;Kh\u00e1ch H\u00e0ng N\u00f3i G\u00ec&#8221; typography=&#8221;Muli|800|800|normal&#8221;][gsf_testimonials _columns=&#8221;2&#8243; values=&#8221;%5B%7B%22author_bio%22%3A%22L%C3%BAc%20%C4%91%E1%BA%A7u%20t%C3%B4i%20c%C3%B2n%20kh%C3%A1%20b%C4%83n%20kho%C4%83n%20khi%20l%E1%BB%B1a%20ch%E1%BB%8Dn%20Mai%20Gia%2C%20tuy%20nhi%C3%AAn%20t%C3%B4i%20%C4%91%C3%A3%20v%C3%B4%20c%C3%B9ng%20h%C3%A0i%20l%C3%B2ng%20v%E1%BB%9Bi%20minh%20ch%E1%BB%A9ng%20l%C3%A0%20nh%E1%BB%AFng%20g%C3%AC%20c%C3%A1c%20b%E1%BA%A1n%20l%C3%A0m%20v%C3%A0%20nh%E1%BB%AFng%20g%C3%AC%20t%C3%B4i%20nh%E1%BA%ADn%20%C4%91%C6%B0%E1%BB%A3c.%22%2C%22author_name%22%3A%22Minh%20Tr%E1%BA%A7n%22%2C%22author_job%22%3A%22Thi%E1%BA%BFt%20k%E1%BA%BF%22%7D%2C%7B%22author_bio%22%3A%22Kh%C3%B4ng%20ph%E1%BA%A3i%20b%C3%A0n%20g%C3%AC%20v%E1%BB%81%20k%E1%BA%BFt%20qu%E1%BA%A3%20n%E1%BB%AFa%20v%C3%AC%20qu%C3%A1%20%C6%B0ng%20r%E1%BB%93i%2C%20%C4%91i%E1%BB%81u%20t%C3%B4i%20%C4%91%C3%A1nh%20gi%C3%A1%20cao%20c%C3%A1c%20b%E1%BA%A1n%20%C4%91%C3%B3%20ch%C3%ADnh%20l%C3%A0%20c%C3%A1ch%20l%C3%A0m%20vi%E1%BB%87c%20c%E1%BB%A7a%20Mai%20Gia%2C%20th%E1%BA%ADt%20s%E1%BB%B1%20chuy%C3%AAn%20nghi%E1%BB%87p.%22%2C%22author_name%22%3A%22V%C3%A2n%20Nguy%E1%BB%85n%22%2C%22author_job%22%3A%22Kinh%20doanh%22%7D%2C%7B%22author_bio%22%3A%22Bi%E1%BA%BFt%20%C4%91%E1%BA%BFn%20Mai%20Gia%20r%E1%BA%A5t%20t%C3%ACnh%20c%E1%BB%9D%20t%E1%BB%AB%201%20ng%C6%B0%E1%BB%9Di%20quen%2C%20v%C3%AC%20v%E1%BA%ADy%20t%C3%B4i%20%C4%91%C3%A3%20li%C3%AAn%20h%E1%BB%87%20v%C3%A0%20%C4%91%E1%BA%B7t%20d%E1%BB%8Bch%20v%E1%BB%A5%20ngay%20sau%20khi%20xem%20b%E1%BA%A3n%20thi%E1%BA%BFt%20k%E1%BA%BF%203D.%20C%C3%B4ng%20%C4%91o%E1%BA%A1n%20ho%C3%A0n%20thi%E1%BB%87n%20l%C3%A0m%20t%C3%B4i%20r%E1%BA%A5t%20h%C3%A0i%20l%C3%B2ng!%22%2C%22author_name%22%3A%22Anh%20Vinh%22%2C%22author_job%22%3A%22Kinh%20doanh%22%7D%2C%7B%22author_bio%22%3A%22M%E1%BB%8Di%20ng%C6%B0%E1%BB%9Di%20%C4%91%E1%BA%BFn%20h%C3%B4m%20t%C3%A2n%20gia%20c%C3%B2n%20h%E1%BB%8Fi%20l%C3%A0%20l%C3%A0m%20th%E1%BA%BF%20n%C3%A0o%20m%C3%A0%20nh%C3%A0%20%C4%91%E1%BA%B9p%20th%E1%BA%BF%2C%20ph%E1%BB%95ng%20m%C5%A9i%20lu%C3%B4n%20n%C3%AAn%20gi%E1%BB%9Bi%20thi%E1%BB%87u%20ngay%20v%E1%BB%81%20Mai%20Gia.%20S%E1%BA%BD%20lu%C3%B4n%20%E1%BB%A7ng%20h%E1%BB%99%20c%C3%A1c%20b%E1%BA%A1n%20b%E1%BB%9Fi%20c%C3%A1c%20b%E1%BA%A1n%20th%E1%BA%ADt%20tuy%E1%BB%87t.%22%2C%22author_name%22%3A%22Duy%20V%C4%83n%22%2C%22author_job%22%3A%22Ki%E1%BA%BFn%20tr%C3%BAc%22%7D%2C%7B%22author_bio%22%3A%22T%C3%B4i%20r%E1%BA%A5t%20h%C3%A0i%20l%C3%B2ng%20v%E1%BB%81%20c%C3%A1ch%20t%C6%B0%20v%E1%BA%A5n%20cho%20%C4%91%E1%BA%BFn%20c%C3%A1c%20kh%C3%A2u%20thi%20c%C3%B4ng%20c%E1%BB%A7a%20Mai%20Gia.%20Nh%C3%A2n%20vi%C3%AAn%20l%C3%A0m%20vi%E1%BB%87c%20r%E1%BA%A5t%20chuy%C3%AAn%20nghi%E1%BB%87p%20v%C3%A0%20nhi%E1%BB%87t%20t%C3%ACnh!%20S%E1%BA%BD%20ti%E1%BA%BFp%20t%E1%BB%A5c%20l%C3%A0m%20vi%E1%BB%87c%20v%E1%BB%9Bi%20c%C3%A1c%20b%E1%BA%A1n%20l%E1%BA%A7n%20sau.%22%2C%22author_name%22%3A%22B%C3%ADch%20H%C3%B2a%22%2C%22author_job%22%3A%22K%E1%BA%BF%20to%C3%A1n%22%7D%2C%7B%22author_bio%22%3A%22T%C3%B4i%20%C4%91%C3%A3%20h%E1%BB%A3p%20t%C3%A1c%20v%E1%BB%9Bi%20Mai%20Gia%20%C4%91%C6%B0%E1%BB%A3c%203%20l%E1%BA%A7n%20r%E1%BB%93i%20v%C3%A0%20l%E1%BA%A7n%20n%C3%A0o%20c%C5%A9ng%20v%C3%B4%20c%C3%B9ng%20h%C3%A0i%20l%C3%B2ng!%20S%E1%BA%BD%20ti%E1%BA%BFp%20t%E1%BB%A5c%20l%C3%A0m%20vi%E1%BB%87c%20v%E1%BB%9Bi%20c%C3%A1c%20b%E1%BA%A1n%20trong%20c%C3%A1c%20d%E1%BB%B1%20%C3%A1n%20sau.%22%2C%22author_name%22%3A%22Tr%C3%AD%20Nguy%E1%BB%85n%22%2C%22author_job%22%3A%22K%E1%BB%B9%20s%C6%B0%22%7D%5D&#8221; items_rows=&#8221;1&#8243; auto_play=&#8221;on&#8221; autoplaytimeout=&#8221;5000&#8243; el_class=&#8221;tes-slide&#8221; dots=&#8221;on&#8221;][gsf_space desktop=&#8221;20&#8243; tablet=&#8221;20&#8243; tablet_portrait=&#8221;20&#8243; mobile_landscape=&#8221;20&#8243; mobile=&#8221;20&#8243;][vc_column_text el_class=&#8221;quotes-icon&#8221;][\/vc_column_text][\/vc_column][\/vc_row][vc_row][vc_column][gsf_space desktop=&#8221;20&#8243; tablet=&#8221;20&#8243; tablet_portrait=&#8221;20&#8243; mobile_landscape=&#8221;20&#8243; mobile=&#8221;20&#8243;][gsf_heading text_align=&#8221;text-center&#8221; title_font_size=&#8221;44&#8243; use_theme_fonts=&#8221;&#8221; heading_below=&#8221;none&#8221; css_animation=&#8221;left-to-right&#8221; el_class=&#8221;mg-bottom-55,separator&#8221; title=&#8221;\u0110\u1ed1i T\u00e1c Ch\u00fang T\u00f4i&#8221; typography=&#8221;Muli|800|800|normal&#8221;][gsf_partner items=&#8221;5&#8243; partners=&#8221;%5B%7B%22images%22%3A%226730%22%7D%2C%7B%22images%22%3A%226728%22%7D%2C%7B%22images%22%3A%226726%22%7D%2C%7B%22images%22%3A%226742%22%7D%5D&#8221; border=&#8221;on&#8221;][gsf_space desktop=&#8221;40&#8243; tablet=&#8221;20&#8243; tablet_portrait=&#8221;20&#8243; mobile_landscape=&#8221;20&#8243; mobile=&#8221;20&#8243;][\/vc_column][\/vc_row]<\/p>\n<\/section>","protected":false},"excerpt":{"rendered":"<p>[vc_row][vc_column][gsf_space desktop=&#8221;40&#8243; tablet=&#8221;20&#8243; tablet_portrait=&#8221;20&#8243; mobile_landscape=&#8221;20&#8243; mobile=&#8221;20&#8243;][\/vc_column][\/vc_row][vc_row css=&#8221;.vc_custom_1580739733607{margin-bottom: 0px !important;background-color: #ffffff !important;}&#8221;][vc_column width=&#8221;1\/2&#8243;][vc_single_image image=&#8221;6354&#8243; img_size=&#8221;full&#8221;][\/vc_column][vc_column width=&#8221;1\/2&#8243;][gsf_heading title_font_size=&#8221;36&#8243; title=&#8221;\u0110\u1ebfn v\u1edbi Mai Gia l\u00e0 \u0111\u1ebfn v\u1edbi ni\u1ec1m tin v\u00e0 ch\u1ea5t l\u01b0\u1ee3ng&#8221; css=&#8221;.vc_custom_1577716700216{margin-bottom: 30px !important;}&#8221;][vc_column_text]C\u00f4ng ty TNHH N\u1ed9i Th\u1ea5t Mai Gia \u0111\u01b0\u1ee3c th\u00e0nh l\u1eadp v\u00e0o ng\u00e0y 20 th\u00e1ng 12 n\u0103m 2017. Mai Gia l\u00e0 \u0111\u01a1n v\u1ecb ho\u1ea1t \u0111\u1ed9ng chuy\u00ean [&hellip;]<\/p>\n","protected":false},"author":2,"featured_media":0,"parent":0,"menu_order":0,"comment_status":"closed","ping_status":"closed","template":"","meta":[],"_links":{"self":[{"href":"https:\/\/demo8.thuythu.com\/maigiafurnitures\/wp-json\/wp\/v2\/pages\/6027"}],"collection":[{"href":"https:\/\/demo8.thuythu.com\/maigiafurnitures\/wp-json\/wp\/v2\/pages"}],"about":[{"href":"https:\/\/demo8.thuythu.com\/maigiafurnitures\/wp-json\/wp\/v2\/types\/page"}],"author":[{"embeddable":true,"href":"https:\/\/demo8.thuythu.com\/maigiafurnitures\/wp-json\/wp\/v2\/users\/2"}],"replies":[{"embeddable":true,"href":"https:\/\/demo8.thuythu.com\/maigiafurnitures\/wp-json\/wp\/v2\/comments?post=6027"}],"version-history":[{"count":35,"href":"https:\/\/demo8.thuythu.com\/maigiafurnitures\/wp-json\/wp\/v2\/pages\/6027\/revisions"}],"predecessor-version":[{"id":6034,"href":"https:\/\/demo8.thuythu.com\/maigiafurnitures\/wp-json\/wp\/v2\/pages\/6027\/revisions\/6034"}],"wp:attachment":[{"href":"https:\/\/demo8.thuythu.com\/maigiafurnitures\/wp-json\/wp\/v2\/media?parent=6027"}],"curies":[{"name":"wp","href":"https:\/\/api.w.org\/{rel}","templated":true}]}}