{"id":6332,"date":"2019-12-31T09:15:55","date_gmt":"2019-12-31T09:15:55","guid":{"rendered":"https:\/\/demo8.thuythu.com\/maigiafurnitures\/?page_id=6332"},"modified":"2019-12-31T09:31:20","modified_gmt":"2019-12-31T09:31:20","slug":"tu-van-giai-phap","status":"publish","type":"page","link":"https:\/\/demo8.thuythu.com\/maigiafurnitures\/tu-van-giai-phap\/","title":{"rendered":"T\u01b0 v\u1ea5n gi\u1ea3i ph\u00e1p"},"content":{"rendered":"<h3 style=\"text-align: center;\"><strong>D\u1ecaCH V\u1ee4 T\u01af V\u1ea4N GI\u1ea2I PH\u00c1P<\/strong><\/h3>\n<p>&nbsp;<\/p>\n<p>B\u1ea1n \u0111ang b\u0103n kho\u0103n v\u00ec c\u00f3 qu\u00e1 nhi\u1ec1u s\u1ef1 l\u1ef1a ch\u1ecdn ho\u1eb7c b\u1ea1n \u0111ang tr\u0103n tr\u1edf v\u00ec kh\u00f4ng c\u00f3 b\u1ea5t k\u1ef3 \u00fd t\u01b0\u1edfng hay \u0111\u1ec1 xu\u1ea5t n\u00e0o cho ch\u00ednh nhu c\u1ea7u c\u1ee7a m\u00ecnh, cho y\u00eau c\u1ea7u c\u1ee7a Ch\u1ee7 \u0111\u1ea7u t\u01b0? Mai Gia l\u00e0 \u0111\u01a1n v\u1ecb uy t\u00edn v\u1edbi s\u1ef1 nhi\u1ec7t th\u00e0nh, lu\u00f4n s\u1eb5n s\u00e0ng chia s\u1ebb, t\u01b0 v\u1ea5n v\u00e0 thi\u1ebft k\u1ebf ph\u01b0\u01a1ng \u00e1n ph\u00f9 h\u1ee3p nh\u1ea5t, th\u1ecfa m\u00e3n c\u00e1c y\u1ebfu t\u1ed1 ti\u1ec7n \u00edch, t\u1ed1i \u01b0u h\u00f3a c\u00f4ng n\u0103ng s\u1eed d\u1ee5ng nh\u01b0ng v\u1eabn h\u1ee3p l\u00fd v\u1ec1 ng\u00e2n s\u00e1ch.<\/p>\n<p>Mai Gia c\u00f3 s\u1eb5n \u0111\u1ed9i ng\u0169 k\u1ef9 thu\u1eadt v\u00e0 chuy\u00ean vi\u00ean t\u01b0 v\u1ea5n nhi\u1ec1u kinh nghi\u1ec7m. V\u1edbi nhi\u1ec1u lo\u1ea1i h\u00ecnh d\u1ef1 \u00e1n v\u00e0 nhi\u1ec1u h\u1ea1ng m\u1ee5c kh\u00e1c nhau, s\u1ebd c\u00f3 nh\u1eefng nhu c\u1ea7u s\u1eed d\u1ee5ng ho\u00e0n to\u00e0n ri\u00eang bi\u1ec7t, Mai Gia s\u1ebd h\u1ed7 tr\u1ee3 b\u1ea1n d\u1ef1a tr\u00ean y\u1ebfu t\u1ed1 c\u1ea7n v\u00e0 \u0111\u1ee7 c\u1ee7a d\u1ef1 \u00e1n. Ph\u01b0\u01a1ng h\u01b0\u1edbng l\u00e0m vi\u1ec7c c\u1ee7a Mai Gia l\u00e0 mang \u0111\u01b0\u1ee3c gi\u1ea3i ph\u00e1p t\u1ed1t nh\u1ea5t, ph\u00f9 h\u1ee3p nh\u1ea5t \u0111\u1ebfn v\u1edbi kh\u00e1ch h\u00e0ng, \u0111\u1ebfn v\u1edbi d\u1ef1 \u00e1n, t\u1ea1o d\u1ef1ng \u0111\u01b0\u1ee3c m\u1ed1i quan h\u1ec7 v\u00e0 x\u00e2y d\u1ef1ng ch\u1ea5t l\u01b0\u1ee3ng t\u1ed1t nh\u1ea5t.<\/p>\n<p>&nbsp;<\/p>\n<p><img loading=\"lazy\" class=\"aligncenter wp-image-6337 size-full\" src=\"https:\/\/demo8.thuythu.com\/maigiafurnitures\/wp-content\/uploads\/2019\/12\/Untitled-123.jpg\" alt=\"\" width=\"800\" height=\"570\" srcset=\"https:\/\/demo8.thuythu.com\/maigiafurnitures\/wp-content\/uploads\/2019\/12\/Untitled-123.jpg 800w, https:\/\/demo8.thuythu.com\/maigiafurnitures\/wp-content\/uploads\/2019\/12\/Untitled-123-300x214.jpg 300w, https:\/\/demo8.thuythu.com\/maigiafurnitures\/wp-content\/uploads\/2019\/12\/Untitled-123-768x547.jpg 768w, https:\/\/demo8.thuythu.com\/maigiafurnitures\/wp-content\/uploads\/2019\/12\/Untitled-123-570x406.jpg 570w\" sizes=\"(max-width: 800px) 100vw, 800px\" \/><\/p>\n","protected":false},"excerpt":{"rendered":"<p>D\u1ecaCH V\u1ee4 T\u01af V\u1ea4N GI\u1ea2I PH\u00c1P &nbsp; B\u1ea1n \u0111ang b\u0103n kho\u0103n v\u00ec c\u00f3 qu\u00e1 nhi\u1ec1u s\u1ef1 l\u1ef1a ch\u1ecdn ho\u1eb7c b\u1ea1n \u0111ang tr\u0103n tr\u1edf v\u00ec kh\u00f4ng c\u00f3 b\u1ea5t k\u1ef3 \u00fd t\u01b0\u1edfng hay \u0111\u1ec1 xu\u1ea5t n\u00e0o cho ch\u00ednh nhu c\u1ea7u c\u1ee7a m\u00ecnh, cho y\u00eau c\u1ea7u c\u1ee7a Ch\u1ee7 \u0111\u1ea7u t\u01b0? Mai Gia l\u00e0 \u0111\u01a1n v\u1ecb uy t\u00edn v\u1edbi [&hellip;]<\/p>\n","protected":false},"author":2,"featured_media":0,"parent":0,"menu_order":0,"comment_status":"closed","ping_status":"closed","template":"","meta":[],"_links":{"self":[{"href":"https:\/\/demo8.thuythu.com\/maigiafurnitures\/wp-json\/wp\/v2\/pages\/6332"}],"collection":[{"href":"https:\/\/demo8.thuythu.com\/maigiafurnitures\/wp-json\/wp\/v2\/pages"}],"about":[{"href":"https:\/\/demo8.thuythu.com\/maigiafurnitures\/wp-json\/wp\/v2\/types\/page"}],"author":[{"embeddable":true,"href":"https:\/\/demo8.thuythu.com\/maigiafurnitures\/wp-json\/wp\/v2\/users\/2"}],"replies":[{"embeddable":true,"href":"https:\/\/demo8.thuythu.com\/maigiafurnitures\/wp-json\/wp\/v2\/comments?post=6332"}],"version-history":[{"count":3,"href":"https:\/\/demo8.thuythu.com\/maigiafurnitures\/wp-json\/wp\/v2\/pages\/6332\/revisions"}],"predecessor-version":[{"id":6345,"href":"https:\/\/demo8.thuythu.com\/maigiafurnitures\/wp-json\/wp\/v2\/pages\/6332\/revisions\/6345"}],"wp:attachment":[{"href":"https:\/\/demo8.thuythu.com\/maigiafurnitures\/wp-json\/wp\/v2\/media?parent=6332"}],"curies":[{"name":"wp","href":"https:\/\/api.w.org\/{rel}","templated":true}]}}