{"id":6335,"date":"2019-12-31T09:17:16","date_gmt":"2019-12-31T09:17:16","guid":{"rendered":"https:\/\/demo8.thuythu.com\/maigiafurnitures\/?page_id=6335"},"modified":"2019-12-31T09:30:52","modified_gmt":"2019-12-31T09:30:52","slug":"cung-cap-va-lap-dat","status":"publish","type":"page","link":"https:\/\/demo8.thuythu.com\/maigiafurnitures\/cung-cap-va-lap-dat\/","title":{"rendered":"Cung c\u1ea5p v\u00e0 l\u1eafp \u0111\u1eb7t"},"content":{"rendered":"<h3 style=\"text-align: center;\"><strong>D\u1ecaCH V\u1ee4 CUNG C\u1ea4P V\u00c0 L\u1eaeP \u0110\u1eb6T<\/strong><\/h3>\n<p>&nbsp;<\/p>\n<p>Mai Gia l\u00e0 \u0111\u1ea1i di\u1ec7n ch\u00ednh th\u1ee9c cung c\u1ea5p c\u00e1c s\u1ea3n ph\u1ea9m ch\u1ea5t l\u01b0\u1ee3ng cao t\u1eeb Nh\u1eadt b\u1ea3n v\u00e0 Malaysia. Ti\u00eau ch\u00ed \u0111\u1ec1 ra l\u00e0 ch\u1ea5t l\u01b0\u1ee3ng v\u00e0 d\u1ecbch v\u1ee5 song h\u00e0nh c\u00f9ng nhau. Mai Gia \u0111\u1eb7t uy t\u00edn l\u00ean h\u00e0ng \u0111\u1ea7u. Ch\u00fang t\u00f4i mang \u0111\u1ebfn kh\u00e1ch h\u00e0ng c\u00e1c s\u1ea3n ph\u1ea9m \u0111\u1ea1t ti\u00eau chu\u1ea9n qu\u1ed1c t\u1ebf, \u0111\u01b0\u1ee3c ch\u1ee9ng th\u1ef1c t\u1eeb nh\u1eefng l\u1ea7n ki\u1ec3m tra ch\u1ea5t l\u01b0\u1ee3ng v\u00e0 th\u1ef1c t\u1ebf s\u1eed d\u1ee5ng, \u0111\u01b0\u1ee3c ch\u1ee9ng nh\u1eadn v\u00e0 khuy\u00ean d\u00f9ng t\u1eeb Hi\u1ec7p h\u1ed9i x\u00e2y d\u1ef1ng.<\/p>\n<p>Qu\u00e1 tr\u00ecnh thi c\u00f4ng, l\u1eafp \u0111\u1eb7t lu\u00f4n \u0111\u01b0\u1ee3c gi\u00e1m s\u00e1t v\u00e0 h\u01b0\u1edbng d\u1eabn t\u1eeb chuy\u00ean vi\u00ean k\u1ef9 thu\u1eadt c\u1ee7a H\u00e3ng \u0111\u1ec3 \u0111\u1ea3m b\u1ea3o \u0111\u00fang quy tr\u00ecnh v\u00e0 c\u00e1ch th\u1ee9c th\u1ef1c hi\u1ec7n, \u0111\u1ea3m b\u1ea3o ch\u1ea5t l\u01b0\u1ee3ng t\u1eeb v\u1eadt li\u1ec7u \u0111\u1ebfn ho\u00e0n thi\u1ec7n.<\/p>\n<p>&nbsp;<\/p>\n<p><img loading=\"lazy\" class=\"aligncenter wp-image-6341 size-full\" src=\"https:\/\/demo8.thuythu.com\/maigiafurnitures\/wp-content\/uploads\/2019\/12\/Untitled-25877.jpg\" alt=\"\" width=\"800\" height=\"570\" srcset=\"https:\/\/demo8.thuythu.com\/maigiafurnitures\/wp-content\/uploads\/2019\/12\/Untitled-25877.jpg 800w, https:\/\/demo8.thuythu.com\/maigiafurnitures\/wp-content\/uploads\/2019\/12\/Untitled-25877-300x214.jpg 300w, https:\/\/demo8.thuythu.com\/maigiafurnitures\/wp-content\/uploads\/2019\/12\/Untitled-25877-768x547.jpg 768w, https:\/\/demo8.thuythu.com\/maigiafurnitures\/wp-content\/uploads\/2019\/12\/Untitled-25877-570x406.jpg 570w\" sizes=\"(max-width: 800px) 100vw, 800px\" \/><\/p>\n","protected":false},"excerpt":{"rendered":"<p>D\u1ecaCH V\u1ee4 CUNG C\u1ea4P V\u00c0 L\u1eaeP \u0110\u1eb6T &nbsp; Mai Gia l\u00e0 \u0111\u1ea1i di\u1ec7n ch\u00ednh th\u1ee9c cung c\u1ea5p c\u00e1c s\u1ea3n ph\u1ea9m ch\u1ea5t l\u01b0\u1ee3ng cao t\u1eeb Nh\u1eadt b\u1ea3n v\u00e0 Malaysia. Ti\u00eau ch\u00ed \u0111\u1ec1 ra l\u00e0 ch\u1ea5t l\u01b0\u1ee3ng v\u00e0 d\u1ecbch v\u1ee5 song h\u00e0nh c\u00f9ng nhau. Mai Gia \u0111\u1eb7t uy t\u00edn l\u00ean h\u00e0ng \u0111\u1ea7u. Ch\u00fang t\u00f4i mang \u0111\u1ebfn kh\u00e1ch [&hellip;]<\/p>\n","protected":false},"author":2,"featured_media":0,"parent":0,"menu_order":0,"comment_status":"closed","ping_status":"closed","template":"","meta":[],"_links":{"self":[{"href":"https:\/\/demo8.thuythu.com\/maigiafurnitures\/wp-json\/wp\/v2\/pages\/6335"}],"collection":[{"href":"https:\/\/demo8.thuythu.com\/maigiafurnitures\/wp-json\/wp\/v2\/pages"}],"about":[{"href":"https:\/\/demo8.thuythu.com\/maigiafurnitures\/wp-json\/wp\/v2\/types\/page"}],"author":[{"embeddable":true,"href":"https:\/\/demo8.thuythu.com\/maigiafurnitures\/wp-json\/wp\/v2\/users\/2"}],"replies":[{"embeddable":true,"href":"https:\/\/demo8.thuythu.com\/maigiafurnitures\/wp-json\/wp\/v2\/comments?post=6335"}],"version-history":[{"count":3,"href":"https:\/\/demo8.thuythu.com\/maigiafurnitures\/wp-json\/wp\/v2\/pages\/6335\/revisions"}],"predecessor-version":[{"id":6344,"href":"https:\/\/demo8.thuythu.com\/maigiafurnitures\/wp-json\/wp\/v2\/pages\/6335\/revisions\/6344"}],"wp:attachment":[{"href":"https:\/\/demo8.thuythu.com\/maigiafurnitures\/wp-json\/wp\/v2\/media?parent=6335"}],"curies":[{"name":"wp","href":"https:\/\/api.w.org\/{rel}","templated":true}]}}