{"id":3938,"date":"2020-02-15T07:54:47","date_gmt":"2020-02-15T07:54:47","guid":{"rendered":"https:\/\/demo8.thuythu.com\/maigiafurnitures\/?post_type=product&#038;p=3938"},"modified":"2020-03-02T01:42:02","modified_gmt":"2020-03-02T01:42:02","slug":"san-nang-network-floor-nwf","status":"publish","type":"product","link":"https:\/\/demo8.thuythu.com\/maigiafurnitures\/product\/san-nang-network-floor-nwf\/","title":{"rendered":"S\u00e0n n\u00e2ng Network Floor -NWF"},"content":{"rendered":"<p>Mai Gia chuy\u00ean cung c\u1ea5p h\u1ec7 th\u1ed1ng s\u00e0n n\u00e2ng Network Floor Nh\u1eadt B\u1ea3n t\u1ea1i Vi\u1ec7t Nam.<\/p>\n","protected":false},"excerpt":{"rendered":"<p>S\u00e0n n\u00e2ng Network Floor \u2013 Gi\u1ea3i ph\u00e1p th\u00f4ng minh \u0111\u01b0\u1ee3c Hi\u1ec7p h\u1ed9i X\u00e2y d\u1ef1ng c\u00f4ng nh\u1eadn v\u00e0 \u0111\u1ea1t ch\u1ee9ng nh\u1eadn Xanh, l\u00e0 ph\u01b0\u01a1ng \u00e1n t\u1ed1i \u01b0u, ph\u00f9 h\u1ee3p v\u1edbi:<\/p>\n<p> \tKhu v\u0103n ph\u00f2ng l\u00e0m vi\u1ec7c, ph\u00f2ng h\u1ecdp<br \/>\n \tPh\u00f2ng d\u1eef li\u1ec7u trung t\u00e2m, ph\u00f2ng Server<\/p>\n<p>H\u1ea1n ch\u1ebf \u0111\u01b0\u1ee3c chi\u1ec1u cao t\u1ed5ng th\u1ec3 c\u1ee7a t\u00f2a nh\u00e0, nh\u01b0ng v\u1eabn \u0111\u1ea3m b\u1ea3o kh\u1ea3 n\u0103ng \u0111i c\u00e1p nhi\u1ec1u, d\u1ec5 d\u00e0ng m\u1edf r\u1ed9ng th\u00eam d\u00e2y c\u00e1p ho\u1eb7c \u1ed5 c\u1eafm n\u1ebfu b\u1ea1n c\u00f3 nhu c\u1ea7u thay \u0111\u1ed5i layout. Ho\u00e0n to\u00e0n c\u00f3 th\u1ec3 t\u00e1i s\u1ee7 d\u1ee5ng, tu\u1ed5i th\u1ecd cao v\u00e0 h\u01a1n h\u1ebft ti\u1ebft ki\u1ec7m kh\u00e1 nhi\u1ec1u chi ph\u00ed cho qu\u00e1 tr\u00ecnh s\u1eed d\u1ee5ng l\u00e2u d\u00e0i.<\/p>\n","protected":false},"featured_media":6377,"comment_status":"open","ping_status":"closed","template":"","meta":[],"_links":{"self":[{"href":"https:\/\/demo8.thuythu.com\/maigiafurnitures\/wp-json\/wp\/v2\/product\/3938"}],"collection":[{"href":"https:\/\/demo8.thuythu.com\/maigiafurnitures\/wp-json\/wp\/v2\/product"}],"about":[{"href":"https:\/\/demo8.thuythu.com\/maigiafurnitures\/wp-json\/wp\/v2\/types\/product"}],"replies":[{"embeddable":true,"href":"https:\/\/demo8.thuythu.com\/maigiafurnitures\/wp-json\/wp\/v2\/comments?post=3938"}],"wp:featuredmedia":[{"embeddable":true,"href":"https:\/\/demo8.thuythu.com\/maigiafurnitures\/wp-json\/wp\/v2\/media\/6377"}],"wp:attachment":[{"href":"https:\/\/demo8.thuythu.com\/maigiafurnitures\/wp-json\/wp\/v2\/media?parent=3938"}],"curies":[{"name":"wp","href":"https:\/\/api.w.org\/{rel}","templated":true}]}}