{"id":6458,"date":"2020-01-10T13:20:04","date_gmt":"2020-01-10T13:20:04","guid":{"rendered":"https:\/\/demo8.thuythu.com\/maigiafurnitures\/?post_type=product&#038;p=6458"},"modified":"2020-02-18T06:35:22","modified_gmt":"2020-02-18T06:35:22","slug":"son-gaina","status":"publish","type":"product","link":"https:\/\/demo8.thuythu.com\/maigiafurnitures\/product\/son-gaina\/","title":{"rendered":"S\u01a1n Gaina"},"content":{"rendered":"<p>S\u01a1n C\u00e1ch nhi\u00eat \u2013 C\u00e1ch \u00e2m GAINA \u0111\u1ebfn t\u1eeb T\u1eadp \u0111o\u00e0n NISSIN SANGYO \u2013 Nh\u1eadt B\u1ea3n mang gi\u1ea3i ph\u00e1p ch\u1ed1ng n\u00f3ng, c\u00e1ch \u00e2m nh\u01b0ng v\u1eabn b\u1ea3o \u0111\u1ea3m an to\u00e0n s\u1ee9c kh\u1ecfe \u0111\u1ebfn m\u1ecdi nh\u00e0.<\/p>\n","protected":false},"excerpt":{"rendered":"<p>V\u1edbi c\u00f4ng ngh\u1ec7 ti\u00ean ti\u1ebfn, GAINA kh\u00f4ng ch\u1ec9 gi\u00fap ng\u0103n c\u1ea3n nhi\u1ec7t \u0111\u1ed9 n\u00f3ng v\u00e0 l\u1ea1nh, m\u00e0 c\u00f2n l\u00e0m ti\u00eau \u00e2m v\u00e0 kh\u1eed m\u00f9i h\u00f4i kh\u00f3 ch\u1ecbu, gi\u1ea3i quy\u1ebft c\u00e1c v\u1ea5n \u0111\u1ec1 xung quanh m\u00f4i tr\u01b0\u1eddng s\u1ed1ng c\u1ee7a b\u1ea1n, mang \u0111\u1ebfn b\u1ea1n m\u1ed9t cu\u1ed9c s\u1ed1ng tho\u1ea3i m\u00e1i.<\/p>\n","protected":false},"featured_media":6479,"comment_status":"open","ping_status":"closed","template":"","meta":[],"_links":{"self":[{"href":"https:\/\/demo8.thuythu.com\/maigiafurnitures\/wp-json\/wp\/v2\/product\/6458"}],"collection":[{"href":"https:\/\/demo8.thuythu.com\/maigiafurnitures\/wp-json\/wp\/v2\/product"}],"about":[{"href":"https:\/\/demo8.thuythu.com\/maigiafurnitures\/wp-json\/wp\/v2\/types\/product"}],"replies":[{"embeddable":true,"href":"https:\/\/demo8.thuythu.com\/maigiafurnitures\/wp-json\/wp\/v2\/comments?post=6458"}],"wp:featuredmedia":[{"embeddable":true,"href":"https:\/\/demo8.thuythu.com\/maigiafurnitures\/wp-json\/wp\/v2\/media\/6479"}],"wp:attachment":[{"href":"https:\/\/demo8.thuythu.com\/maigiafurnitures\/wp-json\/wp\/v2\/media?parent=6458"}],"curies":[{"name":"wp","href":"https:\/\/api.w.org\/{rel}","templated":true}]}}