{"id":779,"date":"2022-08-25T03:36:33","date_gmt":"2022-08-25T03:36:33","guid":{"rendered":"https:\/\/demo8.thuythu.com\/metacare\/?page_id=779"},"modified":"2022-08-25T04:53:53","modified_gmt":"2022-08-25T04:53:53","slug":"danh-gia-dinh-duong","status":"publish","type":"page","link":"https:\/\/demo8.thuythu.com\/metacare\/danh-gia-dinh-duong\/","title":{"rendered":"\u0110\u00e1nh gi\u00e1 dinh d\u01b0\u1ee1ng"},"content":{"rendered":"","protected":false},"excerpt":{"rendered":"","protected":false},"author":1,"featured_media":0,"parent":0,"menu_order":0,"comment_status":"closed","ping_status":"closed","template":"templates\/nutritional_assessment.php","meta":[],"acf":[],"_links":{"self":[{"href":"https:\/\/demo8.thuythu.com\/metacare\/wp-json\/wp\/v2\/pages\/779"}],"collection":[{"href":"https:\/\/demo8.thuythu.com\/metacare\/wp-json\/wp\/v2\/pages"}],"about":[{"href":"https:\/\/demo8.thuythu.com\/metacare\/wp-json\/wp\/v2\/types\/page"}],"author":[{"embeddable":true,"href":"https:\/\/demo8.thuythu.com\/metacare\/wp-json\/wp\/v2\/users\/1"}],"replies":[{"embeddable":true,"href":"https:\/\/demo8.thuythu.com\/metacare\/wp-json\/wp\/v2\/comments?post=779"}],"version-history":[{"count":4,"href":"https:\/\/demo8.thuythu.com\/metacare\/wp-json\/wp\/v2\/pages\/779\/revisions"}],"predecessor-version":[{"id":785,"href":"https:\/\/demo8.thuythu.com\/metacare\/wp-json\/wp\/v2\/pages\/779\/revisions\/785"}],"wp:attachment":[{"href":"https:\/\/demo8.thuythu.com\/metacare\/wp-json\/wp\/v2\/media?parent=779"}],"curies":[{"name":"wp","href":"https:\/\/api.w.org\/{rel}","templated":true}]}}