{"id":126,"date":"2021-09-04T12:39:10","date_gmt":"2021-09-04T05:39:10","guid":{"rendered":"https:\/\/demo8.thuythu.com\/misu\/?page_id=126"},"modified":"2021-09-13T23:07:21","modified_gmt":"2021-09-13T16:07:21","slug":"lien-he","status":"publish","type":"page","link":"https:\/\/demo8.thuythu.com\/misu\/lien-he\/","title":{"rendered":"Li\u00ean h\u1ec7"},"content":{"rendered":"<p><strong>MISU<\/strong><\/p>\n<p>\u0110\u1ecba ch\u1ec9: 156 Nguy\u1ec5n V\u0103n Th\u1ee7, P. \u0110a Kao, Qu\u1eadn 1, TP. H\u1ed3 Ch\u00ed Minh<br \/>\nPhone: 0123 456 789<br \/>\nEmail: info@misu.com<\/p>\n<p>Vui l\u00f2ng li\u00ean h\u1ec7 v\u1edbi ch\u00fang t\u00f4i qua th\u00f4ng tin tr\u00ean. B\u1ed9 ph\u1eadn kh\u00e1ch h\u00e0ng s\u1ebd t\u01b0 v\u1ea5n gi\u1ea3i \u0111\u00e1p c\u00e1c v\u1ea5n \u0111\u1ec1 th\u1eafc m\u1eafc c\u1ee7a qu\u00fd kh\u00e1ch!<\/p>\n<p>&nbsp;<\/p>\n","protected":false},"excerpt":{"rendered":"<p>MISU \u0110\u1ecba ch\u1ec9: 156 Nguy\u1ec5n V\u0103n Th\u1ee7, P. \u0110a Kao, Qu\u1eadn 1, TP. H\u1ed3 Ch\u00ed Minh Phone: 0123 456 789 Email: info@misu.com Vui l\u00f2ng li\u00ean h\u1ec7 v\u1edbi ch\u00fang t\u00f4i qua th\u00f4ng tin tr\u00ean. B\u1ed9 ph\u1eadn kh\u00e1ch h\u00e0ng s\u1ebd t\u01b0 v\u1ea5n gi\u1ea3i \u0111\u00e1p c\u00e1c v\u1ea5n \u0111\u1ec1 th\u1eafc m\u1eafc c\u1ee7a qu\u00fd kh\u00e1ch! &nbsp;<\/p>\n","protected":false},"author":2,"featured_media":0,"parent":0,"menu_order":0,"comment_status":"closed","ping_status":"closed","template":"","meta":[],"acf":[],"_links":{"self":[{"href":"https:\/\/demo8.thuythu.com\/misu\/wp-json\/wp\/v2\/pages\/126"}],"collection":[{"href":"https:\/\/demo8.thuythu.com\/misu\/wp-json\/wp\/v2\/pages"}],"about":[{"href":"https:\/\/demo8.thuythu.com\/misu\/wp-json\/wp\/v2\/types\/page"}],"author":[{"embeddable":true,"href":"https:\/\/demo8.thuythu.com\/misu\/wp-json\/wp\/v2\/users\/2"}],"replies":[{"embeddable":true,"href":"https:\/\/demo8.thuythu.com\/misu\/wp-json\/wp\/v2\/comments?post=126"}],"version-history":[{"count":3,"href":"https:\/\/demo8.thuythu.com\/misu\/wp-json\/wp\/v2\/pages\/126\/revisions"}],"predecessor-version":[{"id":180,"href":"https:\/\/demo8.thuythu.com\/misu\/wp-json\/wp\/v2\/pages\/126\/revisions\/180"}],"wp:attachment":[{"href":"https:\/\/demo8.thuythu.com\/misu\/wp-json\/wp\/v2\/media?parent=126"}],"curies":[{"name":"wp","href":"https:\/\/api.w.org\/{rel}","templated":true}]}}