{"id":311,"date":"2021-09-04T12:32:23","date_gmt":"2021-09-04T05:32:23","guid":{"rendered":"https:\/\/demo8.thuythu.com\/misu\/gioi-thieu\/"},"modified":"2022-07-14T14:56:17","modified_gmt":"2022-07-14T07:56:17","slug":"gioi-thieu","status":"publish","type":"page","link":"https:\/\/demo8.thuythu.com\/misu\/gioi-thieu\/?lang=en","title":{"rendered":"Gi\u1edbi thi\u1ec7u"},"content":{"rendered":"<p><img loading=\"lazy\" class=\"aligncenter wp-image-28 size-full\" src=\"https:\/\/demo8.thuythu.com\/misu\/wp-content\/uploads\/2021\/08\/01c5986e32eb94f301abce8b177d0674.png\" alt=\"\" width=\"1920\" height=\"600\" srcset=\"https:\/\/demo8.thuythu.com\/misu\/wp-content\/uploads\/2021\/08\/01c5986e32eb94f301abce8b177d0674.png 1920w, https:\/\/demo8.thuythu.com\/misu\/wp-content\/uploads\/2021\/08\/01c5986e32eb94f301abce8b177d0674-300x94.png 300w, https:\/\/demo8.thuythu.com\/misu\/wp-content\/uploads\/2021\/08\/01c5986e32eb94f301abce8b177d0674-1024x320.png 1024w, https:\/\/demo8.thuythu.com\/misu\/wp-content\/uploads\/2021\/08\/01c5986e32eb94f301abce8b177d0674-768x240.png 768w, https:\/\/demo8.thuythu.com\/misu\/wp-content\/uploads\/2021\/08\/01c5986e32eb94f301abce8b177d0674-1536x480.png 1536w\" sizes=\"(max-width: 1920px) 100vw, 1920px\" \/><\/p>\n<p>N\u1ebfu b\u1ea1n \u0111ang t\u00ecm ki\u1ebfm nh\u1eefng b\u1ed9 qu\u1ea7n \u00e1o tr\u1ebb em t\u1ed1t nh\u1ea5t c\u00f3 s\u1eb5n tr\u1ef1c tuy\u1ebfn, Ch\u00e0o m\u1eebng b\u1ea1n \u0111\u1ebfn v\u1edbi trang web c\u1ee7a ch\u00fang t\u00f4i!<br \/>\nCho d\u00f9 b\u1ea1n \u0111ang m\u1eb7c qu\u1ea7n \u00e1o cho con g\u00e1i qu\u00fd gi\u00e1 c\u1ee7a m\u00ecnh cho m\u1ed9t d\u1ecbp l\u1edbn hay nh\u1ecf, Misu t\u1ef1 h\u00e0o cung c\u1ea5p nh\u1eefng l\u1ef1a ch\u1ecdn h\u00e0ng \u0111\u1ea7u v\u00e0 phong c\u00e1ch c\u1eeda h\u00e0ng m\u00e0 b\u1ea1n v\u00e0 con b\u1ea1n \u0111ang t\u00ecm ki\u1ebfm.<\/p>\n<p><iframe loading=\"lazy\" title=\"TEST VIDEO\" width=\"640\" height=\"480\" src=\"https:\/\/www.youtube.com\/embed\/C0DPdy98e4c?feature=oembed\" frameborder=\"0\" allow=\"accelerometer; autoplay; clipboard-write; encrypted-media; gyroscope; picture-in-picture\" allowfullscreen><\/iframe><\/p>\n<p>\u0110\u01b0\u1ee3c th\u00e0nh l\u1eadp v\u00e0o n\u0103m 2016, Misu chuy\u00ean cung c\u1ea5p qu\u1ea7n \u00e1o tr\u1ebb em th\u1eddi trang, ch\u1ea5t l\u01b0\u1ee3ng cao v\u00e0 \u0111\u1ed9c quy\u1ec1n nh\u1ea5t c\u00f3 s\u1eb5n \u1edf b\u1ea5t c\u1ee9 \u0111\u00e2u! Ch\u00fang t\u00f4i \u0111\u00e3 n\u1ed7 l\u1ef1c r\u1ea5t nhi\u1ec1u \u0111\u1ec3 x\u00e2y d\u1ef1ng m\u1ed9t b\u1ed9 s\u01b0u t\u1eadp phong c\u00e1ch n\u1ed5i ti\u1ebfng; t\u1eeb nh\u1eefng chi\u1ebfc v\u00e1y nhung sang tr\u1ecdng cho c\u00f4 \u1ea5y, c\u1eeda h\u00e0ng \u0111\u1ed9c quy\u1ec1n c\u1ee7a ch\u00fang t\u00f4i \u0111\u01b0\u1ee3c trang b\u1ecb \u0111\u1ec3 g\u00e2y \u1ea5n t\u01b0\u1ee3ng!<br \/>\n\u0110\u00f3 ch\u00ednh l\u00e0 l\u00fd do t\u1ea1i sao ch\u00fang t\u00f4i quy\u1ebft \u0111\u1ecbnh theo \u0111u\u1ed5i ni\u1ec1m \u0111am m\u00ea th\u1eddi trang tr\u1ebb em c\u1ee7a m\u00ecnh b\u1eb1ng c\u00e1ch m\u1edf m\u1ed9t c\u1eeda h\u00e0ng th\u1eddi trang tr\u1ebb em tr\u1ef1c tuy\u1ebfn cho ph\u00e9p c\u00e1c b\u00e0 m\u1eb9 l\u1ef1a ch\u1ecdn t\u1eeb phong c\u00e1ch c\u1ed5 \u0111i\u1ec3n ho\u1eb7c hi\u1ec7n \u0111\u1ea1i nh\u1ea5t m\u00e0 kh\u00f4ng c\u1ea7n ph\u1ea3i \u0111\u1ed9ng tay \u0111\u1ed9ng ch\u00e2n! Misu mang \u0111\u1ebfn quy\u1ec1n th\u1eddi trang cho b\u1ea1n v\u1edbi qu\u1ea7n \u00e1o th\u1ee7 c\u00f4ng t\u00f9y ch\u1ec9nh, bao b\u00ec c\u00e1 nh\u00e2n h\u00f3a v\u00e0 d\u1ecbch v\u1ee5 v\u00f4 song.<\/p>\n<p>\u0110\u1ed9i ng\u0169 t\u1eadn t\u00e2m c\u1ee7a ch\u00fang t\u00f4i cam k\u1ebft l\u00e0m cho tr\u1ea3i nghi\u1ec7m mua s\u1eafm c\u1ee7a b\u1ea1n tr\u1edf n\u00ean th\u00fa v\u1ecb nh\u1ea5t c\u00f3 th\u1ec3 trong khi v\u1eabn gi\u1eef cho \u0111\u1ee9a con nh\u1ecf c\u1ee7a b\u1ea1n quay \u0111\u1ea7u l\u1ea1i t\u1eeb kh\u1eafp ph\u00f2ng. Ni\u1ec1m vui \u0111\u01b0\u1ee3c ch\u0103m s\u00f3c v\u00e0 m\u1eb7c qu\u1ea7n \u00e1o cho con \u0111\u01a1n gi\u1ea3n l\u00e0 ni\u1ec1m vui m\u00e0 ng\u01b0\u1eddi m\u1eb9 n\u00e0o c\u0169ng \u0111\u00e1ng \u0111\u01b0\u1ee3c tr\u1ea3i nghi\u1ec7m. V\u00ec v\u1eady, t\u1eeb nh\u00e0 c\u1ee7a ch\u00fang t\u00f4i \u0111\u1ebfn c\u1ee7a b\u1ea1n, ch\u00fang t\u00f4i hy v\u1ecdng b\u1ea1n s\u1ebd th\u00edch tr\u1ea3i nghi\u1ec7m mua s\u1eafm c\u1ee7a m\u00ecnh t\u1ea1i Misu.<\/p>\n","protected":false},"excerpt":{"rendered":"<p>N\u1ebfu b\u1ea1n \u0111ang t\u00ecm ki\u1ebfm nh\u1eefng b\u1ed9 qu\u1ea7n \u00e1o tr\u1ebb em t\u1ed1t nh\u1ea5t c\u00f3 s\u1eb5n tr\u1ef1c tuy\u1ebfn, Ch\u00e0o m\u1eebng b\u1ea1n \u0111\u1ebfn v\u1edbi trang web c\u1ee7a ch\u00fang t\u00f4i! Cho d\u00f9 b\u1ea1n \u0111ang m\u1eb7c qu\u1ea7n \u00e1o cho con g\u00e1i qu\u00fd gi\u00e1 c\u1ee7a m\u00ecnh cho m\u1ed9t d\u1ecbp l\u1edbn hay nh\u1ecf, Misu t\u1ef1 h\u00e0o cung c\u1ea5p nh\u1eefng l\u1ef1a ch\u1ecdn [&hellip;]<\/p>\n","protected":false},"author":2,"featured_media":0,"parent":0,"menu_order":0,"comment_status":"closed","ping_status":"closed","template":"","meta":[],"acf":[],"_links":{"self":[{"href":"https:\/\/demo8.thuythu.com\/misu\/wp-json\/wp\/v2\/pages\/311"}],"collection":[{"href":"https:\/\/demo8.thuythu.com\/misu\/wp-json\/wp\/v2\/pages"}],"about":[{"href":"https:\/\/demo8.thuythu.com\/misu\/wp-json\/wp\/v2\/types\/page"}],"author":[{"embeddable":true,"href":"https:\/\/demo8.thuythu.com\/misu\/wp-json\/wp\/v2\/users\/2"}],"replies":[{"embeddable":true,"href":"https:\/\/demo8.thuythu.com\/misu\/wp-json\/wp\/v2\/comments?post=311"}],"version-history":[{"count":2,"href":"https:\/\/demo8.thuythu.com\/misu\/wp-json\/wp\/v2\/pages\/311\/revisions"}],"predecessor-version":[{"id":453,"href":"https:\/\/demo8.thuythu.com\/misu\/wp-json\/wp\/v2\/pages\/311\/revisions\/453"}],"wp:attachment":[{"href":"https:\/\/demo8.thuythu.com\/misu\/wp-json\/wp\/v2\/media?parent=311"}],"curies":[{"name":"wp","href":"https:\/\/api.w.org\/{rel}","templated":true}]}}