{"id":360,"date":"2021-09-08T02:25:27","date_gmt":"2021-09-08T02:25:27","guid":{"rendered":"https:\/\/demo8.thuythu.com\/mrviet\/?post_type=product&#038;p=360"},"modified":"2021-09-08T02:27:55","modified_gmt":"2021-09-08T02:27:55","slug":"klairs-freshly-juiced-vitamin-drop-4","status":"publish","type":"product","link":"https:\/\/demo8.thuythu.com\/mrviet\/vi\/product\/klairs-freshly-juiced-vitamin-drop-4\/","title":{"rendered":"Klairs Freshly Juiced  Vitamin Drop"},"content":{"rendered":"<h3 style=\"text-align: center;\">TH\u00d4NG TIN S\u1ea2N PH\u1ea8M<\/h3>\n<table style=\"border-collapse: collapse; width: 100%; height: 154px;\">\n<tbody>\n<tr style=\"height: 24px;\">\n<td style=\"width: 17.2862%; height: 24px;\">Xu\u1ea5t x\u1ee9<\/td>\n<td style=\"width: 82.7138%; height: 24px;\">H\u00e0n Qu\u1ed1c<\/td>\n<\/tr>\n<tr style=\"height: 24px;\">\n<td style=\"width: 17.2862%; height: 24px;\">Type \/ Volume<\/td>\n<td style=\"width: 82.7138%; height: 24px;\">Serum \/ 35ml<\/td>\n<\/tr>\n<tr style=\"height: 24px;\">\n<td style=\"width: 17.2862%; height: 24px;\">Th\u00e0nh ph\u1ea7n ch\u00ednh<\/td>\n<td style=\"width: 82.7138%; height: 24px;\">Acid L-ascorbic, chi\u1ebft xu\u1ea5t Rau M\u00e1, chi\u1ebft xu\u1ea5t qu\u1ea3 Citrus Junos<\/td>\n<\/tr>\n<tr style=\"height: 24px;\">\n<td style=\"width: 17.2862%; height: 24px;\">K\u1ebft c\u1ea5u<\/td>\n<td style=\"width: 82.7138%; height: 24px;\">S\u00e1nh nh\u1eb9, kh\u00f4ng nh\u1eddn d\u00ednh v\u00e0 h\u1ea5p th\u1ee5 nhanh<\/td>\n<\/tr>\n<tr style=\"height: 24px;\">\n<td style=\"width: 17.2862%; height: 24px;\">\u0110i\u1ec3m kh\u00e1c bi\u1ec7t<\/td>\n<td style=\"width: 82.7138%; height: 24px;\">&#8211; Ti\u1ebfp th\u00eam sinh l\u1ef1c v\u00e0 tr\u1ebb h\u00f3a l\u00e0n da c\u1ee7a b\u1ea1n v\u1edbi s\u1ee9c m\u1ea1nh c\u1ee7a 5% Vitamin C d\u1ea1ng Acid L-ascorbic nh\u1eb9 d\u1ecbu, kh\u00f4ng g\u00e2y k\u00edch \u1ee9ng nh\u01b0ng v\u1eabn hi\u1ec7u qu\u1ea3 trong vi\u1ec7c l\u00e0m m\u1edd c\u00e1c v\u1ebft m\u1ee5n v\u00e0 v\u1ebft n\u00e1m, c\u1ea3i thi\u1ec7n l\u00e0n da x\u1ec9n v\u00e0 kh\u00f4ng \u0111\u1ec1u m\u00e0u<\/p>\n<p>(*) C\u00e1c nghi\u00ean c\u1ee9u cho th\u1ea5y s\u1ea3n ph\u1ea9m c\u00f3 n\u1ed3ng \u0111\u1ed9 Vitamin C t\u1eeb 1% \u0111\u1ebfn 20% \u0111\u1ec1u c\u00f3 hi\u1ec7u qu\u1ea3. Khi s\u1eed d\u1ee5ng huy\u1ebft thanh Vitamin, n\u1ed3ng \u0111\u1ed9 c\u00e0ng cao th\u00ec kh\u00f4ng c\u00f3 ngh\u0129a l\u00e0 k\u1ebft qu\u1ea3 c\u00e0ng hi\u1ec7u qu\u1ea3, n\u00ean duy tr\u00ec s\u1eed d\u1ee5ng \u1edf n\u1ed3ng \u0111\u1ed9 ph\u00f9 h\u1ee3p v\u1edbi da.<\/td>\n<\/tr>\n<tr style=\"height: 10px;\">\n<td style=\"width: 17.2862%; height: 10px;\">G\u1ee3i \u00fd cho<\/td>\n<td style=\"width: 82.7138%; height: 10px;\">L\u00e0n da x\u1ec9n, kh\u00f4ng \u0111\u1ec1u m\u00e0u<br \/>\nNhu c\u1ea7u mu\u1ed1n l\u00e0m s\u00e1ng m\u00e0u da nh\u01b0ng c\u00f3 l\u00e0n da nh\u1ea1y c\u1ea3m<\/td>\n<\/tr>\n<tr style=\"height: 24px;\">\n<td style=\"width: 17.2862%; height: 24px;\">H\u01b0\u1edbng d\u1eabn s\u1eed d\u1ee5ng<\/td>\n<td style=\"width: 82.7138%; height: 24px;\">Sau c\u00e1c b\u01b0\u1edbc l\u00e0m s\u1ea1ch, l\u1ea5y 1 l\u01b0\u1ee3ng v\u1eeba \u0111\u1ee7 v\u00e0 nh\u1eb9 nh\u00e0ng massage \u0111\u1ec3 d\u01b0\u1ee1ng ch\u1ea5t th\u1ea9m th\u1ea5u v\u00e0o da.<br \/>\n(*) \u0110\u1ed1i v\u1edbi nh\u1eefng l\u00e0n da qu\u00e1 nh\u1ea1y c\u1ea3m, mix v\u00e0i gi\u1ecdt serum v\u00e0o kem d\u01b0\u1ee1ng v\u00e0 thoa l\u00ean m\u1eb7t.Pro-tip:- Khuy\u1ebfn kh\u00edch s\u1eed d\u1ee5ng ban ng\u00e0y, tr\u01b0\u1edbc b\u01b0\u1edbc kem ch\u1ed1ng n\u1eafng \u0111\u1ec3 t\u0103ng kh\u1ea3 n\u0103ng b\u1ea3o v\u1ec7 da c\u1ee7a kem ch\u1ed1ng n\u1eafng.<br \/>\n&#8211; Tr\u00e1nh c\u00e1c ch\u1ea5t t\u1ea9y t\u1ebf b\u00e0o ch\u1ebft (AHA, BHA, v.v.) trong c\u00f9ng quy tr\u00ecnh ch\u0103m s\u00f3c da khi s\u1eed d\u1ee5ng Freshly Juiced Vitamin Drop<br \/>\n&#8211; Khuy\u1ebfn ngh\u1ecb b\u1ea3o qu\u1ea3n trong t\u1ee7 l\u1ea1nh ho\u1eb7c n\u01a1i t\u1ed1i m\u00e1t, tr\u00e1nh \u00e1nh n\u1eafng tr\u1ef1c ti\u1ebfp.<\/td>\n<\/tr>\n<\/tbody>\n<\/table>\n<p><img decoding=\"async\" loading=\"lazy\" class=\"size-full wp-image-311 aligncenter\" src=\"https:\/\/demo8.thuythu.com\/mrviet\/wp-content\/uploads\/2021\/09\/img_product1.jpg\" alt=\"\" width=\"817\" height=\"459\" srcset=\"https:\/\/demo8.thuythu.com\/mrviet\/wp-content\/uploads\/2021\/09\/img_product1.jpg 817w, https:\/\/demo8.thuythu.com\/mrviet\/wp-content\/uploads\/2021\/09\/img_product1-600x337.jpg 600w, https:\/\/demo8.thuythu.com\/mrviet\/wp-content\/uploads\/2021\/09\/img_product1-300x169.jpg 300w, https:\/\/demo8.thuythu.com\/mrviet\/wp-content\/uploads\/2021\/09\/img_product1-768x431.jpg 768w\" sizes=\"(max-width: 817px) 100vw, 817px\" \/><\/p>\n<p><strong>Pro-tip:<\/strong><\/p>\n<p>\u2022 Khuy\u1ebfn kh\u00edch s\u1eed d\u1ee5ng ban ng\u00e0y, tr\u01b0\u1edbc b\u01b0\u1edbc kem ch\u1ed1ng n\u1eafng \u0111\u1ec3 t\u0103ng kh\u1ea3 n\u0103ng b\u1ea3o v\u1ec7 da c\u1ee7a kem ch\u1ed1ng n\u1eafng.<\/p>\n<p>\u2022 Tr\u00e1nh c\u00e1c ch\u1ea5t t\u1ea9y t\u1ebf b\u00e0o ch\u1ebft (AHA, BHA, v.v.) trong c\u00f9ng quy tr\u00ecnh ch\u0103m s\u00f3c da khi s\u1eed d\u1ee5ng Freshly Juiced Vitamin Drop<\/p>\n<p>\u2022 Khuy\u1ebfn ngh\u1ecb b\u1ea3o qu\u1ea3n trong t\u1ee7 l\u1ea1nh ho\u1eb7c n\u01a1i t\u1ed1i m\u00e1t, tr\u00e1nh \u00e1nh n\u1eafng tr\u1ef1c ti\u1ebfp.<\/p>\n","protected":false},"excerpt":{"rendered":"<p>C\u00e1c nghi\u00ean c\u1ee9u cho th\u1ea5y s\u1ea3n ph\u1ea9m c\u00f3 n\u1ed3ng \u0111\u1ed9 Vitamin C t\u1eeb 1% \u0111\u1ebfn 20% \u0111\u1ec1u c\u00f3 hi\u1ec7u qu\u1ea3. Khi s\u1eed d\u1ee5ng huy\u1ebft thanh Vitamin, n\u1ed3ng \u0111\u1ed9 c\u00e0ng cao th\u00ec kh\u00f4ng c\u00f3 ngh\u0129a l\u00e0 k\u1ebft qu\u1ea3 c\u00e0ng hi\u1ec7u qu\u1ea3, n\u00ean duy tr\u00ec s\u1eed d\u1ee5ng \u1edf n\u1ed3ng \u0111\u1ed9 ph\u00f9 h\u1ee3p v\u1edbi da.<\/p>\n","protected":false},"featured_media":293,"comment_status":"open","ping_status":"closed","template":"","meta":[],"product_cat":[22,45,24,26,27,25,29,30,28],"product_tag":[],"_links":{"self":[{"href":"https:\/\/demo8.thuythu.com\/mrviet\/vi\/wp-json\/wp\/v2\/product\/360"}],"collection":[{"href":"https:\/\/demo8.thuythu.com\/mrviet\/vi\/wp-json\/wp\/v2\/product"}],"about":[{"href":"https:\/\/demo8.thuythu.com\/mrviet\/vi\/wp-json\/wp\/v2\/types\/product"}],"replies":[{"embeddable":true,"href":"https:\/\/demo8.thuythu.com\/mrviet\/vi\/wp-json\/wp\/v2\/comments?post=360"}],"wp:featuredmedia":[{"embeddable":true,"href":"https:\/\/demo8.thuythu.com\/mrviet\/vi\/wp-json\/wp\/v2\/media\/293"}],"wp:attachment":[{"href":"https:\/\/demo8.thuythu.com\/mrviet\/vi\/wp-json\/wp\/v2\/media?parent=360"}],"wp:term":[{"taxonomy":"product_cat","embeddable":true,"href":"https:\/\/demo8.thuythu.com\/mrviet\/vi\/wp-json\/wp\/v2\/product_cat?post=360"},{"taxonomy":"product_tag","embeddable":true,"href":"https:\/\/demo8.thuythu.com\/mrviet\/vi\/wp-json\/wp\/v2\/product_tag?post=360"}],"curies":[{"name":"wp","href":"https:\/\/api.w.org\/{rel}","templated":true}]}}