{"id":216,"date":"2023-02-19T14:20:18","date_gmt":"2023-02-19T14:20:18","guid":{"rendered":"https:\/\/namthanhland.com.vn\/?page_id=216"},"modified":"2023-09-07T08:50:40","modified_gmt":"2023-09-07T08:50:40","slug":"du-an-dau-tu","status":"publish","type":"page","link":"https:\/\/demo8.thuythu.com\/namthanhland\/du-an-dau-tu\/","title":{"rendered":"D\u1ef1 \u00e1n \u0111\u1ea7u t\u01b0"},"content":{"rendered":"<p>Nam Th\u00e0nh Land lu\u00f4n \u0111\u1eb7t l\u1ee3i \u00edch v\u00e0 s\u1ef1 h\u00e0i l\u00f2ng c\u1ee7a kh\u00e1ch h\u00e0ng l\u00ean h\u00e0ng \u0111\u1ea7u. C\u00f4ng ty cam k\u1ebft cung c\u1ea5p d\u1ecbch v\u1ee5 ch\u0103m s\u00f3c kh\u00e1ch h\u00e0ng t\u1eadn t\u00e2m, t\u1eeb qu\u00e1 tr\u00ecnh t\u01b0 v\u1ea5n, h\u1ed7 tr\u1ee3 t\u00e0i ch\u00ednh cho \u0111\u1ebfn qu\u00e1 tr\u00ecnh ho\u00e0n thi\u1ec7n d\u1ef1 \u00e1n v\u00e0 qu\u1ea3n l\u00fd sau b\u00e1n h\u00e0ng.<\/p>\n","protected":false},"excerpt":{"rendered":"<p>Nam Th\u00e0nh Land lu\u00f4n \u0111\u1eb7t l\u1ee3i \u00edch v\u00e0 s\u1ef1 h\u00e0i l\u00f2ng c\u1ee7a kh\u00e1ch h\u00e0ng l\u00ean h\u00e0ng \u0111\u1ea7u. C\u00f4ng ty cam k\u1ebft cung c\u1ea5p d\u1ecbch v\u1ee5 ch\u0103m s\u00f3c kh\u00e1ch h\u00e0ng t\u1eadn t\u00e2m, t\u1eeb qu\u00e1 tr\u00ecnh t\u01b0 v\u1ea5n, h\u1ed7 tr\u1ee3 t\u00e0i ch\u00ednh cho \u0111\u1ebfn qu\u00e1 tr\u00ecnh ho\u00e0n thi\u1ec7n d\u1ef1 \u00e1n v\u00e0 qu\u1ea3n l\u00fd sau b\u00e1n h\u00e0ng.<\/p>\n","protected":false},"author":1,"featured_media":1572,"parent":0,"menu_order":0,"comment_status":"closed","ping_status":"closed","template":"templates\/project.php","meta":{"inline_featured_image":false},"acf":[],"_links":{"self":[{"href":"https:\/\/demo8.thuythu.com\/namthanhland\/wp-json\/wp\/v2\/pages\/216"}],"collection":[{"href":"https:\/\/demo8.thuythu.com\/namthanhland\/wp-json\/wp\/v2\/pages"}],"about":[{"href":"https:\/\/demo8.thuythu.com\/namthanhland\/wp-json\/wp\/v2\/types\/page"}],"author":[{"embeddable":true,"href":"https:\/\/demo8.thuythu.com\/namthanhland\/wp-json\/wp\/v2\/users\/1"}],"replies":[{"embeddable":true,"href":"https:\/\/demo8.thuythu.com\/namthanhland\/wp-json\/wp\/v2\/comments?post=216"}],"version-history":[{"count":0,"href":"https:\/\/demo8.thuythu.com\/namthanhland\/wp-json\/wp\/v2\/pages\/216\/revisions"}],"wp:featuredmedia":[{"embeddable":true,"href":"https:\/\/demo8.thuythu.com\/namthanhland\/wp-json\/wp\/v2\/media\/1572"}],"wp:attachment":[{"href":"https:\/\/demo8.thuythu.com\/namthanhland\/wp-json\/wp\/v2\/media?parent=216"}],"curies":[{"name":"wp","href":"https:\/\/api.w.org\/{rel}","templated":true}]}}