{"id":303,"date":"2023-02-20T17:31:57","date_gmt":"2023-02-20T17:31:57","guid":{"rendered":"https:\/\/namthanhland.com.vn\/?page_id=303"},"modified":"2023-09-07T08:40:15","modified_gmt":"2023-09-07T08:40:15","slug":"gioi-thieu","status":"publish","type":"page","link":"https:\/\/demo8.thuythu.com\/namthanhland\/gioi-thieu\/","title":{"rendered":"Gi\u1edbi thi\u1ec7u"},"content":{"rendered":"<p>Nam Th\u00e0nh Land kh\u00f4ng ch\u1ec9 \u0111\u1ea7u t\u01b0 v\u00e0o nh\u1eefng d\u1ef1 \u00e1n b\u1ea5t \u0111\u1ed9ng s\u1ea3n ch\u1ea5t l\u01b0\u1ee3ng, m\u00e0 c\u00f2n t\u1ea1o ra nh\u1eefng gi\u1ea3i ph\u00e1p \u0111\u1ea7u t\u01b0 h\u1ea5p d\u1eabn cho kh\u00e1ch h\u00e0ng. C\u00f4ng ty n\u1eafm b\u1eaft c\u01a1 h\u1ed9i v\u00e0 ti\u1ec1m n\u0103ng ph\u00e1t tri\u1ec3n c\u1ee7a th\u1ecb tr\u01b0\u1eddng, t\u00ecm ki\u1ebfm nh\u1eefng v\u1ecb tr\u00ed \u0111\u1ecba l\u00fd thu\u1eadn l\u1ee3i v\u00e0 ti\u1ec1m n\u0103ng t\u0103ng gi\u00e1 cao \u0111\u1ec3 mang \u0111\u1ebfn l\u1ee3i \u00edch l\u1edbn cho nh\u00e0 \u0111\u1ea7u t\u01b0.<\/p>\n","protected":false},"excerpt":{"rendered":"<p>Nam Th\u00e0nh Land kh\u00f4ng ch\u1ec9 \u0111\u1ea7u t\u01b0 v\u00e0o nh\u1eefng d\u1ef1 \u00e1n b\u1ea5t \u0111\u1ed9ng s\u1ea3n ch\u1ea5t l\u01b0\u1ee3ng, m\u00e0 c\u00f2n t\u1ea1o ra nh\u1eefng gi\u1ea3i ph\u00e1p \u0111\u1ea7u t\u01b0 h\u1ea5p d\u1eabn cho kh\u00e1ch h\u00e0ng. C\u00f4ng ty n\u1eafm b\u1eaft c\u01a1 h\u1ed9i v\u00e0 ti\u1ec1m n\u0103ng ph\u00e1t tri\u1ec3n c\u1ee7a th\u1ecb tr\u01b0\u1eddng, t\u00ecm ki\u1ebfm nh\u1eefng v\u1ecb tr\u00ed \u0111\u1ecba l\u00fd thu\u1eadn l\u1ee3i v\u00e0 ti\u1ec1m &#8230; <a title=\"Gi\u1edbi thi\u1ec7u\" class=\"read-more\" href=\"https:\/\/demo8.thuythu.com\/namthanhland\/gioi-thieu\/\" aria-label=\"More on Gi\u1edbi thi\u1ec7u\">Read more<\/a><\/p>\n","protected":false},"author":1,"featured_media":1077,"parent":0,"menu_order":0,"comment_status":"closed","ping_status":"closed","template":"templates\/about.php","meta":{"inline_featured_image":false},"acf":[],"_links":{"self":[{"href":"https:\/\/demo8.thuythu.com\/namthanhland\/wp-json\/wp\/v2\/pages\/303"}],"collection":[{"href":"https:\/\/demo8.thuythu.com\/namthanhland\/wp-json\/wp\/v2\/pages"}],"about":[{"href":"https:\/\/demo8.thuythu.com\/namthanhland\/wp-json\/wp\/v2\/types\/page"}],"author":[{"embeddable":true,"href":"https:\/\/demo8.thuythu.com\/namthanhland\/wp-json\/wp\/v2\/users\/1"}],"replies":[{"embeddable":true,"href":"https:\/\/demo8.thuythu.com\/namthanhland\/wp-json\/wp\/v2\/comments?post=303"}],"version-history":[{"count":0,"href":"https:\/\/demo8.thuythu.com\/namthanhland\/wp-json\/wp\/v2\/pages\/303\/revisions"}],"wp:featuredmedia":[{"embeddable":true,"href":"https:\/\/demo8.thuythu.com\/namthanhland\/wp-json\/wp\/v2\/media\/1077"}],"wp:attachment":[{"href":"https:\/\/demo8.thuythu.com\/namthanhland\/wp-json\/wp\/v2\/media?parent=303"}],"curies":[{"name":"wp","href":"https:\/\/api.w.org\/{rel}","templated":true}]}}