{"id":309,"date":"2023-02-20T17:50:42","date_gmt":"2023-02-20T17:50:42","guid":{"rendered":"https:\/\/namthanhland.com.vn\/?page_id=309"},"modified":"2023-07-08T07:00:46","modified_gmt":"2023-07-08T07:00:46","slug":"view-360","status":"publish","type":"page","link":"https:\/\/demo8.thuythu.com\/namthanhland\/view-360\/","title":{"rendered":"View 360"},"content":{"rendered":"<p>View 360 l\u00e0 m\u1ed9t t\u00ednh n\u0103ng \u0111\u1eb7c bi\u1ec7t m\u00e0 Nam Th\u00e0nh Land cung c\u1ea5p cho c\u00e1c d\u1ef1 \u00e1n b\u1ea5t \u0111\u1ed9ng s\u1ea3n c\u1ee7a ch\u00fang t\u00f4i. \u0110\u00e2y l\u00e0 c\u00f4ng ngh\u1ec7 ti\u00ean ti\u1ebfn cho ph\u00e9p kh\u00e1ch h\u00e0ng c\u00f3 tr\u1ea3i nghi\u1ec7m th\u1ef1c t\u1ebf nh\u01b0 \u0111ang \u0111\u1ee9ng tr\u1ef1c ti\u1ebfp t\u1ea1i d\u1ef1 \u00e1n, th\u1eadm ch\u00ed t\u1eeb xa.<\/p>\n<p>V\u1edbi View 360, kh\u00e1ch h\u00e0ng c\u00f3 th\u1ec3 kh\u00e1m ph\u00e1 v\u00e0 kh\u00e1m ph\u00e1 c\u00e1c d\u1ef1 \u00e1n c\u1ee7a ch\u00fang t\u00f4i t\u1eeb m\u1ecdi g\u00f3c \u0111\u1ed9. T\u1eeb th\u00f4ng tin c\u01a1 b\u1ea3n v\u1ec1 d\u1ef1 \u00e1n \u0111\u1ebfn quy m\u00f4, ti\u1ec7n \u00edch v\u00e0 m\u00f4i tr\u01b0\u1eddng xung quanh, kh\u00e1ch h\u00e0ng c\u00f3 th\u1ec3 th\u1ea5y v\u00e0 t\u00ecm hi\u1ec3u m\u1ecdi chi ti\u1ebft v\u1ec1 d\u1ef1 \u00e1n tr\u01b0\u1edbc khi \u0111\u01b0a ra quy\u1ebft \u0111\u1ecbnh.<\/p>\n<p>\u0110\u1eb7c bi\u1ec7t, View 360 mang \u0111\u1ebfn cho kh\u00e1ch h\u00e0ng tr\u1ea3i nghi\u1ec7m \u1ea3o h\u00f3a ch\u00e2n th\u1ef1c v\u00e0 s\u1ed1ng \u0111\u1ed9ng. Kh\u00e1ch h\u00e0ng c\u00f3 th\u1ec3 \u0111i\u1ec1u h\u01b0\u1edbng xung quanh kh\u00f4ng gian d\u1ef1 \u00e1n, xem t\u1eebng c\u0103n h\u1ed9, ph\u00f2ng v\u00e0 khu v\u1ef1c c\u1ee5 th\u1ec3. Qua vi\u1ec7c thao t\u00e1c tr\u00ean giao di\u1ec7n tr\u1ef1c tuy\u1ebfn, kh\u00e1ch h\u00e0ng c\u00f3 th\u1ec3 kh\u00e1m ph\u00e1 t\u00f2a nh\u00e0, c\u1ea3nh quan v\u00e0 c\u00e1c ti\u1ec7n \u00edch, gi\u00fap h\u1ecd c\u00f3 c\u00e1i nh\u00ecn t\u1ed5ng quan v\u00e0 chi ti\u1ebft v\u1ec1 d\u1ef1 \u00e1n.<\/p>\n<p>View 360 l\u00e0 c\u00f4ng ngh\u1ec7 ti\u00ean ti\u1ebfn v\u00e0 ti\u1ec7n \u00edch m\u1ea1nh m\u1ebd gi\u00fap kh\u00e1ch h\u00e0ng ti\u1ebft ki\u1ec7m th\u1eddi gian v\u00e0 c\u00f4ng s\u1ee9c khi t\u00ecm hi\u1ec3u c\u00e1c d\u1ef1 \u00e1n b\u1ea5t \u0111\u1ed9ng s\u1ea3n. Kh\u00f4ng ch\u1ec9 gi\u00fap kh\u00e1ch h\u00e0ng c\u00f3 c\u00e1i nh\u00ecn r\u00f5 r\u00e0ng v\u00e0 ch\u00ednh x\u00e1c h\u01a1n v\u1ec1 d\u1ef1 \u00e1n, m\u00e0 c\u00f2n mang l\u1ea1i s\u1ef1 tin t\u01b0\u1edfng v\u00e0 an t\u00e2m trong quy\u1ebft \u0111\u1ecbnh \u0111\u1ea7u t\u01b0.<\/p>\n<p>V\u1edbi View 360, Nam Th\u00e0nh Land cam k\u1ebft \u0111\u00e1p \u1ee9ng nhu c\u1ea7u c\u1ee7a kh\u00e1ch h\u00e0ng th\u00f4ng qua c\u00f4ng ngh\u1ec7 v\u00e0 tr\u1ea3i nghi\u1ec7m tuy\u1ec7t v\u1eddi. Ch\u00fang t\u00f4i hi v\u1ecdng r\u1eb1ng vi\u1ec7c s\u1eed d\u1ee5ng c\u00f4ng ngh\u1ec7 n\u00e0y s\u1ebd gi\u00fap kh\u00e1ch h\u00e0ng c\u00f3 tr\u1ea3i nghi\u1ec7m t\u1ed1t nh\u1ea5t v\u00e0 \u0111\u01b0a ra quy\u1ebft \u0111\u1ecbnh \u0111\u00fang \u0111\u1eafn trong vi\u1ec7c \u0111\u1ea7u t\u01b0 v\u00e0o c\u00e1c d\u1ef1 \u00e1n c\u1ee7a ch\u00fang t\u00f4i.<\/p>\n","protected":false},"excerpt":{"rendered":"<p>View 360 l\u00e0 m\u1ed9t t\u00ednh n\u0103ng \u0111\u1eb7c bi\u1ec7t m\u00e0 Nam Th\u00e0nh Land cung c\u1ea5p cho c\u00e1c d\u1ef1 \u00e1n b\u1ea5t \u0111\u1ed9ng s\u1ea3n c\u1ee7a ch\u00fang t\u00f4i. \u0110\u00e2y l\u00e0 c\u00f4ng ngh\u1ec7 ti\u00ean ti\u1ebfn cho ph\u00e9p kh\u00e1ch h\u00e0ng c\u00f3 tr\u1ea3i nghi\u1ec7m th\u1ef1c t\u1ebf nh\u01b0 \u0111ang \u0111\u1ee9ng tr\u1ef1c ti\u1ebfp t\u1ea1i d\u1ef1 \u00e1n, th\u1eadm ch\u00ed t\u1eeb xa. V\u1edbi View 360, kh\u00e1ch &#8230; <a title=\"View 360\" class=\"read-more\" href=\"https:\/\/demo8.thuythu.com\/namthanhland\/view-360\/\" aria-label=\"More on View 360\">Read more<\/a><\/p>\n","protected":false},"author":1,"featured_media":1093,"parent":0,"menu_order":0,"comment_status":"closed","ping_status":"closed","template":"templates\/view360.php","meta":{"inline_featured_image":false},"acf":[],"_links":{"self":[{"href":"https:\/\/demo8.thuythu.com\/namthanhland\/wp-json\/wp\/v2\/pages\/309"}],"collection":[{"href":"https:\/\/demo8.thuythu.com\/namthanhland\/wp-json\/wp\/v2\/pages"}],"about":[{"href":"https:\/\/demo8.thuythu.com\/namthanhland\/wp-json\/wp\/v2\/types\/page"}],"author":[{"embeddable":true,"href":"https:\/\/demo8.thuythu.com\/namthanhland\/wp-json\/wp\/v2\/users\/1"}],"replies":[{"embeddable":true,"href":"https:\/\/demo8.thuythu.com\/namthanhland\/wp-json\/wp\/v2\/comments?post=309"}],"version-history":[{"count":0,"href":"https:\/\/demo8.thuythu.com\/namthanhland\/wp-json\/wp\/v2\/pages\/309\/revisions"}],"wp:featuredmedia":[{"embeddable":true,"href":"https:\/\/demo8.thuythu.com\/namthanhland\/wp-json\/wp\/v2\/media\/1093"}],"wp:attachment":[{"href":"https:\/\/demo8.thuythu.com\/namthanhland\/wp-json\/wp\/v2\/media?parent=309"}],"curies":[{"name":"wp","href":"https:\/\/api.w.org\/{rel}","templated":true}]}}