{"id":46,"date":"2023-02-17T01:58:34","date_gmt":"2023-02-17T01:58:34","guid":{"rendered":"https:\/\/namthanhland.com.vn\/?page_id=46"},"modified":"2023-12-06T06:59:36","modified_gmt":"2023-12-06T06:59:36","slug":"lien-he","status":"publish","type":"page","link":"https:\/\/demo8.thuythu.com\/namthanhland\/lien-he\/","title":{"rendered":"Li\u00ean h\u1ec7"},"content":{"rendered":"<p>Nam Th\u00e0nh Land l\u00e0 m\u1ed9t k\u00eanh th\u00f4ng tin quan tr\u1ecdng v\u00e0 ti\u1ec7n l\u1ee3i \u0111\u1ec3 kh\u00e1ch h\u00e0ng c\u00f3 th\u1ec3 li\u00ean h\u1ec7 v\u00e0 t\u01b0\u01a1ng t\u00e1c tr\u1ef1c ti\u1ebfp v\u1edbi c\u00f4ng ty. \u0110\u01b0\u1ee3c thi\u1ebft k\u1ebf \u0111\u01a1n gi\u1ea3n v\u00e0 d\u1ec5 s\u1eed d\u1ee5ng, trang li\u00ean h\u1ec7 cung c\u1ea5p c\u00e1c th\u00f4ng tin li\u00ean l\u1ea1c v\u00e0 h\u1ed7 tr\u1ee3 cho kh\u00e1ch h\u00e0ng mu\u1ed1n t\u00ecm hi\u1ec3u th\u00eam v\u1ec1 d\u1ef1 \u00e1n, \u0111\u1eb7t c\u00e2u h\u1ecfi, ho\u1eb7c nh\u1eadn \u0111\u01b0\u1ee3c s\u1ef1 t\u01b0 v\u1ea5n chuy\u00ean nghi\u1ec7p.<\/p>\n","protected":false},"excerpt":{"rendered":"<p>Nam Th\u00e0nh Land l\u00e0 m\u1ed9t k\u00eanh th\u00f4ng tin quan tr\u1ecdng v\u00e0 ti\u1ec7n l\u1ee3i \u0111\u1ec3 kh\u00e1ch h\u00e0ng c\u00f3 th\u1ec3 li\u00ean h\u1ec7 v\u00e0 t\u01b0\u01a1ng t\u00e1c tr\u1ef1c ti\u1ebfp v\u1edbi c\u00f4ng ty. \u0110\u01b0\u1ee3c thi\u1ebft k\u1ebf \u0111\u01a1n gi\u1ea3n v\u00e0 d\u1ec5 s\u1eed d\u1ee5ng, trang li\u00ean h\u1ec7 cung c\u1ea5p c\u00e1c th\u00f4ng tin li\u00ean l\u1ea1c v\u00e0 h\u1ed7 tr\u1ee3 cho kh\u00e1ch h\u00e0ng mu\u1ed1n t\u00ecm &#8230; <a title=\"Li\u00ean h\u1ec7\" class=\"read-more\" href=\"https:\/\/demo8.thuythu.com\/namthanhland\/lien-he\/\" aria-label=\"More on Li\u00ean h\u1ec7\">Read more<\/a><\/p>\n","protected":false},"author":1,"featured_media":693,"parent":0,"menu_order":0,"comment_status":"closed","ping_status":"closed","template":"templates\/contact.php","meta":{"inline_featured_image":false},"acf":[],"_links":{"self":[{"href":"https:\/\/demo8.thuythu.com\/namthanhland\/wp-json\/wp\/v2\/pages\/46"}],"collection":[{"href":"https:\/\/demo8.thuythu.com\/namthanhland\/wp-json\/wp\/v2\/pages"}],"about":[{"href":"https:\/\/demo8.thuythu.com\/namthanhland\/wp-json\/wp\/v2\/types\/page"}],"author":[{"embeddable":true,"href":"https:\/\/demo8.thuythu.com\/namthanhland\/wp-json\/wp\/v2\/users\/1"}],"replies":[{"embeddable":true,"href":"https:\/\/demo8.thuythu.com\/namthanhland\/wp-json\/wp\/v2\/comments?post=46"}],"version-history":[{"count":2,"href":"https:\/\/demo8.thuythu.com\/namthanhland\/wp-json\/wp\/v2\/pages\/46\/revisions"}],"predecessor-version":[{"id":1859,"href":"https:\/\/demo8.thuythu.com\/namthanhland\/wp-json\/wp\/v2\/pages\/46\/revisions\/1859"}],"wp:featuredmedia":[{"embeddable":true,"href":"https:\/\/demo8.thuythu.com\/namthanhland\/wp-json\/wp\/v2\/media\/693"}],"wp:attachment":[{"href":"https:\/\/demo8.thuythu.com\/namthanhland\/wp-json\/wp\/v2\/media?parent=46"}],"curies":[{"name":"wp","href":"https:\/\/api.w.org\/{rel}","templated":true}]}}