{"id":514,"date":"2023-02-23T10:26:44","date_gmt":"2023-02-23T10:26:44","guid":{"rendered":"https:\/\/namthanhland.com.vn\/?page_id=514"},"modified":"2023-09-13T09:41:10","modified_gmt":"2023-09-13T09:41:10","slug":"bat-dong-san-dinh-duong","status":"publish","type":"page","link":"https:\/\/demo8.thuythu.com\/namthanhland\/bat-dong-san-dinh-duong\/","title":{"rendered":"B\u1ea4T \u0110\u1ed8NG S\u1ea2N DINH D\u01af\u1ee0NG"},"content":{"rendered":"<h1><span style=\"color: #ff0000;\">B\u1ea4T \u0110\u1ed8NG S\u1ea2N DINH D\u01af\u1ee0NG l\u00e0 d\u00f2ng s\u1ea3n ph\u1ea9m c\u1ed1t l\u00f5i \u0111\u1eb7c bi\u1ec7t \u0111\u1ebfn t\u1eeb Nam Th\u00e0nh Land, v\u1edbi ti\u00eau ch\u00ed Ngon_B\u1ed5_R\u1ebb \u0111\u1ebfn tay nh\u00e0 \u0111\u1ea7u t\u01b0. \u0110\u00e2y l\u00e0 d\u00f2ng\u00a0s\u1ea3n ph\u1ea9m \u0111\u1ea1i ch\u00fang, v\u1ecb tr\u00ed g\u1ea7n khu d\u00e2n c\u01b0 hi\u1ec7n h\u1eefu, ph\u00e1p l\u00fd minh b\u1ea1ch \u0111\u1ea3m b\u1ea3o, gi\u00e1 tr\u1ecb v\u1eeba t\u00fai ti\u1ec1n v\u1edbi \u0111\u1ea1i \u0111a s\u1ed1 nhu c\u1ea7u kh\u00e1ch h\u00e0ng v\u1edbi phong c\u00e1ch d\u1ecbch v\u1ee5 chuy\u00ean nghi\u1ec7p h\u01b0\u1edbng \u0111\u1ebfn tr\u1ea3i nghi\u1ec7m kh\u00e1ch h\u00e0ng. Lu\u00f4n cam k\u1ebft v\u1ec1 ch\u1ea5t l\u01b0\u1ee3ng, gi\u00e1 tr\u1ecb v\u00e0 s\u1ef1 h\u1ed7 tr\u1ee3 t\u1eadn t\u00e2m, Nam Th\u00e0nh Land l\u00e0 m\u1ed9t \u0111\u1ed1i t\u00e1c \u0111\u00e1ng tin c\u1eady cho nh\u1eefng ai mu\u1ed1n t\u1eadn d\u1ee5ng ti\u1ec1m n\u0103ng c\u1ee7a th\u1ecb tr\u01b0\u1eddng b\u1ea5t \u0111\u1ed9ng s\u1ea3n.<\/span><\/h1>\n","protected":false},"excerpt":{"rendered":"<p>B\u1ea4T \u0110\u1ed8NG S\u1ea2N DINH D\u01af\u1ee0NG l\u00e0 d\u00f2ng s\u1ea3n ph\u1ea9m c\u1ed1t l\u00f5i \u0111\u1eb7c bi\u1ec7t \u0111\u1ebfn t\u1eeb Nam Th\u00e0nh Land, v\u1edbi ti\u00eau ch\u00ed Ngon_B\u1ed5_R\u1ebb \u0111\u1ebfn tay nh\u00e0 \u0111\u1ea7u t\u01b0. \u0110\u00e2y l\u00e0 d\u00f2ng\u00a0s\u1ea3n ph\u1ea9m \u0111\u1ea1i ch\u00fang, v\u1ecb tr\u00ed g\u1ea7n khu d\u00e2n c\u01b0 hi\u1ec7n h\u1eefu, ph\u00e1p l\u00fd minh b\u1ea1ch \u0111\u1ea3m b\u1ea3o, gi\u00e1 tr\u1ecb v\u1eeba t\u00fai ti\u1ec1n v\u1edbi \u0111\u1ea1i \u0111a &#8230; <a title=\"B\u1ea4T \u0110\u1ed8NG S\u1ea2N DINH D\u01af\u1ee0NG\" class=\"read-more\" href=\"https:\/\/demo8.thuythu.com\/namthanhland\/bat-dong-san-dinh-duong\/\" aria-label=\"More on B\u1ea4T \u0110\u1ed8NG S\u1ea2N DINH D\u01af\u1ee0NG\">Read more<\/a><\/p>\n","protected":false},"author":1,"featured_media":1515,"parent":0,"menu_order":0,"comment_status":"closed","ping_status":"closed","template":"templates\/bds.php","meta":{"inline_featured_image":false},"acf":[],"_links":{"self":[{"href":"https:\/\/demo8.thuythu.com\/namthanhland\/wp-json\/wp\/v2\/pages\/514"}],"collection":[{"href":"https:\/\/demo8.thuythu.com\/namthanhland\/wp-json\/wp\/v2\/pages"}],"about":[{"href":"https:\/\/demo8.thuythu.com\/namthanhland\/wp-json\/wp\/v2\/types\/page"}],"author":[{"embeddable":true,"href":"https:\/\/demo8.thuythu.com\/namthanhland\/wp-json\/wp\/v2\/users\/1"}],"replies":[{"embeddable":true,"href":"https:\/\/demo8.thuythu.com\/namthanhland\/wp-json\/wp\/v2\/comments?post=514"}],"version-history":[{"count":1,"href":"https:\/\/demo8.thuythu.com\/namthanhland\/wp-json\/wp\/v2\/pages\/514\/revisions"}],"predecessor-version":[{"id":1782,"href":"https:\/\/demo8.thuythu.com\/namthanhland\/wp-json\/wp\/v2\/pages\/514\/revisions\/1782"}],"wp:featuredmedia":[{"embeddable":true,"href":"https:\/\/demo8.thuythu.com\/namthanhland\/wp-json\/wp\/v2\/media\/1515"}],"wp:attachment":[{"href":"https:\/\/demo8.thuythu.com\/namthanhland\/wp-json\/wp\/v2\/media?parent=514"}],"curies":[{"name":"wp","href":"https:\/\/api.w.org\/{rel}","templated":true}]}}