{"id":518,"date":"2023-02-23T10:48:13","date_gmt":"2023-02-23T10:48:13","guid":{"rendered":"https:\/\/namthanhland.com.vn\/?page_id=518"},"modified":"2023-12-06T06:48:28","modified_gmt":"2023-12-06T06:48:28","slug":"trang-chu","status":"publish","type":"page","link":"https:\/\/demo8.thuythu.com\/namthanhland\/","title":{"rendered":"Trang ch\u1ee7"},"content":{"rendered":"<p>V\u1edbi ch\u1eb7ng \u0111\u01b0\u1eddng h\u01a1n m\u1ed9t th\u1eadp k\u1ef7 d\u1ef1ng x\u00e2y v\u00e0 ph\u00e1t tri\u1ec3n,\u00a0<strong>Nam Th\u00e0nh Land<\/strong> \u0111\u00e3 v\u01b0\u01a1n m\u00ecnh tr\u1edf th\u00e0nh \u0111\u01a1n v\u1ecb ph\u00e1t tri\u1ec3n, kinh doanh B\u1ea5t \u0111\u1ed9ng s\u1ea3n h\u00e0ng \u0111\u1ea7u khu v\u1ef1c v\u1edbi ph\u01b0\u01a1ng ch\u00e2m<strong> \u201cL\u1ea5y Kh\u00e1ch H\u00e0ng L\u00e0m Tr\u1ecdng T\u00e2m&#8221;<\/strong><\/p>\n<p>T\u1ea1i th\u1ecb tr\u01b0\u1eddng ph\u00eda Nam, <strong>Nam Th\u00e0nh Land<\/strong> \u0111ang m\u1edf r\u1ed9ng v\u00e0 ti\u1ebfp t\u1ee5c ho\u00e0n thi\u1ec7n ch\u1ea5t l\u01b0\u1ee3ng s\u1ea3n ph\u1ea9m, cung c\u1ea5p d\u1ecbch v\u1ee5 c\u0169ng nh\u01b0 n\u00e2ng t\u1ea7m c\u00e1c s\u1ea3n ph\u1ea9m B\u1ea5t \u0111\u1ed9ng s\u1ea3n h\u01b0\u1edbng \u0111\u1ebfn ch\u1ea5t l\u01b0\u1ee3ng v\u00e0 gi\u00e1 tr\u1ecb s\u1ed1ng cao, song song \u0111\u00f3, ch\u00fang t\u00f4i h\u1ecdc c\u00e1ch bi\u1ebfn th\u1eed th\u00e1ch th\u00e0nh c\u01a1 h\u1ed9i m\u1edbi, t\u1ea1o ra xu h\u01b0\u1edbng thay \u0111\u1ed5i t\u00edch c\u1ef1c cho kh\u00e1ch h\u00e0ng, \u0111\u1ed1i t\u00e1c v\u00e0 c\u1ed9ng \u0111\u1ed3ng.<\/p>\n<p>C\u00f9ng v\u1edbi \u0111\u00f3, b\u1eb1ng m\u1ed9t tinh th\u1ea7n \u201cchi\u1ebfn binh\u201d c\u1ee7a m\u1ed7i th\u00e0nh vi\u00ean, s\u1ef1 h\u1ee3p t\u00e1c \u0111\u1ed3ng \u0111i\u1ec7u v\u1edbi c\u00e1c \u0111\u1ed1i t\u00e1c chi\u1ebfn l\u01b0\u1ee3c,\u00a0<strong>Nam Th\u00e0nh Land<\/strong> \u0111\u00e3 chinh ph\u1ee5c \u0111\u01b0\u1ee3c th\u1ecb tr\u01b0\u1eddng khu v\u1ef1c v\u00e0 \u0111ang t\u1eebng b\u01b0\u1edbc v\u01b0\u01a1n ra \u201cbi\u1ec3n l\u1edbn\u201d, ghi t\u00ean m\u00ecnh tr\u00ean tr\u01b0\u1eddng C\u1ea3 N\u01b0\u1edbc.<\/p>\n","protected":false},"excerpt":{"rendered":"<p>V\u1edbi ch\u1eb7ng \u0111\u01b0\u1eddng h\u01a1n m\u1ed9t th\u1eadp k\u1ef7 d\u1ef1ng x\u00e2y v\u00e0 ph\u00e1t tri\u1ec3n,\u00a0Nam Th\u00e0nh Land \u0111\u00e3 v\u01b0\u01a1n m\u00ecnh tr\u1edf th\u00e0nh \u0111\u01a1n v\u1ecb ph\u00e1t tri\u1ec3n, kinh doanh B\u1ea5t \u0111\u1ed9ng s\u1ea3n h\u00e0ng \u0111\u1ea7u khu v\u1ef1c v\u1edbi ph\u01b0\u01a1ng ch\u00e2m \u201cL\u1ea5y Kh\u00e1ch H\u00e0ng L\u00e0m Tr\u1ecdng T\u00e2m&#8221; T\u1ea1i th\u1ecb tr\u01b0\u1eddng ph\u00eda Nam, Nam Th\u00e0nh Land \u0111ang m\u1edf r\u1ed9ng v\u00e0 ti\u1ebfp t\u1ee5c &#8230; <a title=\"Trang ch\u1ee7\" class=\"read-more\" href=\"https:\/\/demo8.thuythu.com\/namthanhland\/\" aria-label=\"More on Trang ch\u1ee7\">Read more<\/a><\/p>\n","protected":false},"author":1,"featured_media":842,"parent":0,"menu_order":0,"comment_status":"closed","ping_status":"closed","template":"templates\/home.php","meta":{"inline_featured_image":false},"acf":[],"_links":{"self":[{"href":"https:\/\/demo8.thuythu.com\/namthanhland\/wp-json\/wp\/v2\/pages\/518"}],"collection":[{"href":"https:\/\/demo8.thuythu.com\/namthanhland\/wp-json\/wp\/v2\/pages"}],"about":[{"href":"https:\/\/demo8.thuythu.com\/namthanhland\/wp-json\/wp\/v2\/types\/page"}],"author":[{"embeddable":true,"href":"https:\/\/demo8.thuythu.com\/namthanhland\/wp-json\/wp\/v2\/users\/1"}],"replies":[{"embeddable":true,"href":"https:\/\/demo8.thuythu.com\/namthanhland\/wp-json\/wp\/v2\/comments?post=518"}],"version-history":[{"count":2,"href":"https:\/\/demo8.thuythu.com\/namthanhland\/wp-json\/wp\/v2\/pages\/518\/revisions"}],"predecessor-version":[{"id":1857,"href":"https:\/\/demo8.thuythu.com\/namthanhland\/wp-json\/wp\/v2\/pages\/518\/revisions\/1857"}],"wp:featuredmedia":[{"embeddable":true,"href":"https:\/\/demo8.thuythu.com\/namthanhland\/wp-json\/wp\/v2\/media\/842"}],"wp:attachment":[{"href":"https:\/\/demo8.thuythu.com\/namthanhland\/wp-json\/wp\/v2\/media?parent=518"}],"curies":[{"name":"wp","href":"https:\/\/api.w.org\/{rel}","templated":true}]}}