{"id":63,"date":"2023-02-17T06:37:40","date_gmt":"2023-02-17T06:37:40","guid":{"rendered":"https:\/\/namthanhland.com.vn\/?page_id=63"},"modified":"2023-12-04T07:56:46","modified_gmt":"2023-12-04T07:56:46","slug":"tuyen-dung","status":"publish","type":"page","link":"https:\/\/demo8.thuythu.com\/namthanhland\/tuyen-dung\/","title":{"rendered":"Tuy\u1ec3n d\u1ee5ng"},"content":{"rendered":"<div class=\"col post-item\">\n<div class=\"col-inner\">\n<div class=\"box box-text-bottom box-blog-post has-hover\">\n<div class=\"box-text text-center\">\n<div class=\"box-text-inner blog-post-inner\">\n<p>Nam Th\u00e0nh Land \u0111ang m\u1edf r\u1ed9ng v\u00e0 ch\u00fang t\u00f4i \u0111ang t\u00ecm ki\u1ebfm nh\u1eefng c\u00e1 nh\u00e2n t\u00e0i n\u0103ng \u0111\u1ec3 b\u1ed5 sung v\u00e0o \u0111\u1ed9i ng\u0169 c\u1ee7a ch\u00fang t\u00f4i. Ch\u00fang t\u00f4i tin r\u1eb1ng nh\u00e2n s\u1ef1 l\u00e0 t\u00e0i s\u1ea3n quan tr\u1ecdng nh\u1ea5t c\u1ee7a m\u1ed9t doanh nghi\u1ec7p th\u00e0nh c\u00f4ng v\u00e0 \u0111\u00f3 l\u00e0 l\u00fd do t\u1ea1i sao ch\u00fang t\u00f4i \u0111\u1eb7t s\u1ef1 ch\u00fa tr\u1ecdng cao v\u00e0o qu\u00e1 tr\u00ecnh tuy\u1ec3n d\u1ee5ng.<\/p>\n<p>Ch\u00fang t\u00f4i c\u1ea7n tuy\u1ec3n 20 Chuy\u00ean vi\u00ean \/C\u1ed9ng t\u00e1c vi\u00ean Kinh Doanh<\/p>\n<p><a href=\"https:\/\/namthanhland.com.vn\/wp-content\/uploads\/2023\/12\/TUYEN-DUNG-NAM-THANH.jpg\"><img decoding=\"async\" loading=\"lazy\" class=\"aligncenter size-full wp-image-1847\" src=\"https:\/\/namthanhland.com.vn\/wp-content\/uploads\/2023\/12\/TUYEN-DUNG-NAM-THANH.jpg\" alt=\"\" width=\"1755\" height=\"1755\" srcset=\"https:\/\/demo8.thuythu.com\/namthanhland\/wp-content\/uploads\/2023\/12\/TUYEN-DUNG-NAM-THANH.jpg 1755w, https:\/\/demo8.thuythu.com\/namthanhland\/wp-content\/uploads\/2023\/12\/TUYEN-DUNG-NAM-THANH-300x300.jpg 300w, https:\/\/demo8.thuythu.com\/namthanhland\/wp-content\/uploads\/2023\/12\/TUYEN-DUNG-NAM-THANH-1024x1024.jpg 1024w, https:\/\/demo8.thuythu.com\/namthanhland\/wp-content\/uploads\/2023\/12\/TUYEN-DUNG-NAM-THANH-150x150.jpg 150w, https:\/\/demo8.thuythu.com\/namthanhland\/wp-content\/uploads\/2023\/12\/TUYEN-DUNG-NAM-THANH-768x768.jpg 768w, https:\/\/demo8.thuythu.com\/namthanhland\/wp-content\/uploads\/2023\/12\/TUYEN-DUNG-NAM-THANH-1536x1536.jpg 1536w\" sizes=\"(max-width: 1755px) 100vw, 1755px\" \/><\/a><\/p>\n<\/div>\n<\/div>\n<\/div>\n<\/div>\n<\/div>\n","protected":false},"excerpt":{"rendered":"<p>Nam Th\u00e0nh Land \u0111ang m\u1edf r\u1ed9ng v\u00e0 ch\u00fang t\u00f4i \u0111ang t\u00ecm ki\u1ebfm nh\u1eefng c\u00e1 nh\u00e2n t\u00e0i n\u0103ng \u0111\u1ec3 b\u1ed5 sung v\u00e0o \u0111\u1ed9i ng\u0169 c\u1ee7a ch\u00fang t\u00f4i. Ch\u00fang t\u00f4i tin r\u1eb1ng nh\u00e2n s\u1ef1 l\u00e0 t\u00e0i s\u1ea3n quan tr\u1ecdng nh\u1ea5t c\u1ee7a m\u1ed9t doanh nghi\u1ec7p th\u00e0nh c\u00f4ng v\u00e0 \u0111\u00f3 l\u00e0 l\u00fd do t\u1ea1i sao ch\u00fang t\u00f4i \u0111\u1eb7t s\u1ef1 &#8230; <a title=\"Tuy\u1ec3n d\u1ee5ng\" class=\"read-more\" href=\"https:\/\/demo8.thuythu.com\/namthanhland\/tuyen-dung\/\" aria-label=\"More on Tuy\u1ec3n d\u1ee5ng\">Read more<\/a><\/p>\n","protected":false},"author":1,"featured_media":691,"parent":0,"menu_order":0,"comment_status":"closed","ping_status":"closed","template":"templates\/recruit.php","meta":{"inline_featured_image":false},"acf":[],"_links":{"self":[{"href":"https:\/\/demo8.thuythu.com\/namthanhland\/wp-json\/wp\/v2\/pages\/63"}],"collection":[{"href":"https:\/\/demo8.thuythu.com\/namthanhland\/wp-json\/wp\/v2\/pages"}],"about":[{"href":"https:\/\/demo8.thuythu.com\/namthanhland\/wp-json\/wp\/v2\/types\/page"}],"author":[{"embeddable":true,"href":"https:\/\/demo8.thuythu.com\/namthanhland\/wp-json\/wp\/v2\/users\/1"}],"replies":[{"embeddable":true,"href":"https:\/\/demo8.thuythu.com\/namthanhland\/wp-json\/wp\/v2\/comments?post=63"}],"version-history":[{"count":1,"href":"https:\/\/demo8.thuythu.com\/namthanhland\/wp-json\/wp\/v2\/pages\/63\/revisions"}],"predecessor-version":[{"id":1848,"href":"https:\/\/demo8.thuythu.com\/namthanhland\/wp-json\/wp\/v2\/pages\/63\/revisions\/1848"}],"wp:featuredmedia":[{"embeddable":true,"href":"https:\/\/demo8.thuythu.com\/namthanhland\/wp-json\/wp\/v2\/media\/691"}],"wp:attachment":[{"href":"https:\/\/demo8.thuythu.com\/namthanhland\/wp-json\/wp\/v2\/media?parent=63"}],"curies":[{"name":"wp","href":"https:\/\/api.w.org\/{rel}","templated":true}]}}