{"id":2958,"date":"2015-11-20T10:22:44","date_gmt":"2015-11-20T10:22:44","guid":{"rendered":"http:\/\/demo.thimpress.com\/eduma\/?page_id=2958"},"modified":"2015-11-20T10:22:44","modified_gmt":"2015-11-20T10:22:44","slug":"account","status":"publish","type":"page","link":"https:\/\/demo8.thuythu.com\/nhutlong\/account\/","title":{"rendered":"Account"},"content":{"rendered":"\t\t<div data-elementor-type=\"wp-page\" data-elementor-id=\"2958\" class=\"elementor elementor-2958\">\n\t\t\t\t\t\t\t\t\t<section class=\"elementor-section elementor-top-section elementor-element elementor-element-995e7a6 elementor-section-boxed elementor-section-height-default elementor-section-height-default\" data-id=\"995e7a6\" data-element_type=\"section\">\n\t\t\t\t\t\t<div class=\"elementor-container elementor-column-gap-default\">\n\t\t\t\t\t<div class=\"elementor-column elementor-col-100 elementor-top-column elementor-element elementor-element-e836ea0\" data-id=\"e836ea0\" data-element_type=\"column\">\n\t\t\t<div class=\"elementor-widget-wrap elementor-element-populated\">\n\t\t\t\t\t\t\t\t<div class=\"elementor-element elementor-element-e394992 elementor-widget__width-initial elementor-widget elementor-widget-thim-login-form\" data-id=\"e394992\" data-element_type=\"widget\" data-widget_type=\"thim-login-form.default\">\n\t\t\t\t<div class=\"elementor-widget-container\">\n\t\t\t\n<div id=\"thim-form-login\">\n\t<div class=\"thim-login-container\">\n\t\t<div class=\"thim-login form-submission-login\">\n\t\t\t<h2 class=\"title\">\u0110\u0103ng nh\u1eadp v\u1edbi trang web c\u1ee7a b\u1ea1n t\u00e0i kho\u1ea3n<\/h2>\n\t\t\t<form name=\"loginform\" action=\"https:\/\/demo8.thuythu.com\/nhutlong\/wp-login.php\"\n\t\t\t\tmethod=\"post\" novalidate>\n\t\t\t\t<p class=\"login-username\">\n\t\t\t\t\t<input type=\"text\" name=\"log\" placeholder=\"T\u00ean ho\u1eb7c g\u1eedi email\"\n\t\t\t\t\t\tclass=\"input required\" size=\"20\"\/>\n\t\t\t\t<\/p>\n\t\t\t\t<p class=\"login-password\">\n\t\t\t\t\t<input type=\"password\" name=\"pwd\" placeholder=\"M\u1eadt kh\u1ea9u\"\n\t\t\t\t\t\tclass=\"input required\" value=\"\" size=\"20\"\/>\n\t\t\t\t<\/p>\n\t\t\t\t\t\t\t\t\t\t\t\t<a class=\"lost-pass-link\" href=\"https:\/\/demo8.thuythu.com\/nhutlong\/account\/?action=lostpassword\" title=\"M\u1eadt Kh\u1ea9u B\u1ecb M\u1ea5t\">M\u1ea5t m\u1eadt kh\u1ea9u?<\/a>\t\t\t\t<p class=\"forgetmenot login-remember\">\n\t\t\t\t\t<label for=\"rememberMe\">\n\t\t\t\t\t\t<input name=\"rememberme\" type=\"checkbox\" id=\"rememberMe\"\n\t\t\t\t\t\t\tvalue=\"forever\"\/> Nh\u1edb T\u00f4i\t\t\t\t\t<\/label>\n\t\t\t\t<\/p>\n\t\t\t\t<p class=\"submit login-submit\">\n\t\t\t\t\t<input type=\"submit\" name=\"wp-submit\" class=\"button button-primary button-large\"\n\t\t\t\t\t\tvalue=\"\u0110\u0103ng nh\u1eadp\"\/>\n\t\t\t\t\t<input type=\"hidden\" name=\"redirect_to\"\n\t\t\t\t\t\tvalue=\"https:\/\/demo8.thuythu.com\/nhutlong\/wp-json\/wp\/v2\/pages\/2958\"\/>\n\t\t\t\t\t<input type=\"hidden\" name=\"testcookie\" value=\"1\"\/>\n\t\t\t\t\t<input type=\"hidden\" name=\"eduma_login_user\">\n\t\t\t\t<\/p>\n\t\t\t<\/form>\n\t\t\t<p class=\"link-bottom\">Ch\u01b0a \u0111\u0103ng k\u00fd?  <a href=\"https:\/\/demo8.thuythu.com\/nhutlong\/account\/?action=register\">\u0110\u0103ng k\u00fd ngay b\u00e2y gi\u1edd<\/a><\/p>\t\t<\/div>\n\t<\/div>\n<\/div>\n\n\t\t<\/div>\n\t\t\t\t<\/div>\n\t\t\t\t\t<\/div>\n\t\t<\/div>\n\t\t\t\t\t\t\t<\/div>\n\t\t<\/section>\n\t\t\t\t\t\t\t<\/div>\n\t\t","protected":false},"excerpt":{"rendered":"<p>You have logged in. Sign Out<\/p>\n","protected":false},"author":1,"featured_media":0,"parent":0,"menu_order":0,"comment_status":"closed","ping_status":"closed","template":"","meta":{"footnotes":""},"lang":"vi","translations":{"vi":2958},"pll_sync_post":[],"_links":{"self":[{"href":"https:\/\/demo8.thuythu.com\/nhutlong\/wp-json\/wp\/v2\/pages\/2958"}],"collection":[{"href":"https:\/\/demo8.thuythu.com\/nhutlong\/wp-json\/wp\/v2\/pages"}],"about":[{"href":"https:\/\/demo8.thuythu.com\/nhutlong\/wp-json\/wp\/v2\/types\/page"}],"author":[{"embeddable":true,"href":"https:\/\/demo8.thuythu.com\/nhutlong\/wp-json\/wp\/v2\/users\/1"}],"replies":[{"embeddable":true,"href":"https:\/\/demo8.thuythu.com\/nhutlong\/wp-json\/wp\/v2\/comments?post=2958"}],"version-history":[{"count":0,"href":"https:\/\/demo8.thuythu.com\/nhutlong\/wp-json\/wp\/v2\/pages\/2958\/revisions"}],"wp:attachment":[{"href":"https:\/\/demo8.thuythu.com\/nhutlong\/wp-json\/wp\/v2\/media?parent=2958"}],"curies":[{"name":"wp","href":"https:\/\/api.w.org\/{rel}","templated":true}]}}