{"id":17,"date":"2022-06-13T01:17:50","date_gmt":"2022-06-13T01:17:50","guid":{"rendered":"https:\/\/demo8.thuythu.com\/novaon\/?page_id=17"},"modified":"2022-09-07T04:14:59","modified_gmt":"2022-09-07T04:14:59","slug":"giai-thuong-thanh-tuu","status":"publish","type":"page","link":"https:\/\/demo8.thuythu.com\/novaon\/gioi-thieu-tap-doan\/giai-thuong-thanh-tuu\/","title":{"rendered":"Gi\u1ea3i th\u01b0\u1edfng &#8211; Th\u00e0nh t\u1ef1u"},"content":{"rendered":"<p>Qua 16 n\u0103m h\u00ecnh th\u00e0nh v\u00e0 ph\u00e1t tri\u1ec3n, v\u1edbi t\u01b0 duy s\u00e1ng t\u1ea1o, m\u1ea1nh d\u1ea1n \u0111\u1ed5i m\u1edbi v\u00e0 n\u1ed7 l\u1ef1c kh\u00f4ng ng\u1eebng, T\u1eadp \u0111o\u00e0n Novaon \u0111\u00e3 tr\u1edf th\u00e0nh m\u1ed9t trong nh\u1eefng doanh nghi\u1ec7p chuy\u1ec3n \u0111\u1ed5i s\u1ed1 h\u00e0ng \u0111\u1ea7u Vi\u1ec7t Nam. T\u1eadp \u0111o\u00e0n Novaon \u0111\u00f3ng g\u00f3p t\u00edch c\u1ef1c cho s\u1ef1 ph\u00e1t tri\u1ec3n c\u1ee7a \u0111\u1ea5t n\u01b0\u1edbc n\u00f3i chung v\u00e0 l\u0129nh v\u1ef1c kinh t\u1ebf s\u1ed1 n\u00f3i ri\u00eang, gi\u00fap 95.000 doanh nghi\u1ec7p chuy\u1ec3n \u0111\u1ed5i s\u1ed1 th\u00e0nh c\u00f4ng. V\u1edbi nh\u1eefng th\u00e0nh t\u00edch n\u1ed5i b\u1eadt \u0111\u00f3, C\u00f4ng ty \u0111\u00e3 vinh d\u1ef1 nh\u1eadn \u0111\u01b0\u1ee3c c\u00e1c Danh hi\u1ec7u v\u00e0 Gi\u1ea3i th\u01b0\u1edfng cao qu\u00fd:<\/p>\n","protected":false},"excerpt":{"rendered":"<p>Qua 16 n\u0103m h\u00ecnh th\u00e0nh v\u00e0 ph\u00e1t tri\u1ec3n, v\u1edbi t\u01b0 duy s\u00e1ng t\u1ea1o, m\u1ea1nh d\u1ea1n \u0111\u1ed5i m\u1edbi v\u00e0 n\u1ed7 l\u1ef1c kh\u00f4ng ng\u1eebng, T\u1eadp \u0111o\u00e0n Novaon \u0111\u00e3 tr\u1edf th\u00e0nh m\u1ed9t trong nh\u1eefng doanh nghi\u1ec7p chuy\u1ec3n \u0111\u1ed5i s\u1ed1 h\u00e0ng \u0111\u1ea7u Vi\u1ec7t Nam. T\u1eadp \u0111o\u00e0n Novaon \u0111\u00f3ng g\u00f3p t\u00edch c\u1ef1c cho s\u1ef1 ph\u00e1t tri\u1ec3n c\u1ee7a \u0111\u1ea5t n\u01b0\u1edbc n\u00f3i &#8230; <a title=\"Gi\u1ea3i th\u01b0\u1edfng &#8211; Th\u00e0nh t\u1ef1u\" class=\"read-more\" href=\"https:\/\/demo8.thuythu.com\/novaon\/gioi-thieu-tap-doan\/giai-thuong-thanh-tuu\/\" aria-label=\"More on Gi\u1ea3i th\u01b0\u1edfng &#8211; Th\u00e0nh t\u1ef1u\">Read more<\/a><\/p>\n","protected":false},"author":1,"featured_media":0,"parent":366,"menu_order":0,"comment_status":"closed","ping_status":"closed","template":"templates\/about-achievement.php","meta":[],"acf":[],"yoast_head":"<!-- This site is optimized with the Yoast SEO plugin v19.1 - https:\/\/yoast.com\/wordpress\/plugins\/seo\/ -->\n<title>Gi\u1ea3i th\u01b0\u1edfng - Th\u00e0nh t\u1ef1u - Novaon<\/title>\n<meta name=\"robots\" content=\"noindex, follow, max-snippet:-1, max-image-preview:large, max-video-preview:-1\" \/>\n<meta property=\"og:locale\" content=\"vi_VN\" \/>\n<meta property=\"og:type\" content=\"article\" \/>\n<meta property=\"og:title\" content=\"Gi\u1ea3i th\u01b0\u1edfng - Th\u00e0nh t\u1ef1u - Novaon\" \/>\n<meta property=\"og:description\" content=\"Qua 16 n\u0103m h\u00ecnh th\u00e0nh v\u00e0 ph\u00e1t tri\u1ec3n, v\u1edbi t\u01b0 duy s\u00e1ng t\u1ea1o, m\u1ea1nh d\u1ea1n \u0111\u1ed5i m\u1edbi v\u00e0 n\u1ed7 l\u1ef1c kh\u00f4ng ng\u1eebng, T\u1eadp \u0111o\u00e0n Novaon \u0111\u00e3 tr\u1edf th\u00e0nh m\u1ed9t trong nh\u1eefng doanh nghi\u1ec7p chuy\u1ec3n \u0111\u1ed5i s\u1ed1 h\u00e0ng \u0111\u1ea7u Vi\u1ec7t Nam. T\u1eadp \u0111o\u00e0n Novaon \u0111\u00f3ng g\u00f3p t\u00edch c\u1ef1c cho s\u1ef1 ph\u00e1t tri\u1ec3n c\u1ee7a \u0111\u1ea5t n\u01b0\u1edbc n\u00f3i ... Read more\" \/>\n<meta property=\"og:url\" content=\"https:\/\/demo8.thuythu.com\/novaon\/gioi-thieu-tap-doan\/giai-thuong-thanh-tuu\/\" \/>\n<meta property=\"og:site_name\" content=\"Novaon\" \/>\n<meta property=\"article:modified_time\" content=\"2022-09-07T04:14:59+00:00\" \/>\n<meta name=\"twitter:card\" content=\"summary_large_image\" \/>\n<meta name=\"twitter:label1\" content=\"Est. reading time\" \/>\n\t<meta name=\"twitter:data1\" content=\"1 minute\" \/>\n<script type=\"application\/ld+json\" class=\"yoast-schema-graph\">{\"@context\":\"https:\/\/schema.org\",\"@graph\":[{\"@type\":\"WebSite\",\"@id\":\"https:\/\/demo8.thuythu.com\/novaon\/#website\",\"url\":\"https:\/\/demo8.thuythu.com\/novaon\/\",\"name\":\"Novaon\",\"description\":\"\",\"potentialAction\":[{\"@type\":\"SearchAction\",\"target\":{\"@type\":\"EntryPoint\",\"urlTemplate\":\"https:\/\/demo8.thuythu.com\/novaon\/?s={search_term_string}\"},\"query-input\":\"required name=search_term_string\"}],\"inLanguage\":\"vi-VN\"},{\"@type\":\"WebPage\",\"@id\":\"https:\/\/demo8.thuythu.com\/novaon\/gioi-thieu-tap-doan\/giai-thuong-thanh-tuu\/#webpage\",\"url\":\"https:\/\/demo8.thuythu.com\/novaon\/gioi-thieu-tap-doan\/giai-thuong-thanh-tuu\/\",\"name\":\"Gi\u1ea3i th\u01b0\u1edfng - Th\u00e0nh t\u1ef1u - Novaon\",\"isPartOf\":{\"@id\":\"https:\/\/demo8.thuythu.com\/novaon\/#website\"},\"datePublished\":\"2022-06-13T01:17:50+00:00\",\"dateModified\":\"2022-09-07T04:14:59+00:00\",\"breadcrumb\":{\"@id\":\"https:\/\/demo8.thuythu.com\/novaon\/gioi-thieu-tap-doan\/giai-thuong-thanh-tuu\/#breadcrumb\"},\"inLanguage\":\"vi-VN\",\"potentialAction\":[{\"@type\":\"ReadAction\",\"target\":[\"https:\/\/demo8.thuythu.com\/novaon\/gioi-thieu-tap-doan\/giai-thuong-thanh-tuu\/\"]}]},{\"@type\":\"BreadcrumbList\",\"@id\":\"https:\/\/demo8.thuythu.com\/novaon\/gioi-thieu-tap-doan\/giai-thuong-thanh-tuu\/#breadcrumb\",\"itemListElement\":[{\"@type\":\"ListItem\",\"position\":1,\"name\":\"Home\",\"item\":\"https:\/\/demo8.thuythu.com\/novaon\/\"},{\"@type\":\"ListItem\",\"position\":2,\"name\":\"Gi\u1edbi thi\u1ec7u t\u1eadp \u0111o\u00e0n\",\"item\":\"https:\/\/demo8.thuythu.com\/novaon\/gioi-thieu-tap-doan\/\"},{\"@type\":\"ListItem\",\"position\":3,\"name\":\"Gi\u1ea3i th\u01b0\u1edfng &#8211; Th\u00e0nh t\u1ef1u\"}]}]}<\/script>\n<!-- \/ Yoast SEO plugin. -->","yoast_head_json":{"title":"Gi\u1ea3i th\u01b0\u1edfng - Th\u00e0nh t\u1ef1u - Novaon","robots":{"index":"noindex","follow":"follow","max-snippet":"max-snippet:-1","max-image-preview":"max-image-preview:large","max-video-preview":"max-video-preview:-1"},"og_locale":"vi_VN","og_type":"article","og_title":"Gi\u1ea3i th\u01b0\u1edfng - Th\u00e0nh t\u1ef1u - Novaon","og_description":"Qua 16 n\u0103m h\u00ecnh th\u00e0nh v\u00e0 ph\u00e1t tri\u1ec3n, v\u1edbi t\u01b0 duy s\u00e1ng t\u1ea1o, m\u1ea1nh d\u1ea1n \u0111\u1ed5i m\u1edbi v\u00e0 n\u1ed7 l\u1ef1c kh\u00f4ng ng\u1eebng, T\u1eadp \u0111o\u00e0n Novaon \u0111\u00e3 tr\u1edf th\u00e0nh m\u1ed9t trong nh\u1eefng doanh nghi\u1ec7p chuy\u1ec3n \u0111\u1ed5i s\u1ed1 h\u00e0ng \u0111\u1ea7u Vi\u1ec7t Nam. T\u1eadp \u0111o\u00e0n Novaon \u0111\u00f3ng g\u00f3p t\u00edch c\u1ef1c cho s\u1ef1 ph\u00e1t tri\u1ec3n c\u1ee7a \u0111\u1ea5t n\u01b0\u1edbc n\u00f3i ... Read more","og_url":"https:\/\/demo8.thuythu.com\/novaon\/gioi-thieu-tap-doan\/giai-thuong-thanh-tuu\/","og_site_name":"Novaon","article_modified_time":"2022-09-07T04:14:59+00:00","twitter_card":"summary_large_image","twitter_misc":{"Est. reading time":"1 minute"},"schema":{"@context":"https:\/\/schema.org","@graph":[{"@type":"WebSite","@id":"https:\/\/demo8.thuythu.com\/novaon\/#website","url":"https:\/\/demo8.thuythu.com\/novaon\/","name":"Novaon","description":"","potentialAction":[{"@type":"SearchAction","target":{"@type":"EntryPoint","urlTemplate":"https:\/\/demo8.thuythu.com\/novaon\/?s={search_term_string}"},"query-input":"required name=search_term_string"}],"inLanguage":"vi-VN"},{"@type":"WebPage","@id":"https:\/\/demo8.thuythu.com\/novaon\/gioi-thieu-tap-doan\/giai-thuong-thanh-tuu\/#webpage","url":"https:\/\/demo8.thuythu.com\/novaon\/gioi-thieu-tap-doan\/giai-thuong-thanh-tuu\/","name":"Gi\u1ea3i th\u01b0\u1edfng - Th\u00e0nh t\u1ef1u - Novaon","isPartOf":{"@id":"https:\/\/demo8.thuythu.com\/novaon\/#website"},"datePublished":"2022-06-13T01:17:50+00:00","dateModified":"2022-09-07T04:14:59+00:00","breadcrumb":{"@id":"https:\/\/demo8.thuythu.com\/novaon\/gioi-thieu-tap-doan\/giai-thuong-thanh-tuu\/#breadcrumb"},"inLanguage":"vi-VN","potentialAction":[{"@type":"ReadAction","target":["https:\/\/demo8.thuythu.com\/novaon\/gioi-thieu-tap-doan\/giai-thuong-thanh-tuu\/"]}]},{"@type":"BreadcrumbList","@id":"https:\/\/demo8.thuythu.com\/novaon\/gioi-thieu-tap-doan\/giai-thuong-thanh-tuu\/#breadcrumb","itemListElement":[{"@type":"ListItem","position":1,"name":"Home","item":"https:\/\/demo8.thuythu.com\/novaon\/"},{"@type":"ListItem","position":2,"name":"Gi\u1edbi thi\u1ec7u t\u1eadp \u0111o\u00e0n","item":"https:\/\/demo8.thuythu.com\/novaon\/gioi-thieu-tap-doan\/"},{"@type":"ListItem","position":3,"name":"Gi\u1ea3i th\u01b0\u1edfng &#8211; Th\u00e0nh t\u1ef1u"}]}]}},"_links":{"self":[{"href":"https:\/\/demo8.thuythu.com\/novaon\/wp-json\/wp\/v2\/pages\/17"}],"collection":[{"href":"https:\/\/demo8.thuythu.com\/novaon\/wp-json\/wp\/v2\/pages"}],"about":[{"href":"https:\/\/demo8.thuythu.com\/novaon\/wp-json\/wp\/v2\/types\/page"}],"author":[{"embeddable":true,"href":"https:\/\/demo8.thuythu.com\/novaon\/wp-json\/wp\/v2\/users\/1"}],"replies":[{"embeddable":true,"href":"https:\/\/demo8.thuythu.com\/novaon\/wp-json\/wp\/v2\/comments?post=17"}],"version-history":[{"count":10,"href":"https:\/\/demo8.thuythu.com\/novaon\/wp-json\/wp\/v2\/pages\/17\/revisions"}],"predecessor-version":[{"id":1478,"href":"https:\/\/demo8.thuythu.com\/novaon\/wp-json\/wp\/v2\/pages\/17\/revisions\/1478"}],"up":[{"embeddable":true,"href":"https:\/\/demo8.thuythu.com\/novaon\/wp-json\/wp\/v2\/pages\/366"}],"wp:attachment":[{"href":"https:\/\/demo8.thuythu.com\/novaon\/wp-json\/wp\/v2\/media?parent=17"}],"curies":[{"name":"wp","href":"https:\/\/api.w.org\/{rel}","templated":true}]}}