
{"id":1854,"date":"2020-08-14T02:09:41","date_gmt":"2020-08-14T02:09:41","guid":{"rendered":"https:\/\/demo1.thuythu.vn\/dnu\/gioi-thieu-cong-ty\/"},"modified":"2023-03-06T07:41:11","modified_gmt":"2023-03-06T07:41:11","slug":"gioi-thieu-cong-ty","status":"publish","type":"page","link":"https:\/\/demo8.thuythu.com\/ntfuture\/en\/gioi-thieu-cong-ty\/","title":{"rendered":"Gi\u1edbi thi\u1ec7u"},"content":{"rendered":"","protected":false},"excerpt":{"rendered":"","protected":false},"author":1,"featured_media":0,"parent":0,"menu_order":0,"comment_status":"closed","ping_status":"closed","template":"templates\/introduce.php","meta":[],"yoast_head":"<!-- This site is optimized with the Yoast SEO plugin v14.7 - https:\/\/yoast.com\/wordpress\/plugins\/seo\/ -->\n<title>Gi\u1edbi thi\u1ec7u C\u00f4ng ty - DNU Decor<\/title>\n<meta name=\"description\" content=\"DNU Decor l\u00e0 \u0111\u01a1n v\u1ecb Agency chuy\u00ean thi\u1ebft k\u1ebf, decor, thi c\u00f4ng v\u00e0 di\u1ec5n ho\u1ea1 h\u00ecnh \u1ea3nh d\u1ef1 \u00e1n chuy\u00ean nghi\u1ec7p, uy t\u00edn h\u00e0ng \u0111\u1ea7u \u1edf Vi\u1ec7t Nam\" \/>\n<meta name=\"robots\" content=\"noindex, follow\" \/>\n<meta property=\"og:locale\" content=\"vi_VN\" \/>\n<meta property=\"og:type\" content=\"article\" \/>\n<meta property=\"og:title\" content=\"Gi\u1edbi thi\u1ec7u C\u00f4ng ty - DNU Decor\" \/>\n<meta property=\"og:description\" content=\"DNU Decor l\u00e0 \u0111\u01a1n v\u1ecb Agency chuy\u00ean thi\u1ebft k\u1ebf, decor, thi c\u00f4ng v\u00e0 di\u1ec5n ho\u1ea1 h\u00ecnh \u1ea3nh d\u1ef1 \u00e1n chuy\u00ean nghi\u1ec7p, uy t\u00edn h\u00e0ng \u0111\u1ea7u \u1edf Vi\u1ec7t Nam\" \/>\n<meta property=\"og:url\" content=\"https:\/\/demo8.thuythu.com\/ntfuture\/en\/gioi-thieu-cong-ty\/\" \/>\n<meta property=\"og:site_name\" content=\"CREATIVE\" \/>\n<meta property=\"article:publisher\" content=\"https:\/\/www.facebook.com\/DNUdecor\/\" \/>\n<meta property=\"article:modified_time\" content=\"2023-03-06T07:41:11+00:00\" \/>\n<meta name=\"twitter:card\" content=\"summary_large_image\" \/>\n<meta name=\"twitter:creator\" content=\"@DNU_Decor\" \/>\n<meta name=\"twitter:site\" content=\"@DNU_Decor\" \/>\n<script type=\"application\/ld+json\" class=\"yoast-schema-graph\">{\"@context\":\"https:\/\/schema.org\",\"@graph\":[{\"@type\":\"WebSite\",\"@id\":\"https:\/\/demo8.thuythu.com\/ntfuture\/#website\",\"url\":\"https:\/\/demo8.thuythu.com\/ntfuture\/\",\"name\":\"CREATIVE\",\"description\":\"\",\"potentialAction\":[{\"@type\":\"SearchAction\",\"target\":\"https:\/\/demo8.thuythu.com\/ntfuture\/?s={search_term_string}\",\"query-input\":\"required name=search_term_string\"}],\"inLanguage\":\"vi-VN\"},{\"@type\":\"WebPage\",\"@id\":\"https:\/\/demo8.thuythu.com\/ntfuture\/en\/gioi-thieu-cong-ty\/#webpage\",\"url\":\"https:\/\/demo8.thuythu.com\/ntfuture\/en\/gioi-thieu-cong-ty\/\",\"name\":\"Gi\\u1edbi thi\\u1ec7u C\\u00f4ng ty - DNU Decor\",\"isPartOf\":{\"@id\":\"https:\/\/demo8.thuythu.com\/ntfuture\/#website\"},\"datePublished\":\"2020-08-14T02:09:41+00:00\",\"dateModified\":\"2023-03-06T07:41:11+00:00\",\"description\":\"DNU Decor l\\u00e0 \\u0111\\u01a1n v\\u1ecb Agency chuy\\u00ean thi\\u1ebft k\\u1ebf, decor, thi c\\u00f4ng v\\u00e0 di\\u1ec5n ho\\u1ea1 h\\u00ecnh \\u1ea3nh d\\u1ef1 \\u00e1n chuy\\u00ean nghi\\u1ec7p, uy t\\u00edn h\\u00e0ng \\u0111\\u1ea7u \\u1edf Vi\\u1ec7t Nam\",\"inLanguage\":\"vi-VN\",\"potentialAction\":[{\"@type\":\"ReadAction\",\"target\":[\"https:\/\/demo8.thuythu.com\/ntfuture\/en\/gioi-thieu-cong-ty\/\"]}]}]}<\/script>\n<!-- \/ Yoast SEO plugin. -->","_links":{"self":[{"href":"https:\/\/demo8.thuythu.com\/ntfuture\/wp-json\/wp\/v2\/pages\/1854"}],"collection":[{"href":"https:\/\/demo8.thuythu.com\/ntfuture\/wp-json\/wp\/v2\/pages"}],"about":[{"href":"https:\/\/demo8.thuythu.com\/ntfuture\/wp-json\/wp\/v2\/types\/page"}],"author":[{"embeddable":true,"href":"https:\/\/demo8.thuythu.com\/ntfuture\/wp-json\/wp\/v2\/users\/1"}],"replies":[{"embeddable":true,"href":"https:\/\/demo8.thuythu.com\/ntfuture\/wp-json\/wp\/v2\/comments?post=1854"}],"version-history":[{"count":10,"href":"https:\/\/demo8.thuythu.com\/ntfuture\/wp-json\/wp\/v2\/pages\/1854\/revisions"}],"predecessor-version":[{"id":4223,"href":"https:\/\/demo8.thuythu.com\/ntfuture\/wp-json\/wp\/v2\/pages\/1854\/revisions\/4223"}],"wp:attachment":[{"href":"https:\/\/demo8.thuythu.com\/ntfuture\/wp-json\/wp\/v2\/media?parent=1854"}],"curies":[{"name":"wp","href":"https:\/\/api.w.org\/{rel}","templated":true}]}}