{"id":857,"date":"2021-08-30T04:54:35","date_gmt":"2021-08-30T04:54:35","guid":{"rendered":"https:\/\/demo8.thuythu.com\/phaphoaphattu\/phuong-phap-hanh-tri\/"},"modified":"2022-04-08T03:50:41","modified_gmt":"2022-04-08T03:50:41","slug":"phuong-phap-hanh-tri","status":"publish","type":"page","link":"https:\/\/demo8.thuythu.com\/phaphoaphattu\/en\/phuong-phap-hanh-tri\/","title":{"rendered":"Ph\u01b0\u01a1ng ph\u00e1p h\u00e0nh tr\u00ec"},"content":{"rendered":"<p><a href=\"https:\/\/demo8.thuythu.com\/phaphoaphattu\/wp-content\/uploads\/2022\/04\/146_Thap-Nhi-Danh-Le-Sam-112212.pdf\">Ch\u1ecdn v\u00e0o Link n\u00e0y \u0111\u1ec3 Download file PDF Nghi th\u1ee9c h\u00e0nh tr\u00ec M\u1eadt T\u00f4ng &#8211; T\u1ecbnh \u0110\u1ed9<\/a><\/p>\n<p><img decoding=\"async\" src=\"http:\/\/dharmaflowertemple.com\/images\/stories\/MT-Book-300px.jpg\" \/><\/p>\n","protected":false},"excerpt":{"rendered":"<p>Ch\u1ecdn v\u00e0o Link n\u00e0y \u0111\u1ec3 Download file PDF Nghi th\u1ee9c h\u00e0nh tr\u00ec M\u1eadt T\u00f4ng &#8211; T\u1ecbnh \u0110\u1ed9<\/p>\n","protected":false},"author":1,"featured_media":737,"parent":0,"menu_order":0,"comment_status":"closed","ping_status":"closed","template":"templates\/phap-mon.php","meta":[],"_links":{"self":[{"href":"https:\/\/demo8.thuythu.com\/phaphoaphattu\/en\/wp-json\/wp\/v2\/pages\/857"}],"collection":[{"href":"https:\/\/demo8.thuythu.com\/phaphoaphattu\/en\/wp-json\/wp\/v2\/pages"}],"about":[{"href":"https:\/\/demo8.thuythu.com\/phaphoaphattu\/en\/wp-json\/wp\/v2\/types\/page"}],"author":[{"embeddable":true,"href":"https:\/\/demo8.thuythu.com\/phaphoaphattu\/en\/wp-json\/wp\/v2\/users\/1"}],"replies":[{"embeddable":true,"href":"https:\/\/demo8.thuythu.com\/phaphoaphattu\/en\/wp-json\/wp\/v2\/comments?post=857"}],"version-history":[{"count":6,"href":"https:\/\/demo8.thuythu.com\/phaphoaphattu\/en\/wp-json\/wp\/v2\/pages\/857\/revisions"}],"predecessor-version":[{"id":1299,"href":"https:\/\/demo8.thuythu.com\/phaphoaphattu\/en\/wp-json\/wp\/v2\/pages\/857\/revisions\/1299"}],"wp:featuredmedia":[{"embeddable":true,"href":"https:\/\/demo8.thuythu.com\/phaphoaphattu\/en\/wp-json\/wp\/v2\/media\/737"}],"wp:attachment":[{"href":"https:\/\/demo8.thuythu.com\/phaphoaphattu\/en\/wp-json\/wp\/v2\/media?parent=857"}],"curies":[{"name":"wp","href":"https:\/\/api.w.org\/{rel}","templated":true}]}}