{"id":45,"date":"2021-03-02T09:19:44","date_gmt":"2021-03-02T09:19:44","guid":{"rendered":"https:\/\/demo8.thuythu.com\/plasticshanoi\/?page_id=45"},"modified":"2023-02-23T16:41:09","modified_gmt":"2023-02-23T16:41:09","slug":"trang-chu","status":"publish","type":"page","link":"https:\/\/demo8.thuythu.com\/plasticshanoi\/","title":{"rendered":"Trang ch\u1ee7"},"content":{"rendered":"","protected":false},"excerpt":{"rendered":"","protected":false},"author":1,"featured_media":0,"parent":0,"menu_order":0,"comment_status":"closed","ping_status":"closed","template":"templates\/home.php","meta":[],"yoast_head":"<!-- This site is optimized with the Yoast SEO plugin v15.9 - https:\/\/yoast.com\/wordpress\/plugins\/seo\/ -->\n<title>Trang ch\u1ee7 - CREATIVE<\/title>\n<meta name=\"description\" content=\"Tri\u1ec3n l\u00e3m v\u00e0 H\u1ed9i th\u1ea3o Qu\u1ed1c t\u1ebf v\u1ec1 C\u00f4ng ngh\u1ec7, Nguy\u00ean ph\u1ee5 li\u1ec7u &amp; Thi\u1ebft b\u1ecb, M\u00e1y m\u00f3c ng\u00e0nh Nh\u1ef1a &amp; Cao su t\u1ea1i H\u00e0 N\u1ed9i\" \/>\n<meta name=\"robots\" content=\"noindex, follow, max-snippet:-1, max-image-preview:large, max-video-preview:-1\" \/>\n<meta property=\"og:locale\" content=\"vi_VN\" \/>\n<meta property=\"og:type\" content=\"article\" \/>\n<meta property=\"og:title\" content=\"Trang ch\u1ee7 - CREATIVE\" \/>\n<meta property=\"og:description\" content=\"Tri\u1ec3n l\u00e3m v\u00e0 H\u1ed9i th\u1ea3o Qu\u1ed1c t\u1ebf v\u1ec1 C\u00f4ng ngh\u1ec7, Nguy\u00ean ph\u1ee5 li\u1ec7u &amp; Thi\u1ebft b\u1ecb, M\u00e1y m\u00f3c ng\u00e0nh Nh\u1ef1a &amp; Cao su t\u1ea1i H\u00e0 N\u1ed9i\" \/>\n<meta property=\"og:url\" content=\"https:\/\/demo8.thuythu.com\/plasticshanoi\/\" \/>\n<meta property=\"og:site_name\" content=\"CREATIVE\" \/>\n<meta property=\"article:modified_time\" content=\"2023-02-23T16:41:09+00:00\" \/>\n<meta name=\"twitter:card\" content=\"summary_large_image\" \/>\n<script type=\"application\/ld+json\" class=\"yoast-schema-graph\">{\"@context\":\"https:\/\/schema.org\",\"@graph\":[{\"@type\":\"WebSite\",\"@id\":\"https:\/\/demo8.thuythu.com\/plasticshanoi\/#website\",\"url\":\"https:\/\/demo8.thuythu.com\/plasticshanoi\/\",\"name\":\"CREATIVE\",\"description\":\"\",\"potentialAction\":[{\"@type\":\"SearchAction\",\"target\":\"https:\/\/demo8.thuythu.com\/plasticshanoi\/?s={search_term_string}\",\"query-input\":\"required name=search_term_string\"}],\"inLanguage\":\"vi\"},{\"@type\":\"WebPage\",\"@id\":\"https:\/\/demo8.thuythu.com\/plasticshanoi\/#webpage\",\"url\":\"https:\/\/demo8.thuythu.com\/plasticshanoi\/\",\"name\":\"Trang ch\\u1ee7 - CREATIVE\",\"isPartOf\":{\"@id\":\"https:\/\/demo8.thuythu.com\/plasticshanoi\/#website\"},\"datePublished\":\"2021-03-02T09:19:44+00:00\",\"dateModified\":\"2023-02-23T16:41:09+00:00\",\"description\":\"Tri\\u1ec3n l\\u00e3m v\\u00e0 H\\u1ed9i th\\u1ea3o Qu\\u1ed1c t\\u1ebf v\\u1ec1 C\\u00f4ng ngh\\u1ec7, Nguy\\u00ean ph\\u1ee5 li\\u1ec7u & Thi\\u1ebft b\\u1ecb, M\\u00e1y m\\u00f3c ng\\u00e0nh Nh\\u1ef1a & Cao su t\\u1ea1i H\\u00e0 N\\u1ed9i\",\"breadcrumb\":{\"@id\":\"https:\/\/demo8.thuythu.com\/plasticshanoi\/#breadcrumb\"},\"inLanguage\":\"vi\",\"potentialAction\":[{\"@type\":\"ReadAction\",\"target\":[\"https:\/\/demo8.thuythu.com\/plasticshanoi\/\"]}]},{\"@type\":\"BreadcrumbList\",\"@id\":\"https:\/\/demo8.thuythu.com\/plasticshanoi\/#breadcrumb\",\"itemListElement\":[{\"@type\":\"ListItem\",\"position\":1,\"item\":{\"@type\":\"WebPage\",\"@id\":\"https:\/\/demo8.thuythu.com\/plasticshanoi\/\",\"url\":\"https:\/\/demo8.thuythu.com\/plasticshanoi\/\",\"name\":\"Trang ch\\u1ee7\"}},{\"@type\":\"ListItem\",\"position\":2,\"item\":{\"@type\":\"WebPage\",\"@id\":\"https:\/\/demo8.thuythu.com\/plasticshanoi\/\",\"url\":\"https:\/\/demo8.thuythu.com\/plasticshanoi\/\",\"name\":\"Trang ch\\u1ee7\"}}]}]}<\/script>\n<!-- \/ Yoast SEO plugin. -->","_links":{"self":[{"href":"https:\/\/demo8.thuythu.com\/plasticshanoi\/wp-json\/wp\/v2\/pages\/45"}],"collection":[{"href":"https:\/\/demo8.thuythu.com\/plasticshanoi\/wp-json\/wp\/v2\/pages"}],"about":[{"href":"https:\/\/demo8.thuythu.com\/plasticshanoi\/wp-json\/wp\/v2\/types\/page"}],"author":[{"embeddable":true,"href":"https:\/\/demo8.thuythu.com\/plasticshanoi\/wp-json\/wp\/v2\/users\/1"}],"replies":[{"embeddable":true,"href":"https:\/\/demo8.thuythu.com\/plasticshanoi\/wp-json\/wp\/v2\/comments?post=45"}],"version-history":[{"count":138,"href":"https:\/\/demo8.thuythu.com\/plasticshanoi\/wp-json\/wp\/v2\/pages\/45\/revisions"}],"predecessor-version":[{"id":3692,"href":"https:\/\/demo8.thuythu.com\/plasticshanoi\/wp-json\/wp\/v2\/pages\/45\/revisions\/3692"}],"wp:attachment":[{"href":"https:\/\/demo8.thuythu.com\/plasticshanoi\/wp-json\/wp\/v2\/media?parent=45"}],"curies":[{"name":"wp","href":"https:\/\/api.w.org\/{rel}","templated":true}]}}