{"id":602,"date":"2021-03-19T10:16:32","date_gmt":"2021-03-19T10:16:32","guid":{"rendered":"https:\/\/demo8.thuythu.com\/plasticshanoi\/?page_id=602"},"modified":"2022-04-26T10:22:15","modified_gmt":"2022-04-26T10:22:15","slug":"quy-dinh-va-the-le-tham-quan-trien-lam","status":"publish","type":"page","link":"https:\/\/demo8.thuythu.com\/plasticshanoi\/quy-dinh-va-the-le-tham-quan-trien-lam\/","title":{"rendered":"Quy \u0111\u1ecbnh v\u00e0 th\u1ec3 l\u1ec7 Tham quan tri\u1ec3n l\u00e3m"},"content":{"rendered":"<p>C\u00e1c B\u00ean T\u1ed5 Ch\u1ee9c coi tr\u1ecdng quy\u1ec1n ri\u00eang t\u01b0 c\u00e1 nh\u00e2n. Tuy\u00ean B\u1ed1 n\u00e0y gi\u1ea3i th\u00edch c\u00e1c ch\u00ednh s\u00e1ch v\u00e0 c\u00e1ch th\u1ef1c h\u00e0nh c\u1ee7a c\u00e1c B\u00ean T\u1ed5 Ch\u1ee9c. C\u00e1c B\u00ean T\u1ed5 Ch\u1ee9c t\u00f4n tr\u1ecdng quy\u1ec1n ri\u00eang t\u01b0 c\u1ee7a Kh\u00e1ch Tham Quan v\u00e0 c\u00e1c B\u00ean T\u1ed5 Ch\u1ee9c s\u1ebd c\u00f3 nh\u1eefng n\u1ed7 l\u1ef1c h\u1ee3p l\u00fd \u0111\u1ec3: \u2022 tri\u1ec3n khai nh\u1eefng bi\u1ec7n ph\u00e1p b\u1ea3o v\u1ec7 v\u1ec1 m\u00e1y t\u00ednh, c\u01a1 h\u1ecdc c\u0169ng nh\u01b0 quy tr\u00ecnh th\u1ee7 t\u1ee5c \u0111\u1ec3 b\u1ea3o v\u1ec7 m\u1ed9t c\u00e1ch h\u1ee3p l\u00fd an ninh v\u00e0 s\u1ef1 b\u1ea3o m\u1eadt c\u1ee7a c\u00e1c d\u1eef li\u1ec7u c\u00e1 nh\u00e2n m\u00e0 c\u00e1c B\u00ean T\u1ed5 Ch\u1ee9c thu th\u1eadp; \u2022 gi\u1edbi h\u1ea1n d\u1eef li\u1ec7u c\u00e1 nh\u00e2n \u0111\u01b0\u1ee3c thu th\u1eadp \u1edf m\u1ee9c t\u1ed1i thi\u1ec3u c\u1ea7n thi\u1ebft \u0111\u1ec3 cung c\u1ea5p d\u1ecbch v\u1ee5 t\u1ed1t h\u01a1n; \u2022 ch\u1ec9 cho ph\u00e9p nh\u1eefng nh\u00e2n vi\u00ean \u0111\u01b0\u1ee3c ph\u00e9p v\u00e0 \u0111\u01b0\u1ee3c \u0111\u00e0o t\u1ea1o th\u00edch h\u1ee3p truy c\u1eadp c\u00e1c d\u1eef li\u1ec7u c\u00e1 nh\u00e2n; \u2022 kh\u00f4ng ti\u1ebft l\u1ed9 c\u00e1c d\u1eef li\u1ec7u c\u00e1 nh\u00e2n c\u1ee7a cho c\u00e1c b\u00ean b\u00ean ngo\u00e0i tr\u1eeb khi \u0111\u00e3 \u0111\u01b0\u1ee3c Kh\u00e1ch Tham Quan \u0111\u1ed3ng \u00fd, c\u00e1c B\u00ean T\u1ed5 Ch\u1ee9c \u0111\u01b0\u1ee3c y\u00eau c\u1ea7u theo quy \u0111\u1ecbnh c\u1ee7a ph\u00e1p lu\u1eadt ho\u1eb7c theo b\u1ea5t k\u1ef3 y\u00eau c\u1ea7u h\u1ee3p ph\u00e1p c\u1ee7a b\u1ea5t k\u1ef3 c\u01a1 quan th\u1ef1c thi ph\u00e1p lu\u1eadt n\u00e0o ho\u1eb7c c\u00e1c B\u00ean T\u1ed5 Ch\u1ee9c \u0111\u00e3 th\u00f4ng b\u00e1o tr\u01b0\u1edbc cho Kh\u00e1ch Tham Quan. (1) Thu th\u1eadp th\u00f4ng tin \u0110\u1ec3 cung c\u1ea5p cho Kh\u00e1ch Tham Quan d\u1ecbch v\u1ee5 t\u1ed1t h\u01a1n v\u00e0 th\u1ef1c hi\u1ec7n nh\u1eefng m\u1ee5c \u0111\u00edch n\u00eau t\u1ea1i m\u1ee5c ti\u1ebfp theo \u0111\u00e2y, c\u00e1c B\u00ean T\u1ed5 Ch\u1ee9c c\u00f3 th\u1ec3 thu th\u1eadp nh\u1eefng th\u00f4ng tin nh\u1ea5t \u0111\u1ecbnh khi Kh\u00e1ch Tham Quan \u0111\u0103ng k\u00fd v\u1edbi c\u00e1c B\u00ean T\u1ed5 Ch\u1ee9c ho\u1eb7c li\u00ean l\u1ea1c v\u1edbi c\u00e1c B\u00ean T\u1ed5 Ch\u1ee9c. Trong qu\u00e1 tr\u00ecnh n\u00e0y, c\u00e1c B\u00ean T\u1ed5 Ch\u1ee9c c\u0169ng c\u00f3 th\u1ec3 thu th\u1eadp th\u00f4ng tin c\u00e1 nh\u00e2n c\u1ee7a nh\u1eefng ng\u01b0\u1eddi l\u00e0 \u0111\u1ea7u m\u1ed1i li\u00ean l\u1ea1c c\u1ee7a c\u00e1c c\u00f4ng ty ho\u1eb7c c\u1ee7a c\u00e1c nh\u00e2n vi\u00ean c\u1ee7a nh\u1eefng c\u00f4ng ty \u0111\u00f3. Nh\u01b0 \u0111\u01b0\u1ee3c n\u00eau trong \u0111\u01a1n \u0111\u0103ng k\u00fd, m\u1ed9t s\u1ed1 th\u00f4ng tin \u0111\u01b0\u1ee3c y\u00eau c\u1ea7u l\u00e0 b\u1eaft bu\u1ed9c v\u00e0 m\u1ed9t s\u1ed1 th\u00f4ng tin Kh\u00e1ch Tham Quan c\u00f3 th\u1ec3 cung c\u1ea5p tr\u00ean c\u01a1 s\u1edf t\u1ef1 nguy\u1ec7n. N\u1ebfu nh\u1eefng th\u00f4ng tin b\u1eaft bu\u1ed9c c\u1ee5 th\u1ec3 \u0111\u01b0\u1ee3c y\u00eau c\u1ea7u nh\u01b0ng kh\u00f4ng \u0111\u01b0\u1ee3c cung c\u1ea5p, c\u00f3 th\u1ec3 c\u00e1c B\u00ean T\u1ed5 Ch\u1ee9c s\u1ebd kh\u00f4ng th\u1ec3 cung c\u1ea5p d\u1ecbch v\u1ee5 \u0111\u01b0\u1ee3c y\u00eau c\u1ea7u. C\u00e1c B\u00ean T\u1ed5 Ch\u1ee9c ch\u1ec9 gi\u1eef c\u00e1c d\u1eef li\u1ec7u c\u00e1 nh\u00e2n ch\u1eebng n\u00e0o m\u00e0 c\u00f2n c\u1ea7n thi\u1ebft \u0111\u1ec3 th\u1ef1c hi\u1ec7n nh\u1eefng m\u1ee5c \u0111\u00edch n\u00eau t\u1ea1i m\u1ee5c ti\u1ebfp theo \u0111\u00e2y. (2) S\u1eed d\u1ee5ng th\u00f4ng tin M\u1ee5c \u0111\u00edch c\u1ee7a vi\u1ec7c c\u00e1c B\u00ean T\u1ed5 Ch\u1ee9c s\u1eed d\u1ee5ng th\u00f4ng tin bao g\u1ed3m: \u2022 x\u1eed l\u00fd c\u00e1c \u0111\u01a1n \u0111\u0103ng k\u00fd tri\u1ec3n l\u00e3m t\u1ea1i ho\u1eb7c tham quan c\u00e1c h\u1ed9i ch\u1ee3 th\u01b0\u01a1ng m\u1ea1i c\u1ee7a c\u00e1c B\u00ean T\u1ed5 Ch\u1ee9c \u2022 t\u1ea1o thu\u1eadn l\u1ee3i v\u00e0 t\u0103ng c\u01b0\u1eddng c\u00e1c ho\u1ea1t \u0111\u1ed9ng c\u1ee7a c\u00e1c B\u00ean T\u1ed5 Ch\u1ee9c b\u1eb1ng c\u00e1ch t\u00edch h\u1ee3p d\u1eef li\u1ec7u c\u00e1 nh\u00e2n v\u00e0o c\u01a1 s\u1edf d\u1eef li\u1ec7u c\u1ee7a c\u00e1c B\u00ean T\u1ed5 Ch\u1ee9c v\u00e0 ti\u1ebfn h\u00e0nh ph\u00e2n t\u00edch, nghi\u00ean c\u1ee9u v\u00e0 ki\u1ec3m tra tr\u00ean c\u01a1 s\u1edf c\u00e1c d\u1eef li\u1ec7u c\u00e1 nh\u00e2n \u0111\u00f3 \u2022 qu\u1ea3ng b\u00e1 v\u00e0 th\u00f4ng b\u00e1o cho Kh\u00e1ch Tham Quan v\u1ec1 c\u00e1c h\u1ed9i ch\u1ee3 th\u01b0\u01a1ng m\u1ea1i c\u1ee7a c\u00e1c B\u00ean T\u1ed5 Ch\u1ee9c t\u1ea1i Vi\u1ec7t Nam v\u00e0 tr\u00ean to\u00e0n th\u1ebf gi\u1edbi, v\u00e0 c\u00e1c s\u1ef1 ki\u1ec7n ho\u1eb7c c\u00e1c h\u1ed9i ch\u1ee3 th\u01b0\u01a1ng m\u1ea1i do c\u00e1c c\u00f4ng ty li\u00ean k\u1ebft v\u00e0 \u0111\u1ed1i t\u00e1c li\u00ean doanh c\u1ee7a c\u00e1c B\u00ean T\u1ed5 Ch\u1ee9c t\u1ed5 ch\u1ee9c \u2022 ph\u00e2n ph\u1ed1i c\u00e1c \u1ea5n ph\u1ea9m v\u00e0 t\u00e0i li\u1ec7u nghi\u00ean c\u1ee9u c\u1ee7a c\u00f4ng ty c\u00e1c B\u00ean T\u1ed5 Ch\u1ee9c \u2022 ti\u1ebfp th\u1ecb c\u00e1c s\u1ea3n ph\u1ea9m, d\u1ecbch v\u1ee5 c\u1ee7a c\u00e1c B\u00ean T\u1ed5 Ch\u1ee9c \u2022 n\u1ebfu c\u1ea7n thi\u1ebft, t\u1ea1o thu\u1eadn l\u1ee3i cho c\u00e1c th\u1ee7 t\u1ee5c ph\u00e1p l\u00fd, bao g\u1ed3m c\u1ea3 vi\u1ec7c thu c\u00e1c kho\u1ea3n ti\u1ec1n qu\u00e1 h\u1ea1n T\u00f4i hi\u1ec3u r\u1eb1ng b\u1eb1ng c\u00e1ch l\u1ef1a ch\u1ecdn cho ph\u00e9p th\u1ebb c\u1ee7a t\u00f4i \u0111\u01b0\u1ee3c scan qu\u00e9t b\u1edfi b\u00ean tri\u1ec3n l\u00e3m ho\u1eb7c b\u00ean t\u00e0i tr\u1ee3 khi \u0111ang \u1edf t\u1ea1i s\u1ef1 ki\u1ec7n, t\u00f4i s\u1ebd cung c\u1ea5p cho b\u00ean tri\u1ec3n l\u00e3m ho\u1eb7c b\u00ean t\u00e0i tr\u1ee3 d\u1eef li\u1ec7u c\u00e1 nh\u00e2n c\u1ee7a t\u00f4i. T\u00f4i \u0111\u1ed3ng \u00fd v\u1edbi vi\u1ec7c d\u1eef li\u1ec7u c\u00e1 nh\u00e2n n\u00e0y \u0111\u01b0\u1ee3c s\u1eed d\u1ee5ng \u0111\u1ec3 li\u00ean h\u1ec7 v\u1edbi t\u00f4i v\u1ec1 c\u00e1c s\u1ea3n ph\u1ea9m ho\u1eb7c d\u1ecbch v\u1ee5 c\u1ee7a b\u00ean tri\u1ec3n l\u00e3m ho\u1eb7c b\u00ean t\u00e0i tr\u1ee3 v\u00e0 hi\u1ec3u r\u1eb1ng \u0111\u1ed1i t\u00e1c ho\u1eb7c b\u00ean t\u00e0i tr\u1ee3 n\u00e0y c\u00f3 th\u1ec3 chuy\u1ec3n giao c\u00e1c d\u1eef li\u1ec7u n\u00e0y ra ngo\u00e0i Vi\u1ec7t Nam cho nh\u1eefng m\u1ee5c \u0111\u00edch n\u00eau tr\u00ean v\u00e0 t\u00f4i \u0111\u1ed3ng \u00fd v\u1edbi vi\u1ec7c chuy\u1ec3n giao d\u1eef li\u1ec7u c\u1ee7a t\u00f4i nh\u01b0 th\u1ebf. T\u00f4i c\u0169ng hi\u1ec3u v\u00e0 \u0111\u1ed3ng \u00fd r\u1eb1ng d\u1eef li\u1ec7u c\u00e1 nh\u00e2n c\u1ee7a t\u00f4i c\u00f3 th\u1ec3 \u0111\u01b0\u1ee3c n\u1eafm gi\u1eef v\u00e0 s\u1eed d\u1ee5ng b\u1edfi B\u00ean T\u1ed5 Ch\u1ee9c v\u00e0 b\u1ea5t k\u1ef3 nh\u00e0 cung c\u1ea5p d\u1ecbch v\u1ee5 l\u01b0u tr\u1eef b\u00ean th\u1ee9 ba n\u00e0o h\u00e0nh \u0111\u1ed9ng thay m\u1eb7t cho B\u00ean T\u1ed5 Ch\u1ee9c, \u0111\u1ec3 t\u1ed5 ch\u1ee9c s\u1ef1 ki\u1ec7n v\u00e0 \u0111\u1ec3 ph\u00e2n t\u00edch l\u01b0u l\u01b0\u1ee3ng kh\u00e1ch tham quan nh\u1eb1m m\u1ee5c \u0111\u00edch c\u1ea3i thi\u1ec7n nh\u1eefng tr\u1ea3i nghi\u1ec7m c\u1ee7a kh\u00e1ch tham quan t\u1ea1i s\u1ef1 ki\u1ec7n. TI\u1ebeP TH\u1eca TR\u1ef0C TI\u1ebeP C\u00e1c B\u00ean T\u1ed5 Ch\u1ee9c c\u00f3 th\u1ec3 s\u1eed d\u1ee5ng c\u00e1c d\u1eef li\u1ec7u c\u00e1 nh\u00e2n c\u1ee7a Kh\u00e1ch Tham Quan, bao g\u1ed3m t\u00ean, \u0111\u1ecba ch\u1ec9 th\u01b0 \u0111i\u1ec7n t\u1eed v\u00e0 \u0111\u1ecba ch\u1ec9 th\u1ef1c t\u1ebf c\u1ee7a Kh\u00e1ch Tham Quan \u0111\u1ec3 th\u1ef1c hi\u1ec7n ti\u1ebfp th\u1ecb tr\u1ef1c ti\u1ebfp li\u00ean quan \u0111\u1ebfn vi\u1ec7c qu\u1ea3ng b\u00e1 cho v\u00e0 m\u1eddi tham d\u1ef1 c\u00e1c h\u1ed9i ch\u1ee3 th\u01b0\u01a1ng m\u1ea1i c\u1ee7a c\u00e1c B\u00ean T\u1ed5 Ch\u1ee9c t\u1ea1i Vi\u1ec7t Nam v\u00e0 tr\u00ean to\u00e0n th\u1ebf gi\u1edbi, v\u00e0 c\u00e1c s\u1ef1 ki\u1ec7n ho\u1eb7c h\u1ed9i ch\u1ee3 th\u01b0\u01a1ng m\u1ea1i do c\u00e1c c\u00f4ng ty li\u00ean k\u1ebft v\u00e0 \u0111\u1ed1i t\u00e1c li\u00ean doanh c\u1ee7a c\u00e1c B\u00ean T\u1ed5 Ch\u1ee9c t\u1ed5 ch\u1ee9c, c\u0169ng nh\u01b0 qu\u1ea3ng b\u00e1 cho c\u00e1c d\u1ecbch v\u1ee5 c\u1ee7a c\u00e1c B\u00ean T\u1ed5 Ch\u1ee9c th\u00f4ng qua fax, th\u01b0 \u0111i\u1ec7n t\u1eed, th\u01b0 tr\u1ef1c ti\u1ebfp, \u0111i\u1ec7n tho\u1ea1i v\u00e0 c\u00e1c ph\u01b0\u01a1ng ti\u1ec7n truy\u1ec1n th\u00f4ng kh\u00e1c, ho\u1eb7c g\u1eedi cho Kh\u00e1ch Tham Quan c\u00e1c b\u1ea3n tin \u0111i\u1ec7n t\u1eed. C\u00e1c B\u00ean T\u1ed5 Ch\u1ee9c s\u1ebd kh\u00f4ng s\u1eed d\u1ee5ng d\u1eef li\u1ec7u c\u00e1 nh\u00e2n c\u1ee7a Kh\u00e1ch Tham Quan nh\u01b0 v\u1eady tr\u1eeb khi c\u00e1c B\u00ean T\u1ed5 Ch\u1ee9c \u0111\u00e3 nh\u1eadn \u0111\u01b0\u1ee3c s\u1ef1 ch\u1ea5p thu\u1eadn c\u1ee7a Kh\u00e1ch Tham Quan cho vi\u1ec7c s\u1eed d\u1ee5ng \u0111\u01b0\u1ee3c d\u1ef1 ki\u1ebfn n\u00eau tr\u00ean. Kh\u00e1ch Tham Quan c\u00f3 th\u1ec3 l\u1ef1a ch\u1ecdn kh\u00f4ng nh\u1eadn c\u00e1c t\u00e0i li\u1ec7u qu\u1ea3ng b\u00e1 \u0111\u01a1n gi\u1ea3n b\u1eb1ng c\u00e1ch th\u00f4ng b\u00e1o cho c\u00e1c B\u00ean T\u1ed5 Ch\u1ee9c bi\u1ebft th\u00f4ng qua th\u00f4ng tin li\u00ean l\u1ea1c d\u01b0\u1edbi \u0111\u00e2y, v\u00e0 c\u00e1c B\u00ean T\u1ed5 Ch\u1ee9c s\u1ebd ng\u01b0ng l\u00e0m nh\u01b0 th\u1ebf, m\u00e0 kh\u00f4ng t\u00ednh ph\u00ed. (3) Ti\u1ebft l\u1ed9 \/ Chuy\u1ec3n giao d\u1eef li\u1ec7u C\u00e1c B\u00ean T\u1ed5 Ch\u1ee9c s\u1ebd b\u1ea3o m\u1eadt nh\u1eefng d\u1eef li\u1ec7u c\u00e1 nh\u00e2n \u0111\u01b0\u1ee3c c\u00e1c B\u00ean T\u1ed5 Ch\u1ee9c n\u1eafm gi\u1eef, nh\u01b0ng c\u00f3 th\u1ec3 cung c\u1ea5p ho\u1eb7c chuy\u1ec3n giao c\u00e1c d\u1eef li\u1ec7u c\u00e1 nh\u00e2n \u0111\u00f3 cho: \u2022 c\u00e1c b\u00ean \u0111\u1ea1i di\u1ec7n, b\u00ean t\u01b0 v\u1ea5n, ki\u1ec3m to\u00e1n, c\u00e1c nh\u00e0 th\u1ea7u v\u00e0 c\u00e1c nh\u00e0 cung c\u1ea5p d\u1ecbch v\u1ee5 c\u1ee7a c\u00e1c B\u00ean T\u1ed5 Ch\u1ee9c li\u00ean quan \u0111\u1ebfn c\u00e1c ho\u1ea1t \u0111\u1ed9ng ho\u1eb7c d\u1ecbch v\u1ee5 c\u1ee7a c\u00e1c B\u00ean T\u1ed5 Ch\u1ee9c \u0111\u1ec3 t\u1ea1o thu\u1eadn l\u1ee3i v\u00e0 t\u0103ng c\u01b0\u1eddng c\u00e1c ho\u1ea1t \u0111\u1ed9ng c\u1ee7a c\u00e1c B\u00ean T\u1ed5 Ch\u1ee9c v\u00e0 ti\u1ebfn h\u00e0nh ph\u00e2n t\u00edch, nghi\u00ean c\u1ee9u v\u00e0 ki\u1ec3m tra tr\u00ean c\u01a1 s\u1edf c\u00e1c d\u1eef li\u1ec7u c\u00e1 nh\u00e2n \u0111\u00f3 \u2022 c\u00e1c v\u0103n ph\u00f2ng, c\u00f4ng ty li\u00ean k\u1ebft, \u0111\u1ed1i t\u00e1c li\u00ean doanh \u1edf n\u01b0\u1edbc ngo\u00e0i c\u1ee7a c\u00e1c B\u00ean T\u1ed5 Ch\u1ee9c, m\u00e0 c\u0169ng l\u00e0 nh\u1eefng \u0111\u01a1n v\u1ecb t\u1ed5 ch\u1ee9c tri\u1ec3n l\u00e3m, cho m\u1ee5c \u0111\u00edch th\u1ef1c hi\u1ec7n ti\u1ebfp th\u1ecb tr\u1ef1c ti\u1ebfp li\u00ean quan \u0111\u1ebfn vi\u1ec7c qu\u1ea3ng b\u00e1 cho v\u00e0 m\u1eddi tham d\u1ef1 c\u00e1c h\u1ed9i ch\u1ee3 th\u01b0\u01a1ng m\u1ea1i c\u1ee7a c\u00e1c B\u00ean T\u1ed5 Ch\u1ee9c t\u1ea1i Vi\u1ec7t Nam v\u00e0 tr\u00ean to\u00e0n th\u1ebf gi\u1edbi \u2022 nh\u1eefng ng\u01b0\u1eddi m\u00e0 c\u00e1c B\u00ean T\u1ed5 Ch\u1ee9c \u0111\u01b0\u1ee3c y\u00eau c\u1ea7u ph\u1ea3i ti\u1ebft l\u1ed9 cho h\u1ecd theo ph\u00e1p lu\u1eadt \u00e1p d\u1ee5ng t\u1ea1i Vi\u1ec7t Nam ho\u1eb7c ngo\u00e0i Vi\u1ec7t Nam (4) Cookie [\u00e1p d\u1ee5ng cho ng\u01b0\u1eddi d\u00f9ng tr\u1ef1c tuy\u1ebfn] Khi Kh\u00e1ch Tham Quan duy\u1ec7t trang web c\u1ee7a c\u00e1c B\u00ean T\u1ed5 Ch\u1ee9c, c\u00e1c cookie c\u00f3 th\u1ec3 \u0111\u01b0\u1ee3c l\u01b0u tr\u1eef tr\u00ean \u1ed5 c\u1ee9ng m\u00e1y t\u00ednh c\u1ee7a Kh\u00e1ch Tham Quan. C\u00e1c B\u00ean T\u1ed5 Ch\u1ee9c s\u1eed d\u1ee5ng c\u00e1c cookie \u0111\u1ec3 c\u00e1 nh\u00e2n h\u00f3a vi\u1ec7c Kh\u00e1ch Tham Quan s\u1eed d\u1ee5ng trang web c\u1ee7a c\u00e1c B\u00ean T\u1ed5 Ch\u1ee9c v\u00e0 ho\u1ea1t \u0111\u1ed9ng c\u00e1c khu v\u1ef1c d\u1ecbch v\u1ee5. Kh\u00e1ch Tham Quan c\u00f3 quy\u1ec1n l\u1ef1a ch\u1ecdn kh\u00f4ng ch\u1ea5p nh\u1eadn c\u00e1c cookie, nh\u01b0ng n\u1ebfu Kh\u00e1ch Tham Quan l\u1ef1a ch\u1ecdn nh\u01b0 v\u1eady th\u00ec m\u1ed9t s\u1ed1 t\u00ednh n\u0103ng nh\u1ea5t \u0111\u1ecbnh c\u00f3 th\u1ec3 tr\u1edf n\u00ean kh\u00f4ng c\u00f3 s\u1eb5n. (5) An ninh N\u00f3i chung, D\u1eef li\u1ec7u c\u00e1 nh\u00e2n c\u1ee7a Kh\u00e1ch Tham Quan \u0111\u01b0\u1ee3c b\u1ea3o m\u1eadt v\u00e0 ch\u1ec9 c\u00f3 th\u1ec3 \u0111\u01b0\u1ee3c truy c\u1eadp b\u1edfi c\u00e1c nh\u00e2n s\u1ef1 \u0111\u01b0\u1ee3c cho ph\u00e9p. D\u1eef li\u1ec7u c\u00e1 nh\u00e2n \u0111\u01b0\u1ee3c l\u01b0u tr\u1eef b\u1eb1ng ph\u01b0\u01a1ng ti\u1ec7n \u0111i\u1ec7n t\u1eed \u0111\u01b0\u1ee3c b\u1ea3o v\u1ec7 b\u1eb1ng m\u1eadt kh\u1ea9u. C\u00f4ng ngh\u1ec7 m\u00e3 h\u00f3a \u0111\u01b0\u1ee3c s\u1eed d\u1ee5ng tr\u00ean c\u00e1c khu v\u1ef1c web \u0111\u01b0\u1ee3c b\u1ea3o \u0111\u1ea3m an ninh c\u1ee7a c\u00e1c B\u00ean T\u1ed5 Ch\u1ee9c. C\u00e1c B\u00ean T\u1ed5 Ch\u1ee9c khuy\u1ebfn ngh\u1ecb Kh\u00e1ch Tham Quan kh\u00f4ng \u0111\u1ec3 l\u1ed9 T\u00ean \u0111\u0103ng nh\u1eadp ng\u01b0\u1eddi d\u00f9ng v\u00e0 M\u1eadt kh\u1ea9u c\u1ee7a Kh\u00e1ch Tham Quan cho b\u1ea5t k\u1ef3 ng\u01b0\u1eddi n\u00e0o. Nh\u00e2n s\u1ef1 c\u1ee7a c\u00e1c B\u00ean T\u1ed5 Ch\u1ee9c s\u1ebd kh\u00f4ng bao gi\u1edd h\u1ecfi Kh\u00e1ch Tham Quan v\u1ec1 T\u00ean \u0111\u0103ng nh\u1eadp ng\u01b0\u1eddi d\u00f9ng v\u00e0 M\u1eadt kh\u1ea9u c\u1ee7a Kh\u00e1ch Tham Quan trong cu\u1ed9c \u0111i\u1ec7n tho\u1ea1i kh\u00f4ng \u0111\u01b0\u1ee3c y\u00eau c\u1ea7u ho\u1eb7c trong th\u01b0 \u0111i\u1ec7n t\u1eed kh\u00f4ng \u0111\u01b0\u1ee3c y\u00eau c\u1ea7u. Kh\u00e1ch Tham Quan c\u1ea7n ghi nh\u1edb \u0111\u0103ng xu\u1ea5t kh\u1ecfi T\u00e0i kho\u1ea3n c\u1ee7a Kh\u00e1ch Tham Quan v\u00e0 \u0111\u00f3ng c\u1eeda s\u1ed5 tr\u00ecnh duy\u1ec7t c\u1ee7a Kh\u00e1ch Tham Quan khi Kh\u00e1ch Tham Quan \u0111\u00e3 k\u1ebft th\u00fac phi\u00ean truy c\u1eadp trang Web. Kh\u00e1ch Tham Quan ch\u1ecbu tr\u00e1ch nhi\u1ec7m v\u1ec1 t\u1ea5t c\u1ea3 c\u00e1c ho\u1ea1t \u0111\u1ed9ng x\u1ea3y ra d\u01b0\u1edbi T\u00e0i kho\u1ea3n ng\u01b0\u1eddi d\u00f9ng v\u00e0 M\u1eadt kh\u1ea9u c\u1ee7a Kh\u00e1ch Tham Quan. (6) Hyperlink [\u00e1p d\u1ee5ng cho ng\u01b0\u1eddi d\u00f9ng tr\u1ef1c tuy\u1ebfn] Trang web c\u1ee7a c\u00e1c B\u00ean T\u1ed5 Ch\u1ee9c c\u00f3 th\u1ec3 bao g\u1ed3m c\u00e1c \u0111\u01b0\u1eddng d\u1eabn \u0111\u1ebfn c\u00e1c trang b\u00ean ngo\u00e0i, bao g\u1ed3m c\u00e1c trang c\u1ee7a c\u00e1c th\u00e0nh vi\u00ean, c\u00e1c b\u00ean th\u1ee9 ba v\u00e0 c\u00e1c trang \u201c\u0111\u1ed3ng th\u01b0\u01a1ng hi\u1ec7u\u201d. \u0110\u01b0\u1eddng d\u1eabn \u0111\u1ebfn c\u00e1c trang b\u00ean ngo\u00e0i kh\u00f4ng ng\u1ea7m \u0111\u1ecbnh v\u1ec1 b\u1ea5t k\u1ef3 s\u1ef1 x\u00e1c nh\u1eadn, t\u00e1n th\u00e0nh n\u00e0o c\u1ee7a c\u00e1c B\u00ean T\u1ed5 Ch\u1ee9c \u0111\u1ed1i v\u1edbi c\u00e1c trang \u0111\u00f3 (ho\u1eb7c b\u1ea5t k\u1ef3 s\u1ea3n ph\u1ea9m ho\u1eb7c d\u1ecbch v\u1ee5 n\u00e0o \u0111\u01b0\u1ee3c ch\u00e0o m\u1eddi tr\u00ean c\u00e1c trang \u0111\u00f3) ho\u1eb7c b\u1ea5t k\u1ef3 s\u1ef1 b\u1ea3o \u0111\u1ea3m ho\u1eb7c cam \u0111oan n\u00e0o v\u1ec1 b\u1ea5t k\u1ef3 th\u00f4ng tin n\u00e0o \u0111\u01b0\u1ee3c cung c\u1ea5p tr\u00ean c\u00e1c trang \u0111\u00f3. C\u00e1c B\u00ean T\u1ed5 Ch\u1ee9c t\u1eeb ch\u1ed1i v\u00e0 lo\u1ea1i tr\u1eeb b\u1ea5t k\u1ef3 tr\u00e1ch nhi\u1ec7m ho\u1eb7c ngh\u0129a v\u1ee5 n\u00e0o v\u1ec1 b\u1ea5t k\u1ef3 trang b\u00ean ngo\u00e0i n\u00e0o m\u00e0 c\u00f3 \u0111\u01b0\u1eddng d\u1eabn \u0111\u01b0\u1ee3c cung c\u1ea5p v\u00e0 Tuy\u00ean B\u1ed1 Ch\u00ednh S\u00e1ch V\u1ec1 Quy\u1ec1n Ri\u00eang T\u01b0 n\u00e0y kh\u00f4ng \u00e1p d\u1ee5ng \u0111\u1ed1i v\u1edbi b\u1ea5t k\u1ef3 trang n\u00e0o nh\u01b0 v\u1eady. Vui l\u00f2ng tham kh\u1ea3o c\u00e1c ch\u00ednh s\u00e1ch v\u1ec1 quy\u1ec1n ri\u00eang t\u01b0 c\u1ee7a c\u00e1c trang web kh\u00e1c \u0111\u00f3. (7) C\u00e1c s\u1eeda \u0111\u1ed5i B\u1ea5t k\u1ef3 s\u1eeda \u0111\u1ed5i n\u00e0o \u0111\u1ed1i v\u1edbi Tuy\u00ean B\u1ed1 Ch\u00ednh S\u00e1ch V\u1ec1 Quy\u1ec1n Ri\u00eang T\u01b0 n\u00e0y s\u1ebd \u0111\u01b0\u1ee3c \u0111\u0103ng tr\u00ean v\u00e0 c\u00f3 hi\u1ec7u l\u1ef1c ngay l\u1eadp t\u1ee9c v\u00e0o ng\u00e0y \u0111\u0103ng t\u1ea3i. (8) Chuy\u1ec3n giao d\u1eef li\u1ec7u ra n\u01b0\u1edbc ngo\u00e0i N\u00f3i chung c\u00e1c B\u00ean T\u1ed5 Ch\u1ee9c s\u1ebd gi\u1eef c\u00e1c d\u1eef li\u1ec7u c\u00e1 nh\u00e2n c\u1ee7a Kh\u00e1ch Tham Quan tr\u00ean c\u00e1c m\u00e1y ch\u1ee7 c\u1ee7a c\u00e1c B\u00ean T\u1ed5 Ch\u1ee9c t\u1ea1i Vi\u1ec7t Nam. Tuy nhi\u00ean c\u00e1c B\u00ean T\u1ed5 Ch\u1ee9c c\u00f3 th\u1ec3 chuy\u1ec3n giao c\u00e1c d\u1eef li\u1ec7u \u0111\u00f3 \u0111\u1ebfn c\u00e1c v\u0103n ph\u00f2ng n\u01b0\u1edbc ngo\u00e0i c\u1ee7a c\u00e1c B\u00ean T\u1ed5 Ch\u1ee9c t\u1ea1i nh\u1eefng n\u01a1i kh\u00e1c tr\u00ean th\u1ebf gi\u1edbi ho\u1eb7c cho b\u1ea5t k\u1ef3 ai trong nh\u1eefng ng\u01b0\u1eddi \u0111\u01b0\u1ee3c li\u1ec7t k\u00ea t\u1ea1i m\u1ee5c 4(3) tr\u00ean \u0111\u00e2y, m\u00e0 c\u00f3 th\u1ec3 \u0111\u1eb7t t\u1ea1i n\u01a1i kh\u00e1c. (9) Ch\u1ea5p thu\u1eadn v\u00e0 c\u00e1c quy\u1ec1n c\u1ee7a Kh\u00e1ch Tham Quan B\u1eb1ng vi\u1ec7c \u0111\u00e1nh d\u1ea5u ki\u1ec3m v\u00e0o \u00f4 th\u00edch h\u1ee3p d\u01b0\u1edbi \u0111\u00e2y ho\u1eb7c b\u1eb1ng vi\u1ec7c k\u00fd t\u00ean v\u00e0o kho\u1ea3ng tr\u1ed1ng d\u01b0\u1edbi \u0111\u00e2y, Kh\u00e1ch Tham Quan \u0111\u1ed3ng \u00fd v\u1edbi vi\u1ec7c thu th\u1eadp v\u00e0 s\u1eed d\u1ee5ng c\u00e1c d\u1eef li\u1ec7u c\u00e1 nh\u00e2n c\u1ee7a Kh\u00e1ch Tham Quan nh\u01b0 \u0111\u01b0\u1ee3c n\u00eau trong Tuy\u00ean B\u1ed1 n\u00e0y, bao g\u1ed3m c\u1ea3 vi\u1ec7c s\u1eed d\u1ee5ng v\u00e0 cung c\u1ea5p d\u1eef li\u1ec7u c\u00e1 nh\u00e2n c\u1ee7a Kh\u00e1ch Tham Quan cho ho\u1ea1t \u0111\u1ed9ng ti\u1ebfp th\u1ecb tr\u1ef1c ti\u1ebfp. C\u00e1c c\u00e1 nh\u00e2n c\u00f3 quy\u1ec1n: \u2022 ki\u1ec3m tra xem c\u00e1c B\u00ean T\u1ed5 Ch\u1ee9c c\u00f3 n\u1eafm gi\u1eef c\u00e1c d\u1eef li\u1ec7u c\u00e1 nh\u00e2n v\u1ec1 Kh\u00e1ch Tham Quan hay kh\u00f4ng v\u00e0 truy c\u1eadp v\u00e0o c\u00e1c d\u1eef li\u1ec7u \u0111\u00f3 \u2022 y\u00eau c\u1ea7u c\u00e1c B\u00ean T\u1ed5 Ch\u1ee9c ch\u1ec9nh s\u1eeda nh\u1eefng d\u1eef li\u1ec7u kh\u00f4ng ch\u00ednh x\u00e1c \u2022 t\u00ecm hi\u1ec3u v\u1ec1 c\u00e1c ch\u00ednh s\u00e1ch v\u00e0 c\u00e1ch th\u1ef1c h\u00e0nh c\u1ee7a c\u00e1c B\u00ean T\u1ed5 Ch\u1ee9c li\u00ean quan \u0111\u1ebfn d\u1eef li\u1ec7u c\u00e1 nh\u00e2n v\u00e0 lo\u1ea1i d\u1eef li\u1ec7u c\u00e1 nh\u00e2n m\u00e0 c\u00e1c B\u00ean T\u1ed5 Ch\u1ee9c n\u1eafm gi\u1eef. Vui l\u00f2ng g\u1eedi c\u00e1c y\u00eau c\u1ea7u truy c\u1eadp ho\u1eb7c ch\u1ec9nh s\u1eeda d\u1eef li\u1ec7u, ng\u1eebng th\u00f4ng tin li\u00ean l\u1ea1c, v\u00e0 c\u00e1c c\u00e2u h\u1ecfi ho\u1eb7c khi\u1ebfu n\u1ea1i \u0111\u1ebfn: C\u00e1c B\u00ean T\u1ed5 Ch\u1ee9c c\u00f3 th\u1ec3 t\u00ednh m\u1ed9t kho\u1ea3n ph\u00ed h\u1ee3p l\u00fd cho vi\u1ec7c x\u1eed l\u00fd y\u00eau c\u1ea7u truy c\u1eadp d\u1eef li\u1ec7u. V\u00ec m\u1ee5c \u0111\u00edch an ninh v\u00e0 \u0111\u1ec3 ng\u0103n ng\u1eeba v\u00e0 ph\u00e1t hi\u1ec7n t\u1ed9i ph\u1ea1m, Kh\u00e1ch Tham Quan c\u00f3 th\u1ec3 b\u1ecb ki\u1ec3m tra t\u00fai ng\u1eabu nhi\u00ean v\u00e0 b\u1ecb camera CCTV ghi h\u00ecnh t\u1ea1i Trung T\u00e2m Tri\u1ec3n L\u00e3m.<\/p>\n","protected":false},"excerpt":{"rendered":"<p>C\u00e1c B\u00ean T\u1ed5 Ch\u1ee9c coi tr\u1ecdng quy\u1ec1n ri\u00eang t\u01b0 c\u00e1 nh\u00e2n. Tuy\u00ean B\u1ed1 n\u00e0y gi\u1ea3i th\u00edch c\u00e1c ch\u00ednh s\u00e1ch v\u00e0 c\u00e1ch th\u1ef1c h\u00e0nh c\u1ee7a c\u00e1c B\u00ean T\u1ed5 Ch\u1ee9c. C\u00e1c B\u00ean T\u1ed5 Ch\u1ee9c t\u00f4n tr\u1ecdng quy\u1ec1n ri\u00eang t\u01b0 c\u1ee7a Kh\u00e1ch Tham Quan v\u00e0 c\u00e1c B\u00ean T\u1ed5 Ch\u1ee9c s\u1ebd c\u00f3 nh\u1eefng n\u1ed7 l\u1ef1c h\u1ee3p l\u00fd \u0111\u1ec3: \u2022 &#8230; <a title=\"Quy \u0111\u1ecbnh v\u00e0 th\u1ec3 l\u1ec7 Tham quan tri\u1ec3n l\u00e3m\" class=\"read-more\" href=\"https:\/\/demo8.thuythu.com\/plasticshanoi\/quy-dinh-va-the-le-tham-quan-trien-lam\/\">Read more<span class=\"screen-reader-text\">Quy \u0111\u1ecbnh v\u00e0 th\u1ec3 l\u1ec7 Tham quan tri\u1ec3n l\u00e3m<\/span><\/a><\/p>\n","protected":false},"author":1,"featured_media":0,"parent":0,"menu_order":0,"comment_status":"closed","ping_status":"closed","template":"templates\/aboutwetv.php","meta":[],"yoast_head":"<!-- This site is optimized with the Yoast SEO plugin v15.9 - https:\/\/yoast.com\/wordpress\/plugins\/seo\/ -->\n<title>Quy \u0111\u1ecbnh v\u00e0 th\u1ec3 l\u1ec7 Tham quan tri\u1ec3n l\u00e3m - CREATIVE<\/title>\n<meta name=\"robots\" content=\"noindex, follow, max-snippet:-1, max-image-preview:large, max-video-preview:-1\" \/>\n<meta property=\"og:locale\" content=\"vi_VN\" \/>\n<meta property=\"og:type\" content=\"article\" \/>\n<meta property=\"og:title\" content=\"Quy \u0111\u1ecbnh v\u00e0 th\u1ec3 l\u1ec7 Tham quan tri\u1ec3n l\u00e3m - CREATIVE\" \/>\n<meta property=\"og:description\" content=\"C\u00e1c B\u00ean T\u1ed5 Ch\u1ee9c coi tr\u1ecdng quy\u1ec1n ri\u00eang t\u01b0 c\u00e1 nh\u00e2n. Tuy\u00ean B\u1ed1 n\u00e0y gi\u1ea3i th\u00edch c\u00e1c ch\u00ednh s\u00e1ch v\u00e0 c\u00e1ch th\u1ef1c h\u00e0nh c\u1ee7a c\u00e1c B\u00ean T\u1ed5 Ch\u1ee9c. C\u00e1c B\u00ean T\u1ed5 Ch\u1ee9c t\u00f4n tr\u1ecdng quy\u1ec1n ri\u00eang t\u01b0 c\u1ee7a Kh\u00e1ch Tham Quan v\u00e0 c\u00e1c B\u00ean T\u1ed5 Ch\u1ee9c s\u1ebd c\u00f3 nh\u1eefng n\u1ed7 l\u1ef1c h\u1ee3p l\u00fd \u0111\u1ec3: \u2022 ... Read moreQuy \u0111\u1ecbnh v\u00e0 th\u1ec3 l\u1ec7 Tham quan tri\u1ec3n l\u00e3m\" \/>\n<meta property=\"og:url\" content=\"https:\/\/demo8.thuythu.com\/plasticshanoi\/quy-dinh-va-the-le-tham-quan-trien-lam\/\" \/>\n<meta property=\"og:site_name\" content=\"CREATIVE\" \/>\n<meta property=\"article:modified_time\" content=\"2022-04-26T10:22:15+00:00\" \/>\n<meta name=\"twitter:card\" content=\"summary_large_image\" \/>\n<meta name=\"twitter:label1\" content=\"Est. reading time\">\n\t<meta name=\"twitter:data1\" content=\"17 ph\u00fat\">\n<script type=\"application\/ld+json\" class=\"yoast-schema-graph\">{\"@context\":\"https:\/\/schema.org\",\"@graph\":[{\"@type\":\"WebSite\",\"@id\":\"https:\/\/demo8.thuythu.com\/plasticshanoi\/#website\",\"url\":\"https:\/\/demo8.thuythu.com\/plasticshanoi\/\",\"name\":\"CREATIVE\",\"description\":\"\",\"potentialAction\":[{\"@type\":\"SearchAction\",\"target\":\"https:\/\/demo8.thuythu.com\/plasticshanoi\/?s={search_term_string}\",\"query-input\":\"required name=search_term_string\"}],\"inLanguage\":\"vi\"},{\"@type\":\"WebPage\",\"@id\":\"https:\/\/demo8.thuythu.com\/plasticshanoi\/quy-dinh-va-the-le-tham-quan-trien-lam\/#webpage\",\"url\":\"https:\/\/demo8.thuythu.com\/plasticshanoi\/quy-dinh-va-the-le-tham-quan-trien-lam\/\",\"name\":\"Quy \\u0111\\u1ecbnh v\\u00e0 th\\u1ec3 l\\u1ec7 Tham quan tri\\u1ec3n l\\u00e3m - CREATIVE\",\"isPartOf\":{\"@id\":\"https:\/\/demo8.thuythu.com\/plasticshanoi\/#website\"},\"datePublished\":\"2021-03-19T10:16:32+00:00\",\"dateModified\":\"2022-04-26T10:22:15+00:00\",\"breadcrumb\":{\"@id\":\"https:\/\/demo8.thuythu.com\/plasticshanoi\/quy-dinh-va-the-le-tham-quan-trien-lam\/#breadcrumb\"},\"inLanguage\":\"vi\",\"potentialAction\":[{\"@type\":\"ReadAction\",\"target\":[\"https:\/\/demo8.thuythu.com\/plasticshanoi\/quy-dinh-va-the-le-tham-quan-trien-lam\/\"]}]},{\"@type\":\"BreadcrumbList\",\"@id\":\"https:\/\/demo8.thuythu.com\/plasticshanoi\/quy-dinh-va-the-le-tham-quan-trien-lam\/#breadcrumb\",\"itemListElement\":[{\"@type\":\"ListItem\",\"position\":1,\"item\":{\"@type\":\"WebPage\",\"@id\":\"https:\/\/demo8.thuythu.com\/plasticshanoi\/\",\"url\":\"https:\/\/demo8.thuythu.com\/plasticshanoi\/\",\"name\":\"Trang ch\\u1ee7\"}},{\"@type\":\"ListItem\",\"position\":2,\"item\":{\"@type\":\"WebPage\",\"@id\":\"https:\/\/demo8.thuythu.com\/plasticshanoi\/quy-dinh-va-the-le-tham-quan-trien-lam\/\",\"url\":\"https:\/\/demo8.thuythu.com\/plasticshanoi\/quy-dinh-va-the-le-tham-quan-trien-lam\/\",\"name\":\"Quy \\u0111\\u1ecbnh v\\u00e0 th\\u1ec3 l\\u1ec7 Tham quan tri\\u1ec3n l\\u00e3m\"}}]}]}<\/script>\n<!-- \/ Yoast SEO plugin. -->","_links":{"self":[{"href":"https:\/\/demo8.thuythu.com\/plasticshanoi\/wp-json\/wp\/v2\/pages\/602"}],"collection":[{"href":"https:\/\/demo8.thuythu.com\/plasticshanoi\/wp-json\/wp\/v2\/pages"}],"about":[{"href":"https:\/\/demo8.thuythu.com\/plasticshanoi\/wp-json\/wp\/v2\/types\/page"}],"author":[{"embeddable":true,"href":"https:\/\/demo8.thuythu.com\/plasticshanoi\/wp-json\/wp\/v2\/users\/1"}],"replies":[{"embeddable":true,"href":"https:\/\/demo8.thuythu.com\/plasticshanoi\/wp-json\/wp\/v2\/comments?post=602"}],"version-history":[{"count":7,"href":"https:\/\/demo8.thuythu.com\/plasticshanoi\/wp-json\/wp\/v2\/pages\/602\/revisions"}],"predecessor-version":[{"id":3418,"href":"https:\/\/demo8.thuythu.com\/plasticshanoi\/wp-json\/wp\/v2\/pages\/602\/revisions\/3418"}],"wp:attachment":[{"href":"https:\/\/demo8.thuythu.com\/plasticshanoi\/wp-json\/wp\/v2\/media?parent=602"}],"curies":[{"name":"wp","href":"https:\/\/api.w.org\/{rel}","templated":true}]}}