{"id":640,"date":"2021-03-22T04:39:23","date_gmt":"2021-03-22T04:39:23","guid":{"rendered":"https:\/\/demo8.thuythu.com\/plasticshanoi\/?page_id=640"},"modified":"2021-03-22T04:58:31","modified_gmt":"2021-03-22T04:58:31","slug":"dang-ky-bao-chi","status":"publish","type":"page","link":"https:\/\/demo8.thuythu.com\/plasticshanoi\/dang-ky-bao-chi\/","title":{"rendered":"\u0110\u0103ng k\u00fd b\u00e1o ch\u00ed"},"content":{"rendered":"","protected":false},"excerpt":{"rendered":"","protected":false},"author":1,"featured_media":0,"parent":0,"menu_order":0,"comment_status":"closed","ping_status":"closed","template":"templates\/dang-ky-bao-chi.php","meta":[],"yoast_head":"<!-- This site is optimized with the Yoast SEO plugin v15.9 - https:\/\/yoast.com\/wordpress\/plugins\/seo\/ -->\n<title>\u0110\u0103ng k\u00fd b\u00e1o ch\u00ed - CREATIVE<\/title>\n<meta name=\"robots\" content=\"noindex, follow, max-snippet:-1, max-image-preview:large, max-video-preview:-1\" \/>\n<meta property=\"og:locale\" content=\"vi_VN\" \/>\n<meta property=\"og:type\" content=\"article\" \/>\n<meta property=\"og:title\" content=\"\u0110\u0103ng k\u00fd b\u00e1o ch\u00ed - CREATIVE\" \/>\n<meta property=\"og:url\" content=\"https:\/\/demo8.thuythu.com\/plasticshanoi\/dang-ky-bao-chi\/\" \/>\n<meta property=\"og:site_name\" content=\"CREATIVE\" \/>\n<meta property=\"article:modified_time\" content=\"2021-03-22T04:58:31+00:00\" \/>\n<meta name=\"twitter:card\" content=\"summary_large_image\" \/>\n<script type=\"application\/ld+json\" class=\"yoast-schema-graph\">{\"@context\":\"https:\/\/schema.org\",\"@graph\":[{\"@type\":\"WebSite\",\"@id\":\"https:\/\/demo8.thuythu.com\/plasticshanoi\/#website\",\"url\":\"https:\/\/demo8.thuythu.com\/plasticshanoi\/\",\"name\":\"CREATIVE\",\"description\":\"\",\"potentialAction\":[{\"@type\":\"SearchAction\",\"target\":\"https:\/\/demo8.thuythu.com\/plasticshanoi\/?s={search_term_string}\",\"query-input\":\"required name=search_term_string\"}],\"inLanguage\":\"vi\"},{\"@type\":\"WebPage\",\"@id\":\"https:\/\/demo8.thuythu.com\/plasticshanoi\/dang-ky-bao-chi\/#webpage\",\"url\":\"https:\/\/demo8.thuythu.com\/plasticshanoi\/dang-ky-bao-chi\/\",\"name\":\"\\u0110\\u0103ng k\\u00fd b\\u00e1o ch\\u00ed - CREATIVE\",\"isPartOf\":{\"@id\":\"https:\/\/demo8.thuythu.com\/plasticshanoi\/#website\"},\"datePublished\":\"2021-03-22T04:39:23+00:00\",\"dateModified\":\"2021-03-22T04:58:31+00:00\",\"breadcrumb\":{\"@id\":\"https:\/\/demo8.thuythu.com\/plasticshanoi\/dang-ky-bao-chi\/#breadcrumb\"},\"inLanguage\":\"vi\",\"potentialAction\":[{\"@type\":\"ReadAction\",\"target\":[\"https:\/\/demo8.thuythu.com\/plasticshanoi\/dang-ky-bao-chi\/\"]}]},{\"@type\":\"BreadcrumbList\",\"@id\":\"https:\/\/demo8.thuythu.com\/plasticshanoi\/dang-ky-bao-chi\/#breadcrumb\",\"itemListElement\":[{\"@type\":\"ListItem\",\"position\":1,\"item\":{\"@type\":\"WebPage\",\"@id\":\"https:\/\/demo8.thuythu.com\/plasticshanoi\/\",\"url\":\"https:\/\/demo8.thuythu.com\/plasticshanoi\/\",\"name\":\"Trang ch\\u1ee7\"}},{\"@type\":\"ListItem\",\"position\":2,\"item\":{\"@type\":\"WebPage\",\"@id\":\"https:\/\/demo8.thuythu.com\/plasticshanoi\/dang-ky-bao-chi\/\",\"url\":\"https:\/\/demo8.thuythu.com\/plasticshanoi\/dang-ky-bao-chi\/\",\"name\":\"\\u0110\\u0103ng k\\u00fd b\\u00e1o ch\\u00ed\"}}]}]}<\/script>\n<!-- \/ Yoast SEO plugin. -->","_links":{"self":[{"href":"https:\/\/demo8.thuythu.com\/plasticshanoi\/wp-json\/wp\/v2\/pages\/640"}],"collection":[{"href":"https:\/\/demo8.thuythu.com\/plasticshanoi\/wp-json\/wp\/v2\/pages"}],"about":[{"href":"https:\/\/demo8.thuythu.com\/plasticshanoi\/wp-json\/wp\/v2\/types\/page"}],"author":[{"embeddable":true,"href":"https:\/\/demo8.thuythu.com\/plasticshanoi\/wp-json\/wp\/v2\/users\/1"}],"replies":[{"embeddable":true,"href":"https:\/\/demo8.thuythu.com\/plasticshanoi\/wp-json\/wp\/v2\/comments?post=640"}],"version-history":[{"count":3,"href":"https:\/\/demo8.thuythu.com\/plasticshanoi\/wp-json\/wp\/v2\/pages\/640\/revisions"}],"predecessor-version":[{"id":644,"href":"https:\/\/demo8.thuythu.com\/plasticshanoi\/wp-json\/wp\/v2\/pages\/640\/revisions\/644"}],"wp:attachment":[{"href":"https:\/\/demo8.thuythu.com\/plasticshanoi\/wp-json\/wp\/v2\/media?parent=640"}],"curies":[{"name":"wp","href":"https:\/\/api.w.org\/{rel}","templated":true}]}}