{"id":56,"date":"2020-06-03T09:25:39","date_gmt":"2020-06-03T09:25:39","guid":{"rendered":"http:\/\/digicop.designervily.com\/demo1\/?page_id=12842"},"modified":"2023-04-12T07:59:28","modified_gmt":"2023-04-12T07:59:28","slug":"lien-he","status":"publish","type":"page","link":"https:\/\/demo8.thuythu.com\/santex\/lien-he\/","title":{"rendered":"Li\u00ean h\u1ec7"},"content":{"rendered":"\t\t<div data-elementor-type=\"wp-page\" data-elementor-id=\"56\" class=\"elementor elementor-56\">\n\t\t\t\t\t\t\t\t\t<section class=\"elementor-section elementor-top-section elementor-element elementor-element-2a5fc8c elementor-section-stretched dsvy-bg-color-yes dsvy-elementor-bg-color-light dsvy-col-stretched-none dsvy-bg-color-over-image elementor-section-boxed elementor-section-height-default elementor-section-height-default\" data-id=\"2a5fc8c\" data-element_type=\"section\" data-settings=\"{&quot;stretch_section&quot;:&quot;section-stretched&quot;}\">\n\t\t\t\t\t\t<div class=\"elementor-container elementor-column-gap-default\">\n\t\t\t\t\t<div class=\"elementor-column elementor-col-100 elementor-top-column elementor-element elementor-element-6b005bc dsvy-bg-color-over-image\" data-id=\"6b005bc\" data-element_type=\"column\">\n\t\t\t<div class=\"elementor-widget-wrap elementor-element-populated\">\n\t\t\t\t\t\t\t\t<div class=\"elementor-element elementor-element-e1e70f4 elementor-widget elementor-widget-google_maps\" data-id=\"e1e70f4\" data-element_type=\"widget\" data-widget_type=\"google_maps.default\">\n\t\t\t\t<div class=\"elementor-widget-container\">\n\t\t\t\t\t<div class=\"elementor-custom-embed\">\n\t\t\t<iframe frameborder=\"0\" scrolling=\"no\" marginheight=\"0\" marginwidth=\"0\"\n\t\t\t\t\tsrc=\"https:\/\/maps.google.com\/maps?q=S%E1%BB%91%2022L4%20B%C3%ACnh%20Gi%C3%A3%2C%20Ph%C6%B0%E1%BB%9Dng%2010%2C%20Th%C3%A0nh%20ph%E1%BB%91%20V%C5%A9ng%20T%E1%BA%A7u%2C%20B%C3%A0%20R%E1%BB%8Ba%20-%20V%C5%A9ng%20T%C3%A0u%2C%20Vi%E1%BB%87t%20Nam&#038;t=m&#038;z=16&#038;output=embed&#038;iwloc=near\"\n\t\t\t\t\ttitle=\"S\u1ed1 22L4 B\u00ecnh Gi\u00e3, Ph\u01b0\u1eddng 10, Th\u00e0nh ph\u1ed1 V\u0169ng T\u1ea7u, B\u00e0 R\u1ecba - V\u0169ng T\u00e0u, Vi\u1ec7t Nam\"\n\t\t\t\t\taria-label=\"S\u1ed1 22L4 B\u00ecnh Gi\u00e3, Ph\u01b0\u1eddng 10, Th\u00e0nh ph\u1ed1 V\u0169ng T\u1ea7u, B\u00e0 R\u1ecba - V\u0169ng T\u00e0u, Vi\u1ec7t Nam\"\n\t\t\t><\/iframe>\n\t\t<\/div>\n\t\t\t\t<\/div>\n\t\t\t\t<\/div>\n\t\t\t\t\t<\/div>\n\t\t<\/div>\n\t\t\t\t\t\t\t<\/div>\n\t\t<\/section>\n\t\t\t\t<section class=\"elementor-section elementor-top-section elementor-element elementor-element-9a9d22e dsvy-bg-color-yes dsvy-elementor-bg-color-light elementor-section-stretched dsvy-col-stretched-none dsvy-bg-color-over-image elementor-section-boxed elementor-section-height-default elementor-section-height-default\" data-id=\"9a9d22e\" data-element_type=\"section\" data-settings=\"{&quot;stretch_section&quot;:&quot;section-stretched&quot;,&quot;background_background&quot;:&quot;classic&quot;}\">\n\t\t\t\t\t\t<div class=\"elementor-container elementor-column-gap-default\">\n\t\t\t\t\t<div class=\"elementor-column elementor-col-50 elementor-top-column elementor-element elementor-element-e65dc18 dsvy-bg-color-yes dsvy-elementor-bg-color-white dsvy-bg-color-over-image\" data-id=\"e65dc18\" data-element_type=\"column\">\n\t\t\t<div class=\"elementor-widget-wrap elementor-element-populated\">\n\t\t\t\t\t\t\t\t<div class=\"elementor-element elementor-element-707e4a1 dsvy-heaing-style-1 dsvy-align-left elementor-widget elementor-widget-dsvy_heading\" data-id=\"707e4a1\" data-element_type=\"widget\" data-widget_type=\"dsvy_heading.default\">\n\t\t\t\t<div class=\"elementor-widget-container\">\n\t\t\t\t<div class=\"dsvy-heading-subheading left-align dsvy-reverse-heading-yes\"><h4 class=\"dsvy-element-subtitle\">\r\n\t\t\t\r\n\t\t\t\t\u0110i\u1ec1n th\u00f4ng tin\r\n\t\t\t\r\n\t\t\t<\/h4>\r\n\t\t<h2 class=\"dsvy-element-title\">\r\n\t\t\t\r\n\t\t\t\tForm li\u00ean h\u1ec7\r\n\t\t\t\r\n\t\t\t<\/h2>\r\n\t\t<\/div>\t\t<\/div>\n\t\t\t\t<\/div>\n\t\t\t\t<div class=\"elementor-element elementor-element-2ce1cb7 elementor-widget elementor-widget-shortcode\" data-id=\"2ce1cb7\" data-element_type=\"widget\" data-widget_type=\"shortcode.default\">\n\t\t\t\t<div class=\"elementor-widget-container\">\n\t\t\t\t\t<div class=\"elementor-shortcode\"><div role=\"form\" class=\"wpcf7\" id=\"wpcf7-f40-o1\" lang=\"en-US\" dir=\"ltr\">\n<div class=\"screen-reader-response\"><p role=\"status\" aria-live=\"polite\" aria-atomic=\"true\"><\/p> <ul><\/ul><\/div>\n<form action=\"\/santex\/wp-json\/wp\/v2\/pages\/56#wpcf7-f40-o1\" method=\"post\" class=\"wpcf7-form init\" novalidate=\"novalidate\" data-status=\"init\">\n<div style=\"display: none;\">\n<input type=\"hidden\" name=\"_wpcf7\" value=\"40\" \/>\n<input type=\"hidden\" name=\"_wpcf7_version\" value=\"5.5.6\" \/>\n<input type=\"hidden\" name=\"_wpcf7_locale\" value=\"en_US\" \/>\n<input type=\"hidden\" name=\"_wpcf7_unit_tag\" value=\"wpcf7-f40-o1\" \/>\n<input type=\"hidden\" name=\"_wpcf7_container_post\" value=\"0\" \/>\n<input type=\"hidden\" name=\"_wpcf7_posted_data_hash\" value=\"\" \/>\n<\/div>\n<div class=\"main-form\">\n<div class=\"row\">\n<div class=\"col-md-6\">\n<div class=\"input-group\"><span class=\"wpcf7-form-control-wrap your-name\"><input type=\"text\" name=\"your-name\" value=\"\" size=\"40\" class=\"wpcf7-form-control wpcf7-text\" aria-invalid=\"false\" placeholder=\"H\u1ecd t\u00ean\" \/><\/span><\/div>\n<\/div>\n<div class=\"col-md-6\">\n<div class=\"input-group\"><span class=\"wpcf7-form-control-wrap your-email\"><input type=\"text\" name=\"your-email\" value=\"\" size=\"40\" class=\"wpcf7-form-control wpcf7-text\" aria-invalid=\"false\" placeholder=\"Email\" \/><\/span><\/div>\n<\/div>\n<div class=\"col-md-6\">\n<div class=\"input-group\"><span class=\"wpcf7-form-control-wrap phone\"><input type=\"text\" name=\"phone\" value=\"\" size=\"40\" class=\"wpcf7-form-control wpcf7-text\" aria-invalid=\"false\" placeholder=\"\u0110i\u1ec7n tho\u1ea1i\" \/><\/span><\/div>\n<\/div>\n<div class=\"col-md-6\">\n<div class=\"input-group\"><span class=\"wpcf7-form-control-wrap text-99\"><input type=\"text\" name=\"text-99\" value=\"\" size=\"40\" class=\"wpcf7-form-control wpcf7-text\" aria-invalid=\"false\" placeholder=\"Ti\u00eau \u0111\u1ec1\" \/><\/span><\/div>\n<\/div>\n<div class=\"col-md-12\">\n<div class=\"input-group input-button\"><span class=\"wpcf7-form-control-wrap message\"><textarea name=\"message\" cols=\"40\" rows=\"4\" class=\"wpcf7-form-control wpcf7-textarea\" aria-invalid=\"false\" placeholder=\"N\u1ed9i dung\"><\/textarea><\/span><\/div>\n<\/div>\n<div class=\"col-md-6\">\n<div class=\"input-group input-button\"><input type=\"submit\" value=\"G\u1eecI \u0110I\" class=\"wpcf7-form-control has-spinner wpcf7-submit btn-block\" \/>\n                  <\/div>\n<\/div>\n<\/div>\n<\/div>\n<div class=\"wpcf7-response-output\" aria-hidden=\"true\"><\/div><\/form><\/div><\/div>\n\t\t\t\t<\/div>\n\t\t\t\t<\/div>\n\t\t\t\t\t<\/div>\n\t\t<\/div>\n\t\t\t\t<div class=\"elementor-column elementor-col-50 elementor-top-column elementor-element elementor-element-1c31008 dsvy-bg-color-over-image\" data-id=\"1c31008\" data-element_type=\"column\">\n\t\t\t<div class=\"elementor-widget-wrap elementor-element-populated\">\n\t\t\t\t\t\t\t\t<div class=\"elementor-element elementor-element-a096712 dsvy-heaing-style-1 dsvy-align-left elementor-widget elementor-widget-dsvy_heading\" data-id=\"a096712\" data-element_type=\"widget\" data-widget_type=\"dsvy_heading.default\">\n\t\t\t\t<div class=\"elementor-widget-container\">\n\t\t\t\t<div class=\"dsvy-heading-subheading left-align dsvy-reverse-heading-yes\"><h4 class=\"dsvy-element-subtitle\">\r\n\t\t\t\r\n\t\t\t\tTh\u00f4ng tin li\u00ean h\u1ec7\r\n\t\t\t\r\n\t\t\t<\/h4>\r\n\t\t<h2 class=\"dsvy-element-title\">\r\n\t\t\t\r\n\t\t\t\tSANTEX CO., LTD\r\n\t\t\t\r\n\t\t\t<\/h2>\r\n\t\t<\/div>\t\t<\/div>\n\t\t\t\t<\/div>\n\t\t\t\t<div class=\"elementor-element elementor-element-86ee9a7 elementor-widget elementor-widget-dsvy_icon_heading\" data-id=\"86ee9a7\" data-element_type=\"widget\" data-widget_type=\"dsvy_icon_heading.default\">\n\t\t\t\t<div class=\"elementor-widget-container\">\n\t\t\t<div class=\"dsvy-ihbox dsvy-ihbox-style-5\">\r\n<div class=\"d-flex\">\r\n\t<div class=\"dsvy-ihbox-icon\"><div class=\"dsvy-ihbox-icon-wrapper\"><i class=\"mdi mdi-location-city\"><\/i><\/div><\/div>\t<div class=\"dsvy-ihbox-contents\">\r\n\t\t<h2 class=\"dsvy-element-title\">\r\n\t\t\t\t\t\r\n\t\t\t\t\t\tV\u0103n ph\u00f2ng \u0111\u1ea1i di\u1ec7n (V\u0103n ph\u00f2ng V\u0169ng T\u00e0u)\r\n\t\t\t\t\t\r\n\t\t\t\t\t<\/h2>\r\n\t\t\t\t\t\t\t\t<div class=\"dsvy-heading-desc\">S\u1ed1 22L4 \u0110\u1ed3i 2, B\u00ecnh Gi\u00e3, Ph\u01b0\u1eddng 10, Th\u00e0nh ph\u1ed1 V\u0169ng T\u00e0u, T\u1ec9nh B\u00e0 R\u1ecba \u2013 V\u0169ng T\u00e0u, Vi\u1ec7t Nam<\/div>\t\t\t<\/div><!-- .dsvy-ihbox-contents -->\r\n<\/div><\/div>\t\t<\/div>\n\t\t\t\t<\/div>\n\t\t\t\t<div class=\"elementor-element elementor-element-1408ee6 elementor-widget elementor-widget-dsvy_icon_heading\" data-id=\"1408ee6\" data-element_type=\"widget\" data-widget_type=\"dsvy_icon_heading.default\">\n\t\t\t\t<div class=\"elementor-widget-container\">\n\t\t\t<div class=\"dsvy-ihbox dsvy-ihbox-style-5\">\r\n<div class=\"d-flex\">\r\n\t<div class=\"dsvy-ihbox-icon\"><div class=\"dsvy-ihbox-icon-wrapper\"><i class=\"mdi mdi-local-phone\"><\/i><\/div><\/div>\t<div class=\"dsvy-ihbox-contents\">\r\n\t\t<h2 class=\"dsvy-element-title\">\r\n\t\t\t\t\t\r\n\t\t\t\t\t\t\u0110i\u1ec7n tho\u1ea1i\r\n\t\t\t\t\t\r\n\t\t\t\t\t<\/h2>\r\n\t\t\t\t\t\t\t\t<div class=\"dsvy-heading-desc\"><a href=\"tel:0286 685 7882\">0286-685-7882<\/a><\/div>\t\t\t<\/div><!-- .dsvy-ihbox-contents -->\r\n<\/div><\/div>\t\t<\/div>\n\t\t\t\t<\/div>\n\t\t\t\t<div class=\"elementor-element elementor-element-cb825ab elementor-widget elementor-widget-dsvy_icon_heading\" data-id=\"cb825ab\" data-element_type=\"widget\" data-widget_type=\"dsvy_icon_heading.default\">\n\t\t\t\t<div class=\"elementor-widget-container\">\n\t\t\t<div class=\"dsvy-ihbox dsvy-ihbox-style-5\">\r\n<div class=\"d-flex\">\r\n\t<div class=\"dsvy-ihbox-icon\"><div class=\"dsvy-ihbox-icon-wrapper\"><i class=\"mdi mdi-email\"><\/i><\/div><\/div>\t<div class=\"dsvy-ihbox-contents\">\r\n\t\t<h2 class=\"dsvy-element-title\">\r\n\t\t\t\t\t\r\n\t\t\t\t\t\tEmail\r\n\t\t\t\t\t\r\n\t\t\t\t\t<\/h2>\r\n\t\t\t\t\t\t\t\t<div class=\"dsvy-heading-desc\"><a href=\"mailto:info@santex.com.vn\">info@santex.com.vn<\/a><\/div>\t\t\t<\/div><!-- .dsvy-ihbox-contents -->\r\n<\/div><\/div>\t\t<\/div>\n\t\t\t\t<\/div>\n\t\t\t\t<div class=\"elementor-element elementor-element-2c0769e elementor-widget elementor-widget-dsvy_icon_heading\" data-id=\"2c0769e\" data-element_type=\"widget\" data-widget_type=\"dsvy_icon_heading.default\">\n\t\t\t\t<div class=\"elementor-widget-container\">\n\t\t\t<div class=\"dsvy-ihbox dsvy-ihbox-style-5\">\r\n<div class=\"d-flex\">\r\n\t<div class=\"dsvy-ihbox-icon\"><div class=\"dsvy-ihbox-icon-wrapper\"><i class=\"mdi mdi-web\"><\/i><\/div><\/div>\t<div class=\"dsvy-ihbox-contents\">\r\n\t\t<h2 class=\"dsvy-element-title\">\r\n\t\t\t\t\t\r\n\t\t\t\t\t\tWebsite\r\n\t\t\t\t\t\r\n\t\t\t\t\t<\/h2>\r\n\t\t\t\t\t\t\t\t<div class=\"dsvy-heading-desc\"><a href=\"#\">santex.com.vn<\/a><\/div>\t\t\t<\/div><!-- .dsvy-ihbox-contents -->\r\n<\/div><\/div>\t\t<\/div>\n\t\t\t\t<\/div>\n\t\t\t\t<div class=\"elementor-element elementor-element-3086dfa dsvy-contact-social-area elementor-widget elementor-widget-text-editor\" data-id=\"3086dfa\" data-element_type=\"widget\" data-widget_type=\"text-editor.default\">\n\t\t\t\t<div class=\"elementor-widget-container\">\n\t\t\t\t\t\t\t\t\t\t\t\t\t<\/div>\n\t\t\t\t<\/div>\n\t\t\t\t\t<\/div>\n\t\t<\/div>\n\t\t\t\t\t\t\t<\/div>\n\t\t<\/section>\n\t\t\t\t\t\t\t<\/div>\n\t\t","protected":false},"excerpt":{"rendered":"<p>\u0110i\u1ec1n th\u00f4ng tin Form li\u00ean h\u1ec7 Th\u00f4ng tin li\u00ean h\u1ec7 SANTEX CO., LTD V\u0103n ph\u00f2ng \u0111\u1ea1i di\u1ec7n (V\u0103n ph\u00f2ng V\u0169ng T\u00e0u) S\u1ed1 22L4 \u0110\u1ed3i 2, B\u00ecnh Gi\u00e3, Ph\u01b0\u1eddng 10, Th\u00e0nh ph\u1ed1 V\u0169ng T\u00e0u, T\u1ec9nh B\u00e0 R\u1ecba \u2013 V\u0169ng T\u00e0u, Vi\u1ec7t Nam \u0110i\u1ec7n tho\u1ea1i 0286-685-7882 Email info@santex.com.vn Website santex.com.vn<\/p>\n","protected":false},"author":2,"featured_media":0,"parent":0,"menu_order":15,"comment_status":"closed","ping_status":"closed","template":"","meta":{"footnotes":""},"acf":[],"_links":{"self":[{"href":"https:\/\/demo8.thuythu.com\/santex\/wp-json\/wp\/v2\/pages\/56"}],"collection":[{"href":"https:\/\/demo8.thuythu.com\/santex\/wp-json\/wp\/v2\/pages"}],"about":[{"href":"https:\/\/demo8.thuythu.com\/santex\/wp-json\/wp\/v2\/types\/page"}],"author":[{"embeddable":true,"href":"https:\/\/demo8.thuythu.com\/santex\/wp-json\/wp\/v2\/users\/2"}],"replies":[{"embeddable":true,"href":"https:\/\/demo8.thuythu.com\/santex\/wp-json\/wp\/v2\/comments?post=56"}],"version-history":[{"count":41,"href":"https:\/\/demo8.thuythu.com\/santex\/wp-json\/wp\/v2\/pages\/56\/revisions"}],"predecessor-version":[{"id":1274,"href":"https:\/\/demo8.thuythu.com\/santex\/wp-json\/wp\/v2\/pages\/56\/revisions\/1274"}],"wp:attachment":[{"href":"https:\/\/demo8.thuythu.com\/santex\/wp-json\/wp\/v2\/media?parent=56"}],"curies":[{"name":"wp","href":"https:\/\/api.w.org\/{rel}","templated":true}]}}