{"id":591,"date":"2022-12-06T19:42:52","date_gmt":"2022-12-06T19:42:52","guid":{"rendered":"https:\/\/demo8.thuythu.com\/santex\/?post_type=product&#038;p=591"},"modified":"2022-12-22T09:26:07","modified_gmt":"2022-12-22T09:26:07","slug":"bo-o-cam-phich-cam-chong-chay-no","status":"publish","type":"product","link":"https:\/\/demo8.thuythu.com\/santex\/product\/bo-o-cam-phich-cam-chong-chay-no\/","title":{"rendered":"B\u1ed9 \u1ed5 &#038; ph\u00edch c\u1eafm ch\u1ed1ng ch\u00e1y n\u1ed5 (Explosion Proof Plug &#038; Socket)"},"content":{"rendered":"<p><strong><span style=\"color: #000000;\">EXPLOSION PROOF PLUG &amp; SOCKET URP 16A SERIES<br \/>\n<img loading=\"lazy\" decoding=\"async\" class=\"size-medium wp-image-873 aligncenter\" src=\"https:\/\/demo8.thuythu.com\/santex\/wp-content\/uploads\/2022\/12\/appleton_atx_explosion_proof_plug__socket_upr_16A-300x172.jpg\" alt=\"\" width=\"300\" height=\"172\" srcset=\"https:\/\/demo8.thuythu.com\/santex\/wp-content\/uploads\/2022\/12\/appleton_atx_explosion_proof_plug__socket_upr_16A-300x172.jpg 300w, https:\/\/demo8.thuythu.com\/santex\/wp-content\/uploads\/2022\/12\/appleton_atx_explosion_proof_plug__socket_upr_16A-1024x587.jpg 1024w, https:\/\/demo8.thuythu.com\/santex\/wp-content\/uploads\/2022\/12\/appleton_atx_explosion_proof_plug__socket_upr_16A-768x440.jpg 768w, https:\/\/demo8.thuythu.com\/santex\/wp-content\/uploads\/2022\/12\/appleton_atx_explosion_proof_plug__socket_upr_16A-770x441.jpg 770w, https:\/\/demo8.thuythu.com\/santex\/wp-content\/uploads\/2022\/12\/appleton_atx_explosion_proof_plug__socket_upr_16A-600x344.jpg 600w, https:\/\/demo8.thuythu.com\/santex\/wp-content\/uploads\/2022\/12\/appleton_atx_explosion_proof_plug__socket_upr_16A.jpg 1399w\" sizes=\"(max-width: 300px) 100vw, 300px\" \/><br \/>\nT\u00cdNH N\u0102NG EXPLOSION PROOF PLUG &amp; SOCKET URP 16A SERIES <\/span><\/strong><br \/>\n<span style=\"color: #000000;\">H\u1ec7 th\u1ed1ng ph\u00edch c\u1eafm v\u00e0 \u1ed5 c\u1eafm \u0111\u01b0\u1ee3c thi\u1ebft k\u1ebf v\u1edbi kh\u00f3a li\u00ean \u0111\u1ed9ng c\u01a1 h\u1ecdc \u0111\u1ec3 \u0111\u1ea3m b\u1ea3o kh\u00f4ng th\u1ec3 x\u1ea3y ra t\u00ecnh tr\u1ea1ng ng\u1eaft \u0111i\u1ec7n khi \u0111\u00e3 \u0111\u01b0\u1ee3c c\u1ea5p \u0111i\u1ec7n.<\/span><br \/>\n<span style=\"color: #000000;\">C\u00f4ng t\u1eafc B\u1eacT \/ T\u1eaeT l\u1edbn tr\u00ean \u1ed5 c\u1eafm cho d\u1ea5u hi\u1ec7u r\u00f5 r\u00e0ng, hi\u1ec3n th\u1ecb v\u1ec1 tr\u1ea1ng th\u00e1i c\u1ee7a \u1ed5 c\u1eafm \u0111\u1ec3 b\u1ea3o v\u1ec7 v\u1ecb tr\u00ed nguy hi\u1ec3m t\u1ed1i \u0111a.<\/span><br \/>\n<span style=\"color: #000000;\">\u1ed4 c\u1eafm LV c\u00f3 th\u1ec3 \u0111\u01b0\u1ee3c kh\u00f3a \u1edf c\u00e1c v\u1ecb tr\u00ed 0 (T\u1eaft) v\u00e0 1 (B\u1eadt).<\/span><br \/>\n<span style=\"color: #000000;\">C\u00e1c \u0111i\u1ec7n \u00e1p kh\u00e1c nhau \u0111\u01b0\u1ee3c m\u00e3 h\u00f3a b\u1eb1ng m\u00e0u s\u1eafc \u0111\u1ec3 d\u1ec5 nh\u1eadn bi\u1ebft.<\/span><br \/>\n<span style=\"color: #000000;\">C\u00e1c \u1ed5 c\u1eafm c\u00f3 kh\u00f3a \u0111\u1ec3 ch\u1ea5p nh\u1eadn ph\u00edch c\u1eafm UPR c\u00f3 \u0111i\u1ec7n \u00e1p th\u00edch h\u1ee3p.<\/span><br \/>\n<span style=\"color: #000000;\">T\u00edch h\u1ee3p c\u00f4ng t\u1eafc ch\u1ed1ng ch\u00e1y n\u1ed5.<\/span><br \/>\n<span style=\"color: #000000;\">Ph\u00edch c\u1eafm UPR c\u00f3 th\u1ec3 \u0111\u01b0\u1ee3c s\u1eed d\u1ee5ng trong c\u00e1c \u1ed5 c\u1eafm c\u00f4ng nghi\u1ec7p theo ti\u00eau chu\u1ea9n IEC 60309-2 th\u00f4ng th\u01b0\u1eddng.<\/span><br \/>\n<span style=\"color: #000000;\">Nhi\u1ec7t \u0111\u1ed9 ho\u1ea1t \u0111\u1ed9ng t\u1eeb -20 \u00baC \u0111\u1ebfn +55 \u00baC<\/span><br \/>\n<strong><span style=\"color: #000000;\">TI\u00caU CHU\u1ea8N V\u1eacT LI\u1ec6U EXPLOSION PROOF PLUG &amp; SOCKET URP 16A SERIES <\/span><\/strong><br \/>\n<span style=\"color: #000000;\">\u1ed4 c\u1eafm g\u1eafn t\u01b0\u1eddng: Polyamide<\/span><br \/>\n<span style=\"color: #000000;\">Ph\u00edch c\u1eafm: Polyamide<\/span><br \/>\n<strong><span style=\"color: #000000;\">ATEX\/IECEx CERTIFICATIONS &amp; COMPLIANCES<\/span><\/strong><br \/>\n<span style=\"color: #000000;\">ATEX\/IECEx Certification<\/span><br \/>\n<span style=\"color: #000000;\">\u2022 Certification Type UPR<\/span><br \/>\n<span style=\"color: #000000;\">\u2014 Gas: Zones 1 and 2<\/span><br \/>\n<span style=\"color: #000000;\">\u2013 Conforming to ATEX 94\/9\/CE: II 2 G<\/span><br \/>\n<span style=\"color: #000000;\">\u2013 Type of Protection: Ex db eb IIB<\/span><br \/>\n<span style=\"color: #000000;\">\u2013 Temperature class: T6 for Ta \u2264 +40 \u00b0C and T5 for +55 \u00b0C<\/span><br \/>\n<span style=\"color: #000000;\">\u2014 Dust: Zones 21 and 22<\/span><br \/>\n<span style=\"color: #000000;\">\u2013 Conforming to ATEX 94\/9\/CE: II 2 D<\/span><br \/>\n<span style=\"color: #000000;\">\u2013 Type of Protection: Ex tb IIIB<\/span><br \/>\n<span style=\"color: #000000;\">\u2013 Surface Temperature: T79 \u00b0C (Ta +40 \u00b0C); T94 \u00b0C (Ta +55 \u00b0C)<\/span><br \/>\n<span style=\"color: #000000;\">\u2014 Ambient Temperature: -20 \u00b0C \u2264 Ta \u2264 +55 \u00b0C<\/span><br \/>\n<span style=\"color: #000000;\">\u2014 Index of Protection according EN\/IEC 60529: IP66<\/span><br \/>\n<span style=\"color: #000000;\">\u2014 Impact Resistance (shock): IK09<\/span><br \/>\n<span style=\"color: #000000;\">\u2014 CE Declaration of Conformity: 50311<\/span><br \/>\n<span style=\"color: #000000;\">\u2014 ATEX Certificate: LCIE 15 ATEX 3054X<\/span><br \/>\n<span style=\"color: #000000;\">\u2014 IECEx Certificate: IECEx LCIE 15.0044X<\/span><br \/>\n<strong><span style=\"color: #000000;\">QUY C\u00c1CH EXPLOSION PROOF PLUG &amp; SOCKET URP 16A SERIES<br \/>\n<img loading=\"lazy\" decoding=\"async\" class=\"alignnone size-large wp-image-875\" src=\"https:\/\/demo8.thuythu.com\/santex\/wp-content\/uploads\/2022\/12\/quy_cach_appleton_atx_explosion_proof_plug__socket_upr_16A-1024x690.jpg\" alt=\"\" width=\"847\" height=\"571\" srcset=\"https:\/\/demo8.thuythu.com\/santex\/wp-content\/uploads\/2022\/12\/quy_cach_appleton_atx_explosion_proof_plug__socket_upr_16A-1024x690.jpg 1024w, https:\/\/demo8.thuythu.com\/santex\/wp-content\/uploads\/2022\/12\/quy_cach_appleton_atx_explosion_proof_plug__socket_upr_16A-300x202.jpg 300w, https:\/\/demo8.thuythu.com\/santex\/wp-content\/uploads\/2022\/12\/quy_cach_appleton_atx_explosion_proof_plug__socket_upr_16A-768x518.jpg 768w, https:\/\/demo8.thuythu.com\/santex\/wp-content\/uploads\/2022\/12\/quy_cach_appleton_atx_explosion_proof_plug__socket_upr_16A-770x519.jpg 770w, https:\/\/demo8.thuythu.com\/santex\/wp-content\/uploads\/2022\/12\/quy_cach_appleton_atx_explosion_proof_plug__socket_upr_16A-600x404.jpg 600w, https:\/\/demo8.thuythu.com\/santex\/wp-content\/uploads\/2022\/12\/quy_cach_appleton_atx_explosion_proof_plug__socket_upr_16A.jpg 1138w\" sizes=\"(max-width: 847px) 100vw, 847px\" \/><br \/>\n<\/span><\/strong><\/p>\n<p><span style=\"font-weight: 400;\"><span style=\"color: #000000;\">\u0110\u1ec3 bi\u1ebft r\u00f5 h\u01a1n ho\u1eb7c c\u1ea7n t\u01b0 v\u1ea5n v\u1ec1<\/span>\u00a0<\/span><a href=\"http:\/\/makgil.com\/products\/alloy-industry-co-ltd-have-grown-and-prospered-alongside-thailand-s-expeditious-industrial-expansion-for-more-than-40-years-alloy-industry-co-ltd-initially-manufactured-the-lighting-fixtures-junction-boxes-and-co\"><i><span style=\"font-weight: 400;\">thi\u1ebft b\u1ecb \u0111i\u1ec7n &amp; ph\u1ee5 ki\u1ec7n ch\u1ed1ng ch\u00e1y n\u1ed5<\/span><\/i><\/a><span style=\"color: #000000;\"><i><span style=\"font-weight: 400;\"> h\u00e3ng ATX\/France<\/span><\/i><span style=\"font-weight: 400;\">, Qu\u00fd kh\u00e1ch h\u00e0ng vui l\u00f2ng li\u00ean h\u1ec7 theo th\u00f4ng tin d\u01b0\u1edbi \u0111\u00e2y:<br \/>\n<\/span><\/span><span style=\"text-decoration: underline;\"><span style=\"color: #0000ff;\"><b>C\u00d4NG TY TNHH SANTEX<br \/>\n<\/b><\/span><\/span><span style=\"font-weight: 400; color: #000000;\">\u0110\u1ecba ch\u1ec9: 18\/21 Nguy\u1ec5n V\u0103n Dung, P.6, Q. G\u00f2 V\u1ea5p, TP. H\u1ed3 Ch\u00ed Minh<br \/>\n<\/span><span style=\"font-weight: 400;\"><span style=\"color: #000000;\">\u0110i\u1ec7n tho\u1ea1i: 02866857882\u00a0 Website:<\/span>\u00a0<\/span><a href=\"http:\/\/santex.com.vn\/\"><span style=\"font-weight: 400;\">http:\/\/santex.com.vn\/<\/span><\/a><span style=\"font-weight: 400;\">\u00a0 \u00a0 <span style=\"color: #000000;\">\u00a0Email<\/span>: <\/span><a href=\"mailto:info@santex.com\"><span style=\"font-weight: 400;\">info@santex.com<\/span><\/a><span style=\"font-weight: 400;\">.vn<\/span><\/p>\n<p>&nbsp;<\/p>\n","protected":false},"excerpt":{"rendered":"<p><span style=\"color: #000000;\">Ph\u00edch c\u1eafm v\u00e0 \u1ed5 c\u1eafm \u0111\u01b0\u1ee3c s\u1eed d\u1ee5ng v\u1edbi c\u00e1c thi\u1ebft b\u1ecb \u0111i\u1ec7n c\u1ea7m tay ho\u1eb7c h\u1ec7 th\u1ed1ng thi\u1ebft b\u1ecb nh\u01b0:<\/span><br \/>\n<span style=\"color: #000000;\">&#8211; H\u1ec7 th\u1ed1ng chi\u1ebfu s\u00e1ng;<\/span><br \/>\n<span style=\"color: #000000;\">&#8211; B\u0103ng t\u1ea3i;<\/span><br \/>\n<span style=\"color: #000000;\">&#8211; M\u00e1y s\u01b0\u1edfi;<\/span><br \/>\n<span style=\"color: #000000;\">&#8211; M\u00e1y ph\u00e1t \u0111i\u1ec7n;<\/span><br \/>\n<span style=\"color: #000000;\">&#8211; Thi\u1ebft b\u1ecb \u0111i\u1ec1u h\u00f2a kh\u00f4ng kh\u00ed;<\/span><br \/>\n<span style=\"color: #000000;\">&#8211; M\u00e1y n\u00e9n kh\u00ed;<\/span><br \/>\n<span style=\"color: #000000;\">&#8211; M\u00e1y b\u01a1m.<\/span><br \/>\n<span style=\"color: #000000;\">\u0110\u1ec3 s\u1eed d\u1ee5ng trong m\u00f4i tr\u01b0\u1eddng \u0103n m\u00f2n v\u00e0 c\u00e1c c\u00f4ng tr\u00ecnh l\u1eafp \u0111\u1eb7t thu\u1ed9c khu v\u1ef1c nguy hi\u1ec3m zone 1&amp;2; zone 21&amp;22 c\u1ee7a ng\u00e0nh d\u1ea7u kh\u00ed nh\u01b0:<\/span><br \/>\n<span style=\"color: #000000;\">&#8211; Nh\u00e0 m\u00e1y l\u1ecdc d\u1ea7u;<\/span><br \/>\n<span style=\"color: #000000;\">&#8211; Nh\u00e0 m\u00e1y h\u00f3a ch\u1ea5t v\u00e0 h\u00f3a d\u1ea7u;<\/span><br \/>\n<span style=\"color: #000000;\">&#8211; \u0110\u01b0\u1eddng \u1ed1ng;<\/span><br \/>\n<span style=\"color: #000000;\">&#8211; D\u00e0n khoan tr\u00ean b\u1edd v\u00e0 ngo\u00e0i kh\u01a1i.<\/span><\/p>\n","protected":false},"featured_media":877,"comment_status":"open","ping_status":"closed","template":"","meta":[],"product_cat":[68],"product_tag":[],"acf":[],"_links":{"self":[{"href":"https:\/\/demo8.thuythu.com\/santex\/wp-json\/wp\/v2\/product\/591"}],"collection":[{"href":"https:\/\/demo8.thuythu.com\/santex\/wp-json\/wp\/v2\/product"}],"about":[{"href":"https:\/\/demo8.thuythu.com\/santex\/wp-json\/wp\/v2\/types\/product"}],"replies":[{"embeddable":true,"href":"https:\/\/demo8.thuythu.com\/santex\/wp-json\/wp\/v2\/comments?post=591"}],"wp:featuredmedia":[{"embeddable":true,"href":"https:\/\/demo8.thuythu.com\/santex\/wp-json\/wp\/v2\/media\/877"}],"wp:attachment":[{"href":"https:\/\/demo8.thuythu.com\/santex\/wp-json\/wp\/v2\/media?parent=591"}],"wp:term":[{"taxonomy":"product_cat","embeddable":true,"href":"https:\/\/demo8.thuythu.com\/santex\/wp-json\/wp\/v2\/product_cat?post=591"},{"taxonomy":"product_tag","embeddable":true,"href":"https:\/\/demo8.thuythu.com\/santex\/wp-json\/wp\/v2\/product_tag?post=591"}],"curies":[{"name":"wp","href":"https:\/\/api.w.org\/{rel}","templated":true}]}}