{"id":592,"date":"2022-12-06T19:45:52","date_gmt":"2022-12-06T19:45:52","guid":{"rendered":"https:\/\/demo8.thuythu.com\/santex\/?post_type=product&#038;p=592"},"modified":"2023-01-10T02:17:50","modified_gmt":"2023-01-10T02:17:50","slug":"brand-buttons","status":"publish","type":"product","link":"https:\/\/demo8.thuythu.com\/santex\/product\/brand-buttons\/","title":{"rendered":"\u1ed0C SI\u1ebeT C\u00c1P CH\u1ed0NG CH\u00c1Y N\u1ed4 (CABLE GLAND) CHO C\u00c1P ARMOURED DAC SERIES"},"content":{"rendered":"<p><span style=\"font-weight: 400;\">\u1ed0c si\u1ebft c\u00e1p, c\u00f3 t\u00ean ti\u1ebfng anh l\u00e0 cable gland, l\u00e0 thi\u1ebft b\u1ecb d\u00f9ng \u0111\u1ec3 c\u1ed1 \u0111\u1ecbnh c\u00e1p \u0111i\u1ec7n v\u1edbi thi\u1ebft b\u1ecb (th\u01b0\u1eddng l\u00e0 t\u1ee7 \u0111i\u1ec7n, thi\u1ebft b\u1ecb \u0111i\u1ec7n, h\u1ed9p \u0111\u1ea5u n\u1ed1i, \u2026).<\/span><\/p>\n<p><span style=\"font-weight: 400;\">DAC series l\u00e0 \u1ed1c si\u1ebft c\u00e1p ch\u1ed1ng ch\u00e1y n\u1ed5, s\u1eed d\u1ee5ng cho c\u00e1p c\u00f3 l\u1edbp gi\u00e1p th\u00e9p (armoured \u2013 c\u00f2n g\u1ecdi l\u00e0 SWA, l\u00e0 l\u1edbp gi\u00e1p th\u00e9p b\u1ea3o v\u1ec7 n\u1eb1m gi\u1eefa v\u1ecf b\u1ecdc b\u00ean ngo\u00e0i v\u00e0 l\u00f5i c\u00e1p, c\u00f3 t\u00e1c d\u1ee5ng b\u1ea3o v\u1ec7 c\u00e1p \u0111i\u1ec7n kh\u1ecfi va \u0111\u1eadp, th\u01b0\u1eddng \u0111\u01b0\u1ee3c s\u1eed d\u1ee5ng nhi\u1ec1u trong c\u00e1c \u1ee9ng d\u1ee5ng ch\u00f4n ng\u1ea7m \u0111\u1ec3 tr\u00e1nh \u0111\u00e0o x\u1edbi), d\u00f9ng trong c\u00e1c m\u00f4i tr\u01b0\u1eddng c\u00f3 nguy c\u01a1 ch\u00e1y n\u1ed5 cao, \u0111\u01b0\u1ee3c l\u00e0m b\u1eb1ng \u0111\u1ed3ng ho\u1eb7c \u0111\u1ed3ng m\u1ea1 niken.\u00a0<\/span><\/p>\n<p><span style=\"font-weight: 400;\">M\u1ee5c \u0111\u00edch c\u1ee7a vi\u1ec7c s\u1eed d\u1ee5ng \u1ed1c si\u1ebft c\u00e1p ch\u1ed1ng ch\u00e1y n\u1ed5 (explosion proof cable gland) l\u00e0 c\u1ed1 \u0111\u1ecbnh c\u00e1p \u0111i\u1ec7n v\u00e0 ng\u0103n ng\u1eeba c\u00e1c d\u00f2ng kh\u00ed\/b\u1ee5i x\u00e2m nh\u1eadp v\u00e0o thi\u1ebft b\u1ecb \u0111i\u1ec7n (th\u01b0\u1eddng l\u00e0 t\u1ee7 \u0111i\u1ec7n, thi\u1ebft b\u1ecb \u0111i\u1ec7n, h\u1ed9p \u0111\u1ea5u n\u1ed1i, \u2026).<\/span><\/p>\n<p><span style=\"font-weight: 400;\">DAC series ph\u00f9 h\u1ee3p \u0111\u1ec3 s\u1eed d\u1ee5ng trong khu v\u1ef1c nguy hi\u1ec3m zone 1, 2 (\u0111\u1ed1i v\u1edbi kh\u00ed gas) ho\u1eb7c zone 21, 22 (\u0111\u1ed1i v\u1edbi b\u1ee5i), \u0111\u01b0\u1ee3c c\u1ea5p ch\u1ee9ng ch\u1ec9 ch\u1ed1ng ch\u00e1y n\u1ed5 b\u1edfi m\u1ed9t hai \u0111\u01a1n v\u1ecb uy t\u00edn nh\u1ea5t th\u1ebf gi\u1edbi l\u00e0 ATEX &amp; IECEx.<\/span><\/p>\n<p><span style=\"font-weight: 400;\">Ph\u1ea7n l\u1edbn c\u00e1c s\u1ea3n ph\u1ea9m th\u00f4ng d\u1ee5ng c\u1ee7a h\u00e3ng Alloy\/Thailand \u0111\u1ec1u c\u00f3 s\u1eb5n t\u1ea1i kho c\u1ee7a <\/span><b>C\u00d4NG TY TNHH SANTEX<\/b> <span style=\"font-weight: 400;\">t\u1ea1i TP. H\u1ed3 Ch\u00ed Minh. \u0110\u1ed1i v\u1edbi h\u00e0ng kh\u00f4ng c\u00f3 s\u1eb5n, th\u1eddi gian giao h\u00e0ng nhanh ch\u00f3ng, t\u1eeb 01 \u2013 02 tu\u1ea7n l\u00e0m vi\u1ec7c k\u1ec3 t\u1eeb ng\u00e0y \u0111\u1eb7t h\u00e0ng.<\/span><\/p>\n<p><span style=\"font-weight: 400;\">\u0110\u1ec3 bi\u1ebft r\u00f5 h\u01a1n ho\u1eb7c c\u1ea7n t\u01b0 v\u1ea5n v\u1ec1\u00a0<\/span><a href=\"http:\/\/makgil.com\/products\/alloy-industry-co-ltd-have-grown-and-prospered-alongside-thailand-s-expeditious-industrial-expansion-for-more-than-40-years-alloy-industry-co-ltd-initially-manufactured-the-lighting-fixtures-junction-boxes-and-co\"><span style=\"font-weight: 400;\">thi\u1ebft b\u1ecb \u0111i\u1ec7n &amp; ph\u1ee5 ki\u1ec7n ch\u1ed1ng ch\u00e1y n\u1ed5<\/span><\/a><span style=\"font-weight: 400;\">, qu\u00fd kh\u00e1ch h\u00e0ng vui l\u00f2ng li\u00ean h\u1ec7 theo th\u00f4ng tin d\u01b0\u1edbi \u0111\u00e2y:<\/span><\/p>\n<p><b>C\u00d4NG TY TNHH SANTEX\u00a0<\/b><\/p>\n<p><span style=\"font-weight: 400;\">\u0110\u1ecba ch\u1ec9: 18\/21 Nguy\u1ec5n V\u0103n Dung, P.6, Q. G\u00f2 V\u1ea5p, TP. H\u1ed3 Ch\u00ed Minh<\/span><\/p>\n<p><span style=\"font-weight: 400;\">\u0110i\u1ec7n tho\u1ea1i: 02866857882\u00a0 Website:\u00a0<\/span><a href=\"http:\/\/santex.com.vn\/\"><span style=\"font-weight: 400;\">http:\/\/santex.com.vn\/<\/span><\/a><span style=\"font-weight: 400;\">\u00a0 \u00a0 \u00a0Email: <\/span><a href=\"mailto:info@santex.com\"><span style=\"font-weight: 400;\">info@santex.com<\/span><\/a><span style=\"font-weight: 400;\">.vn<\/span><\/p>\n","protected":false},"excerpt":{"rendered":"<p>DAC series l\u00e0 \u1ed1c si\u1ebft c\u00e1p ch\u1ed1ng ch\u00e1y n\u1ed5, s\u1eed d\u1ee5ng cho c\u00e1p c\u00f3 l\u1edbp gi\u00e1p th\u00e9p (armoured \u2013 c\u00f2n g\u1ecdi l\u00e0 SWA, l\u00e0 l\u1edbp gi\u00e1p th\u00e9p b\u1ea3o v\u1ec7 n\u1eb1m gi\u1eefa v\u1ecf b\u1ecdc b\u00ean ngo\u00e0i v\u00e0 l\u00f5i c\u00e1p, c\u00f3 t\u00e1c d\u1ee5ng b\u1ea3o v\u1ec7 c\u00e1p \u0111i\u1ec7n kh\u1ecfi va \u0111\u1eadp, th\u01b0\u1eddng \u0111\u01b0\u1ee3c s\u1eed d\u1ee5ng nhi\u1ec1u trong c\u00e1c \u1ee9ng d\u1ee5ng ch\u00f4n ng\u1ea7m \u0111\u1ec3 tr\u00e1nh \u0111\u00e0o x\u1edbi), d\u00f9ng trong c\u00e1c m\u00f4i tr\u01b0\u1eddng c\u00f3 nguy c\u01a1 ch\u00e1y n\u1ed5 cao, \u0111\u01b0\u1ee3c l\u00e0m b\u1eb1ng \u0111\u1ed3ng ho\u1eb7c \u0111\u1ed3ng m\u1ea1 niken.<\/p>\n<p>&nbsp;<\/p>\n","protected":false},"featured_media":980,"comment_status":"open","ping_status":"closed","template":"","meta":[],"product_cat":[50],"product_tag":[],"acf":[],"_links":{"self":[{"href":"https:\/\/demo8.thuythu.com\/santex\/wp-json\/wp\/v2\/product\/592"}],"collection":[{"href":"https:\/\/demo8.thuythu.com\/santex\/wp-json\/wp\/v2\/product"}],"about":[{"href":"https:\/\/demo8.thuythu.com\/santex\/wp-json\/wp\/v2\/types\/product"}],"replies":[{"embeddable":true,"href":"https:\/\/demo8.thuythu.com\/santex\/wp-json\/wp\/v2\/comments?post=592"}],"wp:featuredmedia":[{"embeddable":true,"href":"https:\/\/demo8.thuythu.com\/santex\/wp-json\/wp\/v2\/media\/980"}],"wp:attachment":[{"href":"https:\/\/demo8.thuythu.com\/santex\/wp-json\/wp\/v2\/media?parent=592"}],"wp:term":[{"taxonomy":"product_cat","embeddable":true,"href":"https:\/\/demo8.thuythu.com\/santex\/wp-json\/wp\/v2\/product_cat?post=592"},{"taxonomy":"product_tag","embeddable":true,"href":"https:\/\/demo8.thuythu.com\/santex\/wp-json\/wp\/v2\/product_tag?post=592"}],"curies":[{"name":"wp","href":"https:\/\/api.w.org\/{rel}","templated":true}]}}