{"id":598,"date":"2022-12-06T19:42:53","date_gmt":"2022-12-06T19:42:53","guid":{"rendered":"https:\/\/demo8.thuythu.com\/santex\/?post_type=product&#038;p=598"},"modified":"2022-12-22T10:31:42","modified_gmt":"2022-12-22T10:31:42","slug":"0-phich-cam-chong-chay-no-drcs-dpg-series","status":"publish","type":"product","link":"https:\/\/demo8.thuythu.com\/santex\/product\/0-phich-cam-chong-chay-no-drcs-dpg-series\/","title":{"rendered":"\u1ed4 V\u00c0 PH\u00cdCH C\u1eaeM CH\u1ed0NG CH\u00c1Y N\u1ed4 DRCS &#038; DPG SERIES"},"content":{"rendered":"<p><span style=\"color: #000000;\"><b>Explosion Proof Switch &amp; Plug DRCS &amp; DPG series h\u00e3ng Alloy\/Thailand<br \/>\n<img loading=\"lazy\" decoding=\"async\" class=\"size-full wp-image-916 aligncenter\" src=\"https:\/\/demo8.thuythu.com\/santex\/wp-content\/uploads\/2022\/12\/o_va_phich_cam_chong_chay_no_drcs_dpg_series.jpg\" alt=\"\" width=\"549\" height=\"394\" srcset=\"https:\/\/demo8.thuythu.com\/santex\/wp-content\/uploads\/2022\/12\/o_va_phich_cam_chong_chay_no_drcs_dpg_series.jpg 549w, https:\/\/demo8.thuythu.com\/santex\/wp-content\/uploads\/2022\/12\/o_va_phich_cam_chong_chay_no_drcs_dpg_series-300x215.jpg 300w\" sizes=\"(max-width: 549px) 100vw, 549px\" \/><br \/>\nTH\u00d4NG S\u1ed0 K\u1ef8 THU\u1eacT EXPLOSION PROOF SWITCH &amp; PLUG DRCS &amp; DPGSERIES<\/b><\/span><\/p>\n<table>\n<tbody>\n<tr>\n<td><b>Hazardous Area<\/b><\/td>\n<td><b>Gas<\/b><\/td>\n<td><b>Dust<\/b><\/td>\n<\/tr>\n<tr>\n<td><span style=\"font-weight: 400;\">Zones<\/span><\/td>\n<td><span style=\"font-weight: 400;\">1 &amp; 2<\/span><\/td>\n<td><span style=\"font-weight: 400;\">21 &amp; 22<\/span><\/td>\n<\/tr>\n<tr>\n<td><span style=\"font-weight: 400;\">Equipment Group\/Category<\/span><\/td>\n<td><span style=\"font-weight: 400;\">Ex II 2G<\/span><\/td>\n<td><span style=\"font-weight: 400;\">Ex\u00a0II 2D<\/span><\/td>\n<\/tr>\n<tr>\n<td><span style=\"font-weight: 400;\">Symbol of Protection<\/span><\/td>\n<td><span style=\"font-weight: 400;\">Ex db IIB T6\/T5 Gb<\/span><\/td>\n<td><span style=\"font-weight: 400;\">Ex tb IIIC T85<\/span><span style=\"font-weight: 400;\">o<\/span><span style=\"font-weight: 400;\">C\/ T100<\/span><span style=\"font-weight: 400;\">o<\/span><span style=\"font-weight: 400;\">C Db IP66<\/span><\/td>\n<\/tr>\n<tr>\n<td><span style=\"font-weight: 400;\">Certificate<\/span><\/td>\n<td colspan=\"2\"><span style=\"font-weight: 400;\">T\u00dcV CY 18 ATEX 0205994 X<\/span><\/td>\n<\/tr>\n<tr>\n<td><span style=\"font-weight: 400;\">Conformity to Standards<\/span><\/td>\n<td colspan=\"2\"><span style=\"font-weight: 400;\">EN 60079-0:2012+A11:2013, EN 60079-1:2014, EN 60079-31:2014<\/span><\/td>\n<\/tr>\n<tr>\n<td><span style=\"font-weight: 400;\">Ambient Temperature<\/span><\/td>\n<td colspan=\"2\"><span style=\"font-weight: 400;\">-20\u00a0<\/span><span style=\"font-weight: 400;\">o<\/span><span style=\"font-weight: 400;\">C to +55\u00a0<\/span><span style=\"font-weight: 400;\">o<\/span><span style=\"font-weight: 400;\">C\u00a0<\/span><\/td>\n<\/tr>\n<tr>\n<td><span style=\"font-weight: 400;\">Index of Protection<\/span><\/td>\n<td colspan=\"2\"><span style=\"font-weight: 400;\">IP66<\/span><\/td>\n<\/tr>\n<tr>\n<td colspan=\"3\"><\/td>\n<\/tr>\n<tr>\n<td><span style=\"font-weight: 400;\">Entries<\/span><\/td>\n<td colspan=\"2\"><span style=\"font-weight: 400;\">\u00d81\/2\u201d to \u00d81-1\/2\u201d NPT or M20x1.5 tp M50x1.5 on Top &amp; Bottom (1-stopping plug)<\/span><\/td>\n<\/tr>\n<tr>\n<td><span style=\"font-weight: 400;\">Mounting<\/span><\/td>\n<td colspan=\"2\"><span style=\"font-weight: 400;\">Wall mount<\/span><\/td>\n<\/tr>\n<\/tbody>\n<\/table>\n<h2><b>TH\u00d4NG S\u1ed0 V\u1eacT LI\u1ec6U EXPLOSION PROOF SWITCH &amp; PLUG DRCS &amp; DPGSERIE<\/b><\/h2>\n<table>\n<tbody>\n<tr>\n<td><span style=\"font-weight: 400;\">Body, cover<\/span><\/td>\n<td><span style=\"font-weight: 400;\">:<\/span><\/td>\n<td><span style=\"font-weight: 400;\">Marine grade copper-free aluminium alloy with polyester powder coated, RAL 7032 (Grey)<\/span><\/td>\n<\/tr>\n<tr>\n<td><span style=\"font-weight: 400;\">Bolts<\/span><\/td>\n<td><span style=\"font-weight: 400;\">:<\/span><\/td>\n<td><span style=\"font-weight: 400;\">Stainless steel<\/span><\/td>\n<\/tr>\n<\/tbody>\n<\/table>\n<p><b><span style=\"color: #000000;\">QUY C\u00c1CH EXPLOSION PROOF SWITCH &amp; PLUG DRCS &amp; DPGSERIES<\/span><br \/>\n<img loading=\"lazy\" decoding=\"async\" class=\"alignnone size-large wp-image-918\" src=\"https:\/\/demo8.thuythu.com\/santex\/wp-content\/uploads\/2022\/12\/quy_cach_o_va_phich_cam_chong_chay_no_drcs_dpg_series-757x1024.jpg\" alt=\"\" width=\"757\" height=\"1024\" srcset=\"https:\/\/demo8.thuythu.com\/santex\/wp-content\/uploads\/2022\/12\/quy_cach_o_va_phich_cam_chong_chay_no_drcs_dpg_series-757x1024.jpg 757w, https:\/\/demo8.thuythu.com\/santex\/wp-content\/uploads\/2022\/12\/quy_cach_o_va_phich_cam_chong_chay_no_drcs_dpg_series-222x300.jpg 222w, https:\/\/demo8.thuythu.com\/santex\/wp-content\/uploads\/2022\/12\/quy_cach_o_va_phich_cam_chong_chay_no_drcs_dpg_series-768x1038.jpg 768w, https:\/\/demo8.thuythu.com\/santex\/wp-content\/uploads\/2022\/12\/quy_cach_o_va_phich_cam_chong_chay_no_drcs_dpg_series-1136x1536.jpg 1136w, https:\/\/demo8.thuythu.com\/santex\/wp-content\/uploads\/2022\/12\/quy_cach_o_va_phich_cam_chong_chay_no_drcs_dpg_series-1515x2048.jpg 1515w, https:\/\/demo8.thuythu.com\/santex\/wp-content\/uploads\/2022\/12\/quy_cach_o_va_phich_cam_chong_chay_no_drcs_dpg_series-770x1041.jpg 770w, https:\/\/demo8.thuythu.com\/santex\/wp-content\/uploads\/2022\/12\/quy_cach_o_va_phich_cam_chong_chay_no_drcs_dpg_series-600x811.jpg 600w, https:\/\/demo8.thuythu.com\/santex\/wp-content\/uploads\/2022\/12\/quy_cach_o_va_phich_cam_chong_chay_no_drcs_dpg_series-scaled.jpg 1893w\" sizes=\"(max-width: 757px) 100vw, 757px\" \/><br \/>\n<\/b><\/p>\n<p><span style=\"font-weight: 400;\">\u0110\u1ec3 bi\u1ebft r\u00f5 h\u01a1n ho\u1eb7c c\u1ea7n t\u01b0 v\u1ea5n v\u1ec1\u00a0<\/span><a href=\"http:\/\/makgil.com\/products\/alloy-industry-co-ltd-have-grown-and-prospered-alongside-thailand-s-expeditious-industrial-expansion-for-more-than-40-years-alloy-industry-co-ltd-initially-manufactured-the-lighting-fixtures-junction-boxes-and-co\"><i><span style=\"font-weight: 400;\">thi\u1ebft b\u1ecb \u0111i\u1ec7n &amp; ph\u1ee5 ki\u1ec7n ch\u1ed1ng ch\u00e1y n\u1ed5<\/span><\/i><\/a><span style=\"font-weight: 400;\">, <span style=\"color: #000000;\">qu\u00fd kh\u00e1ch h\u00e0ng vui l\u00f2ng li\u00ean h\u1ec7 theo th\u00f4ng tin d\u01b0\u1edbi \u0111\u00e2y:<\/span><br \/>\n<\/span><span style=\"text-decoration: underline;\"><strong><span style=\"color: #3366ff; text-decoration: underline;\">C\u00d4NG TY TNHH SANTEX\u00a0<\/span><\/strong><\/span><b><br \/>\n<\/b><span style=\"font-weight: 400;\"><span style=\"color: #000000;\">\u0110\u1ecba ch\u1ec9: 18\/21 Nguy\u1ec5n V\u0103n Dung, P.6, Q. G\u00f2 V\u1ea5p, TP. H\u1ed3 Ch\u00ed Minh<\/span><br \/>\n<\/span><span style=\"font-weight: 400;\"><span style=\"color: #000000;\">\u0110i\u1ec7n tho\u1ea1i: 02866572704\u00a0 Website<\/span>:\u00a0<\/span><a href=\"http:\/\/santex.com.vn\/\"><span style=\"font-weight: 400;\">http:\/\/santex.com.vn\/<\/span><\/a><span style=\"font-weight: 400;\">\u00a0 \u00a0<span style=\"color: #000000;\"> \u00a0Email: <\/span><\/span><a href=\"mailto:info@santex.com\"><span style=\"font-weight: 400;\">info@santex.com<\/span><\/a><span style=\"font-weight: 400;\">.vn<\/span><\/p>\n<p><b>\u00a0<\/b><\/p>\n","protected":false},"excerpt":{"rendered":"<p><span style=\"color: #000000;\">\u1ed4 v\u00e0 ph\u00edch c\u1eafm ch\u1ed1ng ch\u00e1y n\u1ed5, c\u00f3 t\u00ean ti\u1ebfng anh l\u00e0 Explosion Proof Switch &amp; Plug, l\u00e0 m\u1ed9t b\u1ed9 g\u1ed3m \u1ed5 c\u1eafm v\u00e0 ph\u00edch c\u1eafm d\u00f9ng \u0111\u1ec3 k\u1ebft n\u1ed1i\/ng\u1eaft k\u1ebft n\u1ed1i m\u1ea1ch \u0111i\u1ec7n, \u0111\u01b0\u1ee3c thi\u1ebft k\u1ebf v\u00e0 s\u1ea3n xu\u1ea5t \u0111\u1ea1t ti\u00eau chu\u1ea9n ch\u1ed1ng ch\u00e1y n\u1ed5, s\u1eed d\u1ee5ng trong c\u00e1c m\u00f4i tr\u01b0\u1eddng c\u00f3 nguy c\u01a1 ch\u00e1y n\u1ed5 cao nh\u1eb1m m\u1ee5c \u0111\u00edch lo\u1ea1i b\u1ecf c\u00e1c nguy c\u01a1 g\u00e2y ra ch\u00e1y n\u1ed5.<\/span><br \/>\n<span style=\"color: #000000;\">DRCS &amp; DPG series l\u00e0 \u1ed4 v\u00e0 ph\u00edch c\u1eafm ch\u1ed1ng ch\u00e1y n\u1ed5 h\u00e3ng Alloy\/Thailand, \u0111\u01b0\u1ee3c l\u00e0m t\u1eeb v\u1eadt li\u1ec7u nh\u00f4m aluminium, b\u00ean ngo\u00e0i s\u01a1n ph\u1ee7 ch\u1ed1ng \u0103n m\u00f2n, \u0111\u01b0\u1ee3c s\u1eed d\u1ee5ng nhi\u1ec1u v\u1edbi m\u1ee5c \u0111\u00edch:<\/span><br \/>\n<span style=\"color: #000000;\">\u0110\u1ec3 k\u1ebft n\u1ed1i ho\u1eb7c ng\u1eaft k\u1ebft n\u1ed1i ngu\u1ed3n \u0111i\u1ec7n truy\u1ec1n t\u1edbi c\u00e1c thi\u1ebft b\u1ecb \u0111i\u1ec7n ho\u1eb7c c\u00e1c d\u1ee5ng c\u1ee5 c\u1ea7m tay.<\/span><br \/>\n<span style=\"color: #000000;\">\u0110\u1ea1t ti\u00eau chu\u1ea9n ch\u1ed1ng ch\u00e1y n\u1ed5 Ex db IIB T6\/T5 Gb cho kh\u00ed (zone 1&amp;2) v\u00e0 Ex tb IIIC T85oC\/ T100oC Db IP66 cho b\u1ee5i (zone 21&amp;22), \u0111\u01b0\u1ee3c c\u1ea5p ch\u1ee9ng ch\u1ec9 b\u1edfi ATEX.<\/span><\/p>\n","protected":false},"featured_media":924,"comment_status":"open","ping_status":"closed","template":"","meta":[],"product_cat":[68],"product_tag":[],"acf":[],"_links":{"self":[{"href":"https:\/\/demo8.thuythu.com\/santex\/wp-json\/wp\/v2\/product\/598"}],"collection":[{"href":"https:\/\/demo8.thuythu.com\/santex\/wp-json\/wp\/v2\/product"}],"about":[{"href":"https:\/\/demo8.thuythu.com\/santex\/wp-json\/wp\/v2\/types\/product"}],"replies":[{"embeddable":true,"href":"https:\/\/demo8.thuythu.com\/santex\/wp-json\/wp\/v2\/comments?post=598"}],"wp:featuredmedia":[{"embeddable":true,"href":"https:\/\/demo8.thuythu.com\/santex\/wp-json\/wp\/v2\/media\/924"}],"wp:attachment":[{"href":"https:\/\/demo8.thuythu.com\/santex\/wp-json\/wp\/v2\/media?parent=598"}],"wp:term":[{"taxonomy":"product_cat","embeddable":true,"href":"https:\/\/demo8.thuythu.com\/santex\/wp-json\/wp\/v2\/product_cat?post=598"},{"taxonomy":"product_tag","embeddable":true,"href":"https:\/\/demo8.thuythu.com\/santex\/wp-json\/wp\/v2\/product_tag?post=598"}],"curies":[{"name":"wp","href":"https:\/\/api.w.org\/{rel}","templated":true}]}}