{"id":608,"date":"2022-12-06T19:42:54","date_gmt":"2022-12-06T19:42:54","guid":{"rendered":"https:\/\/demo8.thuythu.com\/santex\/?post_type=product&#038;p=608"},"modified":"2022-12-22T10:51:26","modified_gmt":"2022-12-22T10:51:26","slug":"hop-nut-nhan-khan-cap-chong-chay-no","status":"publish","type":"product","link":"https:\/\/demo8.thuythu.com\/santex\/product\/hop-nut-nhan-khan-cap-chong-chay-no\/","title":{"rendered":"H\u1ed8P N\u00daT NH\u1ea4N KH\u1ea8N C\u1ea4P CH\u1ed0NG CH\u00c1Y N\u1ed4 EAS SERIES"},"content":{"rendered":"<p><span style=\"color: #000000;\"><b>Emergency Control Station EAS series h\u00e3ng Alloy\/Thailand<br \/>\n<img loading=\"lazy\" decoding=\"async\" class=\"size-full wp-image-927 aligncenter\" src=\"https:\/\/demo8.thuythu.com\/santex\/wp-content\/uploads\/2022\/12\/hop_nut_nhan_khan_cap_chong_chay_no_eas_series.jpg\" alt=\"\" width=\"549\" height=\"394\" srcset=\"https:\/\/demo8.thuythu.com\/santex\/wp-content\/uploads\/2022\/12\/hop_nut_nhan_khan_cap_chong_chay_no_eas_series.jpg 549w, https:\/\/demo8.thuythu.com\/santex\/wp-content\/uploads\/2022\/12\/hop_nut_nhan_khan_cap_chong_chay_no_eas_series-300x215.jpg 300w\" sizes=\"(max-width: 549px) 100vw, 549px\" \/><br \/>\nTH\u00d4NG S\u1ed0 K\u1ef8 THU\u1eacT H\u1ed8P N\u00daT NH\u1ea4N KH\u1ea8N C\u1ea4P CH\u1ed0NG CH\u00c1Y N\u1ed4 EAS SERIES<\/b><\/span><\/p>\n<table>\n<tbody>\n<tr>\n<td><span style=\"color: #000000;\"><b>Hazardous Area<\/b><\/span><\/td>\n<td><span style=\"color: #000000;\"><b>Gas<\/b><\/span><\/td>\n<td><span style=\"color: #000000;\"><b>Dust<\/b><\/span><\/td>\n<\/tr>\n<tr>\n<td><span style=\"font-weight: 400; color: #000000;\">Zones<\/span><\/td>\n<td><span style=\"font-weight: 400; color: #000000;\">1 &amp; 2<\/span><\/td>\n<td><span style=\"font-weight: 400; color: #000000;\">21 &amp; 22<\/span><\/td>\n<\/tr>\n<tr>\n<td><span style=\"font-weight: 400; color: #000000;\">Equipment Group\/Category<\/span><\/td>\n<td><span style=\"font-weight: 400; color: #000000;\">Ex II 2G<\/span><\/td>\n<td><span style=\"font-weight: 400; color: #000000;\">Ex\u00a0II 2D<\/span><\/td>\n<\/tr>\n<tr>\n<td><span style=\"font-weight: 400; color: #000000;\">Symbol of Protection<\/span><\/td>\n<td><span style=\"font-weight: 400; color: #000000;\">Ex d IIB T6\/T5 Gb<\/span><\/td>\n<td><span style=\"font-weight: 400; color: #000000;\">Ex tc IIIB T80oC\/ T95oC Dc IP54<\/span><\/td>\n<\/tr>\n<tr>\n<td><span style=\"font-weight: 400; color: #000000;\">Conformity to Standards<\/span><\/td>\n<td colspan=\"2\"><span style=\"font-weight: 400; color: #000000;\">EN 60079-0:2012+A11:2013, EN 60079-1:2014, EN 60079-31:2014<\/span><\/td>\n<\/tr>\n<tr>\n<td><span style=\"font-weight: 400; color: #000000;\">Ambient Temperature<\/span><\/td>\n<td colspan=\"2\"><span style=\"font-weight: 400; color: #000000;\">-20\u00a0oC to +55\u00a0oC\u00a0<\/span><\/td>\n<\/tr>\n<tr>\n<td><span style=\"font-weight: 400; color: #000000;\">Index of Protection<\/span><\/td>\n<td colspan=\"2\"><span style=\"font-weight: 400; color: #000000;\">IP54<\/span><\/td>\n<\/tr>\n<tr>\n<td colspan=\"3\"><span style=\"font-weight: 400; color: #000000;\">\u00a0<\/span><\/td>\n<\/tr>\n<tr>\n<td><span style=\"font-weight: 400; color: #000000;\">Entries<\/span><\/td>\n<td colspan=\"2\"><span style=\"font-weight: 400; color: #000000;\">\u00d81\/2\u201d NPT, \u00d83\/4\u201d NPT or M20x1.5, M25x1.5<\/span><\/td>\n<\/tr>\n<tr>\n<td><span style=\"font-weight: 400; color: #000000;\">Mounting<\/span><\/td>\n<td colspan=\"2\"><span style=\"font-weight: 400; color: #000000;\">Wall type<\/span><\/td>\n<\/tr>\n<\/tbody>\n<\/table>\n<p><span style=\"color: #000000;\"><b>TH\u00d4NG S\u1ed0 V\u1eacT LI\u1ec6U H\u1ed8P N\u00daT NH\u1ea4N KH\u1ea8N C\u1ea4P CH\u1ed0NG CH\u00c1Y N\u1ed4 EAS SERIES<\/b><\/span><\/p>\n<table style=\"letter-spacing: 0px;\">\n<tbody>\n<tr>\n<td><span style=\"color: #000000;\">Body, cover, hammer<\/span><\/td>\n<td><span style=\"color: #000000;\">:<\/span><\/td>\n<td><span style=\"color: #000000;\">Marine grade copper-free aluminium alloy with polyester powder coated, RAL 7032 (Grey)<\/span><\/td>\n<\/tr>\n<tr>\n<td><span style=\"color: #000000;\">Bolt, chain<\/span><\/td>\n<td><span style=\"color: #000000;\">:\u00a0<\/span><\/td>\n<td><span style=\"color: #000000;\">Stainless steel<\/span><\/td>\n<\/tr>\n<\/tbody>\n<\/table>\n<p><span style=\"color: #000000;\"><b>\u0110I\u1ec6N \u00c1P \u0110\u1ecaNH M\u1ee8C<\/b><\/span><\/p>\n<p><span style=\"font-weight: 400; color: #000000;\">3A. 220V.ac (10A. rated thermal current)<\/span><\/p>\n<p><span style=\"color: #000000;\"><b>QUY C\u00c1CH<\/b> <b>H\u1ed8P N\u00daT NH\u1ea4N KH\u1ea8N C\u1ea4P CH\u1ed0NG CH\u00c1Y N\u1ed4 EAS SERIES<br \/>\n<img loading=\"lazy\" decoding=\"async\" class=\"alignnone size-large wp-image-929\" src=\"https:\/\/demo8.thuythu.com\/santex\/wp-content\/uploads\/2022\/12\/quy_cach_hop_nut_nhan_khan_cap_chong_chay_no_eas_seri-1024x1018.jpg\" alt=\"\" width=\"847\" height=\"842\" srcset=\"https:\/\/demo8.thuythu.com\/santex\/wp-content\/uploads\/2022\/12\/quy_cach_hop_nut_nhan_khan_cap_chong_chay_no_eas_seri-1024x1018.jpg 1024w, https:\/\/demo8.thuythu.com\/santex\/wp-content\/uploads\/2022\/12\/quy_cach_hop_nut_nhan_khan_cap_chong_chay_no_eas_seri-300x298.jpg 300w, https:\/\/demo8.thuythu.com\/santex\/wp-content\/uploads\/2022\/12\/quy_cach_hop_nut_nhan_khan_cap_chong_chay_no_eas_seri-150x150.jpg 150w, https:\/\/demo8.thuythu.com\/santex\/wp-content\/uploads\/2022\/12\/quy_cach_hop_nut_nhan_khan_cap_chong_chay_no_eas_seri-768x763.jpg 768w, https:\/\/demo8.thuythu.com\/santex\/wp-content\/uploads\/2022\/12\/quy_cach_hop_nut_nhan_khan_cap_chong_chay_no_eas_seri-1536x1526.jpg 1536w, https:\/\/demo8.thuythu.com\/santex\/wp-content\/uploads\/2022\/12\/quy_cach_hop_nut_nhan_khan_cap_chong_chay_no_eas_seri-770x765.jpg 770w, https:\/\/demo8.thuythu.com\/santex\/wp-content\/uploads\/2022\/12\/quy_cach_hop_nut_nhan_khan_cap_chong_chay_no_eas_seri-600x596.jpg 600w, https:\/\/demo8.thuythu.com\/santex\/wp-content\/uploads\/2022\/12\/quy_cach_hop_nut_nhan_khan_cap_chong_chay_no_eas_seri-100x100.jpg 100w, https:\/\/demo8.thuythu.com\/santex\/wp-content\/uploads\/2022\/12\/quy_cach_hop_nut_nhan_khan_cap_chong_chay_no_eas_seri.jpg 1920w\" sizes=\"(max-width: 847px) 100vw, 847px\" \/><br \/>\n<\/b><\/span><span style=\"font-weight: 400;\"><span style=\"color: #000000;\">\u0110\u1ec3 bi\u1ebft r\u00f5 h\u01a1n ho\u1eb7c c\u1ea7n t\u01b0 v\u1ea5n v\u1ec1<\/span>\u00a0<\/span><a href=\"http:\/\/makgil.com\/products\/alloy-industry-co-ltd-have-grown-and-prospered-alongside-thailand-s-expeditious-industrial-expansion-for-more-than-40-years-alloy-industry-co-ltd-initially-manufactured-the-lighting-fixtures-junction-boxes-and-co\"><i><span style=\"font-weight: 400;\">thi\u1ebft b\u1ecb \u0111i\u1ec7n &amp; ph\u1ee5 ki\u1ec7n ch\u1ed1ng ch\u00e1y n\u1ed5<\/span><\/i><\/a><span style=\"font-weight: 400;\">,<span style=\"color: #000000;\"> qu\u00fd kh\u00e1ch h\u00e0ng vui l\u00f2ng li\u00ean h\u1ec7 theo th\u00f4ng tin d\u01b0\u1edbi \u0111\u00e2y:<br \/>\n<\/span><\/span><span style=\"text-decoration: underline;\"><span style=\"color: #3366ff; text-decoration: underline;\">C\u00d4NG TY TNHH SANTEX<br \/>\n<\/span><\/span><span style=\"font-weight: 400; color: #000000;\">\u0110\u1ecba ch\u1ec9: 18\/21 Nguy\u1ec5n V\u0103n Dung, P.6, Q. G\u00f2 V\u1ea5p, TP. H\u1ed3 Ch\u00ed Minh<br \/>\n<\/span><span style=\"font-weight: 400;\"><span style=\"color: #000000;\">\u0110i\u1ec7n tho\u1ea1i: 02866572704\u00a0 Website:<\/span>\u00a0<\/span><a href=\"http:\/\/santex.com.vn\/\"><span style=\"font-weight: 400;\">http:\/\/santex.com.vn\/<\/span><\/a><span style=\"font-weight: 400;\">\u00a0 \u00a0 <span style=\"color: #000000;\">\u00a0Email:<\/span> <\/span><a href=\"mailto:info@santex.com\"><span style=\"font-weight: 400;\">info@santex.com<\/span><\/a><span style=\"font-weight: 400;\">.vn<\/span><\/p>\n<p><span style=\"color: #000000;\"><b>\u00a0<\/b><\/span><\/p>\n","protected":false},"excerpt":{"rendered":"<p><span style=\"color: #000000;\">H\u1ed9p n\u00fat nh\u1ea5n kh\u1ea9n c\u1ea5p ch\u1ed1ng ch\u00e1y n\u1ed5, c\u00f3 t\u00ean ti\u1ebfng anh l\u00e0 Explosion Proof Emergency Control Station, l\u00e0 m\u1ed9t t\u1ee7 \u0111i\u1ec7n s\u1eed d\u1ee5ng ph\u1ee5 ki\u1ec7n d\u1ea1ng n\u00fat nh\u1ea5n, c\u00f3 th\u1ec3 \u0111i\u1ec1u khi\u1ec3n d\u1ec5 d\u00e0ng, \u0111\u01b0\u1ee3c d\u00f9ng \u0111\u1ec3 \u0111\u00f3ng c\u00e1c thi\u1ebft b\u1ecb \u0111i\u1ec7n trong tr\u01b0\u1eddng h\u1ee3p kh\u1ea9n c\u1ea5p, v\u00ed d\u1ee5 nh\u01b0 b\u01a1m, m\u00e1y m\u00f3c, c\u00e1c thi\u1ebft b\u1ecb b\u00e1o ch\u00e1y, \u2026 <\/span><br \/>\n<span style=\"color: #000000;\">EAS series l\u00e0 H\u1ed9p n\u00fat nh\u1ea5n kh\u1ea9n c\u1ea5p ch\u1ed1ng ch\u00e1y n\u1ed5 h\u00e3ng Alloy\/Thailand, \u0111\u01b0\u1ee3c l\u00e0m t\u1eeb v\u1eadt li\u1ec7u nh\u00f4m aluminium, s\u01a1n ph\u1ee7 t\u0129nh \u0111i\u1ec7n b\u00ean ngo\u00e0i, th\u01b0\u1eddng \u0111\u01b0\u1ee3c s\u1eed d\u1ee5ng trong h\u1ec7 th\u1ed1ng b\u00e1o ch\u00e1y, c\u00e1c thi\u1ebft b\u1ecb m\u00e1y m\u00f3c, b\u01a1m, \u2026 <\/span><br \/>\n<span style=\"color: #000000;\">EAS series ph\u00f9 h\u1ee3p \u0111\u1ec3 s\u1eed d\u1ee5ng cho c\u00e1c m\u00f4i tr\u01b0\u1eddng c\u00f3 nguy c\u01a1 ch\u00e1y n\u1ed5 cao thu\u1ed9c zone 1 &amp; 2 (\u0111\u1ed1i v\u1edbi kh\u00ed) v\u00e0 zone 21 &amp; 22 (\u0111\u1ed1i v\u1edbi b\u1ee5i), \u0111\u01b0\u1ee3c ki\u1ec3m tra v\u00e0 c\u1ea5p ch\u1ee9ng ch\u1ec9 ch\u1ed1ng ch\u00e1y n\u1ed5 b\u1edfi hai \u0111\u01a1n v\u1ecb uy t\u00edn nh\u1ea5t th\u1ebf gi\u1edbi l\u00e0 ATEX &amp; IECEx. \u0110\u00e2y l\u00e0 lo\u1ea1i ph\u1ee5 ki\u1ec7n \u0111\u01b0\u1ee3c s\u1eed d\u1ee5ng nhi\u1ec1u trong c\u00e1c ng\u00e0nh c\u00f4ng nghi\u1ec7p c\u00f3 nguy c\u01a1 ch\u00e1y n\u1ed5 cao nh\u01b0 d\u1ea7u kh\u00ed, h\u00f3a ch\u1ea5t, c\u00f4ng nghi\u1ec7p gi\u1ea5y, \u2026<\/span><\/p>\n","protected":false},"featured_media":933,"comment_status":"open","ping_status":"closed","template":"","meta":[],"product_cat":[68],"product_tag":[],"acf":[],"_links":{"self":[{"href":"https:\/\/demo8.thuythu.com\/santex\/wp-json\/wp\/v2\/product\/608"}],"collection":[{"href":"https:\/\/demo8.thuythu.com\/santex\/wp-json\/wp\/v2\/product"}],"about":[{"href":"https:\/\/demo8.thuythu.com\/santex\/wp-json\/wp\/v2\/types\/product"}],"replies":[{"embeddable":true,"href":"https:\/\/demo8.thuythu.com\/santex\/wp-json\/wp\/v2\/comments?post=608"}],"wp:featuredmedia":[{"embeddable":true,"href":"https:\/\/demo8.thuythu.com\/santex\/wp-json\/wp\/v2\/media\/933"}],"wp:attachment":[{"href":"https:\/\/demo8.thuythu.com\/santex\/wp-json\/wp\/v2\/media?parent=608"}],"wp:term":[{"taxonomy":"product_cat","embeddable":true,"href":"https:\/\/demo8.thuythu.com\/santex\/wp-json\/wp\/v2\/product_cat?post=608"},{"taxonomy":"product_tag","embeddable":true,"href":"https:\/\/demo8.thuythu.com\/santex\/wp-json\/wp\/v2\/product_tag?post=608"}],"curies":[{"name":"wp","href":"https:\/\/api.w.org\/{rel}","templated":true}]}}