{"id":612,"date":"2022-12-06T19:42:54","date_gmt":"2022-12-06T19:42:54","guid":{"rendered":"https:\/\/demo8.thuythu.com\/santex\/?post_type=product&#038;p=612"},"modified":"2022-12-22T10:07:33","modified_gmt":"2022-12-22T10:07:33","slug":"den-floodlinght-chong-chay-no-zone-2","status":"publish","type":"product","link":"https:\/\/demo8.thuythu.com\/santex\/product\/den-floodlinght-chong-chay-no-zone-2\/","title":{"rendered":"\u0110\u00e8n Floodlight ch\u1ed1ng ch\u00e1y n\u1ed5 zone 2"},"content":{"rendered":"<p><strong><span style=\"color: #000000;\">Explosion Proof Floodlight zone 2 PN series<br \/>\n<img loading=\"lazy\" decoding=\"async\" class=\"size-medium wp-image-907 aligncenter\" src=\"https:\/\/demo8.thuythu.com\/santex\/wp-content\/uploads\/2022\/12\/den_floodlight_chong_chay_no_zone_2-236x300.jpg\" alt=\"\" width=\"236\" height=\"300\" srcset=\"https:\/\/demo8.thuythu.com\/santex\/wp-content\/uploads\/2022\/12\/den_floodlight_chong_chay_no_zone_2-236x300.jpg 236w, https:\/\/demo8.thuythu.com\/santex\/wp-content\/uploads\/2022\/12\/den_floodlight_chong_chay_no_zone_2-600x764.jpg 600w, https:\/\/demo8.thuythu.com\/santex\/wp-content\/uploads\/2022\/12\/den_floodlight_chong_chay_no_zone_2.jpg 616w\" sizes=\"(max-width: 236px) 100vw, 236px\" \/><br \/>\nT\u00cdNH N\u0102NG \u0110\u00c8N FLOODLIGHT CH\u1ed0NG CH\u00c1Y N\u1ed4 ZONE 2 PN SERIES<\/span><\/strong><br \/>\n<span style=\"color: #000000;\">Highly efficient, integrally ballasted floodlight. Has compact, lightweight, yet rugged die cast aluminum construction. <\/span><br \/>\n<span style=\"color: #000000;\">Simple installation and maintenance. <\/span><br \/>\n<span style=\"color: #000000;\">Integral ballast: 230\/240 V, 50 Hz <\/span><br \/>\n<span style=\"color: #000000;\">One piece lens cover. <\/span><br \/>\n<span style=\"color: #000000;\">Heavy duty, high temperature silicone rubber gasket, firmly seated. <\/span><br \/>\n<span style=\"color: #000000;\">Socket: E40 (E27 for 70 W HPS version). <\/span><br \/>\n<span style=\"color: #000000;\">Reflectors: double segment compound parabolic with finish for maximum efficiency. <\/span><br \/>\n<span style=\"color: #000000;\">Mounting: yoke mount. <\/span><br \/>\n<span style=\"color: #000000;\">2 x M20 clearance entries with one plug <\/span><br \/>\n<strong><span style=\"color: #000000;\">TI\u00caU CHU\u1ea8N V\u1eacT LI\u1ec6U \u0110\u00c8N FLOODLIGHT CH\u1ed0NG CH\u00c1Y N\u1ed4 ZONE 2 PN SERIES<\/span><\/strong><br \/>\n<span style=\"color: #000000;\">Ballast housing and lens door: copperfree (4\/10 of 1% max.) aluminum <\/span><br \/>\n<span style=\"color: #000000;\">Gasket: silicone rubber <\/span><br \/>\n<span style=\"color: #000000;\">Socket: heavy duty porcelain with heavy gauge brass shell <\/span><br \/>\n<span style=\"color: #000000;\">Reflector: finished aluminum <\/span><br \/>\n<span style=\"color: #000000;\">Yoke mount: zinc plated steel <\/span><br \/>\n<span style=\"color: #000000;\">Bolts: stainless steel <\/span><br \/>\n<strong><span style=\"color: #000000;\">TI\u00caU CHU\u1ea8N X\u1eec L\u00dd B\u1ec0 M\u1eb6T <\/span><\/strong><br \/>\n<span style=\"color: #000000;\">Ballast housing, lens cover, yoke and pole mount: architectural bronze polyester <\/span><br \/>\n<span style=\"color: #000000;\">Socket: porcelain <\/span><br \/>\n<strong><span style=\"color: #000000;\">T\u00d9Y CH\u1eccN \u0110I K\u00c8M<\/span><\/strong><br \/>\n<span style=\"color: #000000;\">Other voltages, please contact your sales representative. <\/span><br \/>\n<span style=\"color: #000000;\">Terminal block with 2 more terminals for wiring with 3 phases plus Neutral in 380\/415 V (loop in\/loop out wiring possible): add suffix -T at the end of the catalog number. <\/span><br \/>\n<span style=\"color: #000000;\">Asymmetrical light distribution is available, add suffix -A to end of catalog number. <\/span><br \/>\n<span style=\"color: #000000;\">Screwed-on overhead diffuser out of galvanized steel with black painting (see accessories). <\/span><br \/>\n<span style=\"color: #000000;\">Screwed-on zinc-coated protection guard (see accessories).<\/span><br \/>\n<strong><span style=\"color: #000000;\">CERTIFICATIONS &amp; COMPLIANCES <\/span><\/strong><br \/>\n<span style=\"color: #000000;\">ATEX\/IECEx Certification <\/span><br \/>\n<span style=\"color: #000000;\">Certification Type: PJn<\/span><br \/>\n<span style=\"color: #000000;\">\u2014 Gas: Zone 2 <\/span><br \/>\n<span style=\"color: #000000;\">\u2013 Conforming to ATEX 2014\/34\/EU: II 3 G <\/span><br \/>\n<span style=\"color: #000000;\">\u2013 Type of Protection: Ex nR IIC Gc <\/span><br \/>\n<span style=\"color: #000000;\">\u2013 Temperature Class: T2 to T4 <\/span><br \/>\n<span style=\"color: #000000;\">\u2013 Ambient Temperature: -40 \u00b0C to +55 \u00b0C (-40 \u00b0C to +50 \u00b0C for body size L) <\/span><br \/>\n<span style=\"color: #000000;\">\u2013 ATEX Certificate: LCIE 08 ATEX 6035X <\/span><br \/>\n<span style=\"color: #000000;\">\u2013 IECEx Certificate: IECEx LCI 04.0015 <\/span><br \/>\n<span style=\"color: #000000;\">\u2014 Dust: Zone 22 <\/span><br \/>\n<span style=\"color: #000000;\">\u2013 Conforming to ATEX 2014\/34\/EU: II 3 D <\/span><br \/>\n<span style=\"color: #000000;\">\u2013 Type of Protection: Ex t IIIC Dc <\/span><br \/>\n<span style=\"color: #000000;\">\u2013 Surface Temperature: T117 \u00b0C to T228 \u00b0C <\/span><br \/>\n<span style=\"color: #000000;\">\u2013 Ambient Temperature: -40 \u00b0C to +55 \u00b0C (-40 \u00b0C to +50 \u00b0C for body size L) <\/span><br \/>\n<span style=\"color: #000000;\">\u2013 ATEX Certificate: LCIE 08 ATEX 6035X <\/span><br \/>\n<span style=\"color: #000000;\">\u2013 IECEx Certificate: IECEx LCI 04.0015 <\/span><br \/>\n<span style=\"color: #000000;\">\u2014 Dust: Zone 21 <\/span><br \/>\n<span style=\"color: #000000;\">\u2013 Conforming to ATEX 2014\/34\/EU: II 2 D <\/span><br \/>\n<span style=\"color: #000000;\">\u2013 Type of Protection: Ex tD A21 <\/span><br \/>\n<span style=\"color: #000000;\">\u2013 Surface Temperature: T65 \u00b0C to T182 \u00b0C <\/span><br \/>\n<span style=\"color: #000000;\">\u2013 Ambient Temperature: -20 \u00b0C to +40 \u00b0C <\/span><br \/>\n<span style=\"color: #000000;\">\u2013 EU Declaration of Conformity: 50274 <\/span><br \/>\n<span style=\"color: #000000;\">\u2013 ATEX Certificate: LCIE 02 ATEX 6246X <\/span><br \/>\n<span style=\"color: #000000;\">\u2014 Index of Protection according EN\/IEC 60529: IP66 <\/span><br \/>\n<span style=\"color: #000000;\">\u2014 Impact Resistance (shock): IK07 with glass diffuser, IK08 with polycarbonate diffuser <\/span><br \/>\n<span style=\"color: #000000;\">EURASEC Certification <\/span><br \/>\n<span style=\"color: #000000;\">\u2014 EURASEC N\u00b0 TC RU C-FR._05.B.00912 <\/span><br \/>\n<strong><span style=\"color: #000000;\">OTHER CERTIFICATIONS<\/span><\/strong><br \/>\n<span style=\"color: #000000;\">\u2022 Size M &#8211; Certification Type: PJn <\/span><br \/>\n<span style=\"color: #000000;\">\u2014 INMETRO Certificate: BVC 11.0394-X \uf06a<br \/>\n<img loading=\"lazy\" decoding=\"async\" class=\"alignnone size-large wp-image-909\" src=\"https:\/\/demo8.thuythu.com\/santex\/wp-content\/uploads\/2022\/12\/quy_cach_den_floodlight_chong_chay_no_zone_2-737x1024.jpg\" alt=\"\" width=\"737\" height=\"1024\" srcset=\"https:\/\/demo8.thuythu.com\/santex\/wp-content\/uploads\/2022\/12\/quy_cach_den_floodlight_chong_chay_no_zone_2-737x1024.jpg 737w, https:\/\/demo8.thuythu.com\/santex\/wp-content\/uploads\/2022\/12\/quy_cach_den_floodlight_chong_chay_no_zone_2-216x300.jpg 216w, https:\/\/demo8.thuythu.com\/santex\/wp-content\/uploads\/2022\/12\/quy_cach_den_floodlight_chong_chay_no_zone_2-768x1067.jpg 768w, https:\/\/demo8.thuythu.com\/santex\/wp-content\/uploads\/2022\/12\/quy_cach_den_floodlight_chong_chay_no_zone_2-1106x1536.jpg 1106w, https:\/\/demo8.thuythu.com\/santex\/wp-content\/uploads\/2022\/12\/quy_cach_den_floodlight_chong_chay_no_zone_2-1474x2048.jpg 1474w, https:\/\/demo8.thuythu.com\/santex\/wp-content\/uploads\/2022\/12\/quy_cach_den_floodlight_chong_chay_no_zone_2-770x1070.jpg 770w, https:\/\/demo8.thuythu.com\/santex\/wp-content\/uploads\/2022\/12\/quy_cach_den_floodlight_chong_chay_no_zone_2-600x834.jpg 600w, https:\/\/demo8.thuythu.com\/santex\/wp-content\/uploads\/2022\/12\/quy_cach_den_floodlight_chong_chay_no_zone_2.jpg 1480w\" sizes=\"(max-width: 737px) 100vw, 737px\" \/><br \/>\n<\/span><\/p>\n<p><span style=\"font-weight: 400; color: #000000;\">\u0110\u1ec3 bi\u1ebft r\u00f5 h\u01a1n ho\u1eb7c c\u1ea7n t\u01b0 v\u1ea5n v\u1ec1\u00a0<\/span><a href=\"http:\/\/makgil.com\/products\/alloy-industry-co-ltd-have-grown-and-prospered-alongside-thailand-s-expeditious-industrial-expansion-for-more-than-40-years-alloy-industry-co-ltd-initially-manufactured-the-lighting-fixtures-junction-boxes-and-co\"><i><span style=\"font-weight: 400;\">thi\u1ebft b\u1ecb \u0111i\u1ec7n &amp; ph\u1ee5 ki\u1ec7n ch\u1ed1ng ch\u00e1y n\u1ed5<\/span><\/i><\/a><span style=\"color: #000000;\"><i><span style=\"font-weight: 400;\"> h\u00e3ng ATX\/France<\/span><\/i><span style=\"font-weight: 400;\">, qu\u00fd kh\u00e1ch h\u00e0ng vui l\u00f2ng li\u00ean h\u1ec7 theo th\u00f4ng tin d\u01b0\u1edbi \u0111\u00e2y:<br \/>\n<\/span><\/span><span style=\"text-decoration: underline;\"><span style=\"color: #3366ff;\"><b>C\u00d4NG TY TNHH SANTEX<br \/>\n<\/b><\/span><\/span><span style=\"font-weight: 400; color: #000000;\">\u0110\u1ecba ch\u1ec9: 18\/21 Nguy\u1ec5n V\u0103n Dung, P.6, Q. G\u00f2 V\u1ea5p, TP. H\u1ed3 Ch\u00ed Minh<br \/>\n<\/span><span style=\"font-weight: 400;\"><span style=\"color: #000000;\">\u0110i\u1ec7n tho\u1ea1i:<\/span> 02866857882\u00a0 Website:\u00a0<\/span><a href=\"http:\/\/santex.com.vn\/\"><span style=\"font-weight: 400;\">http:\/\/santex.com.vn\/<\/span><\/a><span style=\"font-weight: 400;\">\u00a0 \u00a0<span style=\"color: #000000;\"> \u00a0Email: <\/span><\/span><a href=\"mailto:info@santex.com\"><span style=\"font-weight: 400;\">info@santex.com<\/span><\/a><span style=\"font-weight: 400;\">.vn<\/span><\/p>\n<p>&nbsp;<\/p>\n","protected":false},"excerpt":{"rendered":"<p><span style=\"color: #000000;\">Powerful, efficient floodlights for large areas such as industrial complexes and ship loading areas. <\/span><br \/>\n<span style=\"color: #000000;\">Rated for use in hazardous areas.<\/span><\/p>\n","protected":false},"featured_media":911,"comment_status":"open","ping_status":"closed","template":"","meta":[],"product_cat":[68],"product_tag":[],"acf":[],"_links":{"self":[{"href":"https:\/\/demo8.thuythu.com\/santex\/wp-json\/wp\/v2\/product\/612"}],"collection":[{"href":"https:\/\/demo8.thuythu.com\/santex\/wp-json\/wp\/v2\/product"}],"about":[{"href":"https:\/\/demo8.thuythu.com\/santex\/wp-json\/wp\/v2\/types\/product"}],"replies":[{"embeddable":true,"href":"https:\/\/demo8.thuythu.com\/santex\/wp-json\/wp\/v2\/comments?post=612"}],"wp:featuredmedia":[{"embeddable":true,"href":"https:\/\/demo8.thuythu.com\/santex\/wp-json\/wp\/v2\/media\/911"}],"wp:attachment":[{"href":"https:\/\/demo8.thuythu.com\/santex\/wp-json\/wp\/v2\/media?parent=612"}],"wp:term":[{"taxonomy":"product_cat","embeddable":true,"href":"https:\/\/demo8.thuythu.com\/santex\/wp-json\/wp\/v2\/product_cat?post=612"},{"taxonomy":"product_tag","embeddable":true,"href":"https:\/\/demo8.thuythu.com\/santex\/wp-json\/wp\/v2\/product_tag?post=612"}],"curies":[{"name":"wp","href":"https:\/\/api.w.org\/{rel}","templated":true}]}}