{"id":616,"date":"2022-12-06T19:42:55","date_gmt":"2022-12-06T19:42:55","guid":{"rendered":"https:\/\/demo8.thuythu.com\/santex\/?post_type=product&#038;p=616"},"modified":"2022-12-22T09:56:21","modified_gmt":"2022-12-22T09:56:21","slug":"hop-dau-noi-chong-chay-no-apdac-series","status":"publish","type":"product","link":"https:\/\/demo8.thuythu.com\/santex\/product\/hop-dau-noi-chong-chay-no-apdac-series\/","title":{"rendered":"H\u1ed8P \u0110\u1ea4U N\u1ed0I CH\u1ed0NG CH\u00c1Y N\u1ed4 APDAC-APDSC SERIES"},"content":{"rendered":"<p style=\"text-align: left;\"><strong><span style=\"color: #000000;\">Explosion Proof Enclosure &amp; Juntion Boxes APDAC-APDSC series<br \/>\n<img loading=\"lazy\" decoding=\"async\" class=\"size-medium wp-image-896 aligncenter\" src=\"https:\/\/demo8.thuythu.com\/santex\/wp-content\/uploads\/2022\/12\/hop_dau_noi_chong_chay_no-300x269.jpg\" alt=\"\" width=\"300\" height=\"269\" srcset=\"https:\/\/demo8.thuythu.com\/santex\/wp-content\/uploads\/2022\/12\/hop_dau_noi_chong_chay_no-300x269.jpg 300w, https:\/\/demo8.thuythu.com\/santex\/wp-content\/uploads\/2022\/12\/hop_dau_noi_chong_chay_no-768x688.jpg 768w, https:\/\/demo8.thuythu.com\/santex\/wp-content\/uploads\/2022\/12\/hop_dau_noi_chong_chay_no-770x690.jpg 770w, https:\/\/demo8.thuythu.com\/santex\/wp-content\/uploads\/2022\/12\/hop_dau_noi_chong_chay_no-600x538.jpg 600w, https:\/\/demo8.thuythu.com\/santex\/wp-content\/uploads\/2022\/12\/hop_dau_noi_chong_chay_no.jpg 991w\" sizes=\"(max-width: 300px) 100vw, 300px\" \/><br \/>\n\u1ee8NG D\u1ee4NG C\u1ee6A H\u1ed8P \u0110\u1ea4U N\u1ed0I CH\u1ed0NG CH\u00c1Y N\u1ed4 APDAC-APDSC SERIES<\/span><\/strong><br \/>\n<span style=\"color: #000000;\">\u2022 Small terminal junction boxes designed to facilitate electrical connections in hazardous areas. <\/span><br \/>\n<span style=\"color: #000000;\">\u2022 Designed for use in Zone 1 or 2 areas, where flammable gases or vapors are present either continuously or intermittently. <\/span><br \/>\n<span style=\"color: #000000;\">\u2022 Ideal for use in wet or corrosive atmospheres. <\/span><br \/>\n<span style=\"color: #000000;\">\u2022 Petroleum, chemical refineries and other industrial process facilities. <\/span><br \/>\n<span style=\"color: #000000;\">\u2022 Designed for use in Zone 21 or 22 areas, where flammable dusts are present either continuously or intermittently. <\/span><br \/>\n<span style=\"color: #000000;\">\u2022 Food processing, dairy, brewing, silos and other facilities <\/span><br \/>\n<strong><span style=\"color: #000000;\">T\u00cdNH N\u0102NG H\u1ed8P \u0110\u1ea4U N\u1ed0I CH\u1ed0NG CH\u00c1Y N\u1ed4 APDAC-APDSC SERIES<\/span><\/strong><br \/>\n<span style=\"color: #000000;\">\u2022 High impact resistant box. <\/span><br \/>\n<span style=\"color: #000000;\">\u2022 Pillar\/Screw type terminal block up to 16 sq.mm is available in standard sizes. <\/span><br \/>\n<span style=\"color: #000000;\">\u2022 Internal Earth: One of the mounting hole for Terminals so provided with M5 Screws. <\/span><br \/>\n<span style=\"color: #000000;\">\u2022 External Earth: M5 screw. <\/span><br \/>\n<span style=\"color: #000000;\">\u2022 Back plate supplied as option. <\/span><br \/>\n<span style=\"color: #000000;\">\u2022 Operating temperature -20\u00b0C to +55\u00b0C. <\/span><br \/>\n<span style=\"color: #000000;\">\u2022 Empty enclosures with &#8216;U&#8217; certification marking for re-certification is available. <\/span><br \/>\n<strong><span style=\"color: #000000;\">V\u1eacT LI\u1ec6U H\u1ed8P \u0110\u1ea4U N\u1ed0I CH\u1ed0NG CH\u00c1Y N\u1ed4 APDAC-APDSC SERIES<\/span><\/strong><br \/>\n<span style=\"color: #000000;\">\u2022 Gray painted marine grade aluminum housing. <\/span><br \/>\n<span style=\"color: #000000;\">\u2022 Stainles Steel 304\/316L &#8211; available on request. <\/span><br \/>\n<span style=\"color: #000000;\">\u2022 Stainless steel hardware. <\/span><br \/>\n<span style=\"color: #000000;\">TH\u00d4NG S\u1ed0 \u0110I\u1ec6N \u00c1P<\/span><br \/>\n<span style=\"color: #000000;\">\u2013 Max Voltage: AC &#8211; 690 V\/DC 440V. <\/span><br \/>\n<span style=\"color: #000000;\">\u2013 Current Rating: 50A AC\/DC. <\/span><br \/>\n<span style=\"color: #000000;\">CH\u1ee8NG CH\u1ec8<\/span><br \/>\n<span style=\"color: #000000;\">\u2013 Gas, Zones 1 and 2. <\/span><br \/>\n<span style=\"color: #000000;\">\u2013 Conforming to ATEX 94\/9\/CE: II 2 G. <\/span><br \/>\n<span style=\"color: #000000;\">\u2013 Type of Protection: Ex db IIC T* Gb. <\/span><br \/>\n<span style=\"color: #000000;\">\u2013 Temperature class: T6 to T5. <\/span><br \/>\n<span style=\"color: #000000;\">\u2013 Dust, Zones 21 and 22. <\/span><br \/>\n<span style=\"color: #000000;\">\u2013 Conforming to ATEX 94\/9\/CE: II2 D. <\/span><br \/>\n<span style=\"color: #000000;\">\u2013 Type of Protection: Ex tb IIIC T* Db. <\/span><br \/>\n<span style=\"color: #000000;\">\u2013 Surface Temperature: T75\u00b0C to T90\u00b0C. <\/span><br \/>\n<span style=\"color: #000000;\">\u2013 Ambient Temperature: &#8211; 20\u00b0C \u2264 Ta \u2264 55\u00b0C.<\/span><br \/>\n<span style=\"color: #000000;\">ATEX Certificate: Baseefa 18ATEX0058X. <\/span><br \/>\n<span style=\"color: #000000;\">IEC Ex Certificate: IECEx BAS 18.0037X. <\/span><br \/>\n<span style=\"color: #000000;\">Internal Volume: \u2264 2dm3 (2 litres) <\/span><br \/>\n<span style=\"color: #000000;\">\u2014 Index of Protection according EN\/IEC 60529: IP66.<br \/>\n<strong>Quy c\u00e1ch Explosion Proof Enclosure &amp; Juntion Boxes APDAC-APDSC series<br \/>\n<img loading=\"lazy\" decoding=\"async\" class=\"alignnone size-large wp-image-900\" src=\"https:\/\/demo8.thuythu.com\/santex\/wp-content\/uploads\/2022\/12\/quy_cach_hop_dau_noi_chong_chay_no-800x1024.jpg\" alt=\"\" width=\"800\" height=\"1024\" srcset=\"https:\/\/demo8.thuythu.com\/santex\/wp-content\/uploads\/2022\/12\/quy_cach_hop_dau_noi_chong_chay_no-800x1024.jpg 800w, https:\/\/demo8.thuythu.com\/santex\/wp-content\/uploads\/2022\/12\/quy_cach_hop_dau_noi_chong_chay_no-234x300.jpg 234w, https:\/\/demo8.thuythu.com\/santex\/wp-content\/uploads\/2022\/12\/quy_cach_hop_dau_noi_chong_chay_no-768x983.jpg 768w, https:\/\/demo8.thuythu.com\/santex\/wp-content\/uploads\/2022\/12\/quy_cach_hop_dau_noi_chong_chay_no-1201x1536.jpg 1201w, https:\/\/demo8.thuythu.com\/santex\/wp-content\/uploads\/2022\/12\/quy_cach_hop_dau_noi_chong_chay_no-1601x2048.jpg 1601w, https:\/\/demo8.thuythu.com\/santex\/wp-content\/uploads\/2022\/12\/quy_cach_hop_dau_noi_chong_chay_no-770x985.jpg 770w, https:\/\/demo8.thuythu.com\/santex\/wp-content\/uploads\/2022\/12\/quy_cach_hop_dau_noi_chong_chay_no-600x768.jpg 600w, https:\/\/demo8.thuythu.com\/santex\/wp-content\/uploads\/2022\/12\/quy_cach_hop_dau_noi_chong_chay_no.jpg 1700w\" sizes=\"(max-width: 800px) 100vw, 800px\" \/><br \/>\n<img loading=\"lazy\" decoding=\"async\" class=\"alignnone size-large wp-image-898\" src=\"https:\/\/demo8.thuythu.com\/santex\/wp-content\/uploads\/2022\/12\/quy_cach_hop_dau_noi_chong_chay_no_2-800x1024.jpg\" alt=\"\" width=\"800\" height=\"1024\" srcset=\"https:\/\/demo8.thuythu.com\/santex\/wp-content\/uploads\/2022\/12\/quy_cach_hop_dau_noi_chong_chay_no_2-800x1024.jpg 800w, https:\/\/demo8.thuythu.com\/santex\/wp-content\/uploads\/2022\/12\/quy_cach_hop_dau_noi_chong_chay_no_2-234x300.jpg 234w, https:\/\/demo8.thuythu.com\/santex\/wp-content\/uploads\/2022\/12\/quy_cach_hop_dau_noi_chong_chay_no_2-768x983.jpg 768w, https:\/\/demo8.thuythu.com\/santex\/wp-content\/uploads\/2022\/12\/quy_cach_hop_dau_noi_chong_chay_no_2-1201x1536.jpg 1201w, https:\/\/demo8.thuythu.com\/santex\/wp-content\/uploads\/2022\/12\/quy_cach_hop_dau_noi_chong_chay_no_2-1601x2048.jpg 1601w, https:\/\/demo8.thuythu.com\/santex\/wp-content\/uploads\/2022\/12\/quy_cach_hop_dau_noi_chong_chay_no_2-770x985.jpg 770w, https:\/\/demo8.thuythu.com\/santex\/wp-content\/uploads\/2022\/12\/quy_cach_hop_dau_noi_chong_chay_no_2-600x768.jpg 600w, https:\/\/demo8.thuythu.com\/santex\/wp-content\/uploads\/2022\/12\/quy_cach_hop_dau_noi_chong_chay_no_2.jpg 1700w\" sizes=\"(max-width: 800px) 100vw, 800px\" \/><br \/>\n<\/strong><\/span><\/p>\n<p><span style=\"font-weight: 400; color: #000000;\">\u0110\u1ec3 bi\u1ebft r\u00f5 h\u01a1n ho\u1eb7c c\u1ea7n t\u01b0 v\u1ea5n v\u1ec1\u00a0<\/span><a href=\"http:\/\/makgil.com\/products\/alloy-industry-co-ltd-have-grown-and-prospered-alongside-thailand-s-expeditious-industrial-expansion-for-more-than-40-years-alloy-industry-co-ltd-initially-manufactured-the-lighting-fixtures-junction-boxes-and-co\"><i><span style=\"font-weight: 400;\">thi\u1ebft b\u1ecb \u0111i\u1ec7n &amp; ph\u1ee5 ki\u1ec7n ch\u1ed1ng ch\u00e1y n\u1ed5<\/span><\/i><\/a><span style=\"font-weight: 400;\">, <span style=\"color: #000000;\">qu\u00fd kh\u00e1ch h\u00e0ng vui l\u00f2ng li\u00ean h\u1ec7 theo th\u00f4ng tin d\u01b0\u1edbi \u0111\u00e2y:<br \/>\n<\/span><\/span><span style=\"text-decoration: underline;\"><span style=\"color: #3366ff;\"><b>C\u00d4NG TY TNHH SANTEX<br \/>\n<\/b><\/span><\/span><span style=\"font-weight: 400; color: #000000;\">\u0110\u1ecba ch\u1ec9: 18\/21 Nguy\u1ec5n V\u0103n Dung, P.6, Q. G\u00f2 V\u1ea5p, TP. H\u1ed3 Ch\u00ed Minh<br \/>\n<\/span><span style=\"font-weight: 400;\"><span style=\"color: #000000;\">\u0110i\u1ec7n tho\u1ea1i: 02866857882\u00a0 Website<\/span>:\u00a0<\/span><a href=\"http:\/\/santex.com.vn\/\"><span style=\"font-weight: 400;\">http:\/\/santex.com.vn\/<\/span><\/a><span style=\"font-weight: 400;\">\u00a0 \u00a0<span style=\"color: #000000;\"> \u00a0Email<\/span>: <\/span><a href=\"mailto:info@santex.com\"><span style=\"font-weight: 400;\">info@santex.com<\/span><\/a><span style=\"font-weight: 400;\">.vn<\/span><\/p>\n<p style=\"text-align: left;\"><span style=\"color: #000000;\"><strong><br \/>\n<\/strong><br \/>\n<\/span><\/p>\n<p>&nbsp;<\/p>\n","protected":false},"excerpt":{"rendered":"<p><span style=\"color: #000000;\">H\u1ed9p \u0111\u1ea5u n\u1ed1i ch\u1ed1ng ch\u00e1y n\u1ed5, c\u00f3 t\u00ean ti\u1ebfng anh l\u00e0 Explosion Proof Enclosure &amp; Juntion Boxes, l\u00e0 m\u1ed9t h\u1ed9p k\u00edn ch\u1ee9a c\u00e1c terminal b\u00ean trong d\u00f9ng \u0111\u1ec3 \u0111\u1ea5u n\u1ed1i, \u0111\u01b0\u1ee3c thi\u1ebft k\u1ebf v\u00e0 s\u1ea3n xu\u1ea5t \u0111\u1ea1t ti\u00eau chu\u1ea9n ch\u1ed1ng ch\u00e1y n\u1ed5, \u0111\u01b0\u1ee3c s\u1eed d\u1ee5ng trong c\u00e1c m\u00f4i tr\u01b0\u1eddng c\u00f3 nguy c\u01a1 ch\u00e1y n\u1ed5 cao nh\u1eb1m m\u1ee5c \u0111\u00edch lo\u1ea1i b\u1ecf c\u00e1c nguy c\u01a1 g\u00e2y ra ch\u00e1y n\u1ed5.<\/span><br \/>\n<span style=\"color: #000000;\">APDAC-APDSC series l\u00e0 H\u1ed9p \u0111\u1ea5u n\u1ed1i ch\u1ed1ng ch\u00e1y n\u1ed5 h\u00e3ng ATX\/France, \u0111\u01b0\u1ee3c l\u00e0m t\u1eeb v\u1eadt li\u1ec7u aluminum ho\u1eb7c th\u00e9p kh\u00f4ng g\u1ec9 stainless steel, ph\u00f9 h\u1ee3p \u0111\u1ec3 s\u1eed d\u1ee5ng cho c\u00e1c m\u00f4i tr\u01b0\u1eddng c\u00f3 nguy c\u01a1 ch\u00e1y n\u1ed5 cao thu\u1ed9c zone 1 &amp; 2 (\u0111\u1ed1i v\u1edbi kh\u00ed) v\u00e0 zone 21 &amp; 22 (\u0111\u1ed1i v\u1edbi b\u1ee5i), \u0111\u01b0\u1ee3c ki\u1ec3m tra v\u00e0 c\u1ea5p ch\u1ee9ng ch\u1ec9 ch\u1ed1ng ch\u00e1y n\u1ed5 b\u1edfi hai \u0111\u01a1n v\u1ecb uy t\u00edn nh\u1ea5t th\u1ebf gi\u1edbi l\u00e0 ATEX &amp; IECEx. \u0110\u00e2y l\u00e0 lo\u1ea1i ph\u1ee5 ki\u1ec7n \u0111\u01b0\u1ee3c s\u1eed d\u1ee5ng nhi\u1ec1u trong c\u00e1c ng\u00e0nh c\u00f4ng nghi\u1ec7p c\u00f3 nguy c\u01a1 ch\u00e1y n\u1ed5 cao nh\u01b0 d\u1ea7u kh\u00ed, h\u00f3a ch\u1ea5t, c\u00f4ng nghi\u1ec7p gi\u1ea5y, \u2026<\/span><\/p>\n","protected":false},"featured_media":904,"comment_status":"open","ping_status":"closed","template":"","meta":[],"product_cat":[68],"product_tag":[],"acf":[],"_links":{"self":[{"href":"https:\/\/demo8.thuythu.com\/santex\/wp-json\/wp\/v2\/product\/616"}],"collection":[{"href":"https:\/\/demo8.thuythu.com\/santex\/wp-json\/wp\/v2\/product"}],"about":[{"href":"https:\/\/demo8.thuythu.com\/santex\/wp-json\/wp\/v2\/types\/product"}],"replies":[{"embeddable":true,"href":"https:\/\/demo8.thuythu.com\/santex\/wp-json\/wp\/v2\/comments?post=616"}],"wp:featuredmedia":[{"embeddable":true,"href":"https:\/\/demo8.thuythu.com\/santex\/wp-json\/wp\/v2\/media\/904"}],"wp:attachment":[{"href":"https:\/\/demo8.thuythu.com\/santex\/wp-json\/wp\/v2\/media?parent=616"}],"wp:term":[{"taxonomy":"product_cat","embeddable":true,"href":"https:\/\/demo8.thuythu.com\/santex\/wp-json\/wp\/v2\/product_cat?post=616"},{"taxonomy":"product_tag","embeddable":true,"href":"https:\/\/demo8.thuythu.com\/santex\/wp-json\/wp\/v2\/product_tag?post=616"}],"curies":[{"name":"wp","href":"https:\/\/api.w.org\/{rel}","templated":true}]}}