{"id":638,"date":"2022-12-06T19:43:17","date_gmt":"2022-12-06T19:43:17","guid":{"rendered":"https:\/\/demo8.thuythu.com\/santex\/?post_type=product&#038;p=638"},"modified":"2023-02-23T08:07:05","modified_gmt":"2023-02-23T08:07:05","slug":"bo-o-phich-cam-chong-chay-no","status":"publish","type":"product","link":"https:\/\/demo8.thuythu.com\/santex\/product\/bo-o-phich-cam-chong-chay-no\/","title":{"rendered":"B\u1ed9 \u1ed5 &#038; ph\u00edch c\u1eafm ch\u1ed1ng ch\u00e1y n\u1ed5"},"content":{"rendered":"<p><strong><span style=\"color: #000000;\">B\u1ed8 \u1ed4 &amp; PH\u00cdCH C\u1eaeM CH\u1ed0NG CH\u00c1Y N\u1ed4 PRE 16A SERIES<br \/>\n<img loading=\"lazy\" decoding=\"async\" class=\"size-medium wp-image-797 aligncenter\" src=\"https:\/\/demo8.thuythu.com\/santex\/wp-content\/uploads\/2022\/12\/bo_o_phich_cam_chong_chay_no_pre_16amp-300x268.jpg\" alt=\"\" width=\"300\" height=\"268\" srcset=\"https:\/\/demo8.thuythu.com\/santex\/wp-content\/uploads\/2022\/12\/bo_o_phich_cam_chong_chay_no_pre_16amp-300x268.jpg 300w, https:\/\/demo8.thuythu.com\/santex\/wp-content\/uploads\/2022\/12\/bo_o_phich_cam_chong_chay_no_pre_16amp-768x686.jpg 768w, https:\/\/demo8.thuythu.com\/santex\/wp-content\/uploads\/2022\/12\/bo_o_phich_cam_chong_chay_no_pre_16amp-770x687.jpg 770w, https:\/\/demo8.thuythu.com\/santex\/wp-content\/uploads\/2022\/12\/bo_o_phich_cam_chong_chay_no_pre_16amp-600x536.jpg 600w, https:\/\/demo8.thuythu.com\/santex\/wp-content\/uploads\/2022\/12\/bo_o_phich_cam_chong_chay_no_pre_16amp.jpg 1006w\" sizes=\"(max-width: 300px) 100vw, 300px\" \/><br \/>\n<\/span><\/strong><strong><span style=\"color: #000000;\">T\u00cdNH N\u0102NG B\u1ed8 \u1ed4 &amp; PH\u00cdCH C\u1eaeM CH\u1ed0NG CH\u00c1Y N\u1ed4 PRE 16A SERIES <\/span><\/strong><br \/>\n<span style=\"color: #000000;\">H\u1ec7 th\u1ed1ng ph\u00edch c\u1eafm &amp; \u1ed5 c\u1eafm \u0111\u01b0\u1ee3c thi\u1ebft k\u1ebf v\u1edbi c\u01a1 ch\u1ebf ng\u1eaft k\u1ebft n\u1ed1i an to\u00e0n \u0111\u1ec3 \u0111\u1ea3m b\u1ea3o b\u1ea3o v\u1ec7 v\u1ecb tr\u00ed nguy hi\u1ec3m t\u1ed1i \u0111a:<\/span><br \/>\n<span style=\"color: #000000;\">&#8211; Ng\u0103n c\u00e1ch ti\u1ebfp x\u00fac v\u1edbi ph\u1ea7n bu\u1ed3ng ch\u1ed1ng ch\u00e1y.<\/span><br \/>\n<span style=\"color: #000000;\">&#8211; Vi\u1ec7c ng\u1eaft \u0111i\u1ec7n t\u1ef1 \u0111\u1ed9ng c\u1ee7a t\u1eebng pha \u0111\u01b0\u1ee3c ch\u1ee9a trong ph\u1ea7n bu\u1ed3ng ch\u1ed1ng ch\u00e1y th\u1ee9 hai<\/span><br \/>\n<span style=\"color: #000000;\">B\u1ea3o v\u1ec7 ng\u1eafn m\u1ea1ch l\u00e0 20 kA, trong khi ch\u1ec9 s\u1ed1 tham chi\u1ebfu b\u00ecnh th\u01b0\u1eddng l\u00e0 10 kA.<\/span><br \/>\n<span style=\"color: #000000;\">C\u00e1c \u0111i\u1ec7n \u00e1p kh\u00e1c nhau \u0111\u01b0\u1ee3c m\u00e3 h\u00f3a b\u1eb1ng m\u00e0u s\u1eafc \u0111\u1ec3 d\u1ec5 nh\u1eadn bi\u1ebft.<\/span><br \/>\n<span style=\"color: #000000;\">C\u00e1c \u1ed5 c\u1eafm c\u00f3 kh\u00f3a b\u1ea3o v\u1ec7 n\u00ean ch\u1ec9 c\u00f3 th\u1ec3 s\u1eed d\u1ee5ng v\u1edbi ph\u00edch c\u1eafm ATX (c\u00e1c ph\u00edch c\u1eafm kh\u00e1c kh\u00f4ng th\u1ec3 s\u1eed d\u1ee5ng c\u00f9ng \u0111\u01b0\u1ee3c).<\/span><br \/>\n<span style=\"color: #000000;\">Nhi\u1ec7t \u0111\u1ed9 ho\u1ea1t \u0111\u1ed9ng t\u1eeb -40 \u00baC \u0111\u1ebfn +55 \u00baC.<\/span><br \/>\n<strong><span style=\"color: #000000;\">TI\u00caU CHU\u1ea8N V\u1eacT LI\u1ec6U B\u1ed8 \u1ed4 &amp; PH\u00cdCH C\u1eaeM CH\u1ed0NG CH\u00c1Y N\u1ed4 PRE 16A SERIES <\/span><\/strong><br \/>\n<span style=\"color: #000000;\">\u1ed4 c\u1eafm g\u1eafn t\u01b0\u1eddng lo\u1ea1i 2P, 2P + E, 3P: polycarbonate ch\u1ed1ng va \u0111\u1eadp cao.<\/span><br \/>\n<span style=\"color: #000000;\">\u1ed4 c\u1eafm g\u1eafn t\u01b0\u1eddng lo\u1ea1i 3P + E, 3P + N + E: polyester gia c\u1ed1 b\u1eb1ng s\u1ee3i th\u1ee7y tinh ch\u1ed1ng va \u0111\u1eadp cao.<\/span><br \/>\n<span style=\"color: #000000;\">Ph\u00edch c\u1eafm, \u1ed5 c\u1eafm di \u0111\u1ed9ng v\u00e0 \u1ed5 c\u1eafm x\u1ea3: polyamide.<\/span><br \/>\n<strong><span style=\"color: #000000;\">ATEX\/IECEx CERTIFICATIONS &amp; COMPLIANCES<\/span><\/strong><br \/>\n<span style=\"color: #000000;\">ATEX\/IECEx Certification<\/span><br \/>\n<span style=\"color: #000000;\">Certification Type PCX (Plug, socket and mobile socket)<\/span><br \/>\n<span style=\"color: #000000;\">\u2014 Gas: Zones 1 and 2<\/span><br \/>\n<span style=\"color: #000000;\">\u2013 Conforming to ATEX 94\/9\/CE: II 2 G<\/span><br \/>\n<span style=\"color: #000000;\">\u2013 Type of Protection: Ex de IIC<\/span><br \/>\n<span style=\"color: #000000;\">\u2013 Temperature class: T6 for Ta \u2264 +40 \u00b0C and T5 for +55 \u00b0C<\/span><br \/>\n<span style=\"color: #000000;\">\u2014 Dust: Zones 21 and 22<\/span><br \/>\n<span style=\"color: #000000;\">\u2013 Conforming to ATEX 94\/9\/CE: II 2 D<\/span><br \/>\n<span style=\"color: #000000;\">\u2013 Type of Protection: Ex tD A21<\/span><br \/>\n<span style=\"color: #000000;\">\u2013 Surface Temperature: T68 \u00b0C<\/span><br \/>\n<span style=\"color: #000000;\">\u2014 Ambient Temperature: -40 \u00b0C \u2264 Ta \u2264 +55 \u00b0C<\/span><br \/>\n<span style=\"color: #000000;\">\u2014 Index of Protection according EN\/IEC 60529: IP66<\/span><br \/>\n<span style=\"color: #000000;\">\u2014 Impact Resistance (shock): IK10 (Polyester) and IK09 (Polyamide)<\/span><br \/>\n<span style=\"color: #000000;\">\u2014 CE Declaration of Conformity: 50228<\/span><br \/>\n<span style=\"color: #000000;\">\u2014 ATEX Certificate: LCIE 02 ATEX 6068<\/span><br \/>\n<span style=\"color: #000000;\">\u2014 IECEx Certificate: IECEx LCI 04.0014 <\/span><br \/>\n<strong><span style=\"color: #000000;\">Certification Type PCX\/EN (Flush socket)<\/span><\/strong><br \/>\n<span style=\"color: #000000;\">\u2014 Gas: Zones 1 and 2<\/span><br \/>\n<span style=\"color: #000000;\">\u2013 Conforming to ATEX 94\/9\/CE: II 2 G<\/span><br \/>\n<span style=\"color: #000000;\">\u2013 Type of Protection: Ex de IIC<\/span><br \/>\n<span style=\"color: #000000;\">\u2013 Temperature class: T6 for Ta \u2264 +40 \u00b0C and T5 for +55 \u00b0C<\/span><br \/>\n<span style=\"color: #000000;\">\u2014 Dust: Zones 21 and 22<\/span><br \/>\n<span style=\"color: #000000;\">\u2013 Conforming to ATEX 94\/9\/CE: II 2 D<\/span><br \/>\n<span style=\"color: #000000;\">\u2013 Type of Protection: Ex tD A21<\/span><br \/>\n<span style=\"color: #000000;\">\u2013 Surface Temperature: T68 \u00b0C<\/span><br \/>\n<span style=\"color: #000000;\">\u2014 Ambient Temperature: -40 \u00b0C \u2264 Ta \u2264 +55 \u00b0C<\/span><br \/>\n<span style=\"color: #000000;\">\u2014 Index of Protection according EN\/IEC 60529: IP66<\/span><br \/>\n<span style=\"color: #000000;\">\u2014 Impact Resistance (shock): IK09 (Polyamide)<\/span><br \/>\n<span style=\"color: #000000;\">\u2014 CE Declaration of Conformity: 5C214<\/span><br \/>\n<span style=\"color: #000000;\">\u2014 ATEX Certificate: LCIE 02 ATEX 0001U<\/span><br \/>\n<span style=\"color: #000000;\">\u2014 IECEx Certificate: IECEx LCI 07.0012U<\/span><br \/>\n<strong><span style=\"color: #000000;\">EURASEC Certification<\/span><\/strong><br \/>\n<span style=\"color: #000000;\">Certification Type PCX (Plug, socket and mobile socket)<\/span><br \/>\n<span style=\"color: #000000;\">\u2014 EURASEC N\u00b0 TC RU C-FR.-05.B.00910<\/span><br \/>\n<span style=\"color: #000000;\">Certification Type PCX\/EN (Flush socket)<\/span><br \/>\n<span style=\"color: #000000;\">\u2014 EURASEC N\u00b0 TC RU C-FR.-05.B.00910<\/span><br \/>\n<strong><span style=\"color: #000000;\">Others Certification<\/span><\/strong><br \/>\n<span style=\"color: #000000;\">Certification Type PCX (Plug, socket and mobile socket)<\/span><br \/>\n<span style=\"color: #000000;\">\u2014 Inmetro Certificate: BVC11.0639<\/span><br \/>\n<span style=\"color: #000000;\">Certification Type PCX\/EN (Flush socket)<\/span><br \/>\n<span style=\"color: #000000;\">\u2014 Inmetro Certificate: BVC11.0598-U<\/span><br \/>\n<strong><span style=\"color: #000000;\">QUY C\u00c1CH B\u1ed8 \u1ed4 &amp; PH\u00cdCH C\u1eaeM CH\u1ed0NG CH\u00c1Y N\u1ed4 PRE 16A SERIES<br \/>\n<img loading=\"lazy\" decoding=\"async\" class=\"alignnone size-large wp-image-795\" src=\"https:\/\/demo8.thuythu.com\/santex\/wp-content\/uploads\/2022\/12\/quy_cach_bo_o__phich_cam_chong_chay_no_pre_16amp-1024x473.jpg\" alt=\"\" width=\"847\" height=\"391\" srcset=\"https:\/\/demo8.thuythu.com\/santex\/wp-content\/uploads\/2022\/12\/quy_cach_bo_o__phich_cam_chong_chay_no_pre_16amp-1024x473.jpg 1024w, https:\/\/demo8.thuythu.com\/santex\/wp-content\/uploads\/2022\/12\/quy_cach_bo_o__phich_cam_chong_chay_no_pre_16amp-300x139.jpg 300w, https:\/\/demo8.thuythu.com\/santex\/wp-content\/uploads\/2022\/12\/quy_cach_bo_o__phich_cam_chong_chay_no_pre_16amp-768x355.jpg 768w, https:\/\/demo8.thuythu.com\/santex\/wp-content\/uploads\/2022\/12\/quy_cach_bo_o__phich_cam_chong_chay_no_pre_16amp-1536x709.jpg 1536w, https:\/\/demo8.thuythu.com\/santex\/wp-content\/uploads\/2022\/12\/quy_cach_bo_o__phich_cam_chong_chay_no_pre_16amp-770x356.jpg 770w, https:\/\/demo8.thuythu.com\/santex\/wp-content\/uploads\/2022\/12\/quy_cach_bo_o__phich_cam_chong_chay_no_pre_16amp-600x277.jpg 600w, https:\/\/demo8.thuythu.com\/santex\/wp-content\/uploads\/2022\/12\/quy_cach_bo_o__phich_cam_chong_chay_no_pre_16amp.jpg 1548w\" sizes=\"(max-width: 847px) 100vw, 847px\" \/><br \/>\n<\/span><\/strong><span style=\"color: #000000;\">\u0110\u1ec3 bi\u1ebft r\u00f5 h\u01a1n ho\u1eb7c c\u1ea7n<a href=\"http:\/\/makgil.com\/products\/alloy-industry-co-ltd-have-grown-and-prospered-alongside-thailand-s-expeditious-industrial-expansion-for-more-than-40-years-alloy-industry-co-ltd-initially-manufactured-the-lighting-fixtures-junction-boxes-and-co\"> t\u01b0 v\u1ea5n v\u1ec1 thi\u1ebft b\u1ecb \u0111i\u1ec7n &amp; ph\u1ee5 ki\u1ec7n ch\u1ed1ng ch\u00e1y n\u1ed5 h\u00e3ng ATX\/France<\/a>, Qu\u00fd kh\u00e1ch h\u00e0ng vui l\u00f2ng li\u00ean h\u1ec7 theo th\u00f4ng tin d\u01b0\u1edbi \u0111\u00e2y:<\/span><br \/>\n<span style=\"text-decoration: underline;\"><span style=\"color: #3366ff; text-decoration: underline;\">C\u00d4NG TY TNHH SANTEX <\/span><\/span><br \/>\n<span style=\"color: #000000;\">\u0110\u1ecba ch\u1ec9: 18\/21 Nguy\u1ec5n V\u0103n Dung, P.6, Q. G\u00f2 V\u1ea5p, TP. H\u1ed3 Ch\u00ed Minh<\/span><br \/>\n<span style=\"color: #000000;\">\u0110i\u1ec7n tho\u1ea1i: 02866857882 Website:<a href=\"http:\/\/santex.com.vn\/\">http:\/\/santex.com.vn\/<\/a> Email:<a href=\"http:\/\/info@santex.com\">info@santex.com.vn<\/a><\/span><\/p>\n","protected":false},"excerpt":{"rendered":"<p><span style=\"color: #000000;\">Ph\u00edch c\u1eafm v\u00e0 \u1ed5 c\u1eafm \u0111\u01b0\u1ee3c s\u1eed d\u1ee5ng v\u1edbi c\u00e1c thi\u1ebft b\u1ecb \u0111i\u1ec7n c\u1ea7m tay ho\u1eb7c h\u1ec7 th\u1ed1ng thi\u1ebft b\u1ecb nh\u01b0:<\/span><br \/>\n<span style=\"color: #000000;\">&#8211; H\u1ec7 th\u1ed1ng chi\u1ebfu s\u00e1ng;<\/span><br \/>\n<span style=\"color: #000000;\">&#8211; B\u0103ng t\u1ea3i;<\/span><br \/>\n<span style=\"color: #000000;\">&#8211; M\u00e1y s\u01b0\u1edfi;<\/span><br \/>\n<span style=\"color: #000000;\">&#8211; M\u00e1y ph\u00e1t \u0111i\u1ec7n;<\/span><br \/>\n<span style=\"color: #000000;\">&#8211; Thi\u1ebft b\u1ecb \u0111i\u1ec1u h\u00f2a kh\u00f4ng kh\u00ed;<\/span><br \/>\n<span style=\"color: #000000;\">&#8211; M\u00e1y n\u00e9n kh\u00ed;<\/span><br \/>\n<span style=\"color: #000000;\">&#8211; M\u00e1y b\u01a1m.<\/span><br \/>\n<span style=\"color: #000000;\">\u0110\u1ec3 s\u1eed d\u1ee5ng trong m\u00f4i tr\u01b0\u1eddng \u0103n m\u00f2n v\u00e0 c\u00e1c c\u00f4ng tr\u00ecnh l\u1eafp \u0111\u1eb7t thu\u1ed9c khu v\u1ef1c nguy hi\u1ec3m zone 1&amp;2; zone 21&amp;22 c\u1ee7a ng\u00e0nh d\u1ea7u kh\u00ed nh\u01b0:<\/span><br \/>\n<span style=\"color: #000000;\">&#8211; Nh\u00e0 m\u00e1y l\u1ecdc d\u1ea7u;<\/span><br \/>\n<span style=\"color: #000000;\">&#8211; Nh\u00e0 m\u00e1y h\u00f3a ch\u1ea5t v\u00e0 h\u00f3a d\u1ea7u;<\/span><br \/>\n<span style=\"color: #000000;\">&#8211; \u0110\u01b0\u1eddng \u1ed1ng;<\/span><br \/>\n<span style=\"color: #000000;\">&#8211; D\u00e0n khoan tr\u00ean b\u1edd v\u00e0 ngo\u00e0i kh\u01a1i;<\/span><br \/>\n<span style=\"color: #000000;\">&#8211; T\u00e0u LNG;<\/span><br \/>\n<span style=\"color: #000000;\">&#8211; Tr\u1ea1m m\u00e1y n\u00e9n kh\u00ed.<\/span><\/p>\n","protected":false},"featured_media":799,"comment_status":"open","ping_status":"closed","template":"","meta":[],"product_cat":[68],"product_tag":[],"acf":[],"_links":{"self":[{"href":"https:\/\/demo8.thuythu.com\/santex\/wp-json\/wp\/v2\/product\/638"}],"collection":[{"href":"https:\/\/demo8.thuythu.com\/santex\/wp-json\/wp\/v2\/product"}],"about":[{"href":"https:\/\/demo8.thuythu.com\/santex\/wp-json\/wp\/v2\/types\/product"}],"replies":[{"embeddable":true,"href":"https:\/\/demo8.thuythu.com\/santex\/wp-json\/wp\/v2\/comments?post=638"}],"wp:featuredmedia":[{"embeddable":true,"href":"https:\/\/demo8.thuythu.com\/santex\/wp-json\/wp\/v2\/media\/799"}],"wp:attachment":[{"href":"https:\/\/demo8.thuythu.com\/santex\/wp-json\/wp\/v2\/media?parent=638"}],"wp:term":[{"taxonomy":"product_cat","embeddable":true,"href":"https:\/\/demo8.thuythu.com\/santex\/wp-json\/wp\/v2\/product_cat?post=638"},{"taxonomy":"product_tag","embeddable":true,"href":"https:\/\/demo8.thuythu.com\/santex\/wp-json\/wp\/v2\/product_tag?post=638"}],"curies":[{"name":"wp","href":"https:\/\/api.w.org\/{rel}","templated":true}]}}