{"id":664,"date":"2022-12-06T19:43:43","date_gmt":"2022-12-06T19:43:43","guid":{"rendered":"https:\/\/demo8.thuythu.com\/santex\/?post_type=product&#038;p=664"},"modified":"2022-12-22T10:12:51","modified_gmt":"2022-12-22T10:12:51","slug":"den-floodlight-chong-chay-no","status":"publish","type":"product","link":"https:\/\/demo8.thuythu.com\/santex\/product\/den-floodlight-chong-chay-no\/","title":{"rendered":"\u0110\u00e8n Floodlight ch\u1ed1ng ch\u00e1y n\u1ed5"},"content":{"rendered":"<p><span style=\"color: #000000;\"><strong>EXPLOSION PROOF FLOODLIGHT PB SERIES<br \/>\n<img loading=\"lazy\" decoding=\"async\" class=\"size-medium wp-image-844 aligncenter\" src=\"https:\/\/demo8.thuythu.com\/santex\/wp-content\/uploads\/2022\/12\/den_floodlight_chong_chay_no-300x228.jpg\" alt=\"\" width=\"300\" height=\"228\" srcset=\"https:\/\/demo8.thuythu.com\/santex\/wp-content\/uploads\/2022\/12\/den_floodlight_chong_chay_no-300x228.jpg 300w, https:\/\/demo8.thuythu.com\/santex\/wp-content\/uploads\/2022\/12\/den_floodlight_chong_chay_no-600x457.jpg 600w, https:\/\/demo8.thuythu.com\/santex\/wp-content\/uploads\/2022\/12\/den_floodlight_chong_chay_no.jpg 750w\" sizes=\"(max-width: 300px) 100vw, 300px\" \/><\/strong><br \/>\n<strong>T\u00cdNH N\u0102NG \u0110\u00c8N FLOODLIGHT CH\u1ed0NG CH\u00c1Y N\u1ed4 PB SERIES<\/strong><\/span><br \/>\n<span style=\"color: #000000;\">Gray epoxy painted light marine grade aluminum housing and door. <\/span><br \/>\n<span style=\"color: #000000;\">Fast and easy lamp replacement via threaded cover on the side of the fixture. The cover is fitted with a short safety chain. <\/span><br \/>\n<span style=\"color: #000000;\">Lampholder can be easily field-adjustable for either a narrow or wide beam. <\/span><br \/>\n<span style=\"color: #000000;\">Fixtures operate safely in high ambient temperatures up to +55 \u00b0C and in low ambient temperature up to -20 \u00b0C. <\/span><br \/>\n<span style=\"color: #000000;\">Electrical components (ballast, ignitor and capacitor) are thermally separated from the lighting compartment with a bulkhead, providing extended life. <\/span><br \/>\n<span style=\"color: #000000;\">Easy and efficient wiring due to separate Ex e terminal box with wiring onto 2 captive terminals 2 x 6 mm2; 2 internal earth terminals capacity 6 mm2 and 1 external earth terminal capacity 4 mm2. <\/span><br \/>\n<span style=\"color: #000000;\">2 x M20 clearance holes throughwire cable entries supplied with: <\/span><br \/>\n<span style=\"color: #000000;\">\u2014 One Ex e unarmored cable gland \u2014 sealing diameter 6.5 mm to 14.5 mm <\/span><br \/>\n<span style=\"color: #000000;\">\u2014 One blanking plug <\/span><br \/>\n<span style=\"color: #000000;\">\u2014 Two M20 locknuts <\/span><br \/>\n<span style=\"color: #000000;\">For use with either tubular or ellipsoidal shape lamps. See ordering information for details. <\/span><br \/>\n<span style=\"color: #000000;\">Choice of mounting with galvanized hinged bracket fixed mounting or tube\/pole mounting with galvanized brackets. <\/span><br \/>\n<span style=\"color: #000000;\">Thermoshock and impact-resistant glass factory sealed into the cover frame. <\/span><br \/>\n<span style=\"color: #000000;\">Operates in any position. <\/span><br \/>\n<span style=\"color: #000000;\">Reversible hinge allows for fixture access from either side. <\/span><br \/>\n<span style=\"color: #000000;\">E40 or H3 lampholders for the 2 x 70 W Vac\/Vdc halogen version. <\/span><br \/>\n<span style=\"color: #000000;\">Internal symmetric reflector. <\/span><br \/>\n<strong><span style=\"color: #000000;\">TI\u00caU CHU\u1ea8N V\u1eacT LI\u1ec6U \u0110\u00c8N FLOODLIGHT CH\u1ed0NG CH\u00c1Y N\u1ed4 PB SERIES<\/span><\/strong><br \/>\n<span style=\"color: #000000;\">Housing and door: copperfree marine-grade aluminum alloy <\/span><br \/>\n<span style=\"color: #000000;\">Lens: toughened safety glass <\/span><br \/>\n<span style=\"color: #000000;\">Reflector: bright highly polished aluminum <\/span><br \/>\n<span style=\"color: #000000;\">Bolts: stainless steel bolt <\/span><br \/>\n<span style=\"color: #000000;\">Cable gland and blanking plug: polyamide <\/span><br \/>\n<span style=\"color: #000000;\">Locknut: nickel plated brass <\/span><br \/>\n<strong><span style=\"color: #000000;\">TI\u00caU CHU\u1ea8N X\u1eec L\u00dd B\u1ec0 M\u1eb6T <\/span><\/strong><br \/>\n<span style=\"color: #000000;\">Housing and door: gray epoxy powder paint<\/span><br \/>\n<strong><span style=\"color: #000000;\">T\u00d9Y CH\u1eccN \u0110I K\u00c8M<\/span><\/strong><br \/>\n<span style=\"color: #000000;\">Other voltages, please contact your sales representative. <\/span><br \/>\n<span style=\"color: #000000;\">Terminal block with 2 more terminals for wiring with 3 phases plus Neutral in 380\/415 V (loop in\/loop out wiring possible): add suffix -T at the end of the catalog number. <\/span><br \/>\n<span style=\"color: #000000;\">Asymmetrical light distribution is available, add suffix -A to end of catalog number. <\/span><br \/>\n<span style=\"color: #000000;\">Screwed-on overhead diffuser out of galvanized steel with black painting (see accessories). <\/span><br \/>\n<span style=\"color: #000000;\">Screwed-on zinc-coated protection guard (see accessories).<\/span><br \/>\n<strong><span style=\"color: #000000;\">CERTIFICATIONS &amp; COMPLIANCES <\/span><\/strong><br \/>\n<span style=\"color: #000000;\">ATEX\/IECEx Certification <\/span><br \/>\n<span style=\"color: #000000;\">Certification Type: PJd <\/span><br \/>\n<span style=\"color: #000000;\">\u2014 Gas: Zone 1 and 2 <\/span><br \/>\n<span style=\"color: #000000;\">\u2013 Conforming to ATEX 2014\/34\/EU: II 2 G <\/span><br \/>\n<span style=\"color: #000000;\">\u2013 Type of Protection: Ex de IIB <\/span><br \/>\n<span style=\"color: #000000;\">\u2013 Temperature class: See Table on following page <\/span><br \/>\n<span style=\"color: #000000;\">\u2014 Dust: Zone 21 &#8211; 22 <\/span><br \/>\n<span style=\"color: #000000;\">\u2013 Conforming to ATEX 2014\/34\/EU: II 2 D <\/span><br \/>\n<span style=\"color: #000000;\">\u2013 Type of Protection: Ex tD A21 <\/span><br \/>\n<span style=\"color: #000000;\">\u2013 Surface Temperature: See Table on following page <\/span><br \/>\n<span style=\"color: #000000;\">\u2014 Ambient Temperature: -20 \u00b0C \u2264 Ta \u2264 +55 \u00b0C <\/span><br \/>\n<span style=\"color: #000000;\">\u2014 EU Declaration of Conformity: 50207 <\/span><br \/>\n<span style=\"color: #000000;\">\u2014 ATEX Certificate: LCIE 99 ATEX 6002 <\/span><br \/>\n<span style=\"color: #000000;\">\u2014 IECEx Certificate: IECEx LCI 04.0020 <\/span><br \/>\n<span style=\"color: #000000;\">\u2014 Index of Protection according EN\/IEC 60529: IP66 (Type PB) <\/span><br \/>\n<span style=\"color: #000000;\">\u2014 Impact Resistance (shock): IK10 <\/span><br \/>\n<strong><span style=\"color: #000000;\">EURASEC Certification <\/span><\/strong><br \/>\n<span style=\"color: #000000;\">\u2014 EURASEC N\u00b0 TC RU C-FR.__05.B.00912<\/span><span style=\"color: #000000;\"><span style=\"font-weight: 400;\"><img loading=\"lazy\" decoding=\"async\" class=\"alignnone size-large wp-image-846\" src=\"https:\/\/demo8.thuythu.com\/santex\/wp-content\/uploads\/2022\/12\/quy_cach_den_floodlight_chong_chay_no-797x1024.jpg\" alt=\"\" width=\"797\" height=\"1024\" srcset=\"https:\/\/demo8.thuythu.com\/santex\/wp-content\/uploads\/2022\/12\/quy_cach_den_floodlight_chong_chay_no-797x1024.jpg 797w, https:\/\/demo8.thuythu.com\/santex\/wp-content\/uploads\/2022\/12\/quy_cach_den_floodlight_chong_chay_no-234x300.jpg 234w, https:\/\/demo8.thuythu.com\/santex\/wp-content\/uploads\/2022\/12\/quy_cach_den_floodlight_chong_chay_no-768x987.jpg 768w, https:\/\/demo8.thuythu.com\/santex\/wp-content\/uploads\/2022\/12\/quy_cach_den_floodlight_chong_chay_no-1196x1536.jpg 1196w, https:\/\/demo8.thuythu.com\/santex\/wp-content\/uploads\/2022\/12\/quy_cach_den_floodlight_chong_chay_no-770x989.jpg 770w, https:\/\/demo8.thuythu.com\/santex\/wp-content\/uploads\/2022\/12\/quy_cach_den_floodlight_chong_chay_no-600x771.jpg 600w, https:\/\/demo8.thuythu.com\/santex\/wp-content\/uploads\/2022\/12\/quy_cach_den_floodlight_chong_chay_no.jpg 1514w\" sizes=\"(max-width: 797px) 100vw, 797px\" \/><br \/>\n\u0110\u1ec3 bi\u1ebft r\u00f5 h\u01a1n ho\u1eb7c c\u1ea7n t\u01b0 v\u1ea5n v\u1ec1\u00a0<a href=\"http:\/\/makgil.com\/products\/alloy-industry-co-ltd-have-grown-and-prospered-alongside-thailand-s-expeditious-industrial-expansion-for-more-than-40-years-alloy-industry-co-ltd-initially-manufactured-the-lighting-fixtures-junction-boxes-and-co\"><i>thi\u1ebft b\u1ecb \u0111i\u1ec7n &amp; ph\u1ee5 ki\u1ec7n ch\u1ed1ng ch\u00e1y n\u1ed5<\/i><\/a><i> h\u00e3ng ATX\/France<\/i>, qu\u00fd kh\u00e1ch h\u00e0ng vui l\u00f2ng li\u00ean h\u1ec7 theo th\u00f4ng tin d\u01b0\u1edbi \u0111\u00e2y:<br \/>\n<\/span><\/span><span style=\"text-decoration: underline;\"><span style=\"color: #3366ff;\"><b>C\u00d4NG TY TNHH SANTEX<br \/>\n<\/b><\/span><\/span><span style=\"font-weight: 400;\"><span style=\"color: #000000;\">\u0110\u1ecba ch\u1ec9: 18\/21 Nguy\u1ec5n V\u0103n Dung, P.6, Q. G\u00f2 V\u1ea5p, TP. H\u1ed3 Ch\u00ed Minh<\/span><br \/>\n<span style=\"color: #000000;\">\u0110i\u1ec7n tho\u1ea1i: 02866857882\u00a0 Website:<\/span>\u00a0<a href=\"http:\/\/santex.com.vn\/\">http:\/\/santex.com.vn\/<\/a>\u00a0 \u00a0 \u00a0<span style=\"color: #000000;\">Email:<\/span> <a href=\"mailto:info@santex.com\">info@santex.com<\/a>.vn<br \/>\n<\/span><\/p>\n<p>&nbsp;<\/p>\n","protected":false},"excerpt":{"rendered":"<p><span style=\"color: #000000;\">Designed for large area lighting in industrial outdoor and indoor hazardous areas. <\/span><br \/>\n<span style=\"color: #000000;\">Ideal for use in Zones 1 and 2 and 21 and 22 in the oil and gas industry. In locations such as: refineries, pipelines, warehouses, offshore platforms and drilling rigs.<\/span><\/p>\n","protected":false},"featured_media":850,"comment_status":"open","ping_status":"closed","template":"","meta":[],"product_cat":[68],"product_tag":[],"acf":[],"_links":{"self":[{"href":"https:\/\/demo8.thuythu.com\/santex\/wp-json\/wp\/v2\/product\/664"}],"collection":[{"href":"https:\/\/demo8.thuythu.com\/santex\/wp-json\/wp\/v2\/product"}],"about":[{"href":"https:\/\/demo8.thuythu.com\/santex\/wp-json\/wp\/v2\/types\/product"}],"replies":[{"embeddable":true,"href":"https:\/\/demo8.thuythu.com\/santex\/wp-json\/wp\/v2\/comments?post=664"}],"wp:featuredmedia":[{"embeddable":true,"href":"https:\/\/demo8.thuythu.com\/santex\/wp-json\/wp\/v2\/media\/850"}],"wp:attachment":[{"href":"https:\/\/demo8.thuythu.com\/santex\/wp-json\/wp\/v2\/media?parent=664"}],"wp:term":[{"taxonomy":"product_cat","embeddable":true,"href":"https:\/\/demo8.thuythu.com\/santex\/wp-json\/wp\/v2\/product_cat?post=664"},{"taxonomy":"product_tag","embeddable":true,"href":"https:\/\/demo8.thuythu.com\/santex\/wp-json\/wp\/v2\/product_tag?post=664"}],"curies":[{"name":"wp","href":"https:\/\/api.w.org\/{rel}","templated":true}]}}