{"id":668,"date":"2022-12-06T19:43:43","date_gmt":"2022-12-06T19:43:43","guid":{"rendered":"https:\/\/demo8.thuythu.com\/santex\/?post_type=product&#038;p=668"},"modified":"2022-12-22T08:06:20","modified_gmt":"2022-12-22T08:06:20","slug":"bo-o-cam-phich-cam-chong-no-hang-atx","status":"publish","type":"product","link":"https:\/\/demo8.thuythu.com\/santex\/product\/bo-o-cam-phich-cam-chong-no-hang-atx\/","title":{"rendered":"B\u1ed9 \u1ed5 c\u1eafm &#038; ph\u00edch c\u1eafm ch\u1ed1ng ch\u00e1y n\u1ed5 (Explosion Proof Plug &#038; Socket) h\u00e3ng ATX\/France"},"content":{"rendered":"<p><span style=\"color: #000000;\"><span style=\"color: #3366ff;\">C\u00d4NG TY TNHH SANTEX<\/span> t\u1ef1 h\u00e0o l\u00e0 nh\u00e0 ph\u00e2n ph\u1ed1i \u1ee7y quy\u1ec1n c\u00e1c s\u1ea3n ph\u1ea9m c\u1ee7a h\u00e3ng ATX\/France t\u1ea1i Vi\u1ec7t Nam v\u1ec1 thi\u1ebft b\u1ecb \u0111i\u1ec7n &amp; ph\u1ee5 ki\u1ec7n ch\u1ed1ng ch\u00e1y n\u1ed5, trong \u0111\u00f3 c\u00f3 B\u1ed9 \u1ed5 c\u1eafm &amp; ph\u00edch c\u1eafm ch\u1ed1ng ch\u00e1y n\u1ed5 (Explosion Proof Plug &amp; Socket).<br \/>\n<\/span><span style=\"color: #000000;\">D\u01b0\u1edbi \u0111\u00e2y th\u1ec3 hi\u1ec7n c\u00e1c th\u00f4ng s\u1ed1 k\u1ef9 thu\u1eadt &amp; th\u00f4ng tin c\u1ea7n thi\u1ebft c\u1ee7a B\u1ed9 \u1ed5 c\u1eafm &amp; ph\u00edch c\u1eafm ch\u1ed1ng ch\u00e1y n\u1ed5 PRE 63A series h\u00e3ng ATX\/France, gi\u00fap kh\u00e1ch h\u00e0ng hi\u1ec3u v\u00e0 l\u1ef1a ch\u1ecdn \u0111\u01b0\u1ee3c s\u1ea3n ph\u1ea9m ph\u00f9 h\u1ee3p v\u1edbi \u0111i\u1ec1u ki\u1ec7n l\u00e0m vi\u1ec7c c\u1ee7a m\u00ecnh h\u01a1n.<\/span><strong><span style=\"color: #000000;\"><br \/>\nB\u1ed8 \u1ed4 C\u1eaeM &amp; PH\u00cdCH C\u1eaeM CH\u1ed0NG CH\u00c1Y N\u1ed4 PRE 63A SERIES<br \/>\n<img loading=\"lazy\" decoding=\"async\" class=\"size-medium wp-image-855 aligncenter\" src=\"https:\/\/demo8.thuythu.com\/santex\/wp-content\/uploads\/2022\/12\/o_cam__phich_cam_chong_chay_no_pre_63amp-300x117.jpg\" alt=\"\" width=\"300\" height=\"117\" srcset=\"https:\/\/demo8.thuythu.com\/santex\/wp-content\/uploads\/2022\/12\/o_cam__phich_cam_chong_chay_no_pre_63amp-300x117.jpg 300w, https:\/\/demo8.thuythu.com\/santex\/wp-content\/uploads\/2022\/12\/o_cam__phich_cam_chong_chay_no_pre_63amp-600x235.jpg 600w, https:\/\/demo8.thuythu.com\/santex\/wp-content\/uploads\/2022\/12\/o_cam__phich_cam_chong_chay_no_pre_63amp.jpg 756w\" sizes=\"(max-width: 300px) 100vw, 300px\" \/><br \/>\nT\u00cdNH N\u0102NG B\u1ed8 \u1ed4 C\u1eaeM &amp; PH\u00cdCH C\u1eaeM CH\u1ed0NG CH\u00c1Y N\u1ed4 PRE 63A SERIES <\/span><\/strong><br \/>\n<span style=\"color: #000000;\">Ph\u00e2n c\u1ef1c d\u01b0\u01a1ng: ch\u1ec9 c\u00e1c ph\u00edch c\u1eafm ATX c\u00f3 c\u00f9ng ki\u1ec3u d\u00e1ng, s\u1ed1 c\u1ef1c v\u00e0 \u0111\u1ecbnh m\u1ee9c ampe m\u1edbi c\u00f3 th\u1ec3 \u0111\u01b0\u1ee3c s\u1eed d\u1ee5ng v\u1edbi c\u00e1c \u1ed5 c\u1eafm n\u00e0y.<\/span><br \/>\n<span style=\"color: #000000;\">C\u00f4ng t\u1eafc ng\u1eaft k\u1ebft n\u1ed1i Ex de ng\u1eaft k\u1ebft n\u1ed1i tr\u00ean t\u1ea3i 3 c\u1ef1c ho\u1eb7c 4 c\u1ef1c \u0111\u01b0\u1ee3c l\u1ed3ng v\u00e0o nhau, v\u1edbi c\u00f4ng su\u1ea5t ti\u1ebfp \u0111i\u1ec3m ng\u1eaft s\u1edbm ph\u1ee5 tr\u1ee3 t\u1ed1i \u0111a 2,5 mm2 (0,004 in2).<\/span><br \/>\n<span style=\"color: #000000;\">Ph\u00edch c\u1eafm \u0111\u01b0\u1ee3c thi\u1ebft k\u1ebf k\u00e8m kh\u00f3a c\u01a1 h\u1ecdc trong \u1ed5 c\u1eafm khi c\u00f4ng t\u1eafc \u201cB\u1eacT\u201d.<\/span><br \/>\n<span style=\"color: #000000;\">Tay c\u1ea7m v\u1eadn h\u00e0nh c\u00f4ng t\u1eafc c\u00f3 th\u1ec3 \u0111\u01b0\u1ee3c kh\u00f3a \u1edf v\u1ecb tr\u00ed &#8220;T\u1eaeT&#8221; (t\u1ed1i \u0111a 4 kh\u00f3a m\u00f3c).<\/span><br \/>\n<span style=\"color: #000000;\">Kh\u00f4ng th\u1ec3 c\u1eafm ho\u1eb7c th\u00e1o ph\u00edch c\u1eafm tr\u1eeb khi c\u00f4ng t\u1eafc \u1edf v\u1ecb tr\u00ed &#8220;T\u1eaeT&#8221;.<\/span><br \/>\n<strong><span style=\"color: #000000;\">TI\u00caU CHU\u1ea8N V\u1eacT LI\u1ec6U B\u1ed8 \u1ed4 C\u1eaeM &amp; PH\u00cdCH C\u1eaeM CH\u1ed0NG CH\u00c1Y N\u1ed4 PRE 63A SERIES <\/span><\/strong><br \/>\n<span style=\"color: #000000;\">\u1ed4 c\u1eafm: polyester gia c\u1ed1 b\u1eb1ng s\u1ee3i th\u1ee7y tinh ch\u1ed1ng va \u0111\u1eadp cao<\/span><br \/>\n<span style=\"color: #000000;\">N\u1eafp \u0111\u1eady v\u00e0 ph\u00edch c\u1eafm: polyamide<\/span><br \/>\n<strong><span style=\"color: #000000;\">ATEX\/IECEx CERTIFICATIONS &amp; COMPLIANCES<\/span><\/strong><br \/>\n<span style=\"color: #000000;\">ATEX\/IECEx Certification<\/span><br \/>\n<span style=\"color: #000000;\">\u2022 Certification Type PC63X<\/span><br \/>\n<span style=\"color: #000000;\">\u2014 Gas: Zones 1 and 2<\/span><br \/>\n<span style=\"color: #000000;\">\u2013 Conforming to 2014\/34\/UE: II 2 G<\/span><br \/>\n<span style=\"color: #000000;\">\u2013 Type of Protection: Ex de IIC<\/span><br \/>\n<span style=\"color: #000000;\">\u2013 Temperature Class: T6 for Ta \u2264 +40 \u00b0C (+104 \u00b0F) and T5 for +55 \u00b0C (+131 \u00b0F)<\/span><br \/>\n<span style=\"color: #000000;\">\u2014 Dust: Zones 21 and 22<\/span><br \/>\n<span style=\"color: #000000;\">\u2013 Conforming to 2014\/34\/EU: II 2 D<\/span><br \/>\n<span style=\"color: #000000;\">\u2013 Type of Protection: Ex tD A21<\/span><br \/>\n<span style=\"color: #000000;\">\u2013 Surface Temperature: T90 \u00b0C (T194 \u00b0F)<\/span><br \/>\n<span style=\"color: #000000;\">\u2022 Ambient Temperature: -30 \u00b0C to +55 \u00b0C (-22 \u00b0F to +131 \u00b0F)<\/span><br \/>\n<span style=\"color: #000000;\">\u2022 Index of Protection according EN\/IEC 60529: IP66<\/span><br \/>\n<span style=\"color: #000000;\">\u2022 Impact Resistance (shock): IK10<\/span><br \/>\n<span style=\"color: #000000;\">\u2022 EU Declaration of Conformity: 50208<\/span><br \/>\n<span style=\"color: #000000;\">\u2022 ATEX Certificate: LCIE 99 ATEX 6004<\/span><br \/>\n<span style=\"color: #000000;\">\u2022 IECEx Certificate: IECEx LCIE 13.0010 <\/span><br \/>\n<strong><span style=\"color: #000000;\">EURASEC Certification<\/span><\/strong><br \/>\n<span style=\"color: #000000;\">\u2022 EURASEC N\u00b0 TC RU C-FR.\u0413\u041105.B.00910 <\/span><br \/>\n<strong><span style=\"color: #000000;\">Others Certification<\/span><\/strong><br \/>\n<span style=\"color: #000000;\">\u2022 INMETRO Certificate: BVC11.0595 <\/span><br \/>\n<strong><span style=\"color: #000000;\">QUY C\u00c1CH B\u1ed8 \u1ed4 C\u1eaeM &amp; PH\u00cdCH C\u1eaeM CH\u1ed0NG CH\u00c1Y N\u1ed4 PRE 63A SERIES<br \/>\n<img loading=\"lazy\" decoding=\"async\" class=\"alignnone size-large wp-image-853\" src=\"https:\/\/demo8.thuythu.com\/santex\/wp-content\/uploads\/2022\/12\/quy_cach_o_cam__phich_cam_chong_chay_no_pre_63amp-1024x496.jpg\" alt=\"\" width=\"847\" height=\"410\" srcset=\"https:\/\/demo8.thuythu.com\/santex\/wp-content\/uploads\/2022\/12\/quy_cach_o_cam__phich_cam_chong_chay_no_pre_63amp-1024x496.jpg 1024w, https:\/\/demo8.thuythu.com\/santex\/wp-content\/uploads\/2022\/12\/quy_cach_o_cam__phich_cam_chong_chay_no_pre_63amp-300x145.jpg 300w, https:\/\/demo8.thuythu.com\/santex\/wp-content\/uploads\/2022\/12\/quy_cach_o_cam__phich_cam_chong_chay_no_pre_63amp-768x372.jpg 768w, https:\/\/demo8.thuythu.com\/santex\/wp-content\/uploads\/2022\/12\/quy_cach_o_cam__phich_cam_chong_chay_no_pre_63amp-770x373.jpg 770w, https:\/\/demo8.thuythu.com\/santex\/wp-content\/uploads\/2022\/12\/quy_cach_o_cam__phich_cam_chong_chay_no_pre_63amp-600x291.jpg 600w, https:\/\/demo8.thuythu.com\/santex\/wp-content\/uploads\/2022\/12\/quy_cach_o_cam__phich_cam_chong_chay_no_pre_63amp.jpg 1048w\" sizes=\"(max-width: 847px) 100vw, 847px\" \/><br \/>\n<\/span><\/strong><\/p>\n<p><span style=\"font-weight: 400;\"><span style=\"color: #000000;\">\u0110\u1ec3 bi\u1ebft r\u00f5 h\u01a1n ho\u1eb7c c\u1ea7n t\u01b0 v\u1ea5n v\u1ec1<\/span>\u00a0<\/span><a href=\"http:\/\/makgil.com\/products\/alloy-industry-co-ltd-have-grown-and-prospered-alongside-thailand-s-expeditious-industrial-expansion-for-more-than-40-years-alloy-industry-co-ltd-initially-manufactured-the-lighting-fixtures-junction-boxes-and-co\"><i><span style=\"font-weight: 400;\">thi\u1ebft b\u1ecb \u0111i\u1ec7n &amp; ph\u1ee5 ki\u1ec7n ch\u1ed1ng ch\u00e1y n\u1ed5<\/span><\/i><\/a><span style=\"color: #000000;\"><i><span style=\"font-weight: 400;\"> h\u00e3ng ATX\/France<\/span><\/i><\/span><span style=\"font-weight: 400;\"><span style=\"color: #000000;\">, Qu\u00fd kh\u00e1ch h\u00e0ng vui l\u00f2ng li\u00ean h\u1ec7 theo th\u00f4ng tin d\u01b0\u1edbi \u0111\u00e2y<\/span>:<br \/>\n<\/span><span style=\"color: #3366ff;\"><b>C\u00d4NG TY TNHH SANTEX<br \/>\n<\/b><\/span><span style=\"font-weight: 400; color: #000000;\">\u0110\u1ecba ch\u1ec9: 18\/21 Nguy\u1ec5n V\u0103n Dung, P.6, Q. G\u00f2 V\u1ea5p, TP. H\u1ed3 Ch\u00ed Minh<br \/>\n<\/span><span style=\"font-weight: 400;\"><span style=\"color: #000000;\">\u0110i\u1ec7n tho\u1ea1i: 02866857882\u00a0 Website<\/span>:\u00a0<\/span><a href=\"http:\/\/santex.com.vn\/\"><span style=\"font-weight: 400;\">http:\/\/santex.com.vn\/<\/span><\/a><span style=\"font-weight: 400;\">\u00a0 \u00a0 \u00a0<span style=\"color: #000000;\">Email: <\/span><\/span><a href=\"mailto:info@santex.com\"><span style=\"font-weight: 400;\">info@santex.com<\/span><\/a><span style=\"font-weight: 400;\">.vn<\/span><\/p>\n<p>&nbsp;<\/p>\n","protected":false},"excerpt":{"rendered":"<p><span style=\"color: #000000;\">Ph\u00edch c\u1eafm v\u00e0 \u1ed5 c\u1eafm \u0111\u01b0\u1ee3c s\u1eed d\u1ee5ng v\u1edbi c\u00e1c thi\u1ebft b\u1ecb \u0111i\u1ec7n c\u1ea7m tay ho\u1eb7c h\u1ec7 th\u1ed1ng thi\u1ebft b\u1ecb nh\u01b0:<\/span><br \/>\n<span style=\"color: #000000;\">&#8211; Thi\u1ebft b\u1ecb h\u00e0n c\u1eaft;<\/span><br \/>\n<span style=\"color: #000000;\">&#8211; H\u1ec7 th\u1ed1ng chi\u1ebfu s\u00e1ng;<\/span><br \/>\n<span style=\"color: #000000;\">&#8211; H\u1ec7 th\u1ed1ng b\u0103ng t\u1ea3i;<\/span><br \/>\n<span style=\"color: #000000;\">&#8211; H\u1ec7 th\u1ed1ng m\u00e1y s\u01b0\u1edfi;<\/span><br \/>\n<span style=\"color: #000000;\">&#8211; B\u1ed9 m\u00e1y ph\u00e1t \u0111\u1ed9ng c\u01a1;<\/span><br \/>\n<span style=\"color: #000000;\">&#8211; H\u1ec7 th\u1ed1ng m\u00e1y l\u1ea1nh;<\/span><br \/>\n<span style=\"color: #000000;\">&#8211; H\u1ec7 th\u1ed1ng m\u00e1y n\u00e9n kh\u00ed;<\/span><br \/>\n<span style=\"color: #000000;\">&#8211; H\u1ec7 th\u1ed1ng m\u00e1y b\u01a1m. <\/span><br \/>\n<span style=\"color: #000000;\">\u0110\u1ec3 s\u1eed d\u1ee5ng trong m\u00f4i tr\u01b0\u1eddng \u0103n m\u00f2n v\u00e0 c\u00e1c c\u00f4ng tr\u00ecnh l\u1eafp \u0111\u1eb7t thu\u1ed9c khu v\u1ef1c nguy hi\u1ec3m zone 1&amp;2; zone 21&amp;22 c\u1ee7a ng\u00e0nh d\u1ea7u kh\u00ed nh\u01b0:<\/span><br \/>\n<span style=\"color: #000000;\">&#8211; Nh\u00e0 m\u00e1y l\u1ecdc d\u1ea7u;<\/span><br \/>\n<span style=\"color: #000000;\">&#8211; Nh\u00e0 m\u00e1y h\u00f3a ch\u1ea5t v\u00e0 h\u00f3a d\u1ea7u;<\/span><br \/>\n<span style=\"color: #000000;\">&#8211; \u0110\u01b0\u1eddng \u1ed1ng;<\/span><br \/>\n<span style=\"color: #000000;\">&#8211; D\u00e0n khoan tr\u00ean b\u1edd v\u00e0 ngo\u00e0i kh\u01a1i.<\/span><\/p>\n","protected":false},"featured_media":861,"comment_status":"open","ping_status":"closed","template":"","meta":[],"product_cat":[68],"product_tag":[],"acf":[],"_links":{"self":[{"href":"https:\/\/demo8.thuythu.com\/santex\/wp-json\/wp\/v2\/product\/668"}],"collection":[{"href":"https:\/\/demo8.thuythu.com\/santex\/wp-json\/wp\/v2\/product"}],"about":[{"href":"https:\/\/demo8.thuythu.com\/santex\/wp-json\/wp\/v2\/types\/product"}],"replies":[{"embeddable":true,"href":"https:\/\/demo8.thuythu.com\/santex\/wp-json\/wp\/v2\/comments?post=668"}],"wp:featuredmedia":[{"embeddable":true,"href":"https:\/\/demo8.thuythu.com\/santex\/wp-json\/wp\/v2\/media\/861"}],"wp:attachment":[{"href":"https:\/\/demo8.thuythu.com\/santex\/wp-json\/wp\/v2\/media?parent=668"}],"wp:term":[{"taxonomy":"product_cat","embeddable":true,"href":"https:\/\/demo8.thuythu.com\/santex\/wp-json\/wp\/v2\/product_cat?post=668"},{"taxonomy":"product_tag","embeddable":true,"href":"https:\/\/demo8.thuythu.com\/santex\/wp-json\/wp\/v2\/product_tag?post=668"}],"curies":[{"name":"wp","href":"https:\/\/api.w.org\/{rel}","templated":true}]}}