{"id":672,"date":"2022-12-06T19:43:43","date_gmt":"2022-12-06T19:43:43","guid":{"rendered":"https:\/\/demo8.thuythu.com\/santex\/?post_type=product&#038;p=672"},"modified":"2022-12-22T04:40:13","modified_gmt":"2022-12-22T04:40:13","slug":"bo-o-cam-chong-chay-no","status":"publish","type":"product","link":"https:\/\/demo8.thuythu.com\/santex\/product\/bo-o-cam-chong-chay-no\/","title":{"rendered":"B\u1ed9 \u1ed5 c\u1eafm ch\u1ed1ng ch\u00e1y n\u1ed5"},"content":{"rendered":"<p><strong><span style=\"color: #000000;\">B\u1ed8 \u1ed4 C\u1eaeM CH\u1ed0NG CH\u00c1Y N\u1ed4 PRD SERIES<br \/>\n<img loading=\"lazy\" decoding=\"async\" class=\"size-medium wp-image-829 aligncenter\" src=\"https:\/\/demo8.thuythu.com\/santex\/wp-content\/uploads\/2022\/12\/bo_o_cam_chong_chay_no_prd_series_hang_appleton_atx-1-300x168.jpg\" alt=\"\" width=\"300\" height=\"168\" srcset=\"https:\/\/demo8.thuythu.com\/santex\/wp-content\/uploads\/2022\/12\/bo_o_cam_chong_chay_no_prd_series_hang_appleton_atx-1-300x168.jpg 300w, https:\/\/demo8.thuythu.com\/santex\/wp-content\/uploads\/2022\/12\/bo_o_cam_chong_chay_no_prd_series_hang_appleton_atx-1-768x431.jpg 768w, https:\/\/demo8.thuythu.com\/santex\/wp-content\/uploads\/2022\/12\/bo_o_cam_chong_chay_no_prd_series_hang_appleton_atx-1-770x432.jpg 770w, https:\/\/demo8.thuythu.com\/santex\/wp-content\/uploads\/2022\/12\/bo_o_cam_chong_chay_no_prd_series_hang_appleton_atx-1-600x337.jpg 600w, https:\/\/demo8.thuythu.com\/santex\/wp-content\/uploads\/2022\/12\/bo_o_cam_chong_chay_no_prd_series_hang_appleton_atx-1.jpg 878w\" sizes=\"(max-width: 300px) 100vw, 300px\" \/><br \/>\nT\u00cdNH N\u0102NG B\u1ed8 \u1ed4 C\u1eaeM CH\u1ed0NG CH\u00c1Y N\u1ed4 PRD SERIES<\/span><\/strong><br \/>\n<em><span style=\"color: #000000;\">Lo\u1ea1i 16A th\u00f4ng th\u01b0\u1eddng:<\/span><\/em><br \/>\n<span style=\"color: #000000;\">&#8211; Gio\u0103ng ch\u1ed1ng ch\u00e1y v\u1edbi kh\u1edbp n\u1ed1i h\u00ecnh tr\u1ee5.<\/span><br \/>\n<span style=\"color: #000000;\">&#8211; T\u1ef1 \u0111\u1ed9ng ng\u1eaft k\u1ebft n\u1ed1i c\u00e1c c\u1ef1c b\u1eb1ng thi\u1ebft b\u1ecb an to\u00e0n k\u00e9p \u0111\u00e3 \u0111\u01b0\u1ee3c c\u1ea5p b\u1eb1ng s\u00e1ng ch\u1ebf, \u0111\u1ea3m b\u1ea3o nh\u1eefng \u0111i\u1ec3m sau khi r\u00fat ph\u00edch c\u1eafm ra kh\u1ecfi \u1ed5 c\u1eafm:<\/span><br \/>\n<span style=\"color: #000000;\">Ng\u1eaft t\u1ef1 \u0111\u1ed9ng v\u00e0 \u0111\u1ed3ng th\u1eddi t\u1eebng pha trong ph\u1ea7n bu\u1ed3ng ch\u1ed1ng ch\u00e1y.<\/span><br \/>\n<span style=\"color: #000000;\">Ng\u1eaft k\u1ebft n\u1ed1i, khi m\u1ea5t \u0111i\u1ec7n, c\u1ee7a c\u00e1c ch\u00e2n c\u1eafm trong ph\u1ea7n bu\u1ed3ng ch\u1ed1ng ch\u00e1y th\u1ee9 hai.<\/span><br \/>\n<span style=\"color: #000000;\">&#8211; N\u1eafp c\u00f3 th\u1ec3 \u0111\u01b0\u1ee3c kh\u00f3a m\u00f3c &#8211; 1 \u1ed5 kh\u00f3a \u0111\u01b0\u1eddng k\u00ednh 5 mm (0,20 in), d\u00e0i 45 mm (1,77 in).<\/span><br \/>\n<span style=\"color: #000000;\">&#8211; \u1ed4 c\u1eafm \u00e2m t\u01b0\u1eddng k\u1ebft h\u1ee3p thi\u1ebft b\u1ecb an to\u00e0n ch\u1ec9 ch\u1ea5p nh\u1eadn c\u1eafm ph\u00edch c\u1eafm ATX \u0111\u00e3 \u0111\u01b0\u1ee3c ch\u1ee9ng nh\u1eadn \u0111\u1ec3 s\u1eed d\u1ee5ng trong c\u00e1c khu v\u1ef1c nguy hi\u1ec3m.<\/span><br \/>\n<span style=\"color: #000000;\">&#8211; C\u00f3 th\u1ec3 s\u1eed d\u1ee5ng ph\u00edch c\u1eafm v\u1edbi ch\u00e2n c\u1eafm c\u00f4ng nghi\u1ec7p ph\u00f9 h\u1ee3p ti\u00eau chu\u1ea9n IEC 60309-2 \u1ed5 c\u1eafm \u1edf nh\u1eefng khu v\u1ef1c kh\u00f4ng nguy hi\u1ec3m.<\/span><br \/>\n<em><span style=\"color: #000000;\">Lo\u1ea1i 32A th\u00f4ng th\u01b0\u1eddng:<\/span><\/em><br \/>\n<span style=\"color: #000000;\">&#8211; Gio\u0103ng ch\u1ed1ng ch\u00e1y v\u1edbi kh\u1edbp n\u1ed1i h\u00ecnh tr\u1ee5.<\/span><br \/>\n<span style=\"color: #000000;\">&#8211; Kh\u00f3a c\u01a1 h\u1ecdc li\u00ean \u0111\u1ed9ng \u0111\u1ea3m b\u1ea3o:<\/span><br \/>\n<span style=\"color: #000000;\">Ng\u1eaft k\u1ebft n\u1ed1i di\u1ec5n ra trong ph\u1ea7n bu\u1ed3ng ch\u1ed1ng ch\u00e1y tr\u01b0\u1edbc khi r\u00fat ph\u00edch c\u1eafm ra kh\u1ecfi \u1ed5 c\u1eafm.<\/span><br \/>\n<span style=\"color: #000000;\">&#8211; Kh\u00f4ng th\u1ec3 r\u00fat ph\u00edch c\u1eafm khi c\u00f3 \u0111i\u1ec7n<\/span><br \/>\n<span style=\"color: #000000;\">&#8211; Ph\u1ea7n chu\u00f4i c\u1ea7m th\u1eb3ng \u0111\u01b0\u1ee3c \u0111\u1eb7t tr\u00ean ph\u00edch c\u1eafm \u0111\u1ec3 s\u1eed d\u1ee5ng v\u1edbi \u1ed5 c\u1eafm c\u00f4ng nghi\u1ec7p ph\u00f9 h\u1ee3p ti\u00eau chu\u1ea9n IEC 60309-2 \u1edf c\u00e1c khu v\u1ef1c kh\u00f4ng nguy hi\u1ec3m.<\/span><br \/>\n<em><span style=\"color: #000000;\">Lo\u1ea1i 80A &amp; 125A th\u00f4ng th\u01b0\u1eddng:<\/span><\/em><br \/>\n<span style=\"color: #000000;\">&#8211; Kh\u00f3a c\u01a1 h\u1ecdc l\u1ed3ng v\u00e0o nhau gi\u00fap ng\u0103n ng\u1eeba:<\/span><br \/>\n<span style=\"color: #000000;\">C\u00f4ng t\u1eafc t\u1eeb khi \u0111\u00f3ng \u0111\u1ebfn khi ph\u00edch c\u1eafm \u0111\u01b0\u1ee3c c\u1eafm ho\u00e0n to\u00e0n v\u00e0o \u1ed5 \u0111i\u1ec7n.<\/span><br \/>\n<span style=\"color: #000000;\">Ph\u00edch c\u1eafm t\u1eeb khi r\u00fat ra cho \u0111\u1ebfn khi c\u00f4ng t\u1eafc t\u1eaft.<\/span><br \/>\n<span style=\"color: #000000;\">&#8211; \u1ed4 c\u1eafm \u0111\u01b0\u1ee3c cung c\u1ea5p v\u1edbi c\u00f4ng t\u1eafc \u0111\u00f3ng ng\u1eaft t\u1ea3i \u0111\u1ea3m b\u1ea3o ng\u1eaft k\u1ebft n\u1ed1i khi b\u1eadt ngu\u1ed3n.<\/span><br \/>\n<span style=\"color: #000000;\">&#8211; Tay c\u1ea7m c\u00f4ng t\u1eafc c\u00f3 th\u1ec3 \u0111\u01b0\u1ee3c kh\u00f3a \u1edf v\u1ecb tr\u00ed \u201ct\u1eaft\u201d (3 kh\u00f3a m\u00f3c).<\/span><br \/>\n<em><span style=\"color: #000000;\">Lo\u1ea1i \u1ed4 c\u1eafm g\u1eafn t\u01b0\u1eddng 16A:<\/span><\/em><br \/>\n<span style=\"color: #000000;\">&#8211; L\u1ed7 lu\u1ed3n c\u00e1p 2 x M20 (1 \u1edf tr\u00ean, 1 \u1edf d\u01b0\u1edbi).<\/span><br \/>\n<span style=\"color: #000000;\">&#8211; \u0110\u01b0\u1ee3c cung c\u1ea5p k\u00e8m m\u1ed9t n\u00fat b\u1ecbt M20.<\/span><br \/>\n<span style=\"color: #000000;\">&#8211; K\u1ebft n\u1ed1i tr\u00ean terminal 2 x 4 mm2 (0,003 x 0,006 in2).<\/span><br \/>\n<span style=\"color: #000000;\">&#8211; \u0110\u1ea7u n\u1ed1i \u0111\u1ea5t: b\u00ean trong v\u00e0 b\u00ean ngo\u00e0i, c\u00f3 \u0111inh v\u00edt \u0111\u01b0\u1eddng k\u00ednh 4 mm \u0111\u1ec3 ph\u1ee5c v\u1ee5 l\u1eafp \u0111\u1eb7t.<\/span><br \/>\n<span style=\"color: #000000;\"><em>Lo\u1ea1i \u1ed4 c\u1eafm g\u1eafn t\u01b0\u1eddng 32A<\/em>:<\/span><br \/>\n<span style=\"color: #000000;\">&#8211; L\u1ed7 lu\u1ed3n c\u00e1p 2 x M25 (1 \u1edf tr\u00ean, 1 \u1edf d\u01b0\u1edbi).<\/span><br \/>\n<span style=\"color: #000000;\">&#8211; \u0110\u01b0\u1ee3c cung c\u1ea5p k\u00e8m m\u1ed9t n\u00fat b\u1ecbt M25.<\/span><br \/>\n<span style=\"color: #000000;\">&#8211; K\u1ebft n\u1ed1i tr\u00ean terminal 10 mm2 (0,016 in2).<\/span><br \/>\n<span style=\"color: #000000;\">&#8211; \u0110\u1ea7u n\u1ed1i \u0111\u1ea5t: b\u00ean trong v\u00e0 b\u00ean ngo\u00e0i, c\u00f3 \u0111inh v\u00edt \u0111\u01b0\u1eddng k\u00ednh 6 mm \u0111inh v\u00edt \u0111\u1ec3 ph\u1ee5c v\u1ee5 l\u1eafp \u0111\u1eb7t<\/span><br \/>\n<em><span style=\"color: #000000;\">Lo\u1ea1i \u1ed4 c\u1eafm g\u1eafn t\u01b0\u1eddng 80A:<\/span><\/em><br \/>\n<span style=\"color: #000000;\">&#8211; L\u1ed7 lu\u1ed3n c\u00e1p 1 x M32 (\u1edf m\u1eb7t tr\u00ean).<\/span><br \/>\n<span style=\"color: #000000;\">&#8211; K\u1ebft n\u1ed1i th\u00f4ng qua c\u00e1c terminal \u0111\u01b0\u1eddng k\u00ednh 8 mm (0,32 in) (kh\u00f4ng bao g\u1ed3m).<\/span><br \/>\n<span style=\"color: #000000;\">&#8211; N\u1ed1i \u0111\u1ea5t b\u00ean trong th\u00f4ng qua k\u1ebft n\u1ed1i 35 mm2 (0,054 in2) v\u00e0 ti\u1ebfp \u0111\u1ea5t b\u00ean ngo\u00e0i th\u00f4ng qua c\u00e1c v\u00edt c\u00f3 \u0111\u01b0\u1eddng k\u00ednh 6 mm (0,24 in).<\/span><br \/>\n<em><span style=\"color: #000000;\">Lo\u1ea1i \u1ed4 c\u1eafm g\u1eafn t\u01b0\u1eddng 125 A:<\/span><\/em><br \/>\n<span style=\"color: #000000;\">&#8211; L\u1ed7 lu\u1ed3n c\u00e1p 1 x M50 (\u1edf m\u1eb7t tr\u00ean).<\/span><br \/>\n<span style=\"color: #000000;\">&#8211; K\u1ebft n\u1ed1i qua c\u00e1c terminal \u0111\u01b0\u1eddng k\u00ednh 8 mm (0,32 in) (kh\u00f4ng bao g\u1ed3m).<\/span><br \/>\n<span style=\"color: #000000;\">&#8211; N\u1ed1i \u0111\u1ea5t b\u00ean trong th\u00f4ng qua k\u1ebft n\u1ed1i 35 mm2 (0,054 in2) v\u00e0 ti\u1ebfp \u0111\u1ea5t b\u00ean ngo\u00e0i th\u00f4ng qua c\u00e1c v\u00edt c\u00f3 \u0111\u01b0\u1eddng k\u00ednh 6 mm (0,24 in).<\/span><br \/>\n<em><span style=\"color: #000000;\">Ph\u00edch c\u1eafm lo\u1ea1i 16 A:<\/span><\/em><br \/>\n<span style=\"color: #000000;\">&#8211; G\u1ed3m 01 l\u1ed7 lu\u1ed3n c\u00e1p th\u00f4ng qua \u1ed1c si\u1ebft c\u00e1p M25<\/span><br \/>\n<span style=\"color: #000000;\">&#8211; \u0110\u01b0\u1eddng k\u00ednh 9 \u0111\u1ebfn 12 mm (9 \u0111\u1ebfn 12 in) cho ph\u00edch c\u1eafm 2P + E<\/span><br \/>\n<span style=\"color: #000000;\">&#8211; \u0110\u01b0\u1eddng k\u00ednh 12 \u0111\u1ebfn 15 mm (0,47 \u0111\u1ebfn 15 in) cho ph\u00edch c\u1eafm 3P + E<\/span><br \/>\n<span style=\"color: #000000;\">&#8211; \u0110\u01b0\u1eddng k\u00ednh 15 \u0111\u1ebfn 17 mm (0,59 \u0111\u1ebfn 0,70 in) cho ph\u00edch c\u1eafm 3P + N + E<\/span><br \/>\n<span style=\"color: #000000;\">&#8211; K\u1ebft n\u1ed1i tr\u00ean terminal l\u1edbn nh\u1ea5t 2,5 mm2 (0,004 in2).<\/span><br \/>\n<em><span style=\"color: #000000;\">Ph\u00edch c\u1eafm lo\u1ea1i 32 A:<\/span><\/em><br \/>\n<span style=\"color: #000000;\">&#8211; 1 \u0111\u1ea7u v\u00e0o c\u00e1p th\u00f4ng qua \u1ed1c si\u1ebft c\u00e1p d\u00f9ng cho \u0111\u01b0\u1eddng k\u00ednh tuy\u1ebfn c\u00e1p t\u1eeb 17 \u0111\u1ebfn 22mm (0,70 \u0111\u1ebfn 0,87 in).<\/span><br \/>\n<span style=\"color: #000000;\">&#8211; K\u1ebft n\u1ed1i tr\u00ean terminal l\u1edbn nh\u1ea5t 6 mm2 (0,009 in2).<\/span><br \/>\n<em><span style=\"color: #000000;\">Ph\u00edch c\u1eafm lo\u1ea1i 80 A:<\/span><\/em><br \/>\n<span style=\"color: #000000;\">&#8211; 1 \u0111\u1ea7u v\u00e0o c\u00e1p th\u00f4ng qua \u1ed1c si\u1ebft c\u00e1p d\u00f9ng cho \u0111\u01b0\u1eddng k\u00ednh tuy\u1ebfn c\u00e1p t\u1eeb 18 \u0111\u1ebfn 28 mm (0,71 \u0111\u1ebfn 1,1 in).<\/span><br \/>\n<span style=\"color: #000000;\">&#8211; K\u1ebft n\u1ed1i tr\u00ean terminal l\u1edbn nh\u1ea5t 16 mm2 (0,025 in2).<\/span><br \/>\n<em><span style=\"color: #000000;\">Ph\u00edch c\u1eafm lo\u1ea1i 125 A:<\/span><\/em><br \/>\n<span style=\"color: #000000;\">&#8211; 1 \u0111\u1ea7u v\u00e0o c\u00e1p th\u00f4ng qua \u1ed1c si\u1ebft c\u00e1p d\u00f9ng cho \u0111\u01b0\u1eddng k\u00ednh tuy\u1ebfn c\u00e1p t\u1eeb 30 \u0111\u1ebfn 36 mm (1,18 \u0111\u1ebfn 1,42 in).<\/span><br \/>\n<span style=\"color: #000000;\">&#8211; K\u1ebft n\u1ed1i tr\u00ean terminal l\u1edbn nh\u1ea5t 35 mm2 (0,054 in2).<\/span><br \/>\n<strong><span style=\"color: #000000;\">TI\u00caU CHU\u1ea8N V\u1eacT LI\u1ec6U B\u1ed8 \u1ed4 C\u1eaeM CH\u1ed0NG CH\u00c1Y N\u1ed4 PRD SERIES<\/span><\/strong><br \/>\n<span style=\"color: #000000;\">Th\u00e2n \u1ed5 c\u1eafm lo\u1ea1i 16 A: h\u1ee3p kim nh\u00f4m s\u01a1n m\u00e0u x\u00e1m.<\/span><br \/>\n<span style=\"color: #000000;\">Th\u00e2n \u1ed5 c\u1eafm lo\u1ea1i 32 A: h\u1ee3p kim nh\u00f4m, n\u01b0\u1edbc s\u01a1n m\u00e0u x\u00e1m.<\/span><br \/>\n<span style=\"color: #000000;\">Th\u00e2n v\u00e0 \u1ed5 c\u1eafm 80A v\u00e0 125 A: gang, \u0111\u01b0\u1ee3c s\u01a1n x\u1eed l\u00fd ch\u1ed1ng \u0103n m\u00f2n n\u01b0\u1edbc bi\u1ec3n.<\/span><br \/>\n<span style=\"color: #000000;\">Ph\u00edch c\u1eafm: h\u1ee3p kim nh\u00f4m, s\u01a1n m\u00e0u x\u00e1m.<\/span><br \/>\n<strong><span style=\"color: #000000;\">ATEX\/IECEx CERTIFICATIONS &amp; COMPLIANCES<\/span><\/strong><br \/>\n<span style=\"color: #000000;\">Certification Type (16 A Plugs and Wall Sockets) PCX 16d<\/span><br \/>\n<span style=\"color: #000000;\">\u2014 Gas: Zones 1 and 2<\/span><br \/>\n<span style=\"color: #000000;\">\u2013 Conforming to ATEX 94\/9\/CE: II 2 G<\/span><br \/>\n<span style=\"color: #000000;\">\u2013 Type of Protection: Ex d IIC<\/span><br \/>\n<span style=\"color: #000000;\">\u2013 Temperature Class: T6 for Ta \u2264 +40 \u00b0C (-40 \u00b0F) and T5 for +55 \u00b0C (+131 \u00b0F)<\/span><br \/>\n<span style=\"color: #000000;\">\u2014 Dust: Zones 21 and 22<\/span><br \/>\n<span style=\"color: #000000;\">\u2013 Conforming to ATEX 94\/9\/CE: II 2 D<\/span><br \/>\n<span style=\"color: #000000;\">\u2013 Type of Protection: Ex tD A21<\/span><br \/>\n<span style=\"color: #000000;\">\u2013 Surface Temperature: T95 \u00b0C (T203 \u00b0F)<\/span><br \/>\n<span style=\"color: #000000;\">\u2014 CE Declaration of Conformity: 50243<\/span><br \/>\n<span style=\"color: #000000;\">\u2014 ATEX Certificate: LCIE 02 ATEX 6234<\/span><br \/>\n<strong><span style=\"color: #000000;\">Certification Type (16 A Flush Sockets) PCXd\/EN<\/span><\/strong><br \/>\n<span style=\"color: #000000;\">\u2014 Gas: Zones 1 and 2<\/span><br \/>\n<span style=\"color: #000000;\">\u2013 Conforming to ATEX 94\/9\/CE: II 2 G<\/span><br \/>\n<span style=\"color: #000000;\">\u2013 Type of Protection: Ex d IIC<\/span><br \/>\n<span style=\"color: #000000;\">\u2014 Dust, Zones 21 and 22<\/span><br \/>\n<span style=\"color: #000000;\">\u2013 Conforming to ATEX 94\/9\/CE: II2 D<\/span><br \/>\n<span style=\"color: #000000;\">\u2013 Type of Protection: Ex tD A21<\/span><br \/>\n<span style=\"color: #000000;\">\u2014 Ambient Temperature: -40 \u00b0C to +55 \u00b0C (-40 \u00b0F to +131 \u00b0F)<\/span><br \/>\n<span style=\"color: #000000;\">\u2014 CE Declaration of Conformity: 5C227<\/span><br \/>\n<span style=\"color: #000000;\">\u2014 ATEX Certificate: LCIE 03 ATEX 0022U<\/span><br \/>\n<strong><span style=\"color: #000000;\">Certification Type (32 A Plugs and Wall Sockets) PCX 32d<\/span><\/strong><br \/>\n<span style=\"color: #000000;\">\u2014 Gas: Zones 1 and 2<\/span><br \/>\n<span style=\"color: #000000;\">\u2013 Conforming to ATEX 94\/9\/CE: II 2 G<\/span><br \/>\n<span style=\"color: #000000;\">\u2013 Type of Protection: Ex d IIC<\/span><br \/>\n<span style=\"color: #000000;\">\u2013 Temperature Class: T6 for Ta \u2264 +40 \u00b0C (-40 \u00b0F) and T5 for +55 \u00b0C (+131 \u00b0F)<\/span><br \/>\n<span style=\"color: #000000;\">\u2014 Dust, Zones 21 and 22<\/span><br \/>\n<span style=\"color: #000000;\">\u2013 Conforming to ATEX 94\/9\/CE: II2 D<\/span><br \/>\n<span style=\"color: #000000;\">\u2013 Type of Protection: Ex tD A21<\/span><br \/>\n<span style=\"color: #000000;\">\u2013 Surface Temperature: T95 \u00b0C (T203 \u00b0F)<\/span><br \/>\n<span style=\"color: #000000;\">\u2014 CE Declaration of Conformity: 50258<\/span><br \/>\n<span style=\"color: #000000;\">\u2014 ATEX Certificate: LCIE 03 ATEX 6134X<\/span><br \/>\n<strong><span style=\"color: #000000;\">Certification Type (80 A Plugs and Wall Sockets) PCX 80d<\/span><\/strong><br \/>\n<span style=\"color: #000000;\">\u2014 Gas: Zones 1 and 2<\/span><br \/>\n<span style=\"color: #000000;\">\u2013 Conforming to ATEX 94\/9\/CE: II 2 G<\/span><br \/>\n<span style=\"color: #000000;\">\u2013 Type of Protection: Ex d IIB<\/span><br \/>\n<span style=\"color: #000000;\">\u2013 Temperature Class: T6 for Ta \u2264 40 \u00b0C (-40 \u00b0F) and T5 for +55\u00b0C (+131 \u00b0F)<\/span><br \/>\n<span style=\"color: #000000;\">\u2014 CE Declaration of Conformity: 50262<\/span><br \/>\n<span style=\"color: #000000;\">\u2014 ATEX Certificate: LCIE 03 ATEX 6149X<\/span><br \/>\n<span style=\"color: #000000;\">\u2014 Internal Volume: &lt; 2 dm3 (122 in\u00b3) &#8211; 2 liters<\/span><br \/>\n<span style=\"color: #000000;\">\u2014 Index of Protection according EN\/IEC 60529: IP66<\/span><br \/>\n<strong><span style=\"color: #000000;\">Certification Type (125 A Plugs and Wall Sockets) PCX 125d<\/span><\/strong><br \/>\n<span style=\"color: #000000;\">\u2014 Gas: Zones 1 and 2<\/span><br \/>\n<span style=\"color: #000000;\">\u2013 Conforming to ATEX 94\/9\/CE: II 2 G<\/span><br \/>\n<span style=\"color: #000000;\">\u2013 Type of Protection: Ex d IIB<\/span><br \/>\n<span style=\"color: #000000;\">\u2013 Temperature Class: T5<\/span><br \/>\n<span style=\"color: #000000;\">\u2014 CE Declaration of Conformity: 50263<\/span><br \/>\n<span style=\"color: #000000;\">\u2014 ATEX Certificate: LCIE 03 ATEX 6148X<\/span><br \/>\n<span style=\"color: #000000;\">\u2014 Internal Volume: &lt; 2 dm3 (122 in\u00b3) &#8211; 2 liters<\/span><br \/>\n<span style=\"color: #000000;\">Ambient Temperature: -40 \u00b0C to 55 \u00b0C (-40 \u00b0F to +131 \u00b0F)<\/span><br \/>\n<span style=\"color: #000000;\">Index of Protection according EN\/IEC 60529: IP66<\/span><br \/>\n<span style=\"color: #000000;\">\u0110\u1ec3 bi\u1ebft r\u00f5 h\u01a1n ho\u1eb7c c\u1ea7n <a href=\"http:\/\/makgil.com\/products\/alloy-industry-co-ltd-have-grown-and-prospered-alongside-thailand-s-expeditious-industrial-expansion-for-more-than-40-years-alloy-industry-co-ltd-initially-manufactured-the-lighting-fixtures-junction-boxes-and-co\">t\u01b0 v\u1ea5n v\u1ec1 thi\u1ebft b\u1ecb \u0111i\u1ec7n &amp; ph\u1ee5 ki\u1ec7n ch\u1ed1ng ch\u00e1y n\u1ed5 h\u00e3ng ATX\/France<\/a>,<em> <span style=\"font-weight: 400;\">qu\u00fd kh\u00e1ch h\u00e0ng vui l\u00f2ng li\u00ean h\u1ec7 theo th\u00f4ng tin d\u01b0\u1edbi \u0111\u00e2y:<\/span><\/em><\/span><br \/>\n<span style=\"text-decoration: underline; color: #0000ff;\"><strong>C\u00d4NG TY TNHH SANTEX <\/strong><\/span><br \/>\n<span style=\"color: #000000;\">\u0110\u1ecba ch\u1ec9: 18\/21 Nguy\u1ec5n V\u0103n Dung, P.6, Q. G\u00f2 V\u1ea5p, TP. H\u1ed3 Ch\u00ed Minh<\/span><br \/>\n<span style=\"color: #000000;\">\u0110i\u1ec7n tho\u1ea1i: 02866857882 Website: <a href=\"http:\/\/santex.com.vn\/\">http:\/\/santex.com.vn\/<\/a>\u00a0Email:<a href=\"http:\/\/info@santex.com\">info@santex.com.vn<\/a><\/span><\/p>\n","protected":false},"excerpt":{"rendered":"<p><span style=\"color: #000000;\">\u0110\u01b0\u1ee3c s\u1eed d\u1ee5ng cho c\u00e1c khu v\u1ef1c nguy hi\u1ec3m, c\u00f3 nguy c\u01a1 ch\u00e1y n\u1ed5 cao, \u0111\u01b0\u1ee3c s\u1eed d\u1ee5ng v\u1edbi c\u00e1c thi\u1ebft b\u1ecb \u0111i\u1ec7n di \u0111\u1ed9ng ho\u1eb7c c\u1ed1 \u0111\u1ecbnh nh\u01b0 h\u1ec7 th\u1ed1ng chi\u1ebfu s\u00e1ng, h\u1ec7 th\u1ed1ng s\u01b0\u1edfi \u1ea5m, b\u0103ng t\u1ea3i, b\u1ed9 kh\u1edfi \u0111\u1ed9ng \u0111\u1ed9ng c\u01a1, thi\u1ebft b\u1ecb \u0111i\u1ec1u h\u00f2a kh\u00f4ng kh\u00ed, m\u00e1y n\u00e9n kh\u00ed, m\u00e1y b\u01a1m\u2026<\/span><br \/>\n<span style=\"color: #000000;\">L\u00e0 l\u1ef1a ch\u1ecdn l\u00fd t\u01b0\u1edfng cho c\u00e1c khu v\u1ef1c nguy hi\u1ec3m, n\u01a1i y\u00eau c\u1ea7u kh\u1eaft khe v\u1ec1 t\u00e1c \u0111\u1ed9ng c\u1ee7a th\u1eddi ti\u1ebft.<\/span><br \/>\n<span style=\"color: #000000;\">Ph\u00f9 h\u1ee3p cho c\u00e1c khu v\u1ef1c nguy hi\u1ec3m, c\u00f3 nguy c\u01a1 ch\u00e1y n\u1ed5 cao thu\u1ed9c zone 1&amp;2, 21&amp;22, \u0111\u1eb7c bi\u1ec7t trong ng\u00e0nh d\u1ea7u kh\u00ed, nh\u01b0 c\u00e1c nh\u00e0 m\u00e1y l\u1ecdc d\u1ea7u, \u0111\u01b0\u1eddng \u1ed1ng d\u1eabn &amp; gi\u00e0n khoan ngo\u00e0i kh\u01a1i<\/span><\/p>\n","protected":false},"featured_media":835,"comment_status":"open","ping_status":"closed","template":"","meta":[],"product_cat":[68],"product_tag":[],"acf":[],"_links":{"self":[{"href":"https:\/\/demo8.thuythu.com\/santex\/wp-json\/wp\/v2\/product\/672"}],"collection":[{"href":"https:\/\/demo8.thuythu.com\/santex\/wp-json\/wp\/v2\/product"}],"about":[{"href":"https:\/\/demo8.thuythu.com\/santex\/wp-json\/wp\/v2\/types\/product"}],"replies":[{"embeddable":true,"href":"https:\/\/demo8.thuythu.com\/santex\/wp-json\/wp\/v2\/comments?post=672"}],"wp:featuredmedia":[{"embeddable":true,"href":"https:\/\/demo8.thuythu.com\/santex\/wp-json\/wp\/v2\/media\/835"}],"wp:attachment":[{"href":"https:\/\/demo8.thuythu.com\/santex\/wp-json\/wp\/v2\/media?parent=672"}],"wp:term":[{"taxonomy":"product_cat","embeddable":true,"href":"https:\/\/demo8.thuythu.com\/santex\/wp-json\/wp\/v2\/product_cat?post=672"},{"taxonomy":"product_tag","embeddable":true,"href":"https:\/\/demo8.thuythu.com\/santex\/wp-json\/wp\/v2\/product_tag?post=672"}],"curies":[{"name":"wp","href":"https:\/\/api.w.org\/{rel}","templated":true}]}}