{"id":694,"date":"2022-12-06T19:44:07","date_gmt":"2022-12-06T19:44:07","guid":{"rendered":"https:\/\/demo8.thuythu.com\/santex\/?post_type=product&#038;p=694"},"modified":"2022-12-22T04:21:43","modified_gmt":"2022-12-22T04:21:43","slug":"cong-tac-chong-no-loai-16a-20a","status":"publish","type":"product","link":"https:\/\/demo8.thuythu.com\/santex\/product\/cong-tac-chong-no-loai-16a-20a\/","title":{"rendered":"C\u00f4ng t\u1eafc ch\u1ed1ng ch\u00e1y n\u1ed5 lo\u1ea1i 16A &#038; 20A"},"content":{"rendered":"<p><span style=\"color: #000000;\"><strong>T\u00cdNH N\u0102NG C\u00d4NG T\u1eaeC CH\u1ed0NG CH\u00c1Y N\u1ed4 SWE 16-20A SERIES<br \/>\n<img loading=\"lazy\" decoding=\"async\" class=\"size-medium wp-image-807 aligncenter\" src=\"https:\/\/demo8.thuythu.com\/santex\/wp-content\/uploads\/2022\/12\/cong_tac_chong_chay_no_hang_appleton_atx-1-300x133.jpg\" alt=\"\" width=\"300\" height=\"133\" srcset=\"https:\/\/demo8.thuythu.com\/santex\/wp-content\/uploads\/2022\/12\/cong_tac_chong_chay_no_hang_appleton_atx-1-300x133.jpg 300w, https:\/\/demo8.thuythu.com\/santex\/wp-content\/uploads\/2022\/12\/cong_tac_chong_chay_no_hang_appleton_atx-1-1024x453.jpg 1024w, https:\/\/demo8.thuythu.com\/santex\/wp-content\/uploads\/2022\/12\/cong_tac_chong_chay_no_hang_appleton_atx-1-768x339.jpg 768w, https:\/\/demo8.thuythu.com\/santex\/wp-content\/uploads\/2022\/12\/cong_tac_chong_chay_no_hang_appleton_atx-1-770x340.jpg 770w, https:\/\/demo8.thuythu.com\/santex\/wp-content\/uploads\/2022\/12\/cong_tac_chong_chay_no_hang_appleton_atx-1-600x265.jpg 600w, https:\/\/demo8.thuythu.com\/santex\/wp-content\/uploads\/2022\/12\/cong_tac_chong_chay_no_hang_appleton_atx-1.jpg 1052w\" sizes=\"(max-width: 300px) 100vw, 300px\" \/><\/strong><br \/>\nC\u00f3 s\u1eb5n t\u00f9y ch\u1ecdn l\u00ean \u0111\u1ebfn 690 Volts v\u00e0 l\u00ean \u0111\u1ebfn 20 Amps<\/span><br \/>\n<span style=\"color: #000000;\">\u2022 Phi\u00ean b\u1ea3n 16 Amp:<\/span><br \/>\n<span style=\"color: #000000;\">&#8211; Hai l\u1ed7 lu\u1ed3n c\u00e1p M20 ph\u00eda d\u01b0\u1edbi.<\/span><br \/>\n<span style=\"color: #000000;\">&#8211; C\u01a1 c\u1ea5u chuy\u1ec3n m\u1ea1ch c\u1ed1 \u0111\u1ecbnh d\u01b0\u1edbi \u0111\u00e1y h\u1ed9p.<\/span><br \/>\n<span style=\"color: #000000;\">&#8211; Terminal \u0111\u1ea5u n\u1ed1i:<\/span><br \/>\n<span style=\"color: #000000;\">&#8211; Lo\u1ea1i 1: 2,5 mm2<\/span><br \/>\n<span style=\"color: #000000;\">&#8211; Lo\u1ea1i 2: 2,5 mm2 d\u1ebbo, 4 mm2 ki\u00ean c\u1ed1<\/span><br \/>\n<span style=\"color: #000000;\">&#8211; Ti\u1ebfp \u0111\u1ecba:<\/span><br \/>\n<span style=\"color: #000000;\">&#8211; Thi\u1ebft b\u1ecb \u0111\u1ea7u cu\u1ed1i 2 x 2,5 mm2<\/span><br \/>\n<span style=\"color: #000000;\">&#8211; K\u00e8m theo:<\/span><br \/>\n<span style=\"color: #000000;\">&#8211; Nh\u00e3n nh\u1ef1a d\u00e1n 1 x m\u00e0u tr\u1eafng c\u00f3 ch\u1eef \u0111en &#8211; 58 mm x 18 mm<\/span><br \/>\n<span style=\"color: #000000;\">\u2022 Phi\u00ean b\u1ea3n 20 Amp:<\/span><br \/>\n<span style=\"color: #000000;\">&#8211; Hai l\u1ed7 lu\u1ed3n c\u00e1p ren M20 d\u01b0\u1edbi \u0111\u00e1y h\u1ed9p.<\/span><br \/>\n<span style=\"color: #000000;\">&#8211; C\u01a1 c\u1ea5u c\u00f4ng t\u1eafc c\u1ed1 \u0111\u1ecbnh d\u01b0\u1edbi \u0111\u00e1y h\u1ed9p.<\/span><br \/>\n<span style=\"color: #000000;\">&#8211; Tay c\u1ea7m c\u00f3 th\u1ec3 kh\u00f3a \u1edf v\u1ecb tr\u00ed 0 v\u00e0 s\u1eed d\u1ee5ng t\u1ed1i \u0111a 4 kh\u00f3a m\u00f3c<\/span><br \/>\n<span style=\"color: #000000;\">&#8211; \u0110\u01b0\u1eddng k\u00ednh tay c\u1ea7m t\u1ed1i \u0111a 8 mm v\u00e0 chi\u1ec1u d\u00e0i t\u1ed1i thi\u1ec3u 15 mm.<\/span><br \/>\n<span style=\"color: #000000;\">&#8211; Terminal \u0111\u1ea5u n\u1ed1i:<\/span><br \/>\n<span style=\"color: #000000;\">&#8211; 2,5 mm2 linh ho\u1ea1t \/ 4 mm2 ki\u00ean c\u1ed1<\/span><br \/>\n<span style=\"color: #000000;\">&#8211; Ti\u1ebfp \u0111\u1ecba:<\/span><br \/>\n<span style=\"color: #000000;\">&#8211; Thi\u1ebft b\u1ecb \u0111\u1ea7u cu\u1ed1i 2 x 4 mm2<\/span><br \/>\n<span style=\"color: #000000;\">&#8211; K\u00e8m theo:<\/span><br \/>\n<span style=\"color: #000000;\">&#8211; Nh\u00e3n nh\u1ef1a \u00e9p d\u1ebbo 1 x m\u00e0u v\u00e0ng c\u00f3 ch\u1eef \u0111en &#8211; 65 mm x 18 mm<\/span><br \/>\n<strong><span style=\"color: #000000;\">TI\u00caU CHU\u1ea8N V\u1eacT LI\u1ec6U C\u00d4NG T\u1eaeC CH\u1ed0NG CH\u00c1Y N\u1ed4 SWE 16-20A SERIES <\/span><\/strong><br \/>\n<span style=\"color: #000000;\">Phi\u00ean b\u1ea3n 16 Amp:<\/span><br \/>\n<span style=\"color: #000000;\">&#8211; H\u1ed9p polyamide.<\/span><br \/>\n<span style=\"color: #000000;\">&#8211; V\u00edt inox A2.<\/span><br \/>\n<span style=\"color: #000000;\">&#8211; \u1ed0c si\u1ebft c\u00e1p polyamide.<\/span><br \/>\n<span style=\"color: #000000;\">&#8211; Locknut \u0111\u1ed3ng m\u1ea1 niken.<\/span><br \/>\n<span style=\"color: #000000;\">Phi\u00ean b\u1ea3n 20 Amp:<\/span><br \/>\n<span style=\"color: #000000;\">&#8211; H\u1ed9p polyester<\/span><br \/>\n<span style=\"color: #000000;\">&#8211; V\u00edt b\u1eaft inox A2.<\/span><br \/>\n<span style=\"color: #000000;\">&#8211; \u1ed0c si\u1ebft c\u00e1p polyamide.<\/span><br \/>\n<strong><span style=\"color: #000000;\">CERTIFICATIONS &amp; COMPLIANCES<\/span><\/strong><br \/>\n<span style=\"color: #000000;\">ATEX Certification<\/span><br \/>\n<span style=\"color: #000000;\">\u2014 Gas: Zone 1 and 2<\/span><br \/>\n<span style=\"color: #000000;\">\u2013 Conforming to ATEX 2014\/34\/EU: II 2 G<\/span><br \/>\n<span style=\"color: #000000;\">\u2013 Type of Protection: Ex de IIC<\/span><br \/>\n<span style=\"color: #000000;\">\u2013 Temperature class: T6<\/span><br \/>\n<span style=\"color: #000000;\">\u2014 Dust: Zone 21 and 22<\/span><br \/>\n<span style=\"color: #000000;\">\u2013 Conforming to ATEX 2014\/34\/EU: II2 D<\/span><br \/>\n<span style=\"color: #000000;\">\u2013 Type of Protection: Ex tD A21<\/span><br \/>\n<span style=\"color: #000000;\">\u2013 Surface Temperature: T80 \u00b0C<\/span><br \/>\n<span style=\"color: #000000;\">\u2014 Ambient Temperature: -20 \u00b0C to +40 \u00b0C<\/span><br \/>\n<span style=\"color: #000000;\">\u2014 EU Declaration of Conformity: 50221<\/span><br \/>\n<span style=\"color: #000000;\">\u2014 ATEX Certificate: LCIE 00 ATEX 60472<\/span><br \/>\n<span style=\"color: #000000;\">\u2014 Index of Protection according EN\/IEC 60529: IP66 <\/span><br \/>\n<strong><span style=\"color: #000000;\">EURASEC Certification<\/span><\/strong><br \/>\n<span style=\"color: #000000;\">\u2022 Certification Type PCe <\/span><br \/>\n<span style=\"color: #000000;\">\u2014 EURASEC RU C-FR. 05.B.00911 <\/span><br \/>\n<strong><span style=\"color: #000000;\">Others Certification<\/span><\/strong><br \/>\n<span style=\"color: #000000;\">\u2022 Certification Type PCe <\/span><br \/>\n<span style=\"color: #000000;\">\u2014 INMETRO Certificate: BVC 11.0640-X<br \/>\n<strong>QUY C\u00c1CH C\u00d4NG T\u1eaeC CH\u1ed0NG CH\u00c1Y N\u1ed4 SWE 16-20A SERIES<br \/>\n<img loading=\"lazy\" decoding=\"async\" class=\"alignnone size-large wp-image-809\" src=\"https:\/\/demo8.thuythu.com\/santex\/wp-content\/uploads\/2022\/12\/quy_cach_cong_tac_chong_chay_no_hang_appleton_atx-1024x365.jpg\" alt=\"\" width=\"847\" height=\"302\" srcset=\"https:\/\/demo8.thuythu.com\/santex\/wp-content\/uploads\/2022\/12\/quy_cach_cong_tac_chong_chay_no_hang_appleton_atx-1024x365.jpg 1024w, https:\/\/demo8.thuythu.com\/santex\/wp-content\/uploads\/2022\/12\/quy_cach_cong_tac_chong_chay_no_hang_appleton_atx-300x107.jpg 300w, https:\/\/demo8.thuythu.com\/santex\/wp-content\/uploads\/2022\/12\/quy_cach_cong_tac_chong_chay_no_hang_appleton_atx-768x274.jpg 768w, https:\/\/demo8.thuythu.com\/santex\/wp-content\/uploads\/2022\/12\/quy_cach_cong_tac_chong_chay_no_hang_appleton_atx-770x275.jpg 770w, https:\/\/demo8.thuythu.com\/santex\/wp-content\/uploads\/2022\/12\/quy_cach_cong_tac_chong_chay_no_hang_appleton_atx-600x214.jpg 600w, https:\/\/demo8.thuythu.com\/santex\/wp-content\/uploads\/2022\/12\/quy_cach_cong_tac_chong_chay_no_hang_appleton_atx.jpg 1180w\" sizes=\"(max-width: 847px) 100vw, 847px\" \/><br \/>\n<\/strong><\/span><\/p>\n<p><span style=\"font-weight: 400; color: #000000;\">\u0110\u1ec3 bi\u1ebft r\u00f5 h\u01a1n ho\u1eb7c c\u1ea7n t\u01b0 v\u1ea5n v\u1ec1\u00a0<\/span><a href=\"http:\/\/makgil.com\/products\/alloy-industry-co-ltd-have-grown-and-prospered-alongside-thailand-s-expeditious-industrial-expansion-for-more-than-40-years-alloy-industry-co-ltd-initially-manufactured-the-lighting-fixtures-junction-boxes-and-co\"><i><span style=\"font-weight: 400;\">thi\u1ebft b\u1ecb \u0111i\u1ec7n &amp; ph\u1ee5 ki\u1ec7n ch\u1ed1ng ch\u00e1y n\u1ed5<\/span><\/i><\/a><span style=\"color: #000000;\"><i><span style=\"font-weight: 400;\"> h\u00e3ng ATX\/France<\/span><\/i><\/span><span style=\"font-weight: 400;\"><span style=\"color: #000000;\">, Qu\u00fd kh\u00e1ch h\u00e0ng vui l\u00f2ng li\u00ean h\u1ec7 theo th\u00f4ng tin d\u01b0\u1edbi \u0111\u00e2y<\/span>:<br \/>\n<\/span><strong><span style=\"color: #3366ff;\">C\u00d4NG TY TNHH SANTEX\u00a0<\/span><\/strong><b><br \/>\n<\/b><span style=\"font-weight: 400;\"><span style=\"color: #000000;\">\u0110\u1ecba ch\u1ec9: 18\/21 Nguy\u1ec5n V\u0103n Dung, P.6, Q. G\u00f2 V\u1ea5p, TP. H\u1ed3 Ch\u00ed Minh<\/span><br \/>\n<\/span><span style=\"color: #000000;\"><strong><span style=\"font-weight: 400;\">\u0110i\u1ec7n tho\u1ea1i: 02866857882\u00a0 Website:\u00a0<\/span><a href=\"http:\/\/santex.com.vn\/\"><span style=\"font-weight: 400;\">http:\/\/santex.com.vn\/<\/span><\/a><span style=\"font-weight: 400;\">\u00a0 \u00a0 \u00a0Email: <\/span><a href=\"mailto:info@santex.com\"><span style=\"font-weight: 400;\">info@santex.com<\/span><\/a><span style=\"text-decoration: underline; color: #000000;\"><span style=\"font-weight: 400;\">.vn<\/span><\/span><\/strong><br \/>\n<\/span><\/p>\n","protected":false},"excerpt":{"rendered":"<p><span style=\"color: #000000;\">\u0110\u01b0\u1ee3c thi\u1ebft k\u1ebf \u0111\u1ec3 ng\u0103n ch\u1eb7n ho\u1ea1t \u0111\u1ed9ng trong m\u00f4i tr\u01b0\u1eddng d\u1ec5 ch\u00e1y n\u1ed5 trong qu\u00e1 tr\u00ecnh k\u1ebft n\u1ed1i v\u00e0 ng\u1eaft ho\u1ea1t \u0111\u1ed9ng c\u1ee7a h\u1ec7 th\u1ed1ng chi\u1ebfu s\u00e1ng v\u00e0 t\u1ea3i \u0111i\u1ec7n nh\u1eb9.<\/span><br \/>\n<span style=\"color: #000000;\">\u0110\u1ec3 s\u1eed d\u1ee5ng trong c\u00e1c khu v\u1ef1c nguy hi\u1ec3m, n\u01a1i c\u00f3 h\u01a1i, kh\u00ed d\u1ec5 b\u1eaft l\u1eeda ho\u1eb7c b\u1ee5i r\u1ea5t d\u1ec5 b\u1eaft l\u1eeda.<\/span><br \/>\n<span style=\"color: #000000;\">\u0110\u1ec3 l\u1eafp \u0111\u1eb7t trong c\u00e1c nh\u00e0 m\u00e1y h\u00f3a ch\u1ea5t v\u00e0 h\u00f3a d\u1ea7u, nh\u00e0 m\u00e1y l\u1ecdc d\u1ea7u v\u00e0 c\u00e1c ng\u00e0nh c\u00f4ng nghi\u1ec7p ch\u1ebf bi\u1ebfn kh\u00e1c.<\/span><\/p>\n","protected":false},"featured_media":811,"comment_status":"open","ping_status":"closed","template":"","meta":[],"product_cat":[68],"product_tag":[],"acf":[],"_links":{"self":[{"href":"https:\/\/demo8.thuythu.com\/santex\/wp-json\/wp\/v2\/product\/694"}],"collection":[{"href":"https:\/\/demo8.thuythu.com\/santex\/wp-json\/wp\/v2\/product"}],"about":[{"href":"https:\/\/demo8.thuythu.com\/santex\/wp-json\/wp\/v2\/types\/product"}],"replies":[{"embeddable":true,"href":"https:\/\/demo8.thuythu.com\/santex\/wp-json\/wp\/v2\/comments?post=694"}],"wp:featuredmedia":[{"embeddable":true,"href":"https:\/\/demo8.thuythu.com\/santex\/wp-json\/wp\/v2\/media\/811"}],"wp:attachment":[{"href":"https:\/\/demo8.thuythu.com\/santex\/wp-json\/wp\/v2\/media?parent=694"}],"wp:term":[{"taxonomy":"product_cat","embeddable":true,"href":"https:\/\/demo8.thuythu.com\/santex\/wp-json\/wp\/v2\/product_cat?post=694"},{"taxonomy":"product_tag","embeddable":true,"href":"https:\/\/demo8.thuythu.com\/santex\/wp-json\/wp\/v2\/product_tag?post=694"}],"curies":[{"name":"wp","href":"https:\/\/api.w.org\/{rel}","templated":true}]}}