{"id":695,"date":"2022-12-06T19:44:07","date_gmt":"2022-12-06T19:44:07","guid":{"rendered":"https:\/\/demo8.thuythu.com\/santex\/?post_type=product&#038;p=695"},"modified":"2023-01-11T06:16:32","modified_gmt":"2023-01-11T06:16:32","slug":"dat-divi-engine-life-crop-top-3-tone","status":"publish","type":"product","link":"https:\/\/demo8.thuythu.com\/santex\/product\/dat-divi-engine-life-crop-top-3-tone\/","title":{"rendered":"\u1ed0NG M\u1ec0M CH\u1ed0NG CH\u00c1Y N\u1ed4 (EXPLOSION PROOF FLEXIBLE COUPLING) DFC SERIES"},"content":{"rendered":"<table>\n<tbody>\n<tr>\n<td colspan=\"2\"><b>DFC series \u2013 \u1ed0ng m\u1ec1m ch\u1ed1ng ch\u00e1y n\u1ed5 (Explosion proof Flexible Coupling) h\u00e3ng Alloy\/Thailand<\/b><\/td>\n<\/tr>\n<tr>\n<td><b>T\u1eea KH\u00d3A CH\u00cdNH<\/b><\/td>\n<td><span style=\"font-weight: 400;\">\u1ed0ng m\u1ec1m ch\u1ed1ng ch\u00e1y n\u1ed5<\/span><\/td>\n<\/tr>\n<tr>\n<td><b>T\u1eea KH\u00d3A PH\u1ee4<\/b><\/td>\n<td><span style=\"font-weight: 400;\">Flexible Coupling, DFC series<\/span><\/td>\n<\/tr>\n<tr>\n<td><b>TITLE<\/b><\/td>\n<td><span style=\"font-weight: 400;\">DFC series \u2013 \u1ed0ng m\u1ec1m ch\u1ed1ng ch\u00e1y n\u1ed5 (Explosion proof Flexible Coupling)<\/span><\/td>\n<\/tr>\n<tr>\n<td><b>META DESCRIPTION<\/b><\/td>\n<td><span style=\"font-weight: 400;\">DFC series l\u00e0 ph\u1ee5 ki\u1ec7n \u1ed1ng m\u1ec1m ch\u1ed1ng ch\u00e1y n\u1ed5 (Flexible Coupling), d\u00f9ng trong c\u00e1c \u1ee9ng d\u1ee5ng c\u1ea7n c\u00e1ch ly thi\u1ebft b\u1ecb kh\u1ecfi m\u00f4i tr\u01b0\u1eddng c\u00f3 \u0111\u1ed9 rung l\u1eafc, nh\u1eefng v\u1ecb tr\u00ed quanh co m\u00e0 c\u1ed1ng c\u1ee9ng kh\u00f4ng kh\u1ea3 thi \u0111\u1ec3 l\u1eafp \u0111\u1eb7t.<\/span><\/td>\n<\/tr>\n<tr>\n<td><b>REPUTATION<\/b><\/td>\n<td><a href=\"https:\/\/www.reputation.vn\/editor\/1234650748\/ong-mem-chong-chay-no\"><span style=\"font-weight: 400;\">https:\/\/www.reputation.vn\/editor\/1234650748\/ong-mem-chong-chay-no<\/span><\/a><\/td>\n<\/tr>\n<\/tbody>\n<\/table>\n<p><b>B\u00e0i vi\u1ebft:<\/b><\/p>\n<p><a href=\"http:\/\/makgil.com\/\"><b>C\u00d4NG<\/b><\/a><b> TY TNHH SANTEX<\/b><b>\u00a0<\/b><span style=\"font-weight: 400;\">t\u1ef1 h\u00e0o l\u00e0 nh\u00e0 ph\u00e2n ph\u1ed1i \u1ee7y quy\u1ec1n c\u00e1c s\u1ea3n ph\u1ea9m c\u1ee7a h\u00e3ng Alloy\/Thailand t\u1ea1i Vi\u1ec7t Nam v\u1ec1 thi\u1ebft b\u1ecb \u0111i\u1ec7n &amp; ph\u1ee5 ki\u1ec7n ch\u1ed1ng ch\u00e1y n\u1ed5, trong \u0111\u00f3 c\u00f3 \u1ed0ng m\u1ec1m ch\u1ed1ng ch\u00e1y n\u1ed5.<\/span><\/p>\n<p><span style=\"font-weight: 400;\">V\u1eady \u1ed0ng m\u1ec1m ch\u1ed1ng ch\u00e1y n\u1ed5 (Explosion Flexible Coupling) l\u00e0 g\u00ec? D\u01b0\u1edbi \u0111\u00e2y th\u1ec3 hi\u1ec7n c\u00e1c th\u00f4ng s\u1ed1 k\u1ef9 thu\u1eadt &amp; th\u00f4ng tin c\u1ea7n thi\u1ebft c\u1ee7a \u1ed0ng m\u1ec1m ch\u1ed1ng ch\u00e1y n\u1ed5 DFC series h\u00e3ng Alloy\/Thailand, gi\u00fap kh\u00e1ch h\u00e0ng hi\u1ec3u v\u00e0 l\u1ef1a ch\u1ecdn \u0111\u01b0\u1ee3c s\u1ea3n ph\u1ea9m ph\u00f9 h\u1ee3p v\u1edbi \u0111i\u1ec1u ki\u1ec7n l\u00e0m vi\u1ec7c c\u1ee7a m\u00ecnh h\u01a1n.<\/span><\/p>\n<p><b>\u1ed0NG M\u1ec0M CH\u1ed0NG CH\u00c1Y N\u1ed4 (EXPLOSION PROOF FLEXIBLE COUPLING) DFC SERIES<\/b><\/p>\n<p><b>\u1ed0ng m\u1ec1m ch\u1ed1ng ch\u00e1y n\u1ed5 (Flexible Coupling) DFC series h\u00e3ng Alloy\/Thailand<\/b><\/p>\n<p><b>\u1ed0NG M\u1ec0M CH\u1ed0NG CH\u00c1Y N\u1ed4 L\u00c0 G\u00cc?<\/b><\/p>\n<p><span style=\"font-weight: 400;\">\u1ed0ng m\u1ec1m ch\u1ed1ng ch\u00e1y n\u1ed5, c\u00f3 t\u00ean ti\u1ebfng anh l\u00e0 Explosion Proof Flexible Coupling, l\u00e0 m\u1ed9t d\u1ea1ng \u1ed1ng m\u1ec1m b\u1eb1ng kim lo\u1ea1i, \u0111\u01b0\u1ee3c s\u1eed d\u1ee5ng \u0111\u1ec3 lu\u1ed3n c\u00e1p \u0111i\u1ec7n, b\u1ea3o v\u1ec7 c\u00e1p kh\u1ecfi c\u00e1c t\u00e1c \u0111\u1ed9ng b\u00ean ngo\u00e0i (n\u01b0\u1edbc, kh\u00ed, va \u0111\u1eadp, \u2026), lo\u1ea1i b\u1ecf c\u00e1c nguy c\u01a1 g\u00e2y ra ch\u00e1y n\u1ed5.<\/span><\/p>\n<p><span style=\"font-weight: 400;\">DFC series l\u00e0 \u1ed0ng m\u1ec1m ch\u1ed1ng ch\u00e1y n\u1ed5 h\u00e3ng Alloy\/Thailand, \u0111\u01b0\u1ee3c c\u1ea5u t\u1ea1o b\u1edfi hai l\u1edbp l\u01b0\u1edbi l\u00e0m b\u1eb1ng th\u00e9p kh\u00f4ng g\u1ec9 stainless steel, d\u00f9ng \u0111\u1ec3 lu\u1ed3n c\u00e1p \u0111i\u1ec7n. V\u1edbi c\u1ea5u t\u1ea1o d\u1ea1ng \u1ed1ng m\u1ec1m, s\u1ea3n ph\u1ea9m n\u00e0y th\u01b0\u1eddng \u0111\u01b0\u1ee3c s\u1eed d\u1ee5ng trong c\u00e1c \u1ee9ng d\u1ee5ng c\u1ea7n c\u00e1ch ly thi\u1ebft b\u1ecb kh\u1ecfi m\u00f4i tr\u01b0\u1eddng l\u00e0m vi\u1ec7c c\u00f3 \u0111\u1ed9 rung l\u1eafc ho\u1eb7c chuy\u1ec3n \u0111\u1ed9ng cao, ho\u1eb7c t\u1ea1i nh\u1eefng v\u1ecb tr\u00ed quanh co m\u00e0 c\u00e1c \u1ed1ng d\u1eabn c\u1ee9ng kh\u00f4ng kh\u1ea3 thi \u0111\u1ec3 l\u1eafp \u0111\u1eb7t.<\/span><\/p>\n<p><span style=\"font-weight: 400;\">DFC series ph\u00f9 h\u1ee3p \u0111\u1ec3 s\u1eed d\u1ee5ng cho c\u00e1c m\u00f4i tr\u01b0\u1eddng c\u00f3 nguy c\u01a1 ch\u00e1y n\u1ed5 cao thu\u1ed9c zone 1 &amp; 2 (\u0111\u1ed1i v\u1edbi kh\u00ed) v\u00e0 zone 21 &amp; 22 (\u0111\u1ed1i v\u1edbi b\u1ee5i), \u0111\u01b0\u1ee3c ki\u1ec3m tra v\u00e0 c\u1ea5p ch\u1ee9ng ch\u1ec9 ch\u1ed1ng ch\u00e1y n\u1ed5 b\u1edfi m\u1ed9t hai \u0111\u01a1n v\u1ecb uy t\u00edn nh\u1ea5t th\u1ebf gi\u1edbi l\u00e0 ATEX &amp; IECEx. \u0110\u00e2y l\u00e0 lo\u1ea1i ph\u1ee5 ki\u1ec7n \u0111\u01b0\u1ee3c s\u1eed d\u1ee5ng nhi\u1ec1u trong c\u00e1c ng\u00e0nh c\u00f4ng nghi\u1ec7p c\u00f3 nguy c\u01a1 ch\u00e1y n\u1ed5 cao nh\u01b0 d\u1ea7u kh\u00ed, h\u00f3a ch\u1ea5t, c\u00f4ng nghi\u1ec7p gi\u1ea5y, \u2026<\/span><\/p>\n<p><b>TH\u00d4NG S\u1ed0 K\u1ef8 THU\u1eacT \u1ed0NG M\u1ec0M CH\u1ed0NG CH\u00c1Y N\u1ed4 (FLEXIBLE COUPLING) DFC SERIES<\/b><\/p>\n<table style=\"letter-spacing: 0px;\">\n<tbody>\n<tr>\n<td><b>Hazardous Area<\/b><\/td>\n<td><b>Gas<\/b><\/td>\n<td><b>Dust<\/b><\/td>\n<\/tr>\n<tr>\n<td>Zones<\/td>\n<td>1 &amp; 2<\/td>\n<td>21 &amp; 22<\/td>\n<\/tr>\n<tr>\n<td>Conforming to ATEX<\/td>\n<td>Ex II 2G<\/td>\n<td>Ex II 2D<\/td>\n<\/tr>\n<tr>\n<td>Symbol of Protection ATEX<\/td>\n<td rowspan=\"2\">Ex db IIC Gb<\/td>\n<td rowspan=\"2\">Ex tb IIIC Db<\/td>\n<\/tr>\n<tr>\n<td>Symbol of Protection IEC<\/td>\n<\/tr>\n<tr>\n<td>ATEX Certificate<\/td>\n<td colspan=\"2\">T\u00dcV CY 16 ATEX 0205741 U<\/td>\n<\/tr>\n<tr>\n<td>Conformity to Standard<\/td>\n<td colspan=\"2\">ATEX Directive 2014\/34\/EU, std. EN 60079-0:2012 + A11:2013,<\/p>\n<p>EN 60079-1:2014, EN 60079-31:2014<\/td>\n<\/tr>\n<tr>\n<td>Ambient Temperature<\/td>\n<td colspan=\"2\">-20\u00a0oC to +75\u00a0oC<\/td>\n<\/tr>\n<tr>\n<td>Index of Protection<\/td>\n<td colspan=\"2\">IP65<\/td>\n<\/tr>\n<\/tbody>\n<\/table>\n<p><b>TH\u00d4NG S\u1ed0 V\u1eacT LI\u1ec6U FLEXIBLE COUPLING DFC SERIES<\/b><\/p>\n<table>\n<tbody>\n<tr>\n<td><span style=\"font-weight: 400;\">Inner flexible tube\u00a0<\/span><\/td>\n<td><span style=\"font-weight: 400;\">:<\/span><\/td>\n<td><span style=\"font-weight: 400;\">Stainless steel<\/span><\/td>\n<\/tr>\n<tr>\n<td><span style=\"font-weight: 400;\">Outer wire braid\u00a0<\/span><\/td>\n<td><span style=\"font-weight: 400;\">:<\/span><\/td>\n<td><span style=\"font-weight: 400;\">Stainless steel<\/span><\/td>\n<\/tr>\n<\/tbody>\n<\/table>\n<p><b>K\u00cdCH TH\u01af\u1edaC &amp; QUY C\u00c1CH FLEXIBLE COUPLING DFC SERIES<\/b><\/p>\n<p><b>Quy c\u00e1ch &amp; k\u00edch th\u01b0\u1edbc \u1ed0ng m\u1ec1m ch\u1ed1ng ch\u00e1y n\u1ed5 Flexible Coupling DFC series<\/b><\/p>\n<p><a href=\"http:\/\/file.hstatic.net\/1000149233\/file\/flexible_coupling__dfc_series.pdf\"><span style=\"font-weight: 400;\">Download catalogue.\u00a0<\/span><\/a><\/p>\n<p><span style=\"font-weight: 400;\">\u00a0\u0110\u1ec3 bi\u1ebft r\u00f5 h\u01a1n ho\u1eb7c c\u1ea7n t\u01b0 v\u1ea5n v\u1ec1\u00a0<\/span><a href=\"http:\/\/makgil.com\/products\/alloy-industry-co-ltd-have-grown-and-prospered-alongside-thailand-s-expeditious-industrial-expansion-for-more-than-40-years-alloy-industry-co-ltd-initially-manufactured-the-lighting-fixtures-junction-boxes-and-co\"><i><span style=\"font-weight: 400;\">thi\u1ebft b\u1ecb \u0111i\u1ec7n &amp; ph\u1ee5 ki\u1ec7n ch\u1ed1ng ch\u00e1y n\u1ed5<\/span><\/i><\/a><span style=\"font-weight: 400;\">, qu\u00fd kh\u00e1ch h\u00e0ng vui l\u00f2ng li\u00ean h\u1ec7 theo th\u00f4ng tin d\u01b0\u1edbi \u0111\u00e2y:<\/span><\/p>\n<p><b>C\u00d4NG TY TNHH SANTEX\u00a0<\/b><\/p>\n<p><span style=\"font-weight: 400;\">\u0110\u1ecba ch\u1ec9: 18\/21 Nguy\u1ec5n V\u0103n Dung, P.6, Q. G\u00f2 V\u1ea5p, TP. H\u1ed3 Ch\u00ed Minh<\/span><\/p>\n<p><span style=\"font-weight: 400;\">\u0110i\u1ec7n tho\u1ea1i: 02866857882\u00a0 Website:\u00a0<\/span><a href=\"http:\/\/santex.com.vn\/\"><span style=\"font-weight: 400;\">http:\/\/santex.com.vn\/<\/span><\/a><span style=\"font-weight: 400;\">\u00a0 \u00a0 \u00a0Email: <\/span><a href=\"mailto:info@santex.com\"><span style=\"font-weight: 400;\">info@santex.com<\/span><\/a><span style=\"font-weight: 400;\">.vn<\/span><\/p>\n","protected":false},"excerpt":{"rendered":"<p><span style=\"font-weight: 400;\">V\u1eady \u1ed0ng m\u1ec1m ch\u1ed1ng ch\u00e1y n\u1ed5 (Explosion Flexible Coupling) l\u00e0 g\u00ec? D\u01b0\u1edbi \u0111\u00e2y th\u1ec3 hi\u1ec7n c\u00e1c th\u00f4ng s\u1ed1 k\u1ef9 thu\u1eadt &amp; th\u00f4ng tin c\u1ea7n thi\u1ebft c\u1ee7a \u1ed0ng m\u1ec1m ch\u1ed1ng ch\u00e1y n\u1ed5 DFC series h\u00e3ng Alloy\/Thailand, gi\u00fap kh\u00e1ch h\u00e0ng hi\u1ec3u v\u00e0 l\u1ef1a ch\u1ecdn \u0111\u01b0\u1ee3c s\u1ea3n ph\u1ea9m ph\u00f9 h\u1ee3p v\u1edbi \u0111i\u1ec1u ki\u1ec7n l\u00e0m vi\u1ec7c c\u1ee7a m\u00ecnh h\u01a1n.<\/span><\/p>\n","protected":false},"featured_media":726,"comment_status":"open","ping_status":"closed","template":"","meta":[],"product_cat":[66,64],"product_tag":[],"acf":[],"_links":{"self":[{"href":"https:\/\/demo8.thuythu.com\/santex\/wp-json\/wp\/v2\/product\/695"}],"collection":[{"href":"https:\/\/demo8.thuythu.com\/santex\/wp-json\/wp\/v2\/product"}],"about":[{"href":"https:\/\/demo8.thuythu.com\/santex\/wp-json\/wp\/v2\/types\/product"}],"replies":[{"embeddable":true,"href":"https:\/\/demo8.thuythu.com\/santex\/wp-json\/wp\/v2\/comments?post=695"}],"wp:featuredmedia":[{"embeddable":true,"href":"https:\/\/demo8.thuythu.com\/santex\/wp-json\/wp\/v2\/media\/726"}],"wp:attachment":[{"href":"https:\/\/demo8.thuythu.com\/santex\/wp-json\/wp\/v2\/media?parent=695"}],"wp:term":[{"taxonomy":"product_cat","embeddable":true,"href":"https:\/\/demo8.thuythu.com\/santex\/wp-json\/wp\/v2\/product_cat?post=695"},{"taxonomy":"product_tag","embeddable":true,"href":"https:\/\/demo8.thuythu.com\/santex\/wp-json\/wp\/v2\/product_tag?post=695"}],"curies":[{"name":"wp","href":"https:\/\/api.w.org\/{rel}","templated":true}]}}