{"id":936,"date":"2022-12-22T13:58:40","date_gmt":"2022-12-22T13:58:40","guid":{"rendered":"https:\/\/demo8.thuythu.com\/santex\/?post_type=product&#038;p=936"},"modified":"2022-12-22T13:58:40","modified_gmt":"2022-12-22T13:58:40","slug":"giam-ren-dau-chuyen-chong-chay-no","status":"publish","type":"product","link":"https:\/\/demo8.thuythu.com\/santex\/product\/giam-ren-dau-chuyen-chong-chay-no\/","title":{"rendered":"DRH &#038; DAT series \u2013 Gi\u1ea3m ren &#038; \u0111\u1ea7u chuy\u1ec3n ch\u1ed1ng ch\u00e1y n\u1ed5 (Ex Proof Reducer &#038; Adapter)"},"content":{"rendered":"<p><a href=\"http:\/\/makgil.com\/\"><b>C\u00d4NG<\/b><\/a><b> TY TNHH SANTEX<\/b><b>\u00a0<\/b><span style=\"font-weight: 400;\">t\u1ef1 h\u00e0o l\u00e0 nh\u00e0 ph\u00e2n ph\u1ed1i \u1ee7y quy\u1ec1n c\u00e1c s\u1ea3n ph\u1ea9m c\u1ee7a h\u00e3ng Alloy\/Thailand t\u1ea1i Vi\u1ec7t Nam v\u1ec1 thi\u1ebft b\u1ecb \u0111i\u1ec7n &amp; ph\u1ee5 ki\u1ec7n ch\u1ed1ng ch\u00e1y n\u1ed5, trong \u0111\u00f3 c\u00f3 Gi\u1ea3m ren &amp; \u0111\u1ea7u chuy\u1ec3n ch\u1ed1ng ch\u00e1y n\u1ed5.<\/span><\/p>\n<p><span style=\"font-weight: 400;\">V\u1eady Gi\u1ea3m ren &amp; \u0111\u1ea7u chuy\u1ec3n ch\u1ed1ng ch\u00e1y n\u1ed5 (Explosion Proof Reducer &amp; Adapter) l\u00e0 g\u00ec? D\u01b0\u1edbi \u0111\u00e2y th\u1ec3 hi\u1ec7n c\u00e1c th\u00f4ng s\u1ed1 k\u1ef9 thu\u1eadt &amp; th\u00f4ng tin c\u1ea7n thi\u1ebft c\u1ee7a Gi\u1ea3m ren &amp; \u0111\u1ea7u chuy\u1ec3n ch\u1ed1ng ch\u00e1y n\u1ed5 DRH &amp; DAT series h\u00e3ng Alloy\/Thailand, gi\u00fap kh\u00e1ch h\u00e0ng hi\u1ec3u v\u00e0 l\u1ef1a ch\u1ecdn \u0111\u01b0\u1ee3c s\u1ea3n ph\u1ea9m ph\u00f9 h\u1ee3p v\u1edbi \u0111i\u1ec1u ki\u1ec7n l\u00e0m vi\u1ec7c c\u1ee7a m\u00ecnh h\u01a1n.<\/span><\/p>\n<p><b>GI\u1ea2M REN &amp; \u0110\u1ea6U CHUY\u1ec2N CH\u1ed0NG CH\u00c1Y N\u1ed4 (EXPLOSION PROOF REDUCER &amp; ADAPTER) DRH &amp; DAT SERIES<\/b><\/p>\n<p><b>Explosion Proof Reducer &amp; Adapter DRH &amp; DAT series<\/b><\/p>\n<p><b>GI\u1ea2M REN &amp; \u0110\u1ea6U CHUY\u1ec2N L\u00c0 G\u00cc?<\/b><\/p>\n<p><span style=\"font-weight: 400;\">Gi\u1ea3m ren &amp; \u0111\u1ea7u chuy\u1ec3n, c\u00f3 t\u00ean ti\u1ebfng anh l\u00e0 Reducer &amp; Adapter, l\u00e0 m\u1ed9t lo\u1ea1i ph\u1ee5 ki\u1ec7n c\u00f3 k\u1ebft n\u1ed1i ren, c\u00f3 hai \u0111\u1ea7u k\u1ebft n\u1ed1i kh\u00e1c nhau v\u1ec1 k\u00edch th\u01b0\u1edbc ho\u1eb7c ti\u00eau chu\u1ea9n k\u1ebft n\u1ed1i, \u0111\u01b0\u1ee3c s\u1eed d\u1ee5ng \u0111\u1ec3 n\u1ed1i c\u00e1c ph\u1ee5 ki\u1ec7n ren c\u00f3 k\u00edch th\u01b0\u1edbc ho\u1eb7c ti\u00eau chu\u1ea9n kh\u00e1c nhau v\u1edbi nhau.<\/span><\/p>\n<p><span style=\"font-weight: 400;\">DRH &amp; DAT series l\u00e0 Gi\u1ea3m ren &amp; \u0111\u1ea7u chuy\u1ec3n ch\u1ed1ng ch\u00e1y n\u1ed5 h\u00e3ng Alloy\/Thailand, \u0111\u01b0\u1ee3c l\u00e0m b\u1eb1ng \u0111\u1ed3ng (brass), \u0111\u01b0\u1ee3c s\u1eed d\u1ee5ng \u0111\u1ec3 n\u1ed1i c\u00e1c lo\u1ea1i ph\u1ee5 ki\u1ec7n ren kh\u00e1c nhau v\u1ec1 k\u00edch th\u01b0\u1edbc ho\u1eb7c ti\u00eau chu\u1ea9n k\u1ebft n\u1ed1i l\u1ea1i v\u1edbi nhau. DRH &amp; DAT series ph\u00f9 h\u1ee3p \u0111\u1ec3 s\u1eed d\u1ee5ng cho c\u00e1c m\u00f4i tr\u01b0\u1eddng c\u00f3 nguy c\u01a1 ch\u00e1y n\u1ed5 cao thu\u1ed9c zone 1 &amp; 2 (\u0111\u1ed1i v\u1edbi kh\u00ed) v\u00e0 zone 21 &amp; 22 (\u0111\u1ed1i v\u1edbi b\u1ee5i), \u0111\u01b0\u1ee3c ki\u1ec3m tra v\u00e0 c\u1ea5p ch\u1ee9ng ch\u1ec9 ch\u1ed1ng ch\u00e1y n\u1ed5 b\u1edfi m\u1ed9t hai \u0111\u01a1n v\u1ecb uy t\u00edn nh\u1ea5t th\u1ebf gi\u1edbi l\u00e0 ATEX &amp; IECEx. \u0110\u00e2y l\u00e0 lo\u1ea1i n\u00fat b\u1ecbt \u0111\u01b0\u1ee3c s\u1eed d\u1ee5ng nhi\u1ec1u trong c\u00e1c ng\u00e0nh c\u00f4ng nghi\u1ec7p c\u00f3 nguy c\u01a1 ch\u00e1y n\u1ed5 cao nh\u01b0 d\u1ea7u kh\u00ed, h\u00f3a ch\u1ea5t, c\u00f4ng nghi\u1ec7p gi\u1ea5y, \u2026<\/span><\/p>\n<p><b>TH\u00d4NG S\u1ed0 K\u1ef8 THU\u1eacT EXPLOSION PROOF REDUCER &amp; ADAPTER DRH &amp; DAT SERIES<\/b><\/p>\n<table>\n<tbody>\n<tr>\n<td><b>Hazardous Area<\/b><\/td>\n<td><b>Gas<\/b><\/td>\n<td><b>Dust<\/b><\/td>\n<\/tr>\n<tr>\n<td><span style=\"font-weight: 400;\">Zones<\/span><\/td>\n<td><span style=\"font-weight: 400;\">1 &amp; 2<\/span><\/td>\n<td><span style=\"font-weight: 400;\">21 &amp; 22<\/span><\/td>\n<\/tr>\n<tr>\n<td><span style=\"font-weight: 400;\">Equipment Group\/Category<\/span><\/td>\n<td><span style=\"font-weight: 400;\">Ex II 2G<\/span><\/td>\n<td><span style=\"font-weight: 400;\"><br \/>\n<\/span><span style=\"font-weight: 400;\">Ex II 2D<\/span><\/td>\n<\/tr>\n<tr>\n<td><span style=\"font-weight: 400;\">Symbol of Protection<\/span><\/td>\n<td><span style=\"font-weight: 400;\">Ex d IIC Gb<\/span><\/td>\n<td><span style=\"font-weight: 400;\">Ex tb IIIC Db<\/span><\/td>\n<\/tr>\n<tr>\n<td rowspan=\"2\"><span style=\"font-weight: 400;\">Certificate<\/span><\/td>\n<td colspan=\"2\"><span style=\"font-weight: 400;\">LCIE 13 ATEX 3046 U<\/span><\/td>\n<\/tr>\n<tr>\n<td colspan=\"2\"><span style=\"font-weight: 400;\">IECEx LCIE 13.0028U<\/span><\/td>\n<\/tr>\n<tr>\n<td rowspan=\"3\"><span style=\"font-weight: 400;\">Conformity to Standards\u00a0<\/span><\/td>\n<td colspan=\"2\"><span style=\"font-weight: 400;\">EN 60079-0:2012, EN 60079-1:2007, EN 60079-31:2009<\/span><\/td>\n<\/tr>\n<tr>\n<td colspan=\"2\"><span style=\"font-weight: 400;\">IEC 60079-0:2011, IEC 60079-1:2007-04,<\/span><\/td>\n<\/tr>\n<tr>\n<td colspan=\"2\"><span style=\"font-weight: 400;\">IEC 60079-31:2008<\/span><\/td>\n<\/tr>\n<tr>\n<td><span style=\"font-weight: 400;\">Ambient Temperature<\/span><\/td>\n<td colspan=\"2\"><span style=\"font-weight: 400;\">-20\u00a0<\/span><span style=\"font-weight: 400;\">o<\/span><span style=\"font-weight: 400;\">C to +75\u00a0<\/span><span style=\"font-weight: 400;\">o<\/span><span style=\"font-weight: 400;\">C<\/span><\/td>\n<\/tr>\n<tr>\n<td><span style=\"font-weight: 400;\">Index of Protection<\/span><\/td>\n<td colspan=\"2\"><span style=\"font-weight: 400;\">IP66<\/span><\/td>\n<\/tr>\n<\/tbody>\n<\/table>\n<p><b>TH\u00d4NG S\u1ed0 V\u1eacT LI\u1ec6U EXPLOSION PROOF REDUCER &amp; ADAPTER DRH &amp; DAT SERIES<\/b><\/p>\n<table>\n<tbody>\n<tr>\n<td><span style=\"font-weight: 400;\">Body<\/span><\/td>\n<td><span style=\"font-weight: 400;\">:<\/span><\/td>\n<td><span style=\"font-weight: 400;\">Aluminium or Brass<\/span><\/td>\n<\/tr>\n<tr>\n<td><span style=\"font-weight: 400;\">Thread seal<\/span><\/td>\n<td><span style=\"font-weight: 400;\">:<\/span><\/td>\n<td><span style=\"font-weight: 400;\">Nylon (PA6) (For metric threads only)<\/span><\/td>\n<\/tr>\n<\/tbody>\n<\/table>\n<p><span style=\"font-weight: 400;\">Qu\u00fd kh\u00e1ch h\u00e0ng vui l\u00f2ng xem quy c\u00e1ch &amp; k\u00edch th\u01b0\u1edbc s\u1ea3n ph\u1ea9m chi ti\u1ebft trong catalogue b\u00ean d\u01b0\u1edbi \u0111\u1ec3 l\u1ef1a ch\u1ecdn \u0111\u01b0\u1ee3c s\u1ea3n ph\u1ea9m ph\u00f9 h\u1ee3p.<\/span><\/p>\n<p><a href=\"http:\/\/file.hstatic.net\/1000149233\/file\/reducer_and_adaptor__enlarger__drh_and_dat_series.pdf\"><span style=\"font-weight: 400;\">Download catalogue.\u00a0<\/span><\/a><\/p>\n<p><span style=\"font-weight: 400;\">Ph\u1ea7n l\u1edbn c\u00e1c s\u1ea3n ph\u1ea9m th\u00f4ng d\u1ee5ng c\u1ee7a h\u00e3ng Alloy\/Thailand \u0111\u1ec1u c\u00f3 s\u1eb5n t\u1ea1i kho c\u1ee7a <\/span><b>C\u00d4NG TY TNHH SANTEX<\/b><span style=\"font-weight: 400;\"> t\u1ea1i TP. H\u1ed3 Ch\u00ed Minh. \u0110\u1ed1i v\u1edbi h\u00e0ng kh\u00f4ng c\u00f3 s\u1eb5n, th\u1eddi gian giao h\u00e0ng nhanh ch\u00f3ng, t\u1eeb 01 \u2013 02 tu\u1ea7n l\u00e0m vi\u1ec7c k\u1ec3 t\u1eeb ng\u00e0y \u0111\u1eb7t h\u00e0ng.<\/span><\/p>\n<p><span style=\"font-weight: 400;\">\u0110\u1ec3 bi\u1ebft r\u00f5 h\u01a1n ho\u1eb7c c\u1ea7n t\u01b0 v\u1ea5n v\u1ec1\u00a0<\/span><a href=\"http:\/\/makgil.com\/products\/alloy-industry-co-ltd-have-grown-and-prospered-alongside-thailand-s-expeditious-industrial-expansion-for-more-than-40-years-alloy-industry-co-ltd-initially-manufactured-the-lighting-fixtures-junction-boxes-and-co\"><i><span style=\"font-weight: 400;\">thi\u1ebft b\u1ecb \u0111i\u1ec7n &amp; ph\u1ee5 ki\u1ec7n ch\u1ed1ng ch\u00e1y n\u1ed5<\/span><\/i><\/a><span style=\"font-weight: 400;\">, qu\u00fd kh\u00e1ch h\u00e0ng vui l\u00f2ng li\u00ean h\u1ec7 theo th\u00f4ng tin d\u01b0\u1edbi \u0111\u00e2y:<\/span><\/p>\n<p><b>C\u00d4NG TY TNHH SANTEX\u00a0<\/b><\/p>\n<p><span style=\"font-weight: 400;\">\u0110\u1ecba ch\u1ec9: 18\/21 Nguy\u1ec5n V\u0103n Dung, P.6, Q. G\u00f2 V\u1ea5p, TP. H\u1ed3 Ch\u00ed Minh<\/span><\/p>\n<p><span style=\"font-weight: 400;\">\u0110i\u1ec7n tho\u1ea1i: 02866572704\u00a0 Website:\u00a0<\/span><a href=\"http:\/\/santex.com.vn\/\"><span style=\"font-weight: 400;\">http:\/\/santex.com.vn\/<\/span><\/a><span style=\"font-weight: 400;\">\u00a0 \u00a0 \u00a0Email: <\/span><a href=\"mailto:info@santex.com\"><span style=\"font-weight: 400;\">info@santex.com<\/span><\/a><span style=\"font-weight: 400;\">.vn<\/span><\/p>\n","protected":false},"excerpt":{"rendered":"<p><span style=\"font-weight: 400;\">DRH &amp; DAT series l\u00e0 ph\u1ee5 ki\u1ec7n Gi\u1ea3m ren &amp; \u0111\u1ea7u chuy\u1ec3n ch\u1ed1ng ch\u00e1y n\u1ed5 (Ex Proof Reducer &amp; Adapter), \u0111\u01b0\u1ee3c d\u00f9ng \u0111\u1ec3 k\u1ebft n\u1ed1i c\u00e1c lo\u1ea1i ph\u1ee5 ki\u1ec7n ren kh\u00e1c nhau v\u1ec1 k\u00edch th\u01b0\u1edbc ho\u1eb7c ti\u00eau chu\u1ea9n, ph\u00f9 h\u1ee3p v\u1edbi zone 1&amp;2, 21&amp;22, \u0111\u1ea1t chu\u1ea9n Ex d IIC Gb<\/span><\/p>\n","protected":false},"featured_media":937,"comment_status":"open","ping_status":"closed","template":"","meta":[],"product_cat":[68],"product_tag":[],"acf":[],"_links":{"self":[{"href":"https:\/\/demo8.thuythu.com\/santex\/wp-json\/wp\/v2\/product\/936"}],"collection":[{"href":"https:\/\/demo8.thuythu.com\/santex\/wp-json\/wp\/v2\/product"}],"about":[{"href":"https:\/\/demo8.thuythu.com\/santex\/wp-json\/wp\/v2\/types\/product"}],"replies":[{"embeddable":true,"href":"https:\/\/demo8.thuythu.com\/santex\/wp-json\/wp\/v2\/comments?post=936"}],"wp:featuredmedia":[{"embeddable":true,"href":"https:\/\/demo8.thuythu.com\/santex\/wp-json\/wp\/v2\/media\/937"}],"wp:attachment":[{"href":"https:\/\/demo8.thuythu.com\/santex\/wp-json\/wp\/v2\/media?parent=936"}],"wp:term":[{"taxonomy":"product_cat","embeddable":true,"href":"https:\/\/demo8.thuythu.com\/santex\/wp-json\/wp\/v2\/product_cat?post=936"},{"taxonomy":"product_tag","embeddable":true,"href":"https:\/\/demo8.thuythu.com\/santex\/wp-json\/wp\/v2\/product_tag?post=936"}],"curies":[{"name":"wp","href":"https:\/\/api.w.org\/{rel}","templated":true}]}}