{"id":944,"date":"2022-12-22T14:18:48","date_gmt":"2022-12-22T14:18:48","guid":{"rendered":"https:\/\/demo8.thuythu.com\/santex\/?post_type=product&#038;p=944"},"modified":"2022-12-22T14:18:49","modified_gmt":"2022-12-22T14:18:49","slug":"den-canh-bao-chuong-ngai-vat-chong-chay-no","status":"publish","type":"product","link":"https:\/\/demo8.thuythu.com\/santex\/product\/den-canh-bao-chuong-ngai-vat-chong-chay-no\/","title":{"rendered":"EOB series \u2013 \u0110\u00e8n c\u1ea3nh b\u00e1o ch\u01b0\u1edbng ng\u1ea1i v\u1eadt ch\u1ed1ng ch\u00e1y n\u1ed5  (Explosion Proof Obstacle Light)"},"content":{"rendered":"<p><a href=\"http:\/\/makgil.com\/\"><b>C\u00d4NG<\/b><\/a><b> TY TNHH SANTEX<\/b><b>\u00a0<\/b><span style=\"font-weight: 400;\">t\u1ef1 h\u00e0o l\u00e0 nh\u00e0 ph\u00e2n ph\u1ed1i \u1ee7y quy\u1ec1n c\u00e1c s\u1ea3n ph\u1ea9m c\u1ee7a h\u00e3ng Alloy\/Thailand t\u1ea1i Vi\u1ec7t Nam v\u1ec1 thi\u1ebft b\u1ecb \u0111i\u1ec7n &amp; ph\u1ee5 ki\u1ec7n ch\u1ed1ng ch\u00e1y n\u1ed5, trong \u0111\u00f3 c\u00f3 \u0110\u00e8n c\u1ea3nh b\u00e1o ch\u01b0\u1edbng ng\u1ea1i v\u1eadt ch\u1ed1ng ch\u00e1y n\u1ed5\u00a0 (Explosion Proof Obstacle Light).<\/span><\/p>\n<p><span style=\"font-weight: 400;\">V\u1eady \u0110\u00e8n c\u1ea3nh b\u00e1o ch\u01b0\u1edbng ng\u1ea1i v\u1eadt ch\u1ed1ng ch\u00e1y n\u1ed5 l\u00e0 g\u00ec? D\u01b0\u1edbi \u0111\u00e2y th\u1ec3 hi\u1ec7n c\u00e1c th\u00f4ng s\u1ed1 k\u1ef9 thu\u1eadt &amp; th\u00f4ng tin c\u1ea7n thi\u1ebft c\u1ee7a \u0110\u00e8n c\u1ea3nh b\u00e1o ch\u01b0\u1edbng ng\u1ea1i v\u1eadt ch\u1ed1ng ch\u00e1y n\u1ed5 EOB series h\u00e3ng Alloy\/Thailand, gi\u00fap kh\u00e1ch h\u00e0ng hi\u1ec3u v\u00e0 l\u1ef1a ch\u1ecdn \u0111\u01b0\u1ee3c s\u1ea3n ph\u1ea9m ph\u00f9 h\u1ee3p v\u1edbi \u0111i\u1ec1u ki\u1ec7n l\u00e0m vi\u1ec7c c\u1ee7a m\u00ecnh h\u01a1n.<\/span><\/p>\n<p><b>\u0110\u00c8N C\u1ea2NH B\u00c1O CH\u01af\u1edaNG NG\u1ea0I V\u1eacT CH\u1ed0NG CH\u00c1Y N\u1ed4 EOB SERIES<\/b><\/p>\n<figure id=\"attachment_945\" aria-describedby=\"caption-attachment-945\" style=\"width: 600px\" class=\"wp-caption aligncenter\"><img loading=\"lazy\" decoding=\"async\" class=\"wp-image-945 size-full\" src=\"https:\/\/demo8.thuythu.com\/santex\/wp-content\/uploads\/2022\/12\/hinh-2-3.jpg\" alt=\"\" width=\"600\" height=\"600\" srcset=\"https:\/\/demo8.thuythu.com\/santex\/wp-content\/uploads\/2022\/12\/hinh-2-3.jpg 600w, https:\/\/demo8.thuythu.com\/santex\/wp-content\/uploads\/2022\/12\/hinh-2-3-300x300.jpg 300w, https:\/\/demo8.thuythu.com\/santex\/wp-content\/uploads\/2022\/12\/hinh-2-3-150x150.jpg 150w, https:\/\/demo8.thuythu.com\/santex\/wp-content\/uploads\/2022\/12\/hinh-2-3-100x100.jpg 100w\" sizes=\"(max-width: 600px) 100vw, 600px\" \/><figcaption id=\"caption-attachment-945\" class=\"wp-caption-text\">Explosion Proof Obstacle Light EOB series h\u00e3ng Alloy\/Thailand<\/figcaption><\/figure>\n<p><b>\u0110\u00c8N C\u1ea2NH B\u00c1O CH\u01af\u1edaNG NG\u1ea0I V\u1eacT CH\u1ed0NG CH\u00c1Y N\u1ed4 L\u00c0 G\u00cc?<\/b><\/p>\n<p><span style=\"font-weight: 400;\">\u0110\u00e8n c\u1ea3nh b\u00e1o ch\u01b0\u1edbng ng\u1ea1i v\u1eadt ch\u1ed1ng ch\u00e1y n\u1ed5, c\u00f3 t\u00ean ti\u1ebfng anh l\u00e0 Explosion Proof Obstacle Light, <\/span><span style=\"font-weight: 400;\">l\u00e0 lo\u1ea1i \u0111\u00e8n \u0111\u01b0\u1ee3c s\u1eed d\u1ee5ng v\u1edbi m\u1ee5c \u0111\u00edch b\u00e1o t\u00edn hi\u1ec7u gi\u00fap ng\u01b0\u1eddi d\u00f9ng nhanh ch\u00f3ng ph\u00e1t hi\u1ec7n \u0111\u01b0\u1ee3c c\u00e1c ch\u01b0\u1edbng ng\u1ea1i v\u1eadt xu\u1ea5t hi\u1ec7n trong qu\u00e1 tr\u00ecnh di chuy\u1ec3n<\/span><span style=\"font-weight: 400;\">. \u0110\u00e2y l\u00e0 lo\u1ea1i \u0111\u00e8n th\u01b0\u1eddng \u0111\u01b0\u1ee3c s\u1eed d\u1ee5ng cho m\u1ee5c \u0111\u00edch c\u1ea3nh b\u00e1o h\u00e0ng kh\u00f4ng, c\u1ea3nh b\u00e1o ch\u01b0\u1edbng ng\u1ea1i v\u1eadt cho m\u00e1y bay khi c\u1ea5t &amp; h\u1ea1 c\u1ea1nh, th\u01b0\u1eddng \u0111\u01b0\u1ee3c l\u1eafp \u0111\u1eb7t tr\u00ean th\u00e1p, gi\u00e0n khoan ho\u1eb7c c\u00e1c to\u00e0n nh\u00e0 cao t\u1ea7ng, \u2026<\/span><\/p>\n<p><span style=\"font-weight: 400;\">EOB series l\u00e0 d\u00f2ng \u0110\u00e8n c\u1ea3nh b\u00e1o ch\u01b0\u1edbng ng\u1ea1i v\u1eadt ch\u1ed1ng ch\u00e1y n\u1ed5 h\u00e3ng Alloy\/Thailand, g\u1ed3m 03 t\u00f9y ch\u1ecdn sau \u0111\u00e2y:<\/span><\/p>\n<ul>\n<li style=\"font-weight: 400;\" aria-level=\"1\"><span style=\"font-weight: 400;\">\u0110\u00e8n s\u1ee3i \u0111\u1ed1t (Incandescent)<\/span><\/li>\n<li style=\"font-weight: 400;\" aria-level=\"1\"><span style=\"font-weight: 400;\">\u0110\u00e8n hu\u1ef3nh quang (Flourescent)<\/span><\/li>\n<li style=\"font-weight: 400;\" aria-level=\"1\"><span style=\"font-weight: 400;\">\u0110\u00e8n LED<\/span><\/li>\n<\/ul>\n<p><span style=\"font-weight: 400;\">V\u1ec1 m\u00e0u s\u1eafc \u00e1nh s\u00e1ng, EOB series c\u00f3 03 l\u1ef1a ch\u1ecdn:<\/span><\/p>\n<ul>\n<li style=\"font-weight: 400;\" aria-level=\"1\"><span style=\"font-weight: 400;\">M\u00e0u \u0111\u1ecf (Red)<\/span><\/li>\n<li style=\"font-weight: 400;\" aria-level=\"1\"><span style=\"font-weight: 400;\">M\u00e0u cam (Orange)<\/span><\/li>\n<li style=\"font-weight: 400;\" aria-level=\"1\"><span style=\"font-weight: 400;\">M\u00e0u xanh l\u00e1 (Green).<\/span><\/li>\n<\/ul>\n<p><span style=\"font-weight: 400;\">EOB series c\u00f3 v\u1eadt li\u1ec7u ph\u1ea7n th\u00e2n \u0111\u01b0\u1ee3c l\u00e0m t\u1eeb v\u1eadt li\u1ec7u nh\u00f4m aluminium, s\u01a1n ph\u1ee7 t\u0129nh \u0111i\u1ec7n b\u00ean ngo\u00e0i, ph\u1ea7n k\u00ednh b\u1ea3o v\u1ec7 \u0111\u01b0\u1ee3c l\u00e0m t\u1eeb th\u1ee7y tinh c\u01b0\u1eddng l\u1ef1c, \u0111\u01b0\u1ee3c s\u1ea3n xu\u1ea5t \u0111\u1ea1t ti\u00eau chu\u1ea9n ch\u1ed1ng ch\u00e1y n\u1ed5, ph\u00f9 h\u1ee3p \u0111\u1ec3 s\u1eed d\u1ee5ng cho c\u00e1c m\u00f4i tr\u01b0\u1eddng c\u00f3 nguy c\u01a1 ch\u00e1y n\u1ed5 cao thu\u1ed9c zone 1&amp;2 (\u0111\u1ed1i v\u1edbi kh\u00ed) v\u00e0 zone 21 &amp; 22 (\u0111\u1ed1i v\u1edbi b\u1ee5i).<\/span><\/p>\n<p><b>TH\u00d4NG S\u1ed0 K\u1ef8 THU\u1eacT \u0110\u00c8N C\u1ea2NH B\u00c1O EOB SERIES<\/b><\/p>\n<table>\n<tbody>\n<tr>\n<td><b>Hazardous Area<\/b><\/td>\n<td><b>Gas<\/b><\/td>\n<td><b>Dust<\/b><\/td>\n<\/tr>\n<tr>\n<td><span style=\"font-weight: 400;\">Zones<\/span><\/td>\n<td><span style=\"font-weight: 400;\">1 &amp; 2<\/span><\/td>\n<td><span style=\"font-weight: 400;\">21 &amp; 22<\/span><\/td>\n<\/tr>\n<tr>\n<td><span style=\"font-weight: 400;\">Equipment Group\/Category<\/span><\/td>\n<td><span style=\"font-weight: 400;\">II 2G<\/span><\/td>\n<td><span style=\"font-weight: 400;\">II 2D<\/span><\/td>\n<\/tr>\n<tr>\n<td><span style=\"font-weight: 400;\">Symbol of Protection<\/span><\/td>\n<td><span style=\"font-weight: 400;\">Ex d IIB T6\/ T5 Gb<\/span><\/td>\n<td><span style=\"font-weight: 400;\">Ex tb IIIC T80<\/span><span style=\"font-weight: 400;\">o<\/span><span style=\"font-weight: 400;\">C\/ T100<\/span><span style=\"font-weight: 400;\">o<\/span><span style=\"font-weight: 400;\">C Db IP66<\/span><\/td>\n<\/tr>\n<tr>\n<td><span style=\"font-weight: 400;\">Conformity to Standards<\/span><\/td>\n<td colspan=\"2\"><span style=\"font-weight: 400;\">EN 60079-0:2012+A11:2013, EN 60079-1:2014, EN 60079-31:2014<\/span><\/td>\n<\/tr>\n<tr>\n<td><span style=\"font-weight: 400;\">Ambient Temperature<\/span><\/td>\n<td colspan=\"2\"><span style=\"font-weight: 400;\">-20<\/span><span style=\"font-weight: 400;\">o<\/span><span style=\"font-weight: 400;\">C to +55<\/span><span style=\"font-weight: 400;\">o<\/span><span style=\"font-weight: 400;\">C<\/span><\/td>\n<\/tr>\n<tr>\n<td><span style=\"font-weight: 400;\">Index of Protection<\/span><\/td>\n<td colspan=\"2\"><span style=\"font-weight: 400;\">IP66<\/span><\/td>\n<\/tr>\n<tr>\n<td colspan=\"3\"><span style=\"font-weight: 400;\">\u00a0<\/span><\/td>\n<\/tr>\n<tr>\n<td><span style=\"font-weight: 400;\">Entries<\/span><\/td>\n<td colspan=\"2\"><span style=\"font-weight: 400;\">\u00d83\/4\u201d NPT<\/span><\/td>\n<\/tr>\n<tr>\n<td><span style=\"font-weight: 400;\">Mounting<\/span><\/td>\n<td colspan=\"2\"><span style=\"font-weight: 400;\">Ceiling, Pendant or Bracket mounting<\/span><\/td>\n<\/tr>\n<tr>\n<td><span style=\"font-weight: 400;\">Rated Voltage<\/span><\/td>\n<td colspan=\"2\"><span style=\"font-weight: 400;\">220V.ac 50Hz.<\/span><\/td>\n<\/tr>\n<\/tbody>\n<\/table>\n<p><b>TH\u00d4NG S\u1ed0 V\u1eacT LI\u1ec6U \u0110\u00c8N C\u1ea2NH B\u00c1O N\u1ed4 EOB SERIES<\/b><\/p>\n<table>\n<tbody>\n<tr>\n<td><span style=\"font-weight: 400;\">Body material<\/span><\/td>\n<td><span style=\"font-weight: 400;\">:<\/span><\/td>\n<td><span style=\"font-weight: 400;\">Marine grade copper-free aluminium alloy with polyester powder coated, RAL 7032 (Grey)<\/span><\/td>\n<\/tr>\n<tr>\n<td><span style=\"font-weight: 400;\">Globe<\/span><\/td>\n<td><\/td>\n<td><span style=\"font-weight: 400;\">Borosilicate glass<\/span><\/td>\n<\/tr>\n<tr>\n<td><span style=\"font-weight: 400;\">Filter<\/span><\/td>\n<td><span style=\"font-weight: 400;\">:\u00a0<\/span><\/td>\n<td><span style=\"font-weight: 400;\">Plastic<\/span><\/td>\n<\/tr>\n<tr>\n<td><span style=\"font-weight: 400;\">Guard, bolts<\/span><\/td>\n<td><span style=\"font-weight: 400;\">:<\/span><\/td>\n<td><span style=\"font-weight: 400;\">Stainless steel<\/span><\/td>\n<\/tr>\n<tr>\n<td><span style=\"font-weight: 400;\">Seal gasket<\/span><\/td>\n<td><\/td>\n<td><span style=\"font-weight: 400;\">Silicone<\/span><\/td>\n<\/tr>\n<\/tbody>\n<\/table>\n<p><b>QUY C\u00c1CH \u0110\u00c8N C\u1ea2NH B\u00c1O CH\u01af\u1edaNG NG\u1ea0I V\u1eacT CH\u1ed0NG CH\u00c1Y N\u1ed4 EOB SERIES<\/b><\/p>\n<figure id=\"attachment_947\" aria-describedby=\"caption-attachment-947\" style=\"width: 1299px\" class=\"wp-caption aligncenter\"><img loading=\"lazy\" decoding=\"async\" class=\"wp-image-947 size-full\" src=\"https:\/\/demo8.thuythu.com\/santex\/wp-content\/uploads\/2022\/12\/hinh-2-4.jpg\" alt=\"\" width=\"1299\" height=\"1338\" srcset=\"https:\/\/demo8.thuythu.com\/santex\/wp-content\/uploads\/2022\/12\/hinh-2-4.jpg 1299w, https:\/\/demo8.thuythu.com\/santex\/wp-content\/uploads\/2022\/12\/hinh-2-4-291x300.jpg 291w, https:\/\/demo8.thuythu.com\/santex\/wp-content\/uploads\/2022\/12\/hinh-2-4-994x1024.jpg 994w, https:\/\/demo8.thuythu.com\/santex\/wp-content\/uploads\/2022\/12\/hinh-2-4-768x791.jpg 768w, https:\/\/demo8.thuythu.com\/santex\/wp-content\/uploads\/2022\/12\/hinh-2-4-770x793.jpg 770w, https:\/\/demo8.thuythu.com\/santex\/wp-content\/uploads\/2022\/12\/hinh-2-4-600x618.jpg 600w\" sizes=\"(max-width: 1299px) 100vw, 1299px\" \/><figcaption id=\"caption-attachment-947\" class=\"wp-caption-text\">Quy c\u00e1ch Explosion Proof Obstacle Light EOB series h\u00e3ng Alloy\/Thailand<\/figcaption><\/figure>\n<p><span style=\"font-weight: 400;\">\u0110\u1ec3 bi\u1ebft r\u00f5 h\u01a1n ho\u1eb7c c\u1ea7n t\u01b0 v\u1ea5n v\u1ec1\u00a0<\/span><a href=\"http:\/\/makgil.com\/products\/alloy-industry-co-ltd-have-grown-and-prospered-alongside-thailand-s-expeditious-industrial-expansion-for-more-than-40-years-alloy-industry-co-ltd-initially-manufactured-the-lighting-fixtures-junction-boxes-and-co\"><i><span style=\"font-weight: 400;\">thi\u1ebft b\u1ecb \u0111i\u1ec7n &amp; ph\u1ee5 ki\u1ec7n ch\u1ed1ng ch\u00e1y n\u1ed5<\/span><\/i><\/a><span style=\"font-weight: 400;\">, qu\u00fd kh\u00e1ch h\u00e0ng vui l\u00f2ng li\u00ean h\u1ec7 theo th\u00f4ng tin d\u01b0\u1edbi \u0111\u00e2y:<\/span><\/p>\n<p><b>C\u00d4NG TY TNHH SANTEX<\/b><\/p>\n<p><span style=\"font-weight: 400;\">\u0110\u1ecba ch\u1ec9: 18\/21 Nguy\u1ec5n V\u0103n Dung, P.6, Q. G\u00f2 V\u1ea5p, TP. H\u1ed3 Ch\u00ed Minh<\/span><\/p>\n<p><span style=\"font-weight: 400;\">\u0110i\u1ec7n tho\u1ea1i: 02866572704\u00a0 Website:\u00a0<\/span><a href=\"http:\/\/santex.com.vn\/\"><span style=\"font-weight: 400;\">http:\/\/santex.com.vn\/<\/span><\/a><span style=\"font-weight: 400;\"> \u00a0 \u00a0Email: <\/span><a href=\"mailto:info@santex.com\"><span style=\"font-weight: 400;\">info@santex.com<\/span><\/a><span style=\"font-weight: 400;\">.vn<\/span><\/p>\n","protected":false},"excerpt":{"rendered":"<p><span style=\"font-weight: 400;\">EOB series l\u00e0 \u0110\u00e8n c\u1ea3nh b\u00e1o ch\u01b0\u1edbng ng\u1ea1i v\u1eadt ch\u1ed1ng ch\u00e1y n\u1ed5 (Explosion Proof Obstacle Light) h\u00e3ng Alloy\/Thailand,<\/span> <span style=\"font-weight: 400;\">ph\u00f9 h\u1ee3p cho zone 1&amp;2, 21&amp;22, \u0111\u1ea1t chu\u1ea9n Ex db eb IIC T6\/ T5 Gb, ch\u1ee9ng ch\u1ec9 ch\u1ed1ng ch\u00e1y n\u1ed5 ATEX<\/span><\/p>\n","protected":false},"featured_media":945,"comment_status":"open","ping_status":"closed","template":"","meta":[],"product_cat":[68],"product_tag":[],"acf":[],"_links":{"self":[{"href":"https:\/\/demo8.thuythu.com\/santex\/wp-json\/wp\/v2\/product\/944"}],"collection":[{"href":"https:\/\/demo8.thuythu.com\/santex\/wp-json\/wp\/v2\/product"}],"about":[{"href":"https:\/\/demo8.thuythu.com\/santex\/wp-json\/wp\/v2\/types\/product"}],"replies":[{"embeddable":true,"href":"https:\/\/demo8.thuythu.com\/santex\/wp-json\/wp\/v2\/comments?post=944"}],"wp:featuredmedia":[{"embeddable":true,"href":"https:\/\/demo8.thuythu.com\/santex\/wp-json\/wp\/v2\/media\/945"}],"wp:attachment":[{"href":"https:\/\/demo8.thuythu.com\/santex\/wp-json\/wp\/v2\/media?parent=944"}],"wp:term":[{"taxonomy":"product_cat","embeddable":true,"href":"https:\/\/demo8.thuythu.com\/santex\/wp-json\/wp\/v2\/product_cat?post=944"},{"taxonomy":"product_tag","embeddable":true,"href":"https:\/\/demo8.thuythu.com\/santex\/wp-json\/wp\/v2\/product_tag?post=944"}],"curies":[{"name":"wp","href":"https:\/\/api.w.org\/{rel}","templated":true}]}}