{"id":949,"date":"2022-12-22T14:39:25","date_gmt":"2022-12-22T14:39:25","guid":{"rendered":"https:\/\/demo8.thuythu.com\/santex\/?post_type=product&#038;p=949"},"modified":"2022-12-22T14:39:51","modified_gmt":"2022-12-22T14:39:51","slug":"den-tin-hieu-giao-thong-chong-chay-no","status":"publish","type":"product","link":"https:\/\/demo8.thuythu.com\/santex\/product\/den-tin-hieu-giao-thong-chong-chay-no\/","title":{"rendered":"ETF series \u2013 \u0110\u00e8n t\u00edn hi\u1ec7u giao th\u00f4ng ch\u1ed1ng ch\u00e1y n\u1ed5  (Explosion Proof Traffic Light)"},"content":{"rendered":"<p><a href=\"http:\/\/makgil.com\/\"><b>C\u00d4NG<\/b><\/a><b> TY TNHH SANTEX<\/b><b>\u00a0<\/b><span style=\"font-weight: 400;\">t\u1ef1 h\u00e0o l\u00e0 nh\u00e0 ph\u00e2n ph\u1ed1i \u1ee7y quy\u1ec1n c\u00e1c s\u1ea3n ph\u1ea9m c\u1ee7a h\u00e3ng Alloy\/Thailand t\u1ea1i Vi\u1ec7t Nam v\u1ec1 thi\u1ebft b\u1ecb \u0111i\u1ec7n &amp; ph\u1ee5 ki\u1ec7n ch\u1ed1ng ch\u00e1y n\u1ed5, trong \u0111\u00f3 c\u00f3 \u0110\u00e8n t\u00edn hi\u1ec7u giao th\u00f4ng ch\u1ed1ng ch\u00e1y n\u1ed5 (Explosion Proof Traffic Light).<\/span><\/p>\n<p><span style=\"font-weight: 400;\">V\u1eady \u0110\u00e8n t\u00edn hi\u1ec7u giao th\u00f4ng ch\u1ed1ng ch\u00e1y n\u1ed5 l\u00e0 g\u00ec? D\u01b0\u1edbi \u0111\u00e2y th\u1ec3 hi\u1ec7n c\u00e1c th\u00f4ng s\u1ed1 k\u1ef9 thu\u1eadt &amp; th\u00f4ng tin c\u1ea7n thi\u1ebft c\u1ee7a \u0110\u00e8n t\u00edn hi\u1ec7u giao th\u00f4ng ch\u1ed1ng ch\u00e1y n\u1ed5 ETF series h\u00e3ng Alloy\/Thailand, gi\u00fap kh\u00e1ch h\u00e0ng hi\u1ec3u v\u00e0 l\u1ef1a ch\u1ecdn \u0111\u01b0\u1ee3c s\u1ea3n ph\u1ea9m ph\u00f9 h\u1ee3p v\u1edbi \u0111i\u1ec1u ki\u1ec7n l\u00e0m vi\u1ec7c c\u1ee7a m\u00ecnh h\u01a1n.<\/span><\/p>\n<p><b>\u0110\u00c8N T\u00cdN HI\u1ec6U GIAO TH\u00d4NG CH\u1ed0NG CH\u00c1Y N\u1ed4 ETF SERIES<\/b><\/p>\n<figure id=\"attachment_950\" aria-describedby=\"caption-attachment-950\" style=\"width: 380px\" class=\"wp-caption aligncenter\"><img loading=\"lazy\" decoding=\"async\" class=\"wp-image-950 size-full\" src=\"https:\/\/demo8.thuythu.com\/santex\/wp-content\/uploads\/2022\/12\/den-tin-hieu-1.jpg\" alt=\"\" width=\"380\" height=\"458\" srcset=\"https:\/\/demo8.thuythu.com\/santex\/wp-content\/uploads\/2022\/12\/den-tin-hieu-1.jpg 380w, https:\/\/demo8.thuythu.com\/santex\/wp-content\/uploads\/2022\/12\/den-tin-hieu-1-249x300.jpg 249w\" sizes=\"(max-width: 380px) 100vw, 380px\" \/><figcaption id=\"caption-attachment-950\" class=\"wp-caption-text\">Explosion Proof Traffic Light ETF series h\u00e3ng Alloy\/Thailand<\/figcaption><\/figure>\n<p><b>\u0110\u00c8N T\u00cdN HI\u1ec6U GIAO TH\u00d4NG CH\u1ed0NG CH\u00c1Y N\u1ed4 L\u00c0 G\u00cc?<\/b><\/p>\n<p><span style=\"font-weight: 400;\">\u0110\u00e8n t\u00edn hi\u1ec7u giao th\u00f4ng ch\u1ed1ng ch\u00e1y n\u1ed5, c\u00f3 t\u00ean ti\u1ebfng anh l\u00e0 Explosion Proof Traffic Light, <\/span><span style=\"font-weight: 400;\">l\u00e0 lo\u1ea1i \u0111\u00e8n \u0111\u01b0\u1ee3c s\u1eed d\u1ee5ng v\u1edbi m\u1ee5c \u0111\u00edch c\u1ea3nh b\u00e1o t\u00edn hi\u1ec7u l\u01b0u th\u00f4ng, g\u1ed3m 03 ch\u1ebf \u0111\u1ed9 d\u1eebng l\u1ea1i (\u0111\u00e8n \u0111\u1ecf), \u0111\u01b0\u1ee3c ph\u00e9p l\u01b0u th\u00f4ng (\u0111\u00e8n xanh) v\u00e0 ch\u1ebf \u0111\u1ed9 \u0111\u00e8n v\u00e0ng b\u00e1o hi\u1ec7u t\u00edn hi\u1ec7u \u0111\u00e8n chu\u1ea9n b\u1ecb chuy\u1ec3n t\u1eeb xanh sang \u0111\u1ecf, \u0111\u01b0\u1ee3c s\u1ea3n xu\u1ea5t \u0111\u1ea1t ti\u00eau chu\u1ea9n ch\u1ed1ng ch\u00e1y n\u1ed5, th\u01b0\u1eddng \u0111\u01b0\u1ee3c l\u1eafp \u1edf c\u00e1c khu v\u1ef1c c\u00f3 nguy c\u01a1 x\u1ea3y ra ch\u00e1y n\u1ed5 cao nh\u01b0 nh\u00e0 m\u00e1y h\u00f3a ch\u1ea5t, d\u1ea7u kh\u00ed, \u2026<\/span><\/p>\n<p><span style=\"font-weight: 400;\">ETF \u0111\u01b0\u1ee3c s\u1ea3n xu\u1ea5t \u0111\u1ea1t ti\u00eau chu\u1ea9n ch\u1ed1ng ch\u00e1y n\u1ed5, ph\u00f9 h\u1ee3p \u0111\u1ec3 s\u1eed d\u1ee5ng cho c\u00e1c m\u00f4i tr\u01b0\u1eddng c\u00f3 nguy c\u01a1 ch\u00e1y n\u1ed5 cao thu\u1ed9c zone 1&amp;2 (\u0111\u1ed1i v\u1edbi kh\u00ed) v\u00e0 zone 21 &amp; 22 (\u0111\u1ed1i v\u1edbi b\u1ee5i).<\/span><\/p>\n<p><b>TH\u00d4NG S\u1ed0 K\u1ef8 THU\u1eacT EXPLOSION PROOF TRAFFIC LIGHT ETF SERIES<\/b><\/p>\n<table>\n<tbody>\n<tr>\n<td><b>Hazardous Area<\/b><\/td>\n<td><b>Gas<\/b><\/td>\n<td><b>Dust<\/b><\/td>\n<\/tr>\n<tr>\n<td><span style=\"font-weight: 400;\">Zones<\/span><\/td>\n<td><span style=\"font-weight: 400;\">1 &amp; 2<\/span><\/td>\n<td><span style=\"font-weight: 400;\">21 &amp; 22<\/span><\/td>\n<\/tr>\n<tr>\n<td><span style=\"font-weight: 400;\">Equipment Group\/Category<\/span><\/td>\n<td><span style=\"font-weight: 400;\">II 2G<\/span><\/td>\n<td><span style=\"font-weight: 400;\">II 2D<\/span><\/td>\n<\/tr>\n<tr>\n<td><span style=\"font-weight: 400;\">Symbol of Protection<\/span><\/td>\n<td><span style=\"font-weight: 400;\">Ex d IIB T6\/ T5 Gb<\/span><\/td>\n<td><span style=\"font-weight: 400;\">Ex tb IIIC T80<\/span><span style=\"font-weight: 400;\">o<\/span><span style=\"font-weight: 400;\">C\/ T100<\/span><span style=\"font-weight: 400;\">o<\/span><span style=\"font-weight: 400;\">C Db IP66<\/span><\/td>\n<\/tr>\n<tr>\n<td><span style=\"font-weight: 400;\">Conformity to Standards<\/span><\/td>\n<td colspan=\"2\"><span style=\"font-weight: 400;\">EN 60079-0:2012+A11:2013, EN 60079-1:2014, EN 60079-31:2014<\/span><\/td>\n<\/tr>\n<tr>\n<td><span style=\"font-weight: 400;\">Ambient Temperature<\/span><\/td>\n<td colspan=\"2\"><span style=\"font-weight: 400;\">-20<\/span><span style=\"font-weight: 400;\">o<\/span><span style=\"font-weight: 400;\">C to +55<\/span><span style=\"font-weight: 400;\">o<\/span><span style=\"font-weight: 400;\">C<\/span><\/td>\n<\/tr>\n<tr>\n<td><span style=\"font-weight: 400;\">Index of Protection<\/span><\/td>\n<td colspan=\"2\"><span style=\"font-weight: 400;\">IP66<\/span><\/td>\n<\/tr>\n<tr>\n<td colspan=\"3\"><span style=\"font-weight: 400;\">\u00a0<\/span><\/td>\n<\/tr>\n<tr>\n<td><span style=\"font-weight: 400;\">Mounting<\/span><\/td>\n<td colspan=\"2\"><span style=\"font-weight: 400;\">Wall or Pole mounting<\/span><\/td>\n<\/tr>\n<tr>\n<td><span style=\"font-weight: 400;\">Rated Voltage<\/span><\/td>\n<td colspan=\"2\"><span style=\"font-weight: 400;\">220V.ac 50Hz.<\/span><\/td>\n<\/tr>\n<\/tbody>\n<\/table>\n<p><b>TH\u00d4NG S\u1ed0 V\u1eacT LI\u1ec6U EXPLOSION PROOF TRAFFIC LIGHT ETF SERIES<\/b><\/p>\n<table>\n<tbody>\n<tr>\n<td><span style=\"font-weight: 400;\">Housing material<\/span><\/td>\n<td><span style=\"font-weight: 400;\">:<\/span><\/td>\n<td><span style=\"font-weight: 400;\">Marine grade copper-free aluminium alloy with polyester powder coated, RAL 7032 (Grey)<\/span><\/td>\n<\/tr>\n<tr>\n<td><span style=\"font-weight: 400;\">Glass<\/span><\/td>\n<td><span style=\"font-weight: 400;\">:<\/span><\/td>\n<td><span style=\"font-weight: 400;\">Heat and impact resistant<\/span><\/td>\n<\/tr>\n<tr>\n<td><span style=\"font-weight: 400;\">Filter<\/span><\/td>\n<td><span style=\"font-weight: 400;\">:<\/span><\/td>\n<td><span style=\"font-weight: 400;\">Polycarbonate<\/span><\/td>\n<\/tr>\n<tr>\n<td><span style=\"font-weight: 400;\">Bolt<\/span><\/td>\n<td><span style=\"font-weight: 400;\">:<\/span><\/td>\n<td><span style=\"font-weight: 400;\">Stainless steel<\/span><\/td>\n<\/tr>\n<tr>\n<td><span style=\"font-weight: 400;\">Pole stand (Option)<\/span><\/td>\n<td><span style=\"font-weight: 400;\">:<\/span><\/td>\n<td><span style=\"font-weight: 400;\">Steel pipe with polyester powder coated, RAL 9017 (black)<\/span><\/td>\n<\/tr>\n<tr>\n<td><span style=\"font-weight: 400;\">Seal gasket<\/span><\/td>\n<td><span style=\"font-weight: 400;\">:<\/span><\/td>\n<td><span style=\"font-weight: 400;\">Silicone<\/span><\/td>\n<\/tr>\n<\/tbody>\n<\/table>\n<p><b>QUY C\u00c1CH EXPLOSION PROOF TRAFFIC LIGHT ETF SERIES<\/b><\/p>\n<figure id=\"attachment_952\" aria-describedby=\"caption-attachment-952\" style=\"width: 1288px\" class=\"wp-caption aligncenter\"><img loading=\"lazy\" decoding=\"async\" class=\"wp-image-952 size-full\" src=\"https:\/\/demo8.thuythu.com\/santex\/wp-content\/uploads\/2022\/12\/den-tin-hieu-2.jpg\" alt=\"\" width=\"1288\" height=\"1378\" srcset=\"https:\/\/demo8.thuythu.com\/santex\/wp-content\/uploads\/2022\/12\/den-tin-hieu-2.jpg 1288w, https:\/\/demo8.thuythu.com\/santex\/wp-content\/uploads\/2022\/12\/den-tin-hieu-2-280x300.jpg 280w, https:\/\/demo8.thuythu.com\/santex\/wp-content\/uploads\/2022\/12\/den-tin-hieu-2-957x1024.jpg 957w, https:\/\/demo8.thuythu.com\/santex\/wp-content\/uploads\/2022\/12\/den-tin-hieu-2-768x822.jpg 768w, https:\/\/demo8.thuythu.com\/santex\/wp-content\/uploads\/2022\/12\/den-tin-hieu-2-770x824.jpg 770w, https:\/\/demo8.thuythu.com\/santex\/wp-content\/uploads\/2022\/12\/den-tin-hieu-2-600x642.jpg 600w\" sizes=\"(max-width: 1288px) 100vw, 1288px\" \/><figcaption id=\"caption-attachment-952\" class=\"wp-caption-text\">Quy c\u00e1ch Explosion Proof Traffic Light ETF series h\u00e3ng Alloy\/Thailand<\/figcaption><\/figure>\n<p><span style=\"font-weight: 400;\">\u0110\u1ec3 bi\u1ebft r\u00f5 h\u01a1n ho\u1eb7c c\u1ea7n t\u01b0 v\u1ea5n v\u1ec1\u00a0<\/span><a href=\"http:\/\/makgil.com\/products\/alloy-industry-co-ltd-have-grown-and-prospered-alongside-thailand-s-expeditious-industrial-expansion-for-more-than-40-years-alloy-industry-co-ltd-initially-manufactured-the-lighting-fixtures-junction-boxes-and-co\"><i><span style=\"font-weight: 400;\">thi\u1ebft b\u1ecb \u0111i\u1ec7n &amp; ph\u1ee5 ki\u1ec7n ch\u1ed1ng ch\u00e1y n\u1ed5<\/span><\/i><\/a><span style=\"font-weight: 400;\">, qu\u00fd kh\u00e1ch h\u00e0ng vui l\u00f2ng li\u00ean h\u1ec7 theo th\u00f4ng tin d\u01b0\u1edbi \u0111\u00e2y:<\/span><\/p>\n<p><b>C\u00d4NG TY TNHH SANTEX\u00a0<\/b><\/p>\n<p><span style=\"font-weight: 400;\">\u0110\u1ecba ch\u1ec9: 18\/21 Nguy\u1ec5n V\u0103n Dung, P.6, Q. G\u00f2 V\u1ea5p, TP. H\u1ed3 Ch\u00ed Minh<\/span><\/p>\n<p><span style=\"font-weight: 400;\">\u0110i\u1ec7n tho\u1ea1i: 02866572704\u00a0 Website:\u00a0<\/span><a href=\"http:\/\/santex.com.vn\/\"><span style=\"font-weight: 400;\">http:\/\/santex.com.vn\/<\/span><\/a><span style=\"font-weight: 400;\">\u00a0 \u00a0 \u00a0Email: <\/span><a href=\"mailto:info@santex.com\"><span style=\"font-weight: 400;\">info@santex.com<\/span><\/a><span style=\"font-weight: 400;\">.vn<\/span><\/p>\n","protected":false},"excerpt":{"rendered":"<p><span style=\"font-weight: 400;\">ETF series l\u00e0 \u0110\u00e8n t\u00edn hi\u1ec7u giao th\u00f4ng ch\u1ed1ng ch\u00e1y n\u1ed5 (Explosion Proof Traffic Light),<\/span> <span style=\"font-weight: 400;\">ph\u00f9 h\u1ee3p cho zone 1&amp; 2, 21&amp;22, \u0111\u1ea1t chu\u1ea9n Ex d IIB T6\/ T5 Gb, <\/span><span style=\"font-weight: 400;\">th\u01b0\u1eddng \u0111\u01b0\u1ee3c l\u1eafp \u1edf c\u00e1c khu v\u1ef1c c\u00f3 nguy c\u01a1 x\u1ea3y ra ch\u00e1y n\u1ed5 cao nh\u01b0 nh\u00e0 m\u00e1y h\u00f3a ch\u1ea5t, d\u1ea7u kh\u00ed, \u2026<\/span><\/p>\n<p>&nbsp;<\/p>\n","protected":false},"featured_media":950,"comment_status":"open","ping_status":"closed","template":"","meta":[],"product_cat":[68],"product_tag":[],"acf":[],"_links":{"self":[{"href":"https:\/\/demo8.thuythu.com\/santex\/wp-json\/wp\/v2\/product\/949"}],"collection":[{"href":"https:\/\/demo8.thuythu.com\/santex\/wp-json\/wp\/v2\/product"}],"about":[{"href":"https:\/\/demo8.thuythu.com\/santex\/wp-json\/wp\/v2\/types\/product"}],"replies":[{"embeddable":true,"href":"https:\/\/demo8.thuythu.com\/santex\/wp-json\/wp\/v2\/comments?post=949"}],"wp:featuredmedia":[{"embeddable":true,"href":"https:\/\/demo8.thuythu.com\/santex\/wp-json\/wp\/v2\/media\/950"}],"wp:attachment":[{"href":"https:\/\/demo8.thuythu.com\/santex\/wp-json\/wp\/v2\/media?parent=949"}],"wp:term":[{"taxonomy":"product_cat","embeddable":true,"href":"https:\/\/demo8.thuythu.com\/santex\/wp-json\/wp\/v2\/product_cat?post=949"},{"taxonomy":"product_tag","embeddable":true,"href":"https:\/\/demo8.thuythu.com\/santex\/wp-json\/wp\/v2\/product_tag?post=949"}],"curies":[{"name":"wp","href":"https:\/\/api.w.org\/{rel}","templated":true}]}}