{"id":969,"date":"2022-12-22T16:16:51","date_gmt":"2022-12-22T16:16:51","guid":{"rendered":"https:\/\/demo8.thuythu.com\/santex\/?post_type=product&#038;p=969"},"modified":"2022-12-22T16:16:51","modified_gmt":"2022-12-22T16:16:51","slug":"tu-dieu-khien-chong-chay-no","status":"publish","type":"product","link":"https:\/\/demo8.thuythu.com\/santex\/product\/tu-dieu-khien-chong-chay-no\/","title":{"rendered":"DCT1 series \u2013 T\u1ee7 \u0111i\u1ec1u khi\u1ec3n ch\u1ed1ng ch\u00e1y n\u1ed5 (Explosion proof Control Box)"},"content":{"rendered":"<p><a href=\"http:\/\/makgil.com\/\"><b>C\u00d4NG<\/b><\/a><b> TY TNHH SANTEX<\/b><b>\u00a0<\/b><span style=\"font-weight: 400;\">t\u1ef1 h\u00e0o l\u00e0 nh\u00e0 ph\u00e2n ph\u1ed1i \u1ee7y quy\u1ec1n c\u00e1c s\u1ea3n ph\u1ea9m c\u1ee7a h\u00e3ng Alloy\/Thailand t\u1ea1i Vi\u1ec7t Nam v\u1ec1 thi\u1ebft b\u1ecb \u0111i\u1ec7n &amp; ph\u1ee5 ki\u1ec7n ch\u1ed1ng ch\u00e1y n\u1ed5, trong \u0111\u00f3 c\u00f3 T\u1ee7 \u0111i\u1ec1u khi\u1ec3n ch\u1ed1ng ch\u00e1y n\u1ed5 (Explosion Proof Control Box).<\/span><\/p>\n<p><span style=\"font-weight: 400;\">V\u1eady T\u1ee7 \u0111i\u1ec1u khi\u1ec3n ch\u1ed1ng ch\u00e1y n\u1ed5 (Explosion Proof Control Box) l\u00e0 g\u00ec? D\u01b0\u1edbi \u0111\u00e2y th\u1ec3 hi\u1ec7n c\u00e1c th\u00f4ng s\u1ed1 k\u1ef9 thu\u1eadt &amp; th\u00f4ng tin c\u1ea7n thi\u1ebft c\u1ee7a T\u1ee7 \u0111i\u1ec1u khi\u1ec3n ch\u1ed1ng ch\u00e1y n\u1ed5 DCT1 series h\u00e3ng Alloy\/Thailand, gi\u00fap kh\u00e1ch h\u00e0ng hi\u1ec3u v\u00e0 l\u1ef1a ch\u1ecdn \u0111\u01b0\u1ee3c s\u1ea3n ph\u1ea9m ph\u00f9 h\u1ee3p v\u1edbi \u0111i\u1ec1u ki\u1ec7n l\u00e0m vi\u1ec7c c\u1ee7a m\u00ecnh h\u01a1n.<\/span><\/p>\n<p><b>T\u1ee6 \u0110I\u1ec0U KHI\u1ec2N CH\u1ed0NG CH\u00c1Y N\u1ed4 DCT1 SERIES<\/b><\/p>\n<figure id=\"attachment_970\" aria-describedby=\"caption-attachment-970\" style=\"width: 549px\" class=\"wp-caption aligncenter\"><img loading=\"lazy\" decoding=\"async\" class=\"wp-image-970 size-full\" src=\"https:\/\/demo8.thuythu.com\/santex\/wp-content\/uploads\/2022\/12\/tu_dieu_khien_chong_chay_no_dct1_series.jpg\" alt=\"\" width=\"549\" height=\"394\" srcset=\"https:\/\/demo8.thuythu.com\/santex\/wp-content\/uploads\/2022\/12\/tu_dieu_khien_chong_chay_no_dct1_series.jpg 549w, https:\/\/demo8.thuythu.com\/santex\/wp-content\/uploads\/2022\/12\/tu_dieu_khien_chong_chay_no_dct1_series-300x215.jpg 300w\" sizes=\"(max-width: 549px) 100vw, 549px\" \/><figcaption id=\"caption-attachment-970\" class=\"wp-caption-text\">Explosion proof Control Box DCT1 series h\u00e3ng Alloy\/Thailand<\/figcaption><\/figure>\n<p><b>T\u1ee6 \u0110I\u1ec0U KHI\u1ec2N CH\u1ed0NG CH\u00c1Y N\u1ed4 L\u00c0 G\u00cc?<\/b><\/p>\n<p><span style=\"font-weight: 400;\">T\u1ee7 \u0111i\u1ec1u khi\u1ec3n ch\u1ed1ng ch\u00e1y n\u1ed5, c\u00f3 t\u00ean ti\u1ebfng anh l\u00e0 Explosion Proof Control Box, l\u00e0 m\u1ed9t t\u1ee7 \u0111i\u1ec7n k\u00edn ch\u1ee9a c\u00e1c thi\u1ebft b\u1ecb \u0111i\u1ec7n c\u00f3 ch\u1ee9c n\u0103ng \u0111i\u1ec1u khi\u1ec3n (v\u00ed d\u1ee5 \u0111i\u1ec1u khi\u1ec3n on\/off m\u00e1y b\u01a1m, \u0111\u00e8n chi\u1ebfu s\u00e1ng, m\u00e1y ph\u00e1t \u0111i\u1ec7n, \u2026) th\u00f4ng qua c\u00e1c ph\u1ee5 ki\u1ec7n n\u00fat nh\u1ea5n, c\u00f4ng t\u1eafc, \u2026 \u0111\u01b0\u1ee3c g\u1eafn b\u00ean ngo\u00e0i v\u1ecf t\u1ee7. T\u1ea5t c\u1ea3 c\u00e1c ph\u1ee5 ki\u1ec7n &amp; t\u1ee7 \u0111\u1ec1u thi\u1ebft k\u1ebf v\u00e0 s\u1ea3n xu\u1ea5t \u0111\u1ea1t ti\u00eau chu\u1ea9n ch\u1ed1ng ch\u00e1y n\u1ed5, s\u1eed d\u1ee5ng trong c\u00e1c m\u00f4i tr\u01b0\u1eddng c\u00f3 nguy c\u01a1 ch\u00e1y n\u1ed5 cao nh\u1eb1m m\u1ee5c \u0111\u00edch lo\u1ea1i b\u1ecf c\u00e1c nguy c\u01a1 g\u00e2y ra ch\u00e1y n\u1ed5.<\/span><\/p>\n<p><span style=\"font-weight: 400;\">DCT1 series l\u00e0 T\u1ee7 \u0111i\u1ec1u khi\u1ec3n ch\u1ed1ng ch\u00e1y n\u1ed5 h\u00e3ng Alloy\/Thailand, \u0111\u01b0\u1ee3c l\u00e0m t\u1eeb v\u1eadt li\u1ec7u nh\u00f4m aluminium, s\u01a1n ph\u1ee7 t\u0129nh \u0111i\u1ec7n b\u00ean ngo\u00e0i, \u0111\u01b0\u1ee3c l\u1eafp \u0111\u1eb7t c\u00f9ng c\u00e1c ph\u1ee5 ki\u1ec7n c\u1ee7a h\u00e3ng Alloy, \u0111\u01b0\u1ee3c thi\u1ebft k\u1ebf \u0111\u1ec3 s\u1eed d\u1ee5ng:<\/span><\/p>\n<ul>\n<li style=\"font-weight: 400;\" aria-level=\"1\"><span style=\"font-weight: 400;\">Cho khu v\u1ef1c nguy hi\u1ec3m zone 1&amp;2, 21&amp;22, \u0111\u01b0\u1ee3c c\u1ea5p ch\u1ee9ng ch\u1ec9 ch\u1ed1ng ch\u00e1y n\u1ed5 b\u1edfi ATEX<\/span><\/li>\n<li style=\"font-weight: 400;\" aria-level=\"1\"><span style=\"font-weight: 400;\">L\u1eafp \u0111\u1eb7t trong c\u00e1c nh\u00e0 m\u00e1y l\u1ecdc d\u1ea7u, nh\u00e0 m\u00e1y h\u00f3a ch\u1ea5t, c\u00e1c kho l\u01b0u tr\u1eef, n\u01a1i x\u1eed l\u00fd c\u00e1c ch\u1ea5t \u0111\u1ed9c h\u1ea1i.<\/span><\/li>\n<li style=\"font-weight: 400;\" aria-level=\"1\"><span style=\"font-weight: 400;\">\u0110\u1ed3ng h\u1ed3 hi\u1ec3n th\u1ecb b\u00ean ngo\u00e0i t\u1ee7 \u0111i\u1ec7n th\u00f4ng qua m\u1eb7t k\u00ednh.<\/span><\/li>\n<li style=\"font-weight: 400;\" aria-level=\"1\"><span style=\"font-weight: 400;\">Hi\u1ec3n th\u1ecb tr\u1ea1ng th\u00e1i thi\u1ebft b\u1ecb.<\/span><\/li>\n<\/ul>\n<p><span style=\"font-weight: 400;\">Bao g\u1ed3m c\u1ea7u dao \u0111\u00f3ng ng\u1eaft (circuit breaker) ph\u00f9 h\u1ee3p cho:<\/span><\/p>\n<ul>\n<li style=\"font-weight: 400;\" aria-level=\"1\"><span style=\"font-weight: 400;\">T\u00ecnh tr\u1ea1ng ng\u1eafn m\u1ea1ch v\u00e0 b\u1ea3o v\u1ec7 t\u00ecnh tr\u1ea1ng qu\u00e1 d\u00f2ng \u0111\u1ea7u v\u00e0o, b\u1ed9 c\u1ea5p ngu\u1ed3n, m\u1ea1ch nh\u00e1nh, \u0111\u00e8n chi\u1ebfu s\u00e1ng ho\u1eb7c \u0111\u1ed9ng c\u01a1 v\u00e0 \u0111\u00f3ng vai tr\u00f2 l\u00e0 thi\u1ebft b\u1ecb ng\u1eaft k\u1ebft n\u1ed1i.<\/span><\/li>\n<\/ul>\n<p><span style=\"font-weight: 400;\">Bao g\u1ed3m b\u1ed9 kh\u1edfi \u0111\u1ed9ng \u0111\u1ed9ng c\u01a1 (motor starter) ph\u00f9 h\u1ee3p cho:<\/span><\/p>\n<ul>\n<li style=\"font-weight: 400;\" aria-level=\"1\"><span style=\"font-weight: 400;\">\u0110\u1ed9ng c\u01a1 m\u1ed9t pha, kh\u1edfi \u0111\u1ed9ng &amp; d\u1eebng kh\u00f4ng \u0111\u1ea3o chi\u1ec1u c\u1ee7a \u0111\u1ed9ng c\u01a1 c\u1ea3m \u1ee9ng l\u1ed3ng s\u00f3c AC.<\/span><\/li>\n<li style=\"font-weight: 400;\" aria-level=\"1\"><span style=\"font-weight: 400;\">Ki\u1ec3u n\u1ed1i tr\u1ef1c ti\u1ebfp ho\u1eb7c n\u1ed1i sao tam gi\u00e1c.<\/span><\/li>\n<\/ul>\n<p><span style=\"font-weight: 400;\">Bao g\u1ed3m c\u00e1c m\u1ea1ch \u0111\u00f3ng ng\u1eaft ph\u00f9 h\u1ee3p cho:<\/span><\/p>\n<ul>\n<li style=\"font-weight: 400;\" aria-level=\"1\"><span style=\"font-weight: 400;\">Vi\u1ec7c ki\u1ec3m so\u00e1t ph\u00e2n ph\u1ed1i c\u00e1c m\u1ea1ch nh\u00e1nh nh\u01b0 m\u1ea1ch chi\u1ebfu s\u00e1ng, \u1ed5 c\u1eafm, m\u00e1y b\u01a1m ho\u1eb7c \u0111\u1ed9ng c\u01a1, \u2026<\/span><\/li>\n<\/ul>\n<p><b>TH\u00d4NG S\u1ed0 K\u1ef8 THU\u1eacT T\u1ee6 \u0110I\u1ec0U KHI\u1ec2N CH\u1ed0NG CH\u00c1Y N\u1ed4 DCT1 SERIES<\/b><\/p>\n<table>\n<tbody>\n<tr>\n<td><b>Hazardous Area<\/b><\/td>\n<td><b>Gas<\/b><\/td>\n<td><b>Dust<\/b><\/td>\n<\/tr>\n<tr>\n<td><span style=\"font-weight: 400;\">Zones<\/span><\/td>\n<td><span style=\"font-weight: 400;\">1 &amp; 2<\/span><\/td>\n<td><span style=\"font-weight: 400;\">21 &amp; 22<\/span><\/td>\n<\/tr>\n<tr>\n<td><span style=\"font-weight: 400;\">Equipment Group\/Category<\/span><\/td>\n<td><span style=\"font-weight: 400;\">Ex II 2G<\/span><\/td>\n<td><span style=\"font-weight: 400;\">Ex\u00a0II 2D<\/span><\/td>\n<\/tr>\n<tr>\n<td><span style=\"font-weight: 400;\">Symbol of ProtDCT1ion<\/span><\/td>\n<td><span style=\"font-weight: 400;\">Ex d IIB T6\/T5<\/span><\/td>\n<td><span style=\"font-weight: 400;\">Ex tD A21 IP66 T85oC\/ T100oC<\/span><\/td>\n<\/tr>\n<tr>\n<td><span style=\"font-weight: 400;\">Certificate<\/span><\/td>\n<td colspan=\"2\"><span style=\"font-weight: 400;\">T\u00dcV CY 18 ATEX 0206140 X<\/span><\/td>\n<\/tr>\n<tr>\n<td><span style=\"font-weight: 400;\">Conformity to Standards<\/span><\/td>\n<td colspan=\"2\"><span style=\"font-weight: 400;\">EN 60079-0:2012+A11:2013, EN 60079-1:2014, EN 60079-31:2014<\/span><\/td>\n<\/tr>\n<tr>\n<td><span style=\"font-weight: 400;\">Ambient Temperature<\/span><\/td>\n<td colspan=\"2\"><span style=\"font-weight: 400;\">-20\u00a0oC to +55\u00a0oC\u00a0<\/span><\/td>\n<\/tr>\n<tr>\n<td><span style=\"font-weight: 400;\">Index of ProtDCT1ion<\/span><\/td>\n<td colspan=\"2\"><span style=\"font-weight: 400;\">IP66<\/span><\/td>\n<\/tr>\n<tr>\n<td colspan=\"3\"><span style=\"font-weight: 400;\">\u00a0<\/span><\/td>\n<\/tr>\n<tr>\n<td><span style=\"font-weight: 400;\">Entries<\/span><\/td>\n<td colspan=\"2\"><span style=\"font-weight: 400;\">NPT or Metric threads<\/span><\/td>\n<\/tr>\n<tr>\n<td><span style=\"font-weight: 400;\">Mounting<\/span><\/td>\n<td colspan=\"2\"><span style=\"font-weight: 400;\">Wall type<\/span><\/td>\n<\/tr>\n<tr>\n<td><span style=\"font-weight: 400;\">Rated Voltage<\/span><\/td>\n<td colspan=\"2\"><span style=\"font-weight: 400;\">Max. 415V.ac 50\/60Hz.<\/span><\/td>\n<\/tr>\n<\/tbody>\n<\/table>\n<p><b>TH\u00d4NG S\u1ed0 V\u1eacT LI\u1ec6U T\u1ee6 \u0110I\u1ec0U KHI\u1ec2N CH\u1ed0NG CH\u00c1Y N\u1ed4 DCT1 SERIES<\/b><\/p>\n<table>\n<tbody>\n<tr>\n<td><span style=\"font-weight: 400;\">Body, cover<\/span><\/td>\n<td><span style=\"font-weight: 400;\">:<\/span><\/td>\n<td><span style=\"font-weight: 400;\">Marine grade copper-free aluminium alloy with polyester powder coated, RAL 7032 (Grey)<\/span><\/td>\n<\/tr>\n<tr>\n<td><span style=\"font-weight: 400;\">Lid screws\u00a0<\/span><\/td>\n<td><span style=\"font-weight: 400;\">:\u00a0<\/span><\/td>\n<td><span style=\"font-weight: 400;\">Stainless steel<\/span><\/td>\n<\/tr>\n<tr>\n<td><span style=\"font-weight: 400;\">Sealing gasket<\/span><\/td>\n<td><span style=\"font-weight: 400;\">:<\/span><\/td>\n<td><span style=\"font-weight: 400;\">Silicone<\/span><\/td>\n<\/tr>\n<\/tbody>\n<\/table>\n<p><b>QUY C\u00c1CH T\u1ee6 \u0110I\u1ec0U KHI\u1ec2N CH\u1ed0NG CH\u00c1Y N\u1ed4 DCT1 SERIES<\/b><\/p>\n<figure id=\"attachment_972\" aria-describedby=\"caption-attachment-972\" style=\"width: 847px\" class=\"wp-caption aligncenter\"><img loading=\"lazy\" decoding=\"async\" class=\"wp-image-972 size-large\" src=\"https:\/\/demo8.thuythu.com\/santex\/wp-content\/uploads\/2022\/12\/quy_cach_tu_dieu_khien_chong_chay_no_dct1_series-1007x1024.jpg\" alt=\"\" width=\"847\" height=\"861\" srcset=\"https:\/\/demo8.thuythu.com\/santex\/wp-content\/uploads\/2022\/12\/quy_cach_tu_dieu_khien_chong_chay_no_dct1_series-1007x1024.jpg 1007w, https:\/\/demo8.thuythu.com\/santex\/wp-content\/uploads\/2022\/12\/quy_cach_tu_dieu_khien_chong_chay_no_dct1_series-295x300.jpg 295w, https:\/\/demo8.thuythu.com\/santex\/wp-content\/uploads\/2022\/12\/quy_cach_tu_dieu_khien_chong_chay_no_dct1_series-768x781.jpg 768w, https:\/\/demo8.thuythu.com\/santex\/wp-content\/uploads\/2022\/12\/quy_cach_tu_dieu_khien_chong_chay_no_dct1_series-1510x1536.jpg 1510w, https:\/\/demo8.thuythu.com\/santex\/wp-content\/uploads\/2022\/12\/quy_cach_tu_dieu_khien_chong_chay_no_dct1_series-770x783.jpg 770w, https:\/\/demo8.thuythu.com\/santex\/wp-content\/uploads\/2022\/12\/quy_cach_tu_dieu_khien_chong_chay_no_dct1_series-600x610.jpg 600w, https:\/\/demo8.thuythu.com\/santex\/wp-content\/uploads\/2022\/12\/quy_cach_tu_dieu_khien_chong_chay_no_dct1_series.jpg 1920w\" sizes=\"(max-width: 847px) 100vw, 847px\" \/><figcaption id=\"caption-attachment-972\" class=\"wp-caption-text\">Quy c\u00e1ch T\u1ee7 \u0111i\u1ec1u khi\u1ec3n ch\u1ed1ng ch\u00e1y n\u1ed5 DCT1 series\u00a0<\/figcaption><\/figure>\n<p><span style=\"font-weight: 400;\">\u0110\u1ec3 bi\u1ebft r\u00f5 h\u01a1n ho\u1eb7c c\u1ea7n t\u01b0 v\u1ea5n v\u1ec1\u00a0<\/span><a href=\"http:\/\/makgil.com\/products\/alloy-industry-co-ltd-have-grown-and-prospered-alongside-thailand-s-expeditious-industrial-expansion-for-more-than-40-years-alloy-industry-co-ltd-initially-manufactured-the-lighting-fixtures-junction-boxes-and-co\"><i><span style=\"font-weight: 400;\">thi\u1ebft b\u1ecb \u0111i\u1ec7n &amp; ph\u1ee5 ki\u1ec7n ch\u1ed1ng ch\u00e1y n\u1ed5<\/span><\/i><\/a><span style=\"font-weight: 400;\">, qu\u00fd kh\u00e1ch h\u00e0ng vui l\u00f2ng li\u00ean h\u1ec7 theo th\u00f4ng tin d\u01b0\u1edbi \u0111\u00e2y:<\/span><\/p>\n<p><b>C\u00d4NG TY TNHH SANTEX\u00a0<\/b><\/p>\n<p><span style=\"font-weight: 400;\">\u0110\u1ecba ch\u1ec9: 18\/21 Nguy\u1ec5n V\u0103n Dung, P.6, Q. G\u00f2 V\u1ea5p, TP. H\u1ed3 Ch\u00ed Minh<\/span><\/p>\n","protected":false},"excerpt":{"rendered":"<p><span style=\"font-weight: 400;\">DCT1 series l\u00e0 T\u1ee7 \u0111i\u1ec1u khi\u1ec3n ch\u1ed1ng ch\u00e1y n\u1ed5 (Explosion proof Control Box), th\u01b0\u1eddng d\u00f9ng \u0111\u1ec3 \u0111i\u1ec1u khi\u1ec3n c\u00e1c thi\u1ebft b\u1ecb nh\u01b0 b\u01a1m, \u0111\u00e8n chi\u1ebfu s\u00e1ng,\u2026, ph\u00f9 h\u1ee3p cho zone 1&amp;2, 21&amp;22, \u0111\u1ea1t chu\u1ea9n Ex d IIB T6\/T5 IP66<\/span><\/p>\n","protected":false},"featured_media":970,"comment_status":"open","ping_status":"closed","template":"","meta":[],"product_cat":[49],"product_tag":[],"acf":[],"_links":{"self":[{"href":"https:\/\/demo8.thuythu.com\/santex\/wp-json\/wp\/v2\/product\/969"}],"collection":[{"href":"https:\/\/demo8.thuythu.com\/santex\/wp-json\/wp\/v2\/product"}],"about":[{"href":"https:\/\/demo8.thuythu.com\/santex\/wp-json\/wp\/v2\/types\/product"}],"replies":[{"embeddable":true,"href":"https:\/\/demo8.thuythu.com\/santex\/wp-json\/wp\/v2\/comments?post=969"}],"wp:featuredmedia":[{"embeddable":true,"href":"https:\/\/demo8.thuythu.com\/santex\/wp-json\/wp\/v2\/media\/970"}],"wp:attachment":[{"href":"https:\/\/demo8.thuythu.com\/santex\/wp-json\/wp\/v2\/media?parent=969"}],"wp:term":[{"taxonomy":"product_cat","embeddable":true,"href":"https:\/\/demo8.thuythu.com\/santex\/wp-json\/wp\/v2\/product_cat?post=969"},{"taxonomy":"product_tag","embeddable":true,"href":"https:\/\/demo8.thuythu.com\/santex\/wp-json\/wp\/v2\/product_tag?post=969"}],"curies":[{"name":"wp","href":"https:\/\/api.w.org\/{rel}","templated":true}]}}