{"id":206,"date":"2021-08-05T05:53:44","date_gmt":"2021-08-05T05:53:44","guid":{"rendered":"https:\/\/demo8.thuythu.com\/seamie\/?page_id=206"},"modified":"2021-08-09T11:11:12","modified_gmt":"2021-08-09T11:11:12","slug":"chuong-trinh-dao-tao","status":"publish","type":"page","link":"https:\/\/demo8.thuythu.com\/seamie\/chuong-trinh-dao-tao\/","title":{"rendered":"Ch\u01b0\u01a1ng tr\u00ecnh \u0111\u00e0o t\u1ea1o"},"content":{"rendered":"","protected":false},"excerpt":{"rendered":"","protected":false},"author":1,"featured_media":0,"parent":0,"menu_order":0,"comment_status":"closed","ping_status":"closed","template":"templates\/chuong-trinh-dao-tao.php","meta":{"footnotes":""},"lang":false,"translations":[],"_links":{"self":[{"href":"https:\/\/demo8.thuythu.com\/seamie\/wp-json\/wp\/v2\/pages\/206"}],"collection":[{"href":"https:\/\/demo8.thuythu.com\/seamie\/wp-json\/wp\/v2\/pages"}],"about":[{"href":"https:\/\/demo8.thuythu.com\/seamie\/wp-json\/wp\/v2\/types\/page"}],"author":[{"embeddable":true,"href":"https:\/\/demo8.thuythu.com\/seamie\/wp-json\/wp\/v2\/users\/1"}],"replies":[{"embeddable":true,"href":"https:\/\/demo8.thuythu.com\/seamie\/wp-json\/wp\/v2\/comments?post=206"}],"version-history":[{"count":3,"href":"https:\/\/demo8.thuythu.com\/seamie\/wp-json\/wp\/v2\/pages\/206\/revisions"}],"predecessor-version":[{"id":474,"href":"https:\/\/demo8.thuythu.com\/seamie\/wp-json\/wp\/v2\/pages\/206\/revisions\/474"}],"wp:attachment":[{"href":"https:\/\/demo8.thuythu.com\/seamie\/wp-json\/wp\/v2\/media?parent=206"}],"curies":[{"name":"wp","href":"https:\/\/api.w.org\/{rel}","templated":true}]}}